{"id":10023,"date":"2025-08-15T03:08:57","date_gmt":"2025-08-15T03:08:57","guid":{"rendered":"https:\/\/jinhuaceramic.com\/?post_type=product&#038;p=10023"},"modified":"2025-08-15T03:08:59","modified_gmt":"2025-08-15T03:08:59","slug":"custom-candle-containers","status":"publish","type":"product","link":"https:\/\/jinhuaceramic.com\/de\/product\/custom-candle-containers\/","title":{"rendered":"Wei\u00dfe benutzerdefinierte Kerze Container, einzigartige Kerze Container Gro\u00dfhandel"},"content":{"rendered":"<div class=\"wp-block-columns is-layout-flex wp-container-core-columns-is-layout-9d6595d7 wp-block-columns-is-layout-flex\">\n<div class=\"wp-block-column is-layout-flow wp-block-column-is-layout-flow\">\n<h3 class=\"wp-block-heading\">Premium White Unique Custom Candle Containers Merkmale:<\/h3>\n\n\n\n<ul class=\"wp-block-list\">\n<li><strong>Einzigartiges Design:<\/strong> Diese individuellen Kerzenbeh\u00e4lter haben eine vertikale, gepr\u00e4gte Struktur auf der Au\u00dfenseite, die ihnen ein muschel\u00e4hnliches Aussehen verleiht. Dieses Design macht sie taktil und visuell interessant und unterscheidet sie von gew\u00f6hnlichen glatten Gl\u00e4sern.<\/li>\n\n\n\n<li><strong>Vielseitiges Wei\u00df: <\/strong>Diese Gro\u00dfhandelskerzengl\u00e4ser sind in der sanften Farbe Off-White erh\u00e4ltlich, einem ged\u00e4mpften, vielseitigen Ton, der zu jedem Einrichtungsstil passt und eine warme und einladende Atmosph\u00e4re schafft.<\/li>\n\n\n\n<li><strong>Hochwertiges Material:<\/strong> Unsere Gro\u00dfhandelskerzengl\u00e4ser werden aus hochwertigem Keramikmaterial hergestellt und einer Hochtemperaturbehandlung unterzogen, wodurch sie eine gewisse H\u00e4rte und Hochtemperaturbest\u00e4ndigkeit behalten. Daher k\u00f6nnen sie die Hitze der brennenden Kerzen widerstehen und auch leicht brechen und verformen, wodurch sie sicher f\u00fcr den Einsatz.<\/li>\n\n\n\n<li><strong>Wiederverwendbar: <\/strong>Diese individuellen Kerzenbeh\u00e4lter sind wiederverwendbar und k\u00f6nnen nicht nur als Kerzenhalter, sondern auch als kleine Aufbewahrungsgl\u00e4ser, Stiftehalter oder Vasen verwendet werden, sobald die Kerzen aufgebraucht sind, was der S\u00e4ule der nachhaltigen Entwicklung entspricht.<\/li>\n<\/ul>\n<\/div>\n\n\n\n<div class=\"wp-block-column is-layout-flow wp-block-column-is-layout-flow\">\n<figure class=\"wp-block-image size-full\"><img fetchpriority=\"high\" decoding=\"async\" width=\"2323\" height=\"2323\" src=\"https:\/\/jinhuaceramic.com\/wp-content\/uploads\/2025\/08\/White-Unique-Candle-Containers-Wholesale-Custom-Ceramic-Candle-Jars-5.webp\" alt=\"wei\u00dfe-einzelne-Kerzen-Beh\u00e4lter-einzigartige-Kerzen-Beh\u00e4lter-Gro\u00dfhandel-5\" class=\"wp-image-10026\" srcset=\"https:\/\/jinhuaceramic.com\/wp-content\/uploads\/2025\/08\/White-Unique-Candle-Containers-Wholesale-Custom-Ceramic-Candle-Jars-5.webp 2323w, https:\/\/jinhuaceramic.com\/wp-content\/uploads\/2025\/08\/White-Unique-Candle-Containers-Wholesale-Custom-Ceramic-Candle-Jars-5-300x300.webp 300w, https:\/\/jinhuaceramic.com\/wp-content\/uploads\/2025\/08\/White-Unique-Candle-Containers-Wholesale-Custom-Ceramic-Candle-Jars-5-150x150.webp 150w, https:\/\/jinhuaceramic.com\/wp-content\/uploads\/2025\/08\/White-Unique-Candle-Containers-Wholesale-Custom-Ceramic-Candle-Jars-5-768x768.webp 768w, https:\/\/jinhuaceramic.com\/wp-content\/uploads\/2025\/08\/White-Unique-Candle-Containers-Wholesale-Custom-Ceramic-Candle-Jars-5-12x12.webp 12w, https:\/\/jinhuaceramic.com\/wp-content\/uploads\/2025\/08\/White-Unique-Candle-Containers-Wholesale-Custom-Ceramic-Candle-Jars-5-285x285.webp 285w, https:\/\/jinhuaceramic.com\/wp-content\/uploads\/2025\/08\/White-Unique-Candle-Containers-Wholesale-Custom-Ceramic-Candle-Jars-5-1600x1600.webp 1600w, https:\/\/jinhuaceramic.com\/wp-content\/uploads\/2025\/08\/White-Unique-Candle-Containers-Wholesale-Custom-Ceramic-Candle-Jars-5-270x270.webp 270w, https:\/\/jinhuaceramic.com\/wp-content\/uploads\/2025\/08\/White-Unique-Candle-Containers-Wholesale-Custom-Ceramic-Candle-Jars-5-540x540.webp 540w, https:\/\/jinhuaceramic.com\/wp-content\/uploads\/2025\/08\/White-Unique-Candle-Containers-Wholesale-Custom-Ceramic-Candle-Jars-5-660x660.webp 660w\" sizes=\"(max-width: 2323px) 100vw, 2323px\" \/><\/figure>\n<\/div>\n<\/div>","protected":false},"excerpt":{"rendered":"<div class=\"highlights-border-container\" data-v-944c06bb=\"\"><span class=\"highlights\" data-v-944c06bb=\"\">Willkommen zum Kauf unserer kundenspezifischen Kerzenbeh\u00e4lter. Diese ma\u00dfgeschneiderten Kerzengl\u00e4ser haben einzigartige Designs, weiche und elastische Farben, hitzebest\u00e4ndiges Keramikmaterial und sind recycelbar. Funktionalit\u00e4t und Sch\u00f6nheit sind kombiniert, da diese Kerzengl\u00e4ser das Potenzial haben, Dekorationen zu sein, die Ihr Zuhause warm und romantisch machen k\u00f6nnen.<\/span><\/div>\n<p>\n<script src=\"chrome-extension:\/\/fpelahbljekknahkcaegamhcndkfpfnc\/iFrame.js\" type=\"text\/javascript\"><\/script><\/p>","protected":false},"featured_media":10027,"comment_status":"closed","ping_status":"closed","template":"","meta":{"_acf_changed":false},"product_brand":[],"product_cat":[52],"product_tag":[66],"class_list":{"0":"post-10023","1":"product","2":"type-product","3":"status-publish","4":"has-post-thumbnail","6":"product_cat-wholesale-candle-containers","7":"product_tag-candle-jars-wholesale","9":"first","10":"instock","11":"shipping-taxable","12":"product-type-simple"},"acf":[],"_links":{"self":[{"href":"https:\/\/jinhuaceramic.com\/de\/wp-json\/wp\/v2\/product\/10023","targetHints":{"allow":["GET"]}}],"collection":[{"href":"https:\/\/jinhuaceramic.com\/de\/wp-json\/wp\/v2\/product"}],"about":[{"href":"https:\/\/jinhuaceramic.com\/de\/wp-json\/wp\/v2\/types\/product"}],"replies":[{"embeddable":true,"href":"https:\/\/jinhuaceramic.com\/de\/wp-json\/wp\/v2\/comments?post=10023"}],"version-history":[{"count":0,"href":"https:\/\/jinhuaceramic.com\/de\/wp-json\/wp\/v2\/product\/10023\/revisions"}],"wp:featuredmedia":[{"embeddable":true,"href":"https:\/\/jinhuaceramic.com\/de\/wp-json\/wp\/v2\/media\/10027"}],"wp:attachment":[{"href":"https:\/\/jinhuaceramic.com\/de\/wp-json\/wp\/v2\/media?parent=10023"}],"wp:term":[{"taxonomy":"product_brand","embeddable":true,"href":"https:\/\/jinhuaceramic.com\/de\/wp-json\/wp\/v2\/product_brand?post=10023"},{"taxonomy":"product_cat","embeddable":true,"href":"https:\/\/jinhuaceramic.com\/de\/wp-json\/wp\/v2\/product_cat?post=10023"},{"taxonomy":"product_tag","embeddable":true,"href":"https:\/\/jinhuaceramic.com\/de\/wp-json\/wp\/v2\/product_tag?post=10023"}],"curies":[{"name":"wp","href":"https:\/\/api.w.org\/{rel}","templated":true}]}}