{"id":10031,"date":"2025-08-15T02:40:23","date_gmt":"2025-08-15T02:40:23","guid":{"rendered":"https:\/\/jinhuaceramic.com\/?post_type=product&#038;p=10031"},"modified":"2025-08-15T02:40:24","modified_gmt":"2025-08-15T02:40:24","slug":"unique-candle-containers-wholesale","status":"publish","type":"product","link":"https:\/\/jinhuaceramic.com\/de\/product\/unique-candle-containers-wholesale\/","title":{"rendered":"Zwei-Ton Einzigartige Kerze Container Gro\u00dfhandel, Keramik Kerze Gl\u00e4ser Bulk"},"content":{"rendered":"<div class=\"wp-block-columns is-layout-flex wp-container-core-columns-is-layout-9d6595d7 wp-block-columns-is-layout-flex\">\n<div class=\"wp-block-column is-layout-flow wp-block-column-is-layout-flow\">\n<h3 class=\"wp-block-heading\">Premium Two-Tone Unique Candle Containers Gro\u00dfhandel Features:<\/h3>\n\n\n\n<ul class=\"wp-block-list\">\n<li><strong>Weiche Farben:<\/strong> Dieses individuelle Kerzenglas hat eine sch\u00f6ne hellgraue obere H\u00e4lfte und eine weiche beigefarbene untere H\u00e4lfte. Die neutralen Farben machen es einfach, sie in jedes Wohndesign zu integrieren, sei es modern oder skandinavisch.<\/li>\n\n\n\n<li><strong>Einzigartige Textur:<\/strong> Der obere Teil dieser einzigartigen Kerzenbeh\u00e4lter f\u00fcr den Gro\u00dfhandel weist eine glatte Glasur mit winzigen Flecken auf, w\u00e4hrend der untere Teil aus unglasierter Keramik mit einer gefrosteten Textur besteht. Die kontrastreiche Textur sorgt f\u00fcr einen optischen und haptischen Reiz.<\/li>\n\n\n\n<li><strong>Langlebige Materialien: <\/strong>Diese hochwertigen, einzigartigen Kerzenbeh\u00e4lter f\u00fcr den Gro\u00dfhandel haben eine gewisse H\u00e4rte und sind resistent gegen hohe Temperaturen. Sie k\u00f6nnen der Hitze brennender Kerzen standhalten, sind nicht leicht zu knacken und haben eine lange Lebensdauer.<\/li>\n\n\n\n<li><strong>Vielseitigkeit:<\/strong> Das klassische zylindrische Design dieser sch\u00f6nen und haltbaren Keramik-Kerzengl\u00e4ser macht sie vielseitig einsetzbar, auch wenn die Kerzen nicht mehr da sind. Sie lassen sich leicht als kleine Vasen, Stifthalter oder Vorratsgl\u00e4ser verwenden.<\/li>\n<\/ul>\n<\/div>\n\n\n\n<div class=\"wp-block-column is-layout-flow wp-block-column-is-layout-flow\">\n<figure class=\"wp-block-image size-full\"><img fetchpriority=\"high\" decoding=\"async\" width=\"480\" height=\"480\" src=\"https:\/\/jinhuaceramic.com\/wp-content\/uploads\/2025\/08\/Two-Tone-Candle-Making-Containers-Wholesale-Ceramic-Empty-Candle-Jars-Bulk-3.webp\" alt=\"zweifarbige-einzigartige-Kerzen-Beh\u00e4lter-Gro\u00dfhandel-Keramik-Kerzen-Gef\u00e4\u00dfe-Gro\u00dfpackung-3\" class=\"wp-image-10033\" srcset=\"https:\/\/jinhuaceramic.com\/wp-content\/uploads\/2025\/08\/Two-Tone-Candle-Making-Containers-Wholesale-Ceramic-Empty-Candle-Jars-Bulk-3.webp 480w, https:\/\/jinhuaceramic.com\/wp-content\/uploads\/2025\/08\/Two-Tone-Candle-Making-Containers-Wholesale-Ceramic-Empty-Candle-Jars-Bulk-3-300x300.webp 300w, https:\/\/jinhuaceramic.com\/wp-content\/uploads\/2025\/08\/Two-Tone-Candle-Making-Containers-Wholesale-Ceramic-Empty-Candle-Jars-Bulk-3-150x150.webp 150w, https:\/\/jinhuaceramic.com\/wp-content\/uploads\/2025\/08\/Two-Tone-Candle-Making-Containers-Wholesale-Ceramic-Empty-Candle-Jars-Bulk-3-12x12.webp 12w, https:\/\/jinhuaceramic.com\/wp-content\/uploads\/2025\/08\/Two-Tone-Candle-Making-Containers-Wholesale-Ceramic-Empty-Candle-Jars-Bulk-3-285x285.webp 285w, https:\/\/jinhuaceramic.com\/wp-content\/uploads\/2025\/08\/Two-Tone-Candle-Making-Containers-Wholesale-Ceramic-Empty-Candle-Jars-Bulk-3-270x270.webp 270w\" sizes=\"(max-width: 480px) 100vw, 480px\" \/><\/figure>\n<\/div>\n<\/div>","protected":false},"excerpt":{"rendered":"<p>Willkommen zum Kauf unserer einzigartigen Kerzenbeh\u00e4lter im Gro\u00dfhandel. Diese Kerzenbeh\u00e4lter sind beliebt f\u00fcr ihre neutralen und weichen Farbkombinationen, einzigartige Textur Designs, hochwertige Keramik-Materialien und Vielseitigkeit. Die Kombination von Praktikabilit\u00e4t und \u00c4sthetik, diese Kerze Gl\u00e4ser sind nicht nur die besten Beh\u00e4lter f\u00fcr Kerzen, sondern auch unabh\u00e4ngige dekorative Elemente, die ein Gef\u00fchl von Raffinesse zu jedem Heim Raum hinzuf\u00fcgen k\u00f6nnen.<\/p>\n<p>\n<script src=\"chrome-extension:\/\/fpelahbljekknahkcaegamhcndkfpfnc\/iFrame.js\" type=\"text\/javascript\"><\/script><\/p>","protected":false},"featured_media":10034,"comment_status":"closed","ping_status":"closed","template":"","meta":{"_acf_changed":false},"product_brand":[],"product_cat":[52],"product_tag":[66],"class_list":{"0":"post-10031","1":"product","2":"type-product","3":"status-publish","4":"has-post-thumbnail","6":"product_cat-wholesale-candle-containers","7":"product_tag-candle-jars-wholesale","9":"first","10":"instock","11":"shipping-taxable","12":"product-type-simple"},"acf":[],"_links":{"self":[{"href":"https:\/\/jinhuaceramic.com\/de\/wp-json\/wp\/v2\/product\/10031","targetHints":{"allow":["GET"]}}],"collection":[{"href":"https:\/\/jinhuaceramic.com\/de\/wp-json\/wp\/v2\/product"}],"about":[{"href":"https:\/\/jinhuaceramic.com\/de\/wp-json\/wp\/v2\/types\/product"}],"replies":[{"embeddable":true,"href":"https:\/\/jinhuaceramic.com\/de\/wp-json\/wp\/v2\/comments?post=10031"}],"version-history":[{"count":0,"href":"https:\/\/jinhuaceramic.com\/de\/wp-json\/wp\/v2\/product\/10031\/revisions"}],"wp:featuredmedia":[{"embeddable":true,"href":"https:\/\/jinhuaceramic.com\/de\/wp-json\/wp\/v2\/media\/10034"}],"wp:attachment":[{"href":"https:\/\/jinhuaceramic.com\/de\/wp-json\/wp\/v2\/media?parent=10031"}],"wp:term":[{"taxonomy":"product_brand","embeddable":true,"href":"https:\/\/jinhuaceramic.com\/de\/wp-json\/wp\/v2\/product_brand?post=10031"},{"taxonomy":"product_cat","embeddable":true,"href":"https:\/\/jinhuaceramic.com\/de\/wp-json\/wp\/v2\/product_cat?post=10031"},{"taxonomy":"product_tag","embeddable":true,"href":"https:\/\/jinhuaceramic.com\/de\/wp-json\/wp\/v2\/product_tag?post=10031"}],"curies":[{"name":"wp","href":"https:\/\/api.w.org\/{rel}","templated":true}]}}