{"id":10038,"date":"2025-08-15T02:09:33","date_gmt":"2025-08-15T02:09:33","guid":{"rendered":"https:\/\/jinhuaceramic.com\/?post_type=product&#038;p=10038"},"modified":"2025-11-12T03:44:56","modified_gmt":"2025-11-12T03:44:56","slug":"custom-restaurant-dinnerware","status":"publish","type":"product","link":"https:\/\/jinhuaceramic.com\/de\/product\/custom-restaurant-dinnerware\/","title":{"rendered":"Individuelles Restaurantgeschirr, Bulk Ceramic Dinner Set f\u00fcr 6 Personen"},"content":{"rendered":"<div class=\"wp-block-columns is-layout-flex wp-container-core-columns-is-layout-9d6595d7 wp-block-columns-is-layout-flex\">\n<div class=\"wp-block-column is-layout-flow wp-block-column-is-layout-flow\">\n<h3 class=\"wp-block-heading\">Premium Rustic Custom Restaurant Geschirr Merkmale:<\/h3>\n\n\n\n<ul class=\"wp-block-list\">\n<li><strong>Rustikales Design: <\/strong>Dieses ma\u00dfgeschneiderte Restaurantgeschirr besteht aus einer hellen Cremefarbe mit einem braunen Paspelmuster, das ein einheitliches Farbschema ergibt. Das Geschirr hat winzige, unregelm\u00e4\u00dfige Flecken auf der Oberfl\u00e4che, die ihm das Aussehen von Stein und eine rustikale und nat\u00fcrliche Oberfl\u00e4che verleihen.<\/li>\n\n\n\n<li><strong>Hochwertige Keramik: <\/strong>Diese ma\u00dfgeschneiderten Geschirrsets f\u00fcr Restaurants bestehen aus hochwertiger bleifreier und ungiftiger Keramik, die kratz- und splitterfest, leicht zu reinigen und zu pflegen ist und eine l\u00e4ngere Lebensdauer hat. Es ist ofenfest, mikrowellengeeignet, gefrierfest und sp\u00fclmaschinenfest.<\/li>\n\n\n\n<li><strong>Verschiedene Anordnungen von Tafelgeschirr:<\/strong> Diese Geschirrsets f\u00fcr den Gro\u00dfhandel bestehen aus Sch\u00fcsseln, Tellern und Schalen in verschiedenen Gr\u00f6\u00dfen, um den unterschiedlichen Anforderungen des t\u00e4glichen Essens gerecht zu werden. Egal ob Hauptgericht, Salat oder Dessert, es gibt immer das passende Geschirr.<\/li>\n\n\n\n<li><strong>Verbessern Sie das Esserlebnis:<\/strong> Diese sch\u00f6nen Geschirrsets f\u00fcr den Gro\u00dfhandel verbessern das Esserlebnis, schaffen ein gem\u00fctliches und warmes Esserlebnis, verbessern das Essensritual und machen das Essen zu einem Vergn\u00fcgen. Die hellen Farben erg\u00e4nzen die F\u00e4rbung der Lebensmittel sch\u00f6n, und das Essen erscheint noch k\u00f6stlicher und appetitlicher.<\/li>\n<\/ul>\n<\/div>\n\n\n\n<div class=\"wp-block-column is-layout-flow wp-block-column-is-layout-flow\">\n<figure class=\"wp-block-image size-full\"><img fetchpriority=\"high\" decoding=\"async\" width=\"1200\" height=\"1200\" src=\"https:\/\/jinhuaceramic.com\/wp-content\/uploads\/2025\/08\/Rustic-Cream-Custom-Tableware-Set-Ceramic-Dinnerware-Sets-Service-For-6-3.webp\" alt=\"rustikales-restaurant-geschirr-gro\u00dfhandel-keramik-geschirr-sets-f\u00fcr-6-3\" class=\"wp-image-10040\" srcset=\"https:\/\/jinhuaceramic.com\/wp-content\/uploads\/2025\/08\/Rustic-Cream-Custom-Tableware-Set-Ceramic-Dinnerware-Sets-Service-For-6-3.webp 1200w, https:\/\/jinhuaceramic.com\/wp-content\/uploads\/2025\/08\/Rustic-Cream-Custom-Tableware-Set-Ceramic-Dinnerware-Sets-Service-For-6-3-300x300.webp 300w, https:\/\/jinhuaceramic.com\/wp-content\/uploads\/2025\/08\/Rustic-Cream-Custom-Tableware-Set-Ceramic-Dinnerware-Sets-Service-For-6-3-150x150.webp 150w, https:\/\/jinhuaceramic.com\/wp-content\/uploads\/2025\/08\/Rustic-Cream-Custom-Tableware-Set-Ceramic-Dinnerware-Sets-Service-For-6-3-768x768.webp 768w, https:\/\/jinhuaceramic.com\/wp-content\/uploads\/2025\/08\/Rustic-Cream-Custom-Tableware-Set-Ceramic-Dinnerware-Sets-Service-For-6-3-12x12.webp 12w, https:\/\/jinhuaceramic.com\/wp-content\/uploads\/2025\/08\/Rustic-Cream-Custom-Tableware-Set-Ceramic-Dinnerware-Sets-Service-For-6-3-285x285.webp 285w, https:\/\/jinhuaceramic.com\/wp-content\/uploads\/2025\/08\/Rustic-Cream-Custom-Tableware-Set-Ceramic-Dinnerware-Sets-Service-For-6-3-270x270.webp 270w, https:\/\/jinhuaceramic.com\/wp-content\/uploads\/2025\/08\/Rustic-Cream-Custom-Tableware-Set-Ceramic-Dinnerware-Sets-Service-For-6-3-540x540.webp 540w, https:\/\/jinhuaceramic.com\/wp-content\/uploads\/2025\/08\/Rustic-Cream-Custom-Tableware-Set-Ceramic-Dinnerware-Sets-Service-For-6-3-660x660.webp 660w\" sizes=\"(max-width: 1200px) 100vw, 1200px\" \/><\/figure>\n<\/div>\n<\/div>","protected":false},"excerpt":{"rendered":"<p>Willkommen zum Kauf unseres ma\u00dfgeschneiderten Restaurantgeschirrs. Diese Geschirrsets eignen sich mit ihren hochwertigen Materialien, ihrem rustikalen Aussehen, der einfachen Reinigung und der Vielfalt an Geschirrkombinationen f\u00fcr moderne Familienessen. Dieses ma\u00dfgeschneiderte Geschirr bietet ein elegantes Gleichgewicht zwischen Funktionalit\u00e4t und \u00c4sthetik und eignet sich daher f\u00fcr die t\u00e4glichen Familienmahlzeiten oder die Bewirtung enger Freunde.<\/p>\n<p><script src=\"chrome-extension:\/\/fpelahbljekknahkcaegamhcndkfpfnc\/iFrame.js\" type=\"text\/javascript\"><\/script><\/p>","protected":false},"featured_media":10041,"comment_status":"closed","ping_status":"closed","template":"","meta":{"_acf_changed":false},"product_brand":[],"product_cat":[83,54],"product_tag":[],"class_list":{"0":"post-10038","1":"product","2":"type-product","3":"status-publish","4":"has-post-thumbnail","6":"product_cat-wholesale-dinnerware-sets","7":"product_cat-tableware-wholesale","9":"first","10":"instock","11":"shipping-taxable","12":"product-type-simple"},"acf":[],"_links":{"self":[{"href":"https:\/\/jinhuaceramic.com\/de\/wp-json\/wp\/v2\/product\/10038","targetHints":{"allow":["GET"]}}],"collection":[{"href":"https:\/\/jinhuaceramic.com\/de\/wp-json\/wp\/v2\/product"}],"about":[{"href":"https:\/\/jinhuaceramic.com\/de\/wp-json\/wp\/v2\/types\/product"}],"replies":[{"embeddable":true,"href":"https:\/\/jinhuaceramic.com\/de\/wp-json\/wp\/v2\/comments?post=10038"}],"version-history":[{"count":0,"href":"https:\/\/jinhuaceramic.com\/de\/wp-json\/wp\/v2\/product\/10038\/revisions"}],"wp:featuredmedia":[{"embeddable":true,"href":"https:\/\/jinhuaceramic.com\/de\/wp-json\/wp\/v2\/media\/10041"}],"wp:attachment":[{"href":"https:\/\/jinhuaceramic.com\/de\/wp-json\/wp\/v2\/media?parent=10038"}],"wp:term":[{"taxonomy":"product_brand","embeddable":true,"href":"https:\/\/jinhuaceramic.com\/de\/wp-json\/wp\/v2\/product_brand?post=10038"},{"taxonomy":"product_cat","embeddable":true,"href":"https:\/\/jinhuaceramic.com\/de\/wp-json\/wp\/v2\/product_cat?post=10038"},{"taxonomy":"product_tag","embeddable":true,"href":"https:\/\/jinhuaceramic.com\/de\/wp-json\/wp\/v2\/product_tag?post=10038"}],"curies":[{"name":"wp","href":"https:\/\/api.w.org\/{rel}","templated":true}]}}