{"id":10048,"date":"2025-08-15T01:54:01","date_gmt":"2025-08-15T01:54:01","guid":{"rendered":"https:\/\/jinhuaceramic.com\/?post_type=product&#038;p=10048"},"modified":"2025-08-15T02:40:46","modified_gmt":"2025-08-15T02:40:46","slug":"bulk-candle-jars-with-lids","status":"publish","type":"product","link":"https:\/\/jinhuaceramic.com\/de\/product\/bulk-candle-jars-with-lids\/","title":{"rendered":"Bulk-Kerze Gl\u00e4ser mit Deckel, benutzerdefinierte Kerze Container bunt"},"content":{"rendered":"<div class=\"wp-block-columns is-layout-flex wp-container-core-columns-is-layout-9d6595d7 wp-block-columns-is-layout-flex\">\n<div class=\"wp-block-column is-layout-flow wp-block-column-is-layout-flow\">\n<h3 class=\"wp-block-heading\">Premium Bulk-Kerzengl\u00e4ser mit Deckeln Merkmale:<\/h3>\n\n\n\n<ul class=\"wp-block-list\">\n<li><strong>Anspruchsvolle \u00c4sthetik:<\/strong> Diese gro\u00dfen Kerzengl\u00e4ser mit Deckel haben eine raffinierte \u00c4sthetik mit vertikalen Rillen auf der Au\u00dfenseite, die eine taktile und sensorische Ber\u00fchrung erm\u00f6glichen. Die Au\u00dfenseite der Gl\u00e4ser hat eine gesprenkelte, ungleichm\u00e4\u00dfige Textur, die sich \u00e4hnlich anf\u00fchlt wie handgefertigte T\u00f6pferware.<\/li>\n\n\n\n<li><strong>Verschiedene Farben:<\/strong> Diese personalisierten Kerzengl\u00e4ser sind in verschiedenen Farben erh\u00e4ltlich: erdiges, warmes Gelb, helles Wei\u00df und dunkles, geheimnisvolles Blau, die je nach Wohnthema oder pers\u00f6nlichen Vorlieben ausgew\u00e4hlt werden k\u00f6nnen.<\/li>\n\n\n\n<li><strong>Hitzebest\u00e4ndiges Material: <\/strong>Diese gro\u00dfen Kerzengl\u00e4ser mit Deckel bestehen aus hochwertigem Keramikmaterial und werden bei hoher Temperatur gebrannt. Sie sind robust, widerstandsf\u00e4hig und hitzebest\u00e4ndig. Sie sind sicher zum Anz\u00fcnden von Kerzen und haben eine lange Lebensdauer.<\/li>\n\n\n\n<li><strong>Hohe Praktikabilit\u00e4t: <\/strong>Die DIY-Kerzenhalter haben Deckel mit einem kleinen Griff an der Oberseite, der das \u00d6ffnen erleichtert und die Kerzen vor Staub sch\u00fctzt, wenn sie nicht in Gebrauch sind. Wenn die Kerzen aufgebraucht sind, k\u00f6nnen die Gl\u00e4ser als Beh\u00e4lter wiederverwendet werden.<\/li>\n<\/ul>\n<\/div>\n\n\n\n<div class=\"wp-block-column is-layout-flow wp-block-column-is-layout-flow\">\n<figure class=\"wp-block-image size-full\"><img fetchpriority=\"high\" decoding=\"async\" width=\"800\" height=\"1000\" src=\"https:\/\/jinhuaceramic.com\/wp-content\/uploads\/2025\/08\/Designer-Candle-Containers-with-Lids-Wholesale-Custom-Ceramic-Candle-Jars-Bulk-7.webp\" alt=\"Bulk-Kerzengl\u00e4ser-mit-Deckel-individuelle-Kerzen-Beh\u00e4lter-farbig-7\" class=\"wp-image-10054\" srcset=\"https:\/\/jinhuaceramic.com\/wp-content\/uploads\/2025\/08\/Designer-Candle-Containers-with-Lids-Wholesale-Custom-Ceramic-Candle-Jars-Bulk-7.webp 800w, https:\/\/jinhuaceramic.com\/wp-content\/uploads\/2025\/08\/Designer-Candle-Containers-with-Lids-Wholesale-Custom-Ceramic-Candle-Jars-Bulk-7-240x300.webp 240w, https:\/\/jinhuaceramic.com\/wp-content\/uploads\/2025\/08\/Designer-Candle-Containers-with-Lids-Wholesale-Custom-Ceramic-Candle-Jars-Bulk-7-768x960.webp 768w, https:\/\/jinhuaceramic.com\/wp-content\/uploads\/2025\/08\/Designer-Candle-Containers-with-Lids-Wholesale-Custom-Ceramic-Candle-Jars-Bulk-7-10x12.webp 10w, https:\/\/jinhuaceramic.com\/wp-content\/uploads\/2025\/08\/Designer-Candle-Containers-with-Lids-Wholesale-Custom-Ceramic-Candle-Jars-Bulk-7-285x356.webp 285w, https:\/\/jinhuaceramic.com\/wp-content\/uploads\/2025\/08\/Designer-Candle-Containers-with-Lids-Wholesale-Custom-Ceramic-Candle-Jars-Bulk-7-528x660.webp 528w, https:\/\/jinhuaceramic.com\/wp-content\/uploads\/2025\/08\/Designer-Candle-Containers-with-Lids-Wholesale-Custom-Ceramic-Candle-Jars-Bulk-7-120x150.webp 120w\" sizes=\"(max-width: 800px) 100vw, 800px\" \/><\/figure>\n<\/div>\n<\/div>","protected":false},"excerpt":{"rendered":"<p>Willkommen beim Kauf von Kerzengl\u00e4sern mit Deckeln. Diese kundenspezifischen Kerzenbeh\u00e4lter bieten sowohl \u00e4sthetischen als auch praktischen Wert durch ihr elegantes Design, verschiedene Farboptionen, langlebige Materialien und funktionelle Deckel. Diese Kerzengl\u00e4ser mit Deckel sind mehr als nur ein Beh\u00e4lter f\u00fcr Kerzen, sie sind ein dekoratives Element, das den Stil und das Ambiente eines jeden Raumes aufwertet.<\/p>\n<p><script src=\"chrome-extension:\/\/fpelahbljekknahkcaegamhcndkfpfnc\/iFrame.js\" type=\"text\/javascript\"><\/script><\/p>\n<p>\n<script src=\"chrome-extension:\/\/fpelahbljekknahkcaegamhcndkfpfnc\/iFrame.js\" type=\"text\/javascript\"><\/script><\/p>","protected":false},"featured_media":10052,"comment_status":"closed","ping_status":"closed","template":"","meta":{"_acf_changed":false},"product_brand":[],"product_cat":[52],"product_tag":[67,66],"class_list":{"0":"post-10048","1":"product","2":"type-product","3":"status-publish","4":"has-post-thumbnail","6":"product_cat-wholesale-candle-containers","7":"product_tag-bulk-candle-jars-with-lids","8":"product_tag-candle-jars-wholesale","10":"first","11":"instock","12":"shipping-taxable","13":"product-type-simple"},"acf":[],"_links":{"self":[{"href":"https:\/\/jinhuaceramic.com\/de\/wp-json\/wp\/v2\/product\/10048","targetHints":{"allow":["GET"]}}],"collection":[{"href":"https:\/\/jinhuaceramic.com\/de\/wp-json\/wp\/v2\/product"}],"about":[{"href":"https:\/\/jinhuaceramic.com\/de\/wp-json\/wp\/v2\/types\/product"}],"replies":[{"embeddable":true,"href":"https:\/\/jinhuaceramic.com\/de\/wp-json\/wp\/v2\/comments?post=10048"}],"version-history":[{"count":0,"href":"https:\/\/jinhuaceramic.com\/de\/wp-json\/wp\/v2\/product\/10048\/revisions"}],"wp:featuredmedia":[{"embeddable":true,"href":"https:\/\/jinhuaceramic.com\/de\/wp-json\/wp\/v2\/media\/10052"}],"wp:attachment":[{"href":"https:\/\/jinhuaceramic.com\/de\/wp-json\/wp\/v2\/media?parent=10048"}],"wp:term":[{"taxonomy":"product_brand","embeddable":true,"href":"https:\/\/jinhuaceramic.com\/de\/wp-json\/wp\/v2\/product_brand?post=10048"},{"taxonomy":"product_cat","embeddable":true,"href":"https:\/\/jinhuaceramic.com\/de\/wp-json\/wp\/v2\/product_cat?post=10048"},{"taxonomy":"product_tag","embeddable":true,"href":"https:\/\/jinhuaceramic.com\/de\/wp-json\/wp\/v2\/product_tag?post=10048"}],"curies":[{"name":"wp","href":"https:\/\/api.w.org\/{rel}","templated":true}]}}