{"id":10082,"date":"2025-08-26T06:17:02","date_gmt":"2025-08-26T06:17:02","guid":{"rendered":"https:\/\/jinhuaceramic.com\/?post_type=product&#038;p=10082"},"modified":"2025-08-26T06:17:03","modified_gmt":"2025-08-26T06:17:03","slug":"candle-bowls-wholesale","status":"publish","type":"product","link":"https:\/\/jinhuaceramic.com\/de\/product\/candle-bowls-wholesale\/","title":{"rendered":"Einzigartige keramische Kerzenschalen Gro\u00dfhandel mit verschiedenen Mustern"},"content":{"rendered":"<div class=\"wp-block-columns is-layout-flex wp-container-core-columns-is-layout-9d6595d7 wp-block-columns-is-layout-flex\">\n<div class=\"wp-block-column is-layout-flow wp-block-column-is-layout-flow\">\n<h3 class=\"wp-block-heading\">Premium-Kerzenschalen Gro\u00dfhandel Merkmale:<\/h3>\n\n\n\n<ul class=\"wp-block-list\">\n<li><strong>Einzigartige Form:<\/strong> Diese Keramik-Kerzenschalen im Gro\u00dfhandel haben einen runden und niedlichen Sockel mit niedrigem Fu\u00df, der die Monotonie der traditionellen geraden Kerzengl\u00e4ser durchbricht und Ihrem Zuhause eine k\u00fcnstlerische Note verleiht.<\/li>\n\n\n\n<li><strong>Verschiedene Muster:<\/strong> Diese Gro\u00dfhandelskerzengef\u00e4\u00dfe sind in einer Vielzahl von Farben und Mustern erh\u00e4ltlich, darunter Wei\u00df mit schwarzen Tupfen, raues Beige mit botanischen Mustern, Blau mit Blumenmustern und verschiedene geometrische Linienmuster.<\/li>\n\n\n\n<li><strong>Hochwertiges Material:<\/strong> Diese keramischen Kerzenschalen Gro\u00dfhandel sind aus hochwertigem keramischen Material mit guter Hitzebest\u00e4ndigkeit, die Gew\u00e4hrleistung der Sicherheit im Einsatz. Keramik-Material ist dichter, hat eine bessere Textur und sieht mehr High-End im Vergleich zu Metall und Glas Kerzengl\u00e4ser.<\/li>\n\n\n\n<li><strong>Wiederverwendbar und umweltfreundlich: <\/strong>Diese hochwertigen Kerzengef\u00e4\u00dfe f\u00fcr den Gro\u00dfhandel sind wiederverwendbar. Wenn die Kerzen ausgebrannt sind, k\u00f6nnen sie als kleine Blument\u00f6pfe, Aufbewahrungsgef\u00e4\u00dfe oder einfach als dekorativer Schmuck wiederverwendet werden, was dem Gedanken des Umweltschutzes entspricht.<\/li>\n<\/ul>\n<\/div>\n\n\n\n<div class=\"wp-block-column is-layout-flow wp-block-column-is-layout-flow\">\n<figure class=\"wp-block-image size-full\"><img fetchpriority=\"high\" decoding=\"async\" width=\"798\" height=\"798\" src=\"https:\/\/jinhuaceramic.com\/wp-content\/uploads\/2025\/08\/Unique-Candle-Bowls-with-Various-Pattern-Wholesale-Ceramic-Candle-Vessels-Bulk-6.webp\" alt=\"Einzigartige keramische Kerze Schalen Gro\u00dfhandel mit verschiedenen Mustern-1\" class=\"wp-image-10087\" srcset=\"https:\/\/jinhuaceramic.com\/wp-content\/uploads\/2025\/08\/Unique-Candle-Bowls-with-Various-Pattern-Wholesale-Ceramic-Candle-Vessels-Bulk-6.webp 798w, https:\/\/jinhuaceramic.com\/wp-content\/uploads\/2025\/08\/Unique-Candle-Bowls-with-Various-Pattern-Wholesale-Ceramic-Candle-Vessels-Bulk-6-300x300.webp 300w, https:\/\/jinhuaceramic.com\/wp-content\/uploads\/2025\/08\/Unique-Candle-Bowls-with-Various-Pattern-Wholesale-Ceramic-Candle-Vessels-Bulk-6-150x150.webp 150w, https:\/\/jinhuaceramic.com\/wp-content\/uploads\/2025\/08\/Unique-Candle-Bowls-with-Various-Pattern-Wholesale-Ceramic-Candle-Vessels-Bulk-6-768x768.webp 768w, https:\/\/jinhuaceramic.com\/wp-content\/uploads\/2025\/08\/Unique-Candle-Bowls-with-Various-Pattern-Wholesale-Ceramic-Candle-Vessels-Bulk-6-12x12.webp 12w, https:\/\/jinhuaceramic.com\/wp-content\/uploads\/2025\/08\/Unique-Candle-Bowls-with-Various-Pattern-Wholesale-Ceramic-Candle-Vessels-Bulk-6-285x285.webp 285w, https:\/\/jinhuaceramic.com\/wp-content\/uploads\/2025\/08\/Unique-Candle-Bowls-with-Various-Pattern-Wholesale-Ceramic-Candle-Vessels-Bulk-6-270x270.webp 270w, https:\/\/jinhuaceramic.com\/wp-content\/uploads\/2025\/08\/Unique-Candle-Bowls-with-Various-Pattern-Wholesale-Ceramic-Candle-Vessels-Bulk-6-540x540.webp 540w, https:\/\/jinhuaceramic.com\/wp-content\/uploads\/2025\/08\/Unique-Candle-Bowls-with-Various-Pattern-Wholesale-Ceramic-Candle-Vessels-Bulk-6-660x660.webp 660w\" sizes=\"(max-width: 798px) 100vw, 798px\" \/><\/figure>\n<\/div>\n<\/div>","protected":false},"excerpt":{"rendered":"<p>Willkommen im Gro\u00dfhandel Kerzengef\u00e4\u00dfe zu kaufen. Diese Keramik-Kerzenschalen Gro\u00dfhandel verf\u00fcgen \u00fcber besondere Formen, verschiedene Muster, solide Keramik-Material, und sind wiederverwendbar, so dass sie nicht nur n\u00fctzlich, sondern auch sch\u00f6n sind.<\/p>","protected":false},"featured_media":10083,"comment_status":"closed","ping_status":"closed","template":"","meta":{"_acf_changed":false},"product_brand":[],"product_cat":[52],"product_tag":[66],"class_list":{"0":"post-10082","1":"product","2":"type-product","3":"status-publish","4":"has-post-thumbnail","6":"product_cat-wholesale-candle-containers","7":"product_tag-candle-jars-wholesale","9":"first","10":"instock","11":"shipping-taxable","12":"product-type-simple"},"acf":[],"_links":{"self":[{"href":"https:\/\/jinhuaceramic.com\/de\/wp-json\/wp\/v2\/product\/10082","targetHints":{"allow":["GET"]}}],"collection":[{"href":"https:\/\/jinhuaceramic.com\/de\/wp-json\/wp\/v2\/product"}],"about":[{"href":"https:\/\/jinhuaceramic.com\/de\/wp-json\/wp\/v2\/types\/product"}],"replies":[{"embeddable":true,"href":"https:\/\/jinhuaceramic.com\/de\/wp-json\/wp\/v2\/comments?post=10082"}],"version-history":[{"count":0,"href":"https:\/\/jinhuaceramic.com\/de\/wp-json\/wp\/v2\/product\/10082\/revisions"}],"wp:featuredmedia":[{"embeddable":true,"href":"https:\/\/jinhuaceramic.com\/de\/wp-json\/wp\/v2\/media\/10083"}],"wp:attachment":[{"href":"https:\/\/jinhuaceramic.com\/de\/wp-json\/wp\/v2\/media?parent=10082"}],"wp:term":[{"taxonomy":"product_brand","embeddable":true,"href":"https:\/\/jinhuaceramic.com\/de\/wp-json\/wp\/v2\/product_brand?post=10082"},{"taxonomy":"product_cat","embeddable":true,"href":"https:\/\/jinhuaceramic.com\/de\/wp-json\/wp\/v2\/product_cat?post=10082"},{"taxonomy":"product_tag","embeddable":true,"href":"https:\/\/jinhuaceramic.com\/de\/wp-json\/wp\/v2\/product_tag?post=10082"}],"curies":[{"name":"wp","href":"https:\/\/api.w.org\/{rel}","templated":true}]}}