{"id":10095,"date":"2025-08-26T07:50:55","date_gmt":"2025-08-26T07:50:55","guid":{"rendered":"https:\/\/jinhuaceramic.com\/?post_type=product&#038;p=10095"},"modified":"2025-08-26T07:51:00","modified_gmt":"2025-08-26T07:51:00","slug":"wholesale-casserole-dish","status":"publish","type":"product","link":"https:\/\/jinhuaceramic.com\/de\/product\/wholesale-casserole-dish\/","title":{"rendered":"Fabrik Gro\u00dfhandel Casserole Dish, verschiedene Farbe Backen Pfannen"},"content":{"rendered":"<div class=\"wp-block-columns is-layout-flex wp-container-core-columns-is-layout-9d6595d7 wp-block-columns-is-layout-flex\">\n<div class=\"wp-block-column is-layout-flow wp-block-column-is-layout-flow\">\n<h3 class=\"wp-block-heading\">Premium Gro\u00dfhandel Casserole Dish Features:<\/h3>\n\n\n\n<ul class=\"wp-block-list\">\n<li><strong>Modernes Design: <\/strong>Unsere Auflaufformen f\u00fcr den Gro\u00dfhandel zeichnen sich durch ein einfaches, aber elegantes Design mit schlanken Linien aus, das perfekt zur Einrichtung moderner H\u00e4user passt. Die halbmondf\u00f6rmigen Griffe sind nicht nur \u00e4sthetisch ansprechend, sondern auch praktisch f\u00fcr den Transport. Der Boden der Pfannen hat erh\u00f6hte Rillen, durch die das Essen ablaufen und gleichm\u00e4\u00dfig garen kann.<\/li>\n\n\n\n<li><strong>Verschiedene Farben: <\/strong>Diese Keramik-Backformen in gro\u00dfen Mengen sind in einer Vielzahl \u00e4sthetisch ansprechender Farben erh\u00e4ltlich, darunter vielseitiges Wei\u00df, warmes Orange und beruhigendes Dunkelgr\u00fcn, die einen Hauch von Farbe in die K\u00fcche und auf den Esstisch bringen.<\/li>\n\n\n\n<li><strong>Hochwertiges Material: <\/strong>Unsere Auflaufformen f\u00fcr den Gro\u00dfhandel bestehen aus hochwertigem Keramikmaterial, das eine gleichm\u00e4\u00dfige Erw\u00e4rmung der Speisen w\u00e4hrend des gesamten Backvorgangs erm\u00f6glicht, ohne dass es zu einer lokalen \u00dcberhitzung oder Verbrennung kommt, wodurch der Backeffekt und der Geschmack der Speisen gew\u00e4hrleistet werden.<\/li>\n\n\n\n<li><strong>Starke Praktikabilit\u00e4t: <\/strong>Die klassische rechteckige Form dieser Keramik-Backformen in gro\u00dfen Mengen eignet sich perfekt zum Backen einer Vielzahl von Gerichten, wie Lasagne, Braten von Fleisch, Braten von Gem\u00fcse oder Aufl\u00e4ufen. Dank ihres sch\u00f6nen Aussehens k\u00f6nnen sie auch direkt auf dem Tisch serviert werden, so dass kein zus\u00e4tzliches Servieren erforderlich ist.<\/li>\n<\/ul>\n<\/div>\n\n\n\n<div class=\"wp-block-column is-layout-flow wp-block-column-is-layout-flow\">\n<figure class=\"wp-block-image size-full\"><img fetchpriority=\"high\" decoding=\"async\" width=\"800\" height=\"800\" src=\"https:\/\/jinhuaceramic.com\/wp-content\/uploads\/2025\/08\/Modern-Custom-Casserole-Dish-with-Various-Colors-Ceramic-Wholesale-Baking-Pans-6.webp\" alt=\"Fabrik Gro\u00dfhandel Casserole Dish, verschiedene Farbe Backen Pfannen-1\" class=\"wp-image-10100\" srcset=\"https:\/\/jinhuaceramic.com\/wp-content\/uploads\/2025\/08\/Modern-Custom-Casserole-Dish-with-Various-Colors-Ceramic-Wholesale-Baking-Pans-6.webp 800w, https:\/\/jinhuaceramic.com\/wp-content\/uploads\/2025\/08\/Modern-Custom-Casserole-Dish-with-Various-Colors-Ceramic-Wholesale-Baking-Pans-6-300x300.webp 300w, https:\/\/jinhuaceramic.com\/wp-content\/uploads\/2025\/08\/Modern-Custom-Casserole-Dish-with-Various-Colors-Ceramic-Wholesale-Baking-Pans-6-150x150.webp 150w, https:\/\/jinhuaceramic.com\/wp-content\/uploads\/2025\/08\/Modern-Custom-Casserole-Dish-with-Various-Colors-Ceramic-Wholesale-Baking-Pans-6-768x768.webp 768w, https:\/\/jinhuaceramic.com\/wp-content\/uploads\/2025\/08\/Modern-Custom-Casserole-Dish-with-Various-Colors-Ceramic-Wholesale-Baking-Pans-6-12x12.webp 12w, https:\/\/jinhuaceramic.com\/wp-content\/uploads\/2025\/08\/Modern-Custom-Casserole-Dish-with-Various-Colors-Ceramic-Wholesale-Baking-Pans-6-285x285.webp 285w, https:\/\/jinhuaceramic.com\/wp-content\/uploads\/2025\/08\/Modern-Custom-Casserole-Dish-with-Various-Colors-Ceramic-Wholesale-Baking-Pans-6-270x270.webp 270w, https:\/\/jinhuaceramic.com\/wp-content\/uploads\/2025\/08\/Modern-Custom-Casserole-Dish-with-Various-Colors-Ceramic-Wholesale-Baking-Pans-6-540x540.webp 540w, https:\/\/jinhuaceramic.com\/wp-content\/uploads\/2025\/08\/Modern-Custom-Casserole-Dish-with-Various-Colors-Ceramic-Wholesale-Baking-Pans-6-660x660.webp 660w\" sizes=\"(max-width: 800px) 100vw, 800px\" \/><\/figure>\n<\/div>\n<\/div>","protected":false},"excerpt":{"rendered":"<p>Willkommen im Gro\u00dfhandel Auflaufformen zu kaufen. Unsere Keramik-Backformen in loser Sch\u00fcttung sind modern im Stil, lebendig in der Farbe und strapazierf\u00e4hig in der Keramik-Konstruktion, so dass sie ideal K\u00fcche St\u00fccke, die funktional und dekorativ sind.<\/p>","protected":false},"featured_media":10099,"comment_status":"closed","ping_status":"closed","template":"","meta":{"_acf_changed":false},"product_brand":[],"product_cat":[53],"product_tag":[71],"class_list":{"0":"post-10095","1":"product","2":"type-product","3":"status-publish","4":"has-post-thumbnail","6":"product_cat-bakeware-in-bulk","7":"product_tag-wholesale-baking-pans","9":"first","10":"instock","11":"shipping-taxable","12":"product-type-simple"},"acf":[],"_links":{"self":[{"href":"https:\/\/jinhuaceramic.com\/de\/wp-json\/wp\/v2\/product\/10095","targetHints":{"allow":["GET"]}}],"collection":[{"href":"https:\/\/jinhuaceramic.com\/de\/wp-json\/wp\/v2\/product"}],"about":[{"href":"https:\/\/jinhuaceramic.com\/de\/wp-json\/wp\/v2\/types\/product"}],"replies":[{"embeddable":true,"href":"https:\/\/jinhuaceramic.com\/de\/wp-json\/wp\/v2\/comments?post=10095"}],"version-history":[{"count":0,"href":"https:\/\/jinhuaceramic.com\/de\/wp-json\/wp\/v2\/product\/10095\/revisions"}],"wp:featuredmedia":[{"embeddable":true,"href":"https:\/\/jinhuaceramic.com\/de\/wp-json\/wp\/v2\/media\/10099"}],"wp:attachment":[{"href":"https:\/\/jinhuaceramic.com\/de\/wp-json\/wp\/v2\/media?parent=10095"}],"wp:term":[{"taxonomy":"product_brand","embeddable":true,"href":"https:\/\/jinhuaceramic.com\/de\/wp-json\/wp\/v2\/product_brand?post=10095"},{"taxonomy":"product_cat","embeddable":true,"href":"https:\/\/jinhuaceramic.com\/de\/wp-json\/wp\/v2\/product_cat?post=10095"},{"taxonomy":"product_tag","embeddable":true,"href":"https:\/\/jinhuaceramic.com\/de\/wp-json\/wp\/v2\/product_tag?post=10095"}],"curies":[{"name":"wp","href":"https:\/\/api.w.org\/{rel}","templated":true}]}}