{"id":10106,"date":"2025-08-26T06:25:23","date_gmt":"2025-08-26T06:25:23","guid":{"rendered":"https:\/\/jinhuaceramic.com\/?post_type=product&#038;p=10106"},"modified":"2025-08-26T06:25:25","modified_gmt":"2025-08-26T06:25:25","slug":"candle-bowls-bulk","status":"publish","type":"product","link":"https:\/\/jinhuaceramic.com\/de\/product\/candle-bowls-bulk\/","title":{"rendered":"Bootsf\u00f6rmige Kerzenschalen Bulk, Keramik-Kerzengef\u00e4\u00dfe"},"content":{"rendered":"<div class=\"wp-block-columns is-layout-flex wp-container-core-columns-is-layout-9d6595d7 wp-block-columns-is-layout-flex\">\n<div class=\"wp-block-column is-layout-flow wp-block-column-is-layout-flow\">\n<h3 class=\"wp-block-heading\">Premium-Kerzenschalen Bulk Merkmale:<\/h3>\n\n\n\n<ul class=\"wp-block-list\">\n<li><strong>Einzigartige Form:<\/strong> Diese Kerzenschalen Bulk sind in der Form eines kleinen Bootes, mit glatten Linien und leicht nach oben gebogenen Bug und Heck, voll von nautischen Spa\u00df und Urlaubsgef\u00fchl konzipiert. Die Gl\u00e4ser sind wei\u00df auf der Oberseite und dunkelblau auf dem Boden, eine klassische nautische Farbschema, das sowohl einfach und elegant ist, und voller Schichtung.<\/li>\n\n\n\n<li><strong>Emotionaler Text: <\/strong>Die Worte \u201cLIFE IS BETTER on the Boat\u201d (Das Leben ist besser auf dem Boot) sind auf die Seiten dieser Gro\u00dfhandelskerzenbeh\u00e4lter gedruckt. Dieser Slogan ist mehr als nur eine einfache Dekoration; er dr\u00fcckt eine Lebenseinstellung aus, die bei den Liebhabern des Segelns, des Reisens oder der Meereskultur Anklang findet und dem Produkt einen Mehrwert verleiht.<\/li>\n\n\n\n<li><strong>3-Docht-Design:<\/strong> Das schiffsf\u00f6rmige Design dieser Kerzenschalen macht die \u00d6ffnung des Glases relativ ger\u00e4umig, was das Einf\u00fcllen von Wachs erleichtert und Platz f\u00fcr 3 Kerzendochte bietet. Die 3-Docht-Design macht die Flamme gleichm\u00e4\u00dfiger und heller, wenn die Kerze brennt, und kann Duft schneller freisetzen.<\/li>\n\n\n\n<li><strong>Langlebiges Material: <\/strong>Diese Gro\u00dfhandelskerzenbeh\u00e4lter sind aus hochwertigem Keramikmaterial hergestellt, das robust, langlebig und hochtemperaturbest\u00e4ndig ist, um das sichere Abbrennen von Kerzen zu gew\u00e4hrleisten.<\/li>\n<\/ul>\n<\/div>\n\n\n\n<div class=\"wp-block-column is-layout-flow wp-block-column-is-layout-flow\">\n<figure class=\"wp-block-image size-full\"><img fetchpriority=\"high\" decoding=\"async\" width=\"1499\" height=\"1500\" src=\"https:\/\/jinhuaceramic.com\/wp-content\/uploads\/2025\/08\/3-Wick-Boat-Shaped-Candle-Making-Containers-Wholesale-Custom-Ceramic-Candle-Jars-5.webp\" alt=\"Boot-f\u00f6rmige Kerzenschalen Bulk, Keramik-Kerze-Container-4\" class=\"wp-image-10110\" srcset=\"https:\/\/jinhuaceramic.com\/wp-content\/uploads\/2025\/08\/3-Wick-Boat-Shaped-Candle-Making-Containers-Wholesale-Custom-Ceramic-Candle-Jars-5.webp 1499w, https:\/\/jinhuaceramic.com\/wp-content\/uploads\/2025\/08\/3-Wick-Boat-Shaped-Candle-Making-Containers-Wholesale-Custom-Ceramic-Candle-Jars-5-300x300.webp 300w, https:\/\/jinhuaceramic.com\/wp-content\/uploads\/2025\/08\/3-Wick-Boat-Shaped-Candle-Making-Containers-Wholesale-Custom-Ceramic-Candle-Jars-5-150x150.webp 150w, https:\/\/jinhuaceramic.com\/wp-content\/uploads\/2025\/08\/3-Wick-Boat-Shaped-Candle-Making-Containers-Wholesale-Custom-Ceramic-Candle-Jars-5-768x769.webp 768w, https:\/\/jinhuaceramic.com\/wp-content\/uploads\/2025\/08\/3-Wick-Boat-Shaped-Candle-Making-Containers-Wholesale-Custom-Ceramic-Candle-Jars-5-12x12.webp 12w, https:\/\/jinhuaceramic.com\/wp-content\/uploads\/2025\/08\/3-Wick-Boat-Shaped-Candle-Making-Containers-Wholesale-Custom-Ceramic-Candle-Jars-5-285x285.webp 285w, https:\/\/jinhuaceramic.com\/wp-content\/uploads\/2025\/08\/3-Wick-Boat-Shaped-Candle-Making-Containers-Wholesale-Custom-Ceramic-Candle-Jars-5-270x270.webp 270w, https:\/\/jinhuaceramic.com\/wp-content\/uploads\/2025\/08\/3-Wick-Boat-Shaped-Candle-Making-Containers-Wholesale-Custom-Ceramic-Candle-Jars-5-540x540.webp 540w, https:\/\/jinhuaceramic.com\/wp-content\/uploads\/2025\/08\/3-Wick-Boat-Shaped-Candle-Making-Containers-Wholesale-Custom-Ceramic-Candle-Jars-5-660x660.webp 660w\" sizes=\"(max-width: 1499px) 100vw, 1499px\" \/><\/figure>\n<\/div>\n<\/div>","protected":false},"excerpt":{"rendered":"<p>Willkommen im Gro\u00dfhandel Kerzenbeh\u00e4lter zu kaufen. Unsere Boot-f\u00f6rmige Kerze Schalen bulk haben kreatives Design, klassische nautische Farbgebung und praktische 3-Docht-Funktionalit\u00e4t.<\/p>","protected":false},"featured_media":10107,"comment_status":"closed","ping_status":"closed","template":"","meta":{"_acf_changed":false},"product_brand":[],"product_cat":[52],"product_tag":[66],"class_list":{"0":"post-10106","1":"product","2":"type-product","3":"status-publish","4":"has-post-thumbnail","6":"product_cat-wholesale-candle-containers","7":"product_tag-candle-jars-wholesale","9":"first","10":"instock","11":"shipping-taxable","12":"product-type-simple"},"acf":[],"_links":{"self":[{"href":"https:\/\/jinhuaceramic.com\/de\/wp-json\/wp\/v2\/product\/10106","targetHints":{"allow":["GET"]}}],"collection":[{"href":"https:\/\/jinhuaceramic.com\/de\/wp-json\/wp\/v2\/product"}],"about":[{"href":"https:\/\/jinhuaceramic.com\/de\/wp-json\/wp\/v2\/types\/product"}],"replies":[{"embeddable":true,"href":"https:\/\/jinhuaceramic.com\/de\/wp-json\/wp\/v2\/comments?post=10106"}],"version-history":[{"count":0,"href":"https:\/\/jinhuaceramic.com\/de\/wp-json\/wp\/v2\/product\/10106\/revisions"}],"wp:featuredmedia":[{"embeddable":true,"href":"https:\/\/jinhuaceramic.com\/de\/wp-json\/wp\/v2\/media\/10107"}],"wp:attachment":[{"href":"https:\/\/jinhuaceramic.com\/de\/wp-json\/wp\/v2\/media?parent=10106"}],"wp:term":[{"taxonomy":"product_brand","embeddable":true,"href":"https:\/\/jinhuaceramic.com\/de\/wp-json\/wp\/v2\/product_brand?post=10106"},{"taxonomy":"product_cat","embeddable":true,"href":"https:\/\/jinhuaceramic.com\/de\/wp-json\/wp\/v2\/product_cat?post=10106"},{"taxonomy":"product_tag","embeddable":true,"href":"https:\/\/jinhuaceramic.com\/de\/wp-json\/wp\/v2\/product_tag?post=10106"}],"curies":[{"name":"wp","href":"https:\/\/api.w.org\/{rel}","templated":true}]}}