{"id":10116,"date":"2025-08-26T07:25:54","date_gmt":"2025-08-26T07:25:54","guid":{"rendered":"https:\/\/jinhuaceramic.com\/?post_type=product&#038;p=10116"},"modified":"2025-08-26T07:25:55","modified_gmt":"2025-08-26T07:25:55","slug":"luxury-candle-containers-wholesale","status":"publish","type":"product","link":"https:\/\/jinhuaceramic.com\/de\/product\/luxury-candle-containers-wholesale\/","title":{"rendered":"Luxus-Kerze-Container Gro\u00dfhandel, Morandi Farbe Kerze Jar"},"content":{"rendered":"<div class=\"wp-block-columns is-layout-flex wp-container-core-columns-is-layout-9d6595d7 wp-block-columns-is-layout-flex\">\n<div class=\"wp-block-column is-layout-flow wp-block-column-is-layout-flow\">\n<h3 class=\"wp-block-heading\">Premium-Luxus-Kerze-Container Gro\u00dfhandel Features:<\/h3>\n\n\n\n<ul class=\"wp-block-list\">\n<li><strong>Minimalistisches Design: <\/strong>Diese Luxuskerzengef\u00e4\u00dfe f\u00fcr den Gro\u00dfhandel haben die einfachste zylindrische Form mit gleichm\u00e4\u00dfigen vertikalen Streifen auf der Au\u00dfenfl\u00e4che. Diese dreidimensionale konkave und konvexe Oberfl\u00e4chenbehandlung erh\u00f6ht die taktile und visuelle Schichtung, wodurch die Gl\u00e4ser nicht mehr eint\u00f6nig sind.<\/li>\n\n\n\n<li><strong>Morandi Farbschema: <\/strong>Diese leeren Kerzengl\u00e4ser in loser Sch\u00fcttung sind in verschiedenen sanften Morandi-Farben wie hellgr\u00fcn, grau-gr\u00fcn, hellrosa und wei\u00df erh\u00e4ltlich. Solche ents\u00e4ttigten Farben k\u00f6nnen eine warme und entspannende Atmosph\u00e4re schaffen, die mit dem Zweck der Kerze zusammenarbeitet.<\/li>\n\n\n\n<li><strong>Hochwertiges Material: <\/strong>Diese luxuri\u00f6sen Kerzenbeh\u00e4lter f\u00fcr den Gro\u00dfhandel sind aus hochwertigem Keramikmaterial hergestellt. Keramisches Material ist dicker und rauer als Metall oder Glas. Daher ist das Material, das bei der Herstellung von Kerzengef\u00e4\u00dfen verwendet werden sollte, Keramik.<\/li>\n\n\n\n<li><strong>Vielseitig und wiederverwendbar:<\/strong> Nachdem die Kerzen ausgebrannt sind, k\u00f6nnen diese leeren Kerzengl\u00e4ser gereinigt und wiederverwendet werden. Sie k\u00f6nnen als kleine Vasen, Stifthalter, Schminkpinselhalter, Schl\u00fcsselaufbewahrungsgl\u00e4ser verwendet werden und verl\u00e4ngern die Lebensdauer der Produkte.<\/li>\n<\/ul>\n<\/div>\n\n\n\n<div class=\"wp-block-column is-layout-flow wp-block-column-is-layout-flow\">\n<figure class=\"wp-block-image size-full\"><img fetchpriority=\"high\" decoding=\"async\" width=\"800\" height=\"800\" src=\"https:\/\/jinhuaceramic.com\/wp-content\/uploads\/2025\/08\/Morandi-Color-Ceramic-Candle-Vessels-Bulk-Empty-Candle-Jars-Wholesale-2.webp\" alt=\"Luxus-Kerze-Container Gro\u00dfhandel, Morandi Farbe Kerze Jar-1\" class=\"wp-image-10117\" srcset=\"https:\/\/jinhuaceramic.com\/wp-content\/uploads\/2025\/08\/Morandi-Color-Ceramic-Candle-Vessels-Bulk-Empty-Candle-Jars-Wholesale-2.webp 800w, https:\/\/jinhuaceramic.com\/wp-content\/uploads\/2025\/08\/Morandi-Color-Ceramic-Candle-Vessels-Bulk-Empty-Candle-Jars-Wholesale-2-300x300.webp 300w, https:\/\/jinhuaceramic.com\/wp-content\/uploads\/2025\/08\/Morandi-Color-Ceramic-Candle-Vessels-Bulk-Empty-Candle-Jars-Wholesale-2-150x150.webp 150w, https:\/\/jinhuaceramic.com\/wp-content\/uploads\/2025\/08\/Morandi-Color-Ceramic-Candle-Vessels-Bulk-Empty-Candle-Jars-Wholesale-2-768x768.webp 768w, https:\/\/jinhuaceramic.com\/wp-content\/uploads\/2025\/08\/Morandi-Color-Ceramic-Candle-Vessels-Bulk-Empty-Candle-Jars-Wholesale-2-12x12.webp 12w, https:\/\/jinhuaceramic.com\/wp-content\/uploads\/2025\/08\/Morandi-Color-Ceramic-Candle-Vessels-Bulk-Empty-Candle-Jars-Wholesale-2-285x285.webp 285w, https:\/\/jinhuaceramic.com\/wp-content\/uploads\/2025\/08\/Morandi-Color-Ceramic-Candle-Vessels-Bulk-Empty-Candle-Jars-Wholesale-2-270x270.webp 270w, https:\/\/jinhuaceramic.com\/wp-content\/uploads\/2025\/08\/Morandi-Color-Ceramic-Candle-Vessels-Bulk-Empty-Candle-Jars-Wholesale-2-540x540.webp 540w, https:\/\/jinhuaceramic.com\/wp-content\/uploads\/2025\/08\/Morandi-Color-Ceramic-Candle-Vessels-Bulk-Empty-Candle-Jars-Wholesale-2-660x660.webp 660w\" sizes=\"(max-width: 800px) 100vw, 800px\" \/><\/figure>\n<\/div>\n<\/div>","protected":false},"excerpt":{"rendered":"<p>Willkommen zum Kauf von leeren Kerzengl\u00e4sern in gro\u00dfen Mengen. Diese luxuri\u00f6sen Kerzenbeh\u00e4lter im Gro\u00dfhandel haben unverwechselbare vertikale Streifen und weiche Morandi-Farben und sind optisch ansprechend, verbessern den Wohnstil und schaffen eine warme Atmosph\u00e4re.<\/p>","protected":false},"featured_media":10120,"comment_status":"closed","ping_status":"closed","template":"","meta":{"_acf_changed":false},"product_brand":[],"product_cat":[52],"product_tag":[66],"class_list":{"0":"post-10116","1":"product","2":"type-product","3":"status-publish","4":"has-post-thumbnail","6":"product_cat-wholesale-candle-containers","7":"product_tag-candle-jars-wholesale","9":"first","10":"instock","11":"shipping-taxable","12":"product-type-simple"},"acf":[],"_links":{"self":[{"href":"https:\/\/jinhuaceramic.com\/de\/wp-json\/wp\/v2\/product\/10116","targetHints":{"allow":["GET"]}}],"collection":[{"href":"https:\/\/jinhuaceramic.com\/de\/wp-json\/wp\/v2\/product"}],"about":[{"href":"https:\/\/jinhuaceramic.com\/de\/wp-json\/wp\/v2\/types\/product"}],"replies":[{"embeddable":true,"href":"https:\/\/jinhuaceramic.com\/de\/wp-json\/wp\/v2\/comments?post=10116"}],"version-history":[{"count":0,"href":"https:\/\/jinhuaceramic.com\/de\/wp-json\/wp\/v2\/product\/10116\/revisions"}],"wp:featuredmedia":[{"embeddable":true,"href":"https:\/\/jinhuaceramic.com\/de\/wp-json\/wp\/v2\/media\/10120"}],"wp:attachment":[{"href":"https:\/\/jinhuaceramic.com\/de\/wp-json\/wp\/v2\/media?parent=10116"}],"wp:term":[{"taxonomy":"product_brand","embeddable":true,"href":"https:\/\/jinhuaceramic.com\/de\/wp-json\/wp\/v2\/product_brand?post=10116"},{"taxonomy":"product_cat","embeddable":true,"href":"https:\/\/jinhuaceramic.com\/de\/wp-json\/wp\/v2\/product_cat?post=10116"},{"taxonomy":"product_tag","embeddable":true,"href":"https:\/\/jinhuaceramic.com\/de\/wp-json\/wp\/v2\/product_tag?post=10116"}],"curies":[{"name":"wp","href":"https:\/\/api.w.org\/{rel}","templated":true}]}}