{"id":10140,"date":"2025-08-26T07:05:37","date_gmt":"2025-08-26T07:05:37","guid":{"rendered":"https:\/\/jinhuaceramic.com\/?post_type=product&#038;p=10140"},"modified":"2025-08-26T07:05:38","modified_gmt":"2025-08-26T07:05:38","slug":"containers-for-candles-bulk","status":"publish","type":"product","link":"https:\/\/jinhuaceramic.com\/de\/product\/containers-for-candles-bulk\/","title":{"rendered":"Stapelbare Kiefer Baum Container f\u00fcr Kerzen Bulk Gro\u00dfhandel"},"content":{"rendered":"<div class=\"wp-block-columns is-layout-flex wp-container-core-columns-is-layout-9d6595d7 wp-block-columns-is-layout-flex\">\n<div class=\"wp-block-column is-layout-flow wp-block-column-is-layout-flow\">\n<h3 class=\"wp-block-heading\">Premium-Beh\u00e4lter f\u00fcr Kerzen Bulk Eigenschaften:<\/h3>\n\n\n\n<ul class=\"wp-block-list\">\n<li><strong>Schaffen Sie eine festliche Atmosph\u00e4re: Die<\/strong> Die Tannenbaumform dieser Beh\u00e4lter f\u00fcr Kerzen in loser Sch\u00fcttung passt perfekt zu weihnachtlichen und winterlichen Themen, erhellt die festliche Atmosph\u00e4re und eignet sich optimal f\u00fcr die Dekoration von Gesch\u00e4ftsr\u00e4umen und den Verkauf von Weihnachtsgeschenken.<\/li>\n\n\n\n<li><strong>Raue, matte Textur:<\/strong> Diese Kerzengl\u00e4ser f\u00fcr den Gro\u00dfhandel haben eine spezielle mattierte Oberfl\u00e4che anstelle der traditionellen glatten Glasur. Diese Textur verleiht ihnen ein rustikales, ungeschliffenes Gef\u00fchl, als ob sie in der Natur abgebaut worden w\u00e4ren, was das Thema \u201cWaldton\u201d aufgreift und die Haptik verbessert.<\/li>\n\n\n\n<li><strong>Mehrere gr\u00fcne Farbkombinationen: <\/strong>Unsere Beh\u00e4lter f\u00fcr Kerzen in loser Sch\u00fcttung sind in verschiedenen Gr\u00fcnt\u00f6nen erh\u00e4ltlich, die einzeln oder in Kombination verwendet werden k\u00f6nnen, um den \u00e4sthetischen Vorlieben verschiedener Verbrauchergruppen gerecht zu werden.<\/li>\n\n\n\n<li><strong>Geeignet f\u00fcr Gro\u00dfhandel und Personalisierung: <\/strong>Unsere leeren Kerzengl\u00e4ser f\u00fcr den Gro\u00dfhandel eignen sich f\u00fcr Gro\u00dfeink\u00e4ufe und k\u00f6nnen mit OEM\/ODM-Optionen angepasst werden, was unseren Kunden eine differenzierte Marktposition verschafft.<\/li>\n<\/ul>\n<\/div>\n\n\n\n<div class=\"wp-block-column is-layout-flow wp-block-column-is-layout-flow\">\n<figure class=\"wp-block-image size-full\"><img fetchpriority=\"high\" decoding=\"async\" width=\"784\" height=\"784\" src=\"https:\/\/jinhuaceramic.com\/wp-content\/uploads\/2025\/08\/Pine-Tree-Candle-Empty-Jars-Wholesale-Ceramic-Unique-Candle-Containers-Bulk-3.webp\" alt=\"Stapelbare Kiefer Baum Container f\u00fcr Kerzen Bulk Gro\u00dfhandel-1\" class=\"wp-image-10142\" srcset=\"https:\/\/jinhuaceramic.com\/wp-content\/uploads\/2025\/08\/Pine-Tree-Candle-Empty-Jars-Wholesale-Ceramic-Unique-Candle-Containers-Bulk-3.webp 784w, https:\/\/jinhuaceramic.com\/wp-content\/uploads\/2025\/08\/Pine-Tree-Candle-Empty-Jars-Wholesale-Ceramic-Unique-Candle-Containers-Bulk-3-300x300.webp 300w, https:\/\/jinhuaceramic.com\/wp-content\/uploads\/2025\/08\/Pine-Tree-Candle-Empty-Jars-Wholesale-Ceramic-Unique-Candle-Containers-Bulk-3-150x150.webp 150w, https:\/\/jinhuaceramic.com\/wp-content\/uploads\/2025\/08\/Pine-Tree-Candle-Empty-Jars-Wholesale-Ceramic-Unique-Candle-Containers-Bulk-3-768x768.webp 768w, https:\/\/jinhuaceramic.com\/wp-content\/uploads\/2025\/08\/Pine-Tree-Candle-Empty-Jars-Wholesale-Ceramic-Unique-Candle-Containers-Bulk-3-12x12.webp 12w, https:\/\/jinhuaceramic.com\/wp-content\/uploads\/2025\/08\/Pine-Tree-Candle-Empty-Jars-Wholesale-Ceramic-Unique-Candle-Containers-Bulk-3-285x285.webp 285w, https:\/\/jinhuaceramic.com\/wp-content\/uploads\/2025\/08\/Pine-Tree-Candle-Empty-Jars-Wholesale-Ceramic-Unique-Candle-Containers-Bulk-3-270x270.webp 270w, https:\/\/jinhuaceramic.com\/wp-content\/uploads\/2025\/08\/Pine-Tree-Candle-Empty-Jars-Wholesale-Ceramic-Unique-Candle-Containers-Bulk-3-540x540.webp 540w, https:\/\/jinhuaceramic.com\/wp-content\/uploads\/2025\/08\/Pine-Tree-Candle-Empty-Jars-Wholesale-Ceramic-Unique-Candle-Containers-Bulk-3-660x660.webp 660w\" sizes=\"(max-width: 784px) 100vw, 784px\" \/><\/figure>\n<\/div>\n<\/div>","protected":false},"excerpt":{"rendered":"<p>Willkommen im Gro\u00dfhandel leere Kerze Gl\u00e4ser zu kaufen. Unsere kieferf\u00f6rmigen Beh\u00e4lter f\u00fcr Kerzen bulk verf\u00fcgen \u00fcber einen erfrischenden gr\u00fcnen Farbton mit zahlreichen Farb\u00fcbereinstimmungen. Sie sind sowohl praktisch als auch sch\u00f6n und eignen sich f\u00fcr Urlaubsgeschenke, Heimdekoration und Aromatherapiekerzen.<\/p>","protected":false},"featured_media":10141,"comment_status":"closed","ping_status":"closed","template":"","meta":{"_acf_changed":false},"product_brand":[],"product_cat":[52],"product_tag":[66],"class_list":{"0":"post-10140","1":"product","2":"type-product","3":"status-publish","4":"has-post-thumbnail","6":"product_cat-wholesale-candle-containers","7":"product_tag-candle-jars-wholesale","9":"first","10":"instock","11":"shipping-taxable","12":"product-type-simple"},"acf":[],"_links":{"self":[{"href":"https:\/\/jinhuaceramic.com\/de\/wp-json\/wp\/v2\/product\/10140","targetHints":{"allow":["GET"]}}],"collection":[{"href":"https:\/\/jinhuaceramic.com\/de\/wp-json\/wp\/v2\/product"}],"about":[{"href":"https:\/\/jinhuaceramic.com\/de\/wp-json\/wp\/v2\/types\/product"}],"replies":[{"embeddable":true,"href":"https:\/\/jinhuaceramic.com\/de\/wp-json\/wp\/v2\/comments?post=10140"}],"version-history":[{"count":0,"href":"https:\/\/jinhuaceramic.com\/de\/wp-json\/wp\/v2\/product\/10140\/revisions"}],"wp:featuredmedia":[{"embeddable":true,"href":"https:\/\/jinhuaceramic.com\/de\/wp-json\/wp\/v2\/media\/10141"}],"wp:attachment":[{"href":"https:\/\/jinhuaceramic.com\/de\/wp-json\/wp\/v2\/media?parent=10140"}],"wp:term":[{"taxonomy":"product_brand","embeddable":true,"href":"https:\/\/jinhuaceramic.com\/de\/wp-json\/wp\/v2\/product_brand?post=10140"},{"taxonomy":"product_cat","embeddable":true,"href":"https:\/\/jinhuaceramic.com\/de\/wp-json\/wp\/v2\/product_cat?post=10140"},{"taxonomy":"product_tag","embeddable":true,"href":"https:\/\/jinhuaceramic.com\/de\/wp-json\/wp\/v2\/product_tag?post=10140"}],"curies":[{"name":"wp","href":"https:\/\/api.w.org\/{rel}","templated":true}]}}