{"id":10148,"date":"2025-08-26T02:43:25","date_gmt":"2025-08-26T02:43:25","guid":{"rendered":"https:\/\/jinhuaceramic.com\/?post_type=product&#038;p=10148"},"modified":"2025-08-26T02:43:26","modified_gmt":"2025-08-26T02:43:26","slug":"bulk-solid-color-tableware","status":"publish","type":"product","link":"https:\/\/jinhuaceramic.com\/de\/product\/bulk-solid-color-tableware\/","title":{"rendered":"Bulk Solid Color Geschirr, Modernes Restaurantgeschirr Set"},"content":{"rendered":"<div class=\"wp-block-columns is-layout-flex wp-container-core-columns-is-layout-9d6595d7 wp-block-columns-is-layout-flex\">\n<div class=\"wp-block-column is-layout-flow wp-block-column-is-layout-flow\">\n<h3 class=\"wp-block-heading\">Premium Bulk Solid Color Geschirr Merkmale:<\/h3>\n\n\n\n<ul class=\"wp-block-list\">\n<li><strong>Zwei-Farben-Kontrast-Design: <\/strong>Der Hauptteil dieser unifarbenen Geschirrsets ist gebrochen wei\u00df mit kleinen grauen Flecken auf der Oberfl\u00e4che, die ihm eine rustikale Textur verleihen. Die R\u00e4nder des Geschirrs sind mit einer d\u00fcnnen Linie in Karminrot umrandet. Diese kontrastierende Farbgebung von Off-White und Karminrot verleiht dem Geschirr eine gewisse visuelle Tiefe und Raffinesse.<\/li>\n\n\n\n<li><strong>Verschiedene Farben: <\/strong>Diese Geschirrsets f\u00fcr den Gastronomiebedarf sind in einer Vielzahl von Farben erh\u00e4ltlich, darunter geheimnisvolles Schwarz, rustikales Off-White und reines Wei\u00df. Die Kunden k\u00f6nnen je nach Tischgestaltung und pers\u00f6nlichen Vorlieben w\u00e4hlen.<\/li>\n\n\n\n<li><strong>Hochwertiges Material: <\/strong>Diese gro\u00dfvolumigen, einfarbigen Geschirrsets sind aus hochwertiger Keramik mit einer haltbaren Glasur hergestellt, die nicht so leicht zerkratzt oder abgenutzt wird. Die Keramik selbst ist ungiftig und unsch\u00e4dlich, so dass sie sicher und gesund zu verwenden ist.<\/li>\n\n\n\n<li><strong>Vollst\u00e4ndiger Satz: <\/strong>Diese Geschirrsets f\u00fcr die Gastronomie umfassen Sch\u00fcsseln und Teller in verschiedenen Gr\u00f6\u00dfen, um den t\u00e4glichen Essensbedarf einer gro\u00dfen Familie zu decken. Die gro\u00dfen Teller k\u00f6nnen f\u00fcr Hauptgerichte verwendet werden, die kleineren Teller f\u00fcr Snacks oder Salate und die Keramiksch\u00fcsseln f\u00fcr M\u00fcsli, Reis, Suppe oder Dessert.<\/li>\n<\/ul>\n<\/div>\n\n\n\n<div class=\"wp-block-column is-layout-flow wp-block-column-is-layout-flow\">\n<figure class=\"wp-block-image size-full\"><img fetchpriority=\"high\" decoding=\"async\" width=\"2000\" height=\"2000\" src=\"https:\/\/jinhuaceramic.com\/wp-content\/uploads\/2025\/08\/Modern-Fine-China-Custom-Tableware-Restaurant-Supply-Dinnerware-Set-5.webp\" alt=\"Bulk Solid Farbe Geschirr, Modernes Restaurant Geschirr Set-1\" class=\"wp-image-10154\" srcset=\"https:\/\/jinhuaceramic.com\/wp-content\/uploads\/2025\/08\/Modern-Fine-China-Custom-Tableware-Restaurant-Supply-Dinnerware-Set-5.webp 2000w, https:\/\/jinhuaceramic.com\/wp-content\/uploads\/2025\/08\/Modern-Fine-China-Custom-Tableware-Restaurant-Supply-Dinnerware-Set-5-300x300.webp 300w, https:\/\/jinhuaceramic.com\/wp-content\/uploads\/2025\/08\/Modern-Fine-China-Custom-Tableware-Restaurant-Supply-Dinnerware-Set-5-150x150.webp 150w, https:\/\/jinhuaceramic.com\/wp-content\/uploads\/2025\/08\/Modern-Fine-China-Custom-Tableware-Restaurant-Supply-Dinnerware-Set-5-768x768.webp 768w, https:\/\/jinhuaceramic.com\/wp-content\/uploads\/2025\/08\/Modern-Fine-China-Custom-Tableware-Restaurant-Supply-Dinnerware-Set-5-12x12.webp 12w, https:\/\/jinhuaceramic.com\/wp-content\/uploads\/2025\/08\/Modern-Fine-China-Custom-Tableware-Restaurant-Supply-Dinnerware-Set-5-285x285.webp 285w, https:\/\/jinhuaceramic.com\/wp-content\/uploads\/2025\/08\/Modern-Fine-China-Custom-Tableware-Restaurant-Supply-Dinnerware-Set-5-1600x1600.webp 1600w, https:\/\/jinhuaceramic.com\/wp-content\/uploads\/2025\/08\/Modern-Fine-China-Custom-Tableware-Restaurant-Supply-Dinnerware-Set-5-270x270.webp 270w, https:\/\/jinhuaceramic.com\/wp-content\/uploads\/2025\/08\/Modern-Fine-China-Custom-Tableware-Restaurant-Supply-Dinnerware-Set-5-540x540.webp 540w, https:\/\/jinhuaceramic.com\/wp-content\/uploads\/2025\/08\/Modern-Fine-China-Custom-Tableware-Restaurant-Supply-Dinnerware-Set-5-660x660.webp 660w\" sizes=\"(max-width: 2000px) 100vw, 2000px\" \/><\/figure>\n<\/div>\n<\/div>","protected":false},"excerpt":{"rendered":"<p>Willkommen beim Kauf von unifarbenen Geschirrsets in gro\u00dfen Mengen. Der Vorteil dieser Geschirrsets f\u00fcr den Gastronomiebedarf liegt in der perfekten Verbindung von moderner, minimalistischer \u00c4sthetik und au\u00dfergew\u00f6hnlicher Funktionalit\u00e4t. Dieses Keramikgeschirr ist nicht nur perfekt f\u00fcr den t\u00e4glichen Gebrauch zu Hause, sondern eignet sich dank seines sch\u00f6nen Designs auch hervorragend f\u00fcr die Bewirtung von G\u00e4sten.<\/p>","protected":false},"featured_media":10156,"comment_status":"closed","ping_status":"closed","template":"","meta":{"_acf_changed":false},"product_brand":[],"product_cat":[83,54],"product_tag":[],"class_list":{"0":"post-10148","1":"product","2":"type-product","3":"status-publish","4":"has-post-thumbnail","6":"product_cat-wholesale-dinnerware-sets","7":"product_cat-tableware-wholesale","9":"first","10":"instock","11":"shipping-taxable","12":"product-type-simple"},"acf":[],"_links":{"self":[{"href":"https:\/\/jinhuaceramic.com\/de\/wp-json\/wp\/v2\/product\/10148","targetHints":{"allow":["GET"]}}],"collection":[{"href":"https:\/\/jinhuaceramic.com\/de\/wp-json\/wp\/v2\/product"}],"about":[{"href":"https:\/\/jinhuaceramic.com\/de\/wp-json\/wp\/v2\/types\/product"}],"replies":[{"embeddable":true,"href":"https:\/\/jinhuaceramic.com\/de\/wp-json\/wp\/v2\/comments?post=10148"}],"version-history":[{"count":0,"href":"https:\/\/jinhuaceramic.com\/de\/wp-json\/wp\/v2\/product\/10148\/revisions"}],"wp:featuredmedia":[{"embeddable":true,"href":"https:\/\/jinhuaceramic.com\/de\/wp-json\/wp\/v2\/media\/10156"}],"wp:attachment":[{"href":"https:\/\/jinhuaceramic.com\/de\/wp-json\/wp\/v2\/media?parent=10148"}],"wp:term":[{"taxonomy":"product_brand","embeddable":true,"href":"https:\/\/jinhuaceramic.com\/de\/wp-json\/wp\/v2\/product_brand?post=10148"},{"taxonomy":"product_cat","embeddable":true,"href":"https:\/\/jinhuaceramic.com\/de\/wp-json\/wp\/v2\/product_cat?post=10148"},{"taxonomy":"product_tag","embeddable":true,"href":"https:\/\/jinhuaceramic.com\/de\/wp-json\/wp\/v2\/product_tag?post=10148"}],"curies":[{"name":"wp","href":"https:\/\/api.w.org\/{rel}","templated":true}]}}