{"id":10160,"date":"2025-08-26T01:36:56","date_gmt":"2025-08-26T01:36:56","guid":{"rendered":"https:\/\/jinhuaceramic.com\/?post_type=product&#038;p=10160"},"modified":"2025-08-26T01:36:58","modified_gmt":"2025-08-26T01:36:58","slug":"vessels-for-candles-wholesale","status":"publish","type":"product","link":"https:\/\/jinhuaceramic.com\/de\/product\/vessels-for-candles-wholesale\/","title":{"rendered":"Minimalistische keramische Gef\u00e4\u00dfe f\u00fcr Kerzen Gro\u00dfhandel Versorgung"},"content":{"rendered":"<div class=\"wp-block-columns is-layout-flex wp-container-core-columns-is-layout-9d6595d7 wp-block-columns-is-layout-flex\">\n<div class=\"wp-block-column is-layout-flow wp-block-column-is-layout-flow\">\n<h3 class=\"wp-block-heading\">Premium-Keramik-Gef\u00e4\u00dfe f\u00fcr Kerzen Gro\u00dfhandel Merkmale:<\/h3>\n\n\n\n<ul class=\"wp-block-list\">\n<li><strong>Minimalistisches Design:<\/strong> Diese Gef\u00e4\u00dfe f\u00fcr den Kerzengro\u00dfhandel sind geometrisch trapezf\u00f6rmig, oben d\u00fcnn und unten dick, und sie sehen \u00e4sthetischer aus als einfache Kerzengl\u00e4ser mit geradem Rohr. Sie haben eine klare, saubere wei\u00dfe Farbe, mit der sie sich leicht in jede Einrichtung einf\u00fcgen lassen.<\/li>\n\n\n\n<li><strong>Hochwertiges Material:<\/strong> Diese gro\u00dfen Kerzengl\u00e4ser sind aus hochwertiger Keramik mit einer glatten und weichen Oberfl\u00e4che, die sich gut anf\u00fchlt. Keramik ist hitzebest\u00e4ndig und h\u00e4lt eine brennende Kerze sicher fest, was sie zu einer geeigneten Wahl f\u00fcr Kerzenhalter macht.<\/li>\n\n\n\n<li><strong>Ideale Gr\u00f6\u00dfe: <\/strong>Diese Gef\u00e4\u00dfe f\u00fcr Kerzen im Gro\u00dfhandel haben mit 450 ml die ideale Gr\u00f6\u00dfe, um Wachs aufzunehmen, das lange brennt, ohne zu gro\u00df zu sein. Dank ihrer Gr\u00f6\u00dfe passen sie au\u00dferdem bequem auf jeden Schreibtisch, jedes B\u00fccherregal oder jeden Nachttisch.<\/li>\n\n\n\n<li><strong>Vielseitig einsetzbar: <\/strong>Diese hochwertigen Kerzengl\u00e4ser sind auch vielseitig einsetzbar und k\u00f6nnen neben ihrer Funktion als Kerzenhalter auch f\u00fcr andere Zwecke verwendet werden. Sobald die Kerzen abgebrannt sind, k\u00f6nnen die Gl\u00e4ser als kleine Blument\u00f6pfe, Stifthalter, Beh\u00e4lter f\u00fcr Schminkpinsel oder einfach als einfache Tischdekoration weiterverwendet werden.<\/li>\n<\/ul>\n<\/div>\n\n\n\n<div class=\"wp-block-column is-layout-flow wp-block-column-is-layout-flow\">\n<figure class=\"wp-block-image size-full\"><img fetchpriority=\"high\" decoding=\"async\" width=\"682\" height=\"682\" src=\"https:\/\/jinhuaceramic.com\/wp-content\/uploads\/2025\/08\/Minimalist-White-Empty-Candle-Jars-Wholesale-Ceramic-Candle-Vessels-Bulk-3.webp\" alt=\"Minimalistische keramische Gef\u00e4\u00dfe f\u00fcr Kerzen Gro\u00dfhandel Supply-1\" class=\"wp-image-10162\" srcset=\"https:\/\/jinhuaceramic.com\/wp-content\/uploads\/2025\/08\/Minimalist-White-Empty-Candle-Jars-Wholesale-Ceramic-Candle-Vessels-Bulk-3.webp 682w, https:\/\/jinhuaceramic.com\/wp-content\/uploads\/2025\/08\/Minimalist-White-Empty-Candle-Jars-Wholesale-Ceramic-Candle-Vessels-Bulk-3-300x300.webp 300w, https:\/\/jinhuaceramic.com\/wp-content\/uploads\/2025\/08\/Minimalist-White-Empty-Candle-Jars-Wholesale-Ceramic-Candle-Vessels-Bulk-3-150x150.webp 150w, https:\/\/jinhuaceramic.com\/wp-content\/uploads\/2025\/08\/Minimalist-White-Empty-Candle-Jars-Wholesale-Ceramic-Candle-Vessels-Bulk-3-12x12.webp 12w, https:\/\/jinhuaceramic.com\/wp-content\/uploads\/2025\/08\/Minimalist-White-Empty-Candle-Jars-Wholesale-Ceramic-Candle-Vessels-Bulk-3-285x285.webp 285w, https:\/\/jinhuaceramic.com\/wp-content\/uploads\/2025\/08\/Minimalist-White-Empty-Candle-Jars-Wholesale-Ceramic-Candle-Vessels-Bulk-3-270x270.webp 270w, https:\/\/jinhuaceramic.com\/wp-content\/uploads\/2025\/08\/Minimalist-White-Empty-Candle-Jars-Wholesale-Ceramic-Candle-Vessels-Bulk-3-540x540.webp 540w, https:\/\/jinhuaceramic.com\/wp-content\/uploads\/2025\/08\/Minimalist-White-Empty-Candle-Jars-Wholesale-Ceramic-Candle-Vessels-Bulk-3-660x660.webp 660w\" sizes=\"(max-width: 682px) 100vw, 682px\" \/><\/figure>\n<\/div>\n<\/div>","protected":false},"excerpt":{"rendered":"<p>Willkommen zum Kauf von Kerzengl\u00e4sern in gro\u00dfen Mengen. Die einzigartige trapezf\u00f6rmige Form, die reinen Farben und die langlebigen Keramikgef\u00e4\u00dfe f\u00fcr Kerzen im Gro\u00dfhandel heben sich von der Masse ab und werden zu funktionalen und k\u00fcnstlerischen Wohndekorationen. Sie sind nicht nur Beh\u00e4lter f\u00fcr Kerzen, sondern auch die Verk\u00f6rperung einer Lebenseinstellung, die dem Benutzer ein friedliches und angenehmes sensorisches Erlebnis vermittelt.<\/p>","protected":false},"featured_media":10166,"comment_status":"closed","ping_status":"closed","template":"","meta":{"_acf_changed":false},"product_brand":[],"product_cat":[52],"product_tag":[66],"class_list":{"0":"post-10160","1":"product","2":"type-product","3":"status-publish","4":"has-post-thumbnail","6":"product_cat-wholesale-candle-containers","7":"product_tag-candle-jars-wholesale","9":"first","10":"instock","11":"shipping-taxable","12":"product-type-simple"},"acf":[],"_links":{"self":[{"href":"https:\/\/jinhuaceramic.com\/de\/wp-json\/wp\/v2\/product\/10160","targetHints":{"allow":["GET"]}}],"collection":[{"href":"https:\/\/jinhuaceramic.com\/de\/wp-json\/wp\/v2\/product"}],"about":[{"href":"https:\/\/jinhuaceramic.com\/de\/wp-json\/wp\/v2\/types\/product"}],"replies":[{"embeddable":true,"href":"https:\/\/jinhuaceramic.com\/de\/wp-json\/wp\/v2\/comments?post=10160"}],"version-history":[{"count":0,"href":"https:\/\/jinhuaceramic.com\/de\/wp-json\/wp\/v2\/product\/10160\/revisions"}],"wp:featuredmedia":[{"embeddable":true,"href":"https:\/\/jinhuaceramic.com\/de\/wp-json\/wp\/v2\/media\/10166"}],"wp:attachment":[{"href":"https:\/\/jinhuaceramic.com\/de\/wp-json\/wp\/v2\/media?parent=10160"}],"wp:term":[{"taxonomy":"product_brand","embeddable":true,"href":"https:\/\/jinhuaceramic.com\/de\/wp-json\/wp\/v2\/product_brand?post=10160"},{"taxonomy":"product_cat","embeddable":true,"href":"https:\/\/jinhuaceramic.com\/de\/wp-json\/wp\/v2\/product_cat?post=10160"},{"taxonomy":"product_tag","embeddable":true,"href":"https:\/\/jinhuaceramic.com\/de\/wp-json\/wp\/v2\/product_tag?post=10160"}],"curies":[{"name":"wp","href":"https:\/\/api.w.org\/{rel}","templated":true}]}}