{"id":10169,"date":"2025-08-26T01:21:27","date_gmt":"2025-08-26T01:21:27","guid":{"rendered":"https:\/\/jinhuaceramic.com\/?post_type=product&#038;p=10169"},"modified":"2025-08-26T06:40:55","modified_gmt":"2025-08-26T06:40:55","slug":"massage-candle-containers-wholesale","status":"publish","type":"product","link":"https:\/\/jinhuaceramic.com\/de\/product\/massage-candle-containers-wholesale\/","title":{"rendered":"Keramische Massagekerzenbeh\u00e4lter Gro\u00dfhandel mit Ausgie\u00dfer"},"content":{"rendered":"<div class=\"wp-block-columns is-layout-flex wp-container-core-columns-is-layout-9d6595d7 wp-block-columns-is-layout-flex\">\n<div class=\"wp-block-column is-layout-flow wp-block-column-is-layout-flow\">\n<h3 class=\"wp-block-heading\">Premium-Massage-Kerze-Container Gro\u00dfhandel Merkmale:<\/h3>\n\n\n\n<ul class=\"wp-block-list\">\n<li><strong>Kompakter Ausgie\u00dfer: <\/strong>Diese wei\u00dfen Massagekerzenbeh\u00e4lter f\u00fcr den Gro\u00dfhandel haben auf einer Seite eine \u201cVogelschnabel\u201d-Ausgusst\u00fclle. Der Ausgie\u00dfer wurde speziell f\u00fcr Massagekerzen entwickelt und erm\u00f6glicht ein pr\u00e4zises Ausgie\u00dfen des geschmolzenen \u00e4therischen \u00d6ls, ohne dass es auf das Glas tropft oder \u00fcberschwappt, was praktisch und hygienisch ist.<\/li>\n\n\n\n<li><strong>Warmwei\u00df Ausf\u00fchrung: <\/strong>Diese Massagekerzengl\u00e4ser aus Keramik sind in einem warmen Wei\u00df gehalten, einer Farbe, die nicht nur vielseitig einsetzbar ist, sondern auch ein Gef\u00fchl von Reinheit und Entspannung vermittelt, was mit Massagekerzen erreicht werden soll.<\/li>\n\n\n\n<li><strong>Hochwertige Keramik: <\/strong>Diese Massagekerzenbeh\u00e4lter f\u00fcr den Gro\u00dfhandel sind aus hochwertiger Keramik gefertigt, die langlebig ist und sich warm anf\u00fchlt. Keramik ist hitzebest\u00e4ndig und kann die hohe Hitze aushalten, die beim Abbrennen von Kerzen entsteht, was ein Gef\u00fchl der Sicherheit vermittelt.<\/li>\n\n\n\n<li><strong>Leicht zu reinigen: <\/strong>Diese Keramik-Kerzengl\u00e4ser in loser Sch\u00fcttung besitzen eine seidige Glasur, an der keine Wachsreste oder Flecken haften bleiben, so dass sie nach dem Verbrauch der Kerze leicht zu reinigen sind, also wiederverwendbare Gl\u00e4ser.<\/li>\n<\/ul>\n<\/div>\n\n\n\n<div class=\"wp-block-column is-layout-flow wp-block-column-is-layout-flow\">\n<figure class=\"wp-block-image size-full\"><img fetchpriority=\"high\" decoding=\"async\" width=\"740\" height=\"737\" src=\"https:\/\/jinhuaceramic.com\/wp-content\/uploads\/2025\/08\/White-Massage-Candle-Containers-Wholesale-Ceramic-Candle-Jars-Empty-Bulk-4.webp\" alt=\"Keramische Massage-Kerzen-Beh\u00e4lter Gro\u00dfhandel mit Ausgie\u00dfer-1\" class=\"wp-image-10172\" srcset=\"https:\/\/jinhuaceramic.com\/wp-content\/uploads\/2025\/08\/White-Massage-Candle-Containers-Wholesale-Ceramic-Candle-Jars-Empty-Bulk-4.webp 740w, https:\/\/jinhuaceramic.com\/wp-content\/uploads\/2025\/08\/White-Massage-Candle-Containers-Wholesale-Ceramic-Candle-Jars-Empty-Bulk-4-300x300.webp 300w, https:\/\/jinhuaceramic.com\/wp-content\/uploads\/2025\/08\/White-Massage-Candle-Containers-Wholesale-Ceramic-Candle-Jars-Empty-Bulk-4-150x150.webp 150w, https:\/\/jinhuaceramic.com\/wp-content\/uploads\/2025\/08\/White-Massage-Candle-Containers-Wholesale-Ceramic-Candle-Jars-Empty-Bulk-4-12x12.webp 12w, https:\/\/jinhuaceramic.com\/wp-content\/uploads\/2025\/08\/White-Massage-Candle-Containers-Wholesale-Ceramic-Candle-Jars-Empty-Bulk-4-285x284.webp 285w, https:\/\/jinhuaceramic.com\/wp-content\/uploads\/2025\/08\/White-Massage-Candle-Containers-Wholesale-Ceramic-Candle-Jars-Empty-Bulk-4-270x270.webp 270w, https:\/\/jinhuaceramic.com\/wp-content\/uploads\/2025\/08\/White-Massage-Candle-Containers-Wholesale-Ceramic-Candle-Jars-Empty-Bulk-4-660x657.webp 660w\" sizes=\"(max-width: 740px) 100vw, 740px\" \/><\/figure>\n<\/div>\n<\/div>\n\n\n\n<p><\/p>","protected":false},"excerpt":{"rendered":"<p>Willkommen zu kaufen Keramik Kerze Gl\u00e4ser in loser Sch\u00fcttung. Diese wei\u00dfen Massagekerzenbeh\u00e4lter f\u00fcr den Gro\u00dfhandel verbinden minimalistische Sch\u00f6nheit mit praktischem Nutzen. Ein einzigartiger Ausgie\u00dfer und langlebige Keramik gew\u00e4hrleisten Funktionalit\u00e4t, Sicherheit und Langlebigkeit.<\/p>","protected":false},"featured_media":10175,"comment_status":"closed","ping_status":"closed","template":"","meta":{"_acf_changed":false},"product_brand":[],"product_cat":[52],"product_tag":[66],"class_list":{"0":"post-10169","1":"product","2":"type-product","3":"status-publish","4":"has-post-thumbnail","6":"product_cat-wholesale-candle-containers","7":"product_tag-candle-jars-wholesale","9":"first","10":"instock","11":"shipping-taxable","12":"product-type-simple"},"acf":[],"_links":{"self":[{"href":"https:\/\/jinhuaceramic.com\/de\/wp-json\/wp\/v2\/product\/10169","targetHints":{"allow":["GET"]}}],"collection":[{"href":"https:\/\/jinhuaceramic.com\/de\/wp-json\/wp\/v2\/product"}],"about":[{"href":"https:\/\/jinhuaceramic.com\/de\/wp-json\/wp\/v2\/types\/product"}],"replies":[{"embeddable":true,"href":"https:\/\/jinhuaceramic.com\/de\/wp-json\/wp\/v2\/comments?post=10169"}],"version-history":[{"count":0,"href":"https:\/\/jinhuaceramic.com\/de\/wp-json\/wp\/v2\/product\/10169\/revisions"}],"wp:featuredmedia":[{"embeddable":true,"href":"https:\/\/jinhuaceramic.com\/de\/wp-json\/wp\/v2\/media\/10175"}],"wp:attachment":[{"href":"https:\/\/jinhuaceramic.com\/de\/wp-json\/wp\/v2\/media?parent=10169"}],"wp:term":[{"taxonomy":"product_brand","embeddable":true,"href":"https:\/\/jinhuaceramic.com\/de\/wp-json\/wp\/v2\/product_brand?post=10169"},{"taxonomy":"product_cat","embeddable":true,"href":"https:\/\/jinhuaceramic.com\/de\/wp-json\/wp\/v2\/product_cat?post=10169"},{"taxonomy":"product_tag","embeddable":true,"href":"https:\/\/jinhuaceramic.com\/de\/wp-json\/wp\/v2\/product_tag?post=10169"}],"curies":[{"name":"wp","href":"https:\/\/api.w.org\/{rel}","templated":true}]}}