{"id":10222,"date":"2025-08-29T02:15:32","date_gmt":"2025-08-29T02:15:32","guid":{"rendered":"https:\/\/jinhuaceramic.com\/?post_type=product&#038;p=10222"},"modified":"2025-08-29T02:15:34","modified_gmt":"2025-08-29T02:15:34","slug":"wholesale-luxury-candle-vessels","status":"publish","type":"product","link":"https:\/\/jinhuaceramic.com\/de\/product\/wholesale-luxury-candle-vessels\/","title":{"rendered":"Gro\u00dfhandel Luxus Kerze Gef\u00e4\u00dfe, lebendige Farbe keramischen Gl\u00e4sern"},"content":{"rendered":"<div class=\"wp-block-columns is-layout-flex wp-container-core-columns-is-layout-9d6595d7 wp-block-columns-is-layout-flex\">\n<div class=\"wp-block-column is-layout-flow wp-block-column-is-layout-flow\">\n<h3 class=\"wp-block-heading\">Premium Gro\u00dfhandel Luxus Kerze Gef\u00e4\u00dfe Merkmale:<\/h3>\n\n\n\n<ul class=\"wp-block-list\">\n<li><strong>Satte und leuchtende Farben: <\/strong>Diese luxuri\u00f6sen Kerzengef\u00e4\u00dfe f\u00fcr den Gro\u00dfhandel bieten eine Vielzahl hochgradig ges\u00e4ttigter Farben, wie leuchtende Rot- und Oranget\u00f6ne, kr\u00e4ftige Gelbt\u00f6ne, tiefes Gr\u00fcn und Blau sowie klassisches Schwarz und Wei\u00df. Diese reiche Farbkombination kann die \u00e4sthetischen Vorlieben der verschiedenen Verbraucher erf\u00fcllen und bietet mehr M\u00f6glichkeiten f\u00fcr die Heimdekoration.<\/li>\n\n\n\n<li><strong>Verschiedene Formkombinationen:<\/strong> Diese Kerzengl\u00e4ser in leuchtenden Farben sind in zwei verschiedenen Formen erh\u00e4ltlich: einer traditionellen zylindrischen Form und einer leicht gew\u00f6lbten Form, der \"chubby cup\". Diese unterschiedlich geformten Gl\u00e4ser k\u00f6nnen in interessanten Kombinationen arrangiert werden, wodurch ein gestaffelter optischer Effekt entsteht.<\/li>\n\n\n\n<li><strong>Hochwertiges Material: <\/strong>Diese luxuri\u00f6sen Gro\u00dfhandels-Kerzengef\u00e4\u00dfe sind aus hochwertiger Keramik gefertigt, was sie langlebig und robust macht. Keramik ist ein guter W\u00e4rmeisolator, der die Brenndauer von Kerzen verl\u00e4ngern kann. Es kann auch die Tischplatte und andere Gegenst\u00e4nde auf sie von hohen Temperaturen zu sch\u00fctzen.<\/li>\n\n\n\n<li><strong>Multifunktional: <\/strong>Nachdem die Kerzen aufgebraucht sind, k\u00f6nnen diese Kerzengl\u00e4ser in loser Sch\u00fcttung gereinigt und als multifunktionale Beh\u00e4lter verwendet werden. Sie k\u00f6nnen zur Aufbewahrung von Schminkpinseln, Stiften, Besteck, kleinen Vasen und Tischdekorationen wiederverwendet werden, was dem Umweltschutzgedanken entspricht.<\/li>\n<\/ul>\n<\/div>\n\n\n\n<div class=\"wp-block-column is-layout-flow wp-block-column-is-layout-flow\">\n<figure class=\"wp-block-image size-full\"><img fetchpriority=\"high\" decoding=\"async\" width=\"800\" height=\"800\" src=\"https:\/\/jinhuaceramic.com\/wp-content\/uploads\/2025\/08\/Various-Colors-Candle-Vessels-Wholesale-Ceramic-Candle-Containers-Bulk-11.webp\" alt=\"Gro\u00dfhandel Luxus Kerze Gef\u00e4\u00dfe, lebendige Farbe keramische Jars-1\" class=\"wp-image-10232\" srcset=\"https:\/\/jinhuaceramic.com\/wp-content\/uploads\/2025\/08\/Various-Colors-Candle-Vessels-Wholesale-Ceramic-Candle-Containers-Bulk-11.webp 800w, https:\/\/jinhuaceramic.com\/wp-content\/uploads\/2025\/08\/Various-Colors-Candle-Vessels-Wholesale-Ceramic-Candle-Containers-Bulk-11-300x300.webp 300w, https:\/\/jinhuaceramic.com\/wp-content\/uploads\/2025\/08\/Various-Colors-Candle-Vessels-Wholesale-Ceramic-Candle-Containers-Bulk-11-150x150.webp 150w, https:\/\/jinhuaceramic.com\/wp-content\/uploads\/2025\/08\/Various-Colors-Candle-Vessels-Wholesale-Ceramic-Candle-Containers-Bulk-11-768x768.webp 768w, https:\/\/jinhuaceramic.com\/wp-content\/uploads\/2025\/08\/Various-Colors-Candle-Vessels-Wholesale-Ceramic-Candle-Containers-Bulk-11-12x12.webp 12w, https:\/\/jinhuaceramic.com\/wp-content\/uploads\/2025\/08\/Various-Colors-Candle-Vessels-Wholesale-Ceramic-Candle-Containers-Bulk-11-285x285.webp 285w, https:\/\/jinhuaceramic.com\/wp-content\/uploads\/2025\/08\/Various-Colors-Candle-Vessels-Wholesale-Ceramic-Candle-Containers-Bulk-11-270x270.webp 270w, https:\/\/jinhuaceramic.com\/wp-content\/uploads\/2025\/08\/Various-Colors-Candle-Vessels-Wholesale-Ceramic-Candle-Containers-Bulk-11-540x540.webp 540w, https:\/\/jinhuaceramic.com\/wp-content\/uploads\/2025\/08\/Various-Colors-Candle-Vessels-Wholesale-Ceramic-Candle-Containers-Bulk-11-660x660.webp 660w\" sizes=\"(max-width: 800px) 100vw, 800px\" \/><\/figure>\n<\/div>\n<\/div>","protected":false},"excerpt":{"rendered":"<p>Willkommen zum Kauf Gro\u00dfhandel Luxus Kerze Schiffe. Unsere lebendige Farbe Kerze Gl\u00e4ser in loser Sch\u00fcttung haben reiche Farboptionen, perfekt kombinieren moderne \u00c4sthetik mit praktischen Funktionen. Sie sind nicht nur Beh\u00e4lter f\u00fcr Kerzen, sondern auch Kunstwerke, die den Raum beleuchten und eine Atmosph\u00e4re schaffen k\u00f6nnen.<\/p>","protected":false},"featured_media":10229,"comment_status":"closed","ping_status":"closed","template":"","meta":{"_acf_changed":false},"product_brand":[],"product_cat":[52],"product_tag":[66],"class_list":{"0":"post-10222","1":"product","2":"type-product","3":"status-publish","4":"has-post-thumbnail","6":"product_cat-wholesale-candle-containers","7":"product_tag-candle-jars-wholesale","9":"first","10":"instock","11":"shipping-taxable","12":"product-type-simple"},"acf":[],"_links":{"self":[{"href":"https:\/\/jinhuaceramic.com\/de\/wp-json\/wp\/v2\/product\/10222","targetHints":{"allow":["GET"]}}],"collection":[{"href":"https:\/\/jinhuaceramic.com\/de\/wp-json\/wp\/v2\/product"}],"about":[{"href":"https:\/\/jinhuaceramic.com\/de\/wp-json\/wp\/v2\/types\/product"}],"replies":[{"embeddable":true,"href":"https:\/\/jinhuaceramic.com\/de\/wp-json\/wp\/v2\/comments?post=10222"}],"version-history":[{"count":0,"href":"https:\/\/jinhuaceramic.com\/de\/wp-json\/wp\/v2\/product\/10222\/revisions"}],"wp:featuredmedia":[{"embeddable":true,"href":"https:\/\/jinhuaceramic.com\/de\/wp-json\/wp\/v2\/media\/10229"}],"wp:attachment":[{"href":"https:\/\/jinhuaceramic.com\/de\/wp-json\/wp\/v2\/media?parent=10222"}],"wp:term":[{"taxonomy":"product_brand","embeddable":true,"href":"https:\/\/jinhuaceramic.com\/de\/wp-json\/wp\/v2\/product_brand?post=10222"},{"taxonomy":"product_cat","embeddable":true,"href":"https:\/\/jinhuaceramic.com\/de\/wp-json\/wp\/v2\/product_cat?post=10222"},{"taxonomy":"product_tag","embeddable":true,"href":"https:\/\/jinhuaceramic.com\/de\/wp-json\/wp\/v2\/product_tag?post=10222"}],"curies":[{"name":"wp","href":"https:\/\/api.w.org\/{rel}","templated":true}]}}