{"id":10238,"date":"2025-08-29T02:02:21","date_gmt":"2025-08-29T02:02:21","guid":{"rendered":"https:\/\/jinhuaceramic.com\/?post_type=product&#038;p=10238"},"modified":"2025-08-29T02:02:22","modified_gmt":"2025-08-29T02:02:22","slug":"unique-candle-vessels-wholesale","status":"publish","type":"product","link":"https:\/\/jinhuaceramic.com\/de\/product\/unique-candle-vessels-wholesale\/","title":{"rendered":"Einzigartige Kerze Gef\u00e4\u00dfe Gro\u00dfhandel, Yin Yang Zwei-Docht-Kerze Gl\u00e4ser"},"content":{"rendered":"<div class=\"wp-block-columns is-layout-flex wp-container-core-columns-is-layout-9d6595d7 wp-block-columns-is-layout-flex\">\n<div class=\"wp-block-column is-layout-flow wp-block-column-is-layout-flow\">\n<h3 class=\"wp-block-heading\">Premium Unique Candle Vessels Gro\u00dfhandel Features:<\/h3>\n\n\n\n<ul class=\"wp-block-list\">\n<li><strong>Yin-Yang-Form:<\/strong> Das Innere der einzigartigen Kerzengef\u00e4\u00dfe f\u00fcr den Gro\u00dfhandel weist eine S-f\u00f6rmige Trennwand auf, die dem Tai Chi Bagua entlehnt ist und das Gef\u00e4\u00df geschickt in zwei Teile teilt. Dies ist nicht nur leicht erkennbar, sondern symbolisiert auch die \u00f6stliche philosophische Lehre von \"Yin und Yang, die sich gegenseitig erg\u00e4nzen und so Gleichgewicht und Harmonie schaffen\".<\/li>\n\n\n\n<li><strong>Zwei-Docht-Design<\/strong>: Das Yin-Yang-Design unserer Gro\u00dfkerzengl\u00e4ser erm\u00f6glicht die gleichzeitige Verwendung von zwei Dochten in einem Gef\u00e4\u00df. Das Design mit zwei Dochten erm\u00f6glicht es der Kerze, gleichm\u00e4\u00dfiger und vollst\u00e4ndiger zu brennen, den Duft schneller freizusetzen und den \"Tunneleffekt\" zu vermeiden.<\/li>\n\n\n\n<li><strong>Nat\u00fcrliche gesprenkelte Textur:<\/strong> Diese einzigartigen Kerzengef\u00e4\u00dfe f\u00fcr den Gro\u00dfhandel sind mit unregelm\u00e4\u00dfigen schwarzen Sprenkeln auf der Oberfl\u00e4che versehen, einer Textur, die an \"gesprenkeltes Gestein\" erinnert und dem Produkt eine rustikale und nat\u00fcrliche Ausstrahlung verleiht. Erh\u00e4ltlich in einer Vielzahl von weichen Farben, einschlie\u00dflich off-white und braun, diese Farben, kombiniert mit der gesprenkelten Textur, schaffen eine beruhigende, beruhigende Atmosph\u00e4re.<\/li>\n\n\n\n<li><strong>Hochwertige Keramik: <\/strong>Diese Kerzengl\u00e4ser sind aus haltbarem Keramikmaterial hergestellt, das hart, verschlei\u00dffest und nicht leicht zu verformen ist und lange Zeit verwendet werden kann. Selbst wenn die Kerzen viele Male verbrannt werden, werden die Keramikgl\u00e4ser nicht leicht besch\u00e4digt und k\u00f6nnen wiederholt verwendet werden.<\/li>\n<\/ul>\n<\/div>\n\n\n\n<div class=\"wp-block-column is-layout-flow wp-block-column-is-layout-flow\">\n<figure class=\"wp-block-image size-full\"><img fetchpriority=\"high\" decoding=\"async\" width=\"800\" height=\"800\" src=\"https:\/\/jinhuaceramic.com\/wp-content\/uploads\/2025\/08\/Yin-Yang-Two-Wick-Candle-Jar-Ceramic-Unique-Candle-Containers-Wholesale.webp\" alt=\"Einzigartige Kerze Gef\u00e4\u00dfe Gro\u00dfhandel, Yin Yang 2-Docht Kerze Jars-1\" class=\"wp-image-10244\" srcset=\"https:\/\/jinhuaceramic.com\/wp-content\/uploads\/2025\/08\/Yin-Yang-Two-Wick-Candle-Jar-Ceramic-Unique-Candle-Containers-Wholesale.webp 800w, https:\/\/jinhuaceramic.com\/wp-content\/uploads\/2025\/08\/Yin-Yang-Two-Wick-Candle-Jar-Ceramic-Unique-Candle-Containers-Wholesale-300x300.webp 300w, https:\/\/jinhuaceramic.com\/wp-content\/uploads\/2025\/08\/Yin-Yang-Two-Wick-Candle-Jar-Ceramic-Unique-Candle-Containers-Wholesale-150x150.webp 150w, https:\/\/jinhuaceramic.com\/wp-content\/uploads\/2025\/08\/Yin-Yang-Two-Wick-Candle-Jar-Ceramic-Unique-Candle-Containers-Wholesale-768x768.webp 768w, https:\/\/jinhuaceramic.com\/wp-content\/uploads\/2025\/08\/Yin-Yang-Two-Wick-Candle-Jar-Ceramic-Unique-Candle-Containers-Wholesale-12x12.webp 12w, https:\/\/jinhuaceramic.com\/wp-content\/uploads\/2025\/08\/Yin-Yang-Two-Wick-Candle-Jar-Ceramic-Unique-Candle-Containers-Wholesale-285x285.webp 285w, https:\/\/jinhuaceramic.com\/wp-content\/uploads\/2025\/08\/Yin-Yang-Two-Wick-Candle-Jar-Ceramic-Unique-Candle-Containers-Wholesale-270x270.webp 270w, https:\/\/jinhuaceramic.com\/wp-content\/uploads\/2025\/08\/Yin-Yang-Two-Wick-Candle-Jar-Ceramic-Unique-Candle-Containers-Wholesale-540x540.webp 540w, https:\/\/jinhuaceramic.com\/wp-content\/uploads\/2025\/08\/Yin-Yang-Two-Wick-Candle-Jar-Ceramic-Unique-Candle-Containers-Wholesale-660x660.webp 660w\" sizes=\"(max-width: 800px) 100vw, 800px\" \/><\/figure>\n<\/div>\n<\/div>","protected":false},"excerpt":{"rendered":"<p>Diese Kerzengl\u00e4ser ber\u00fccksichtigen die philosophischen Konzepte von Yin und Yang in ihrem Design und schaffen einzigartige Produkte, die sowohl optisch sch\u00f6n als auch kulturell bedeutsam sind. Dar\u00fcber hinaus ber\u00fccksichtigt ihre Funktionalit\u00e4t die Effizienz der Verbrennung mit zwei Dochten und die Beibehaltung hochwertiger Materialien. Diese Kerzengef\u00e4\u00dfe sind mehr als nur einfache Beh\u00e4lter, sie sind Kunstwerke, die Gleichgewicht und Harmonie in jedes Heim bringen.<\/p>","protected":false},"featured_media":10239,"comment_status":"closed","ping_status":"closed","template":"","meta":{"_acf_changed":false},"product_brand":[],"product_cat":[52],"product_tag":[66],"class_list":{"0":"post-10238","1":"product","2":"type-product","3":"status-publish","4":"has-post-thumbnail","6":"product_cat-wholesale-candle-containers","7":"product_tag-candle-jars-wholesale","9":"first","10":"instock","11":"shipping-taxable","12":"product-type-simple"},"acf":[],"_links":{"self":[{"href":"https:\/\/jinhuaceramic.com\/de\/wp-json\/wp\/v2\/product\/10238","targetHints":{"allow":["GET"]}}],"collection":[{"href":"https:\/\/jinhuaceramic.com\/de\/wp-json\/wp\/v2\/product"}],"about":[{"href":"https:\/\/jinhuaceramic.com\/de\/wp-json\/wp\/v2\/types\/product"}],"replies":[{"embeddable":true,"href":"https:\/\/jinhuaceramic.com\/de\/wp-json\/wp\/v2\/comments?post=10238"}],"version-history":[{"count":0,"href":"https:\/\/jinhuaceramic.com\/de\/wp-json\/wp\/v2\/product\/10238\/revisions"}],"wp:featuredmedia":[{"embeddable":true,"href":"https:\/\/jinhuaceramic.com\/de\/wp-json\/wp\/v2\/media\/10239"}],"wp:attachment":[{"href":"https:\/\/jinhuaceramic.com\/de\/wp-json\/wp\/v2\/media?parent=10238"}],"wp:term":[{"taxonomy":"product_brand","embeddable":true,"href":"https:\/\/jinhuaceramic.com\/de\/wp-json\/wp\/v2\/product_brand?post=10238"},{"taxonomy":"product_cat","embeddable":true,"href":"https:\/\/jinhuaceramic.com\/de\/wp-json\/wp\/v2\/product_cat?post=10238"},{"taxonomy":"product_tag","embeddable":true,"href":"https:\/\/jinhuaceramic.com\/de\/wp-json\/wp\/v2\/product_tag?post=10238"}],"curies":[{"name":"wp","href":"https:\/\/api.w.org\/{rel}","templated":true}]}}