{"id":10257,"date":"2025-09-04T02:48:52","date_gmt":"2025-09-04T02:48:52","guid":{"rendered":"https:\/\/jinhuaceramic.com\/?post_type=product&#038;p=10257"},"modified":"2025-11-12T03:53:10","modified_gmt":"2025-11-12T03:53:10","slug":"candle-vessels-bulk-wholesale","status":"publish","type":"product","link":"https:\/\/jinhuaceramic.com\/de\/product\/candle-vessels-bulk-wholesale\/","title":{"rendered":"Einzigartige Kerzengef\u00e4\u00dfe Bulk Gro\u00dfhandel, benutzerdefinierte Kerze Gl\u00e4ser"},"content":{"rendered":"<div class=\"wp-block-columns is-layout-flex wp-container-core-columns-is-layout-9d6595d7 wp-block-columns-is-layout-flex\">\n<div class=\"wp-block-column is-layout-flow wp-block-column-is-layout-flow\">\n<h3 class=\"wp-block-heading\">Premium Rustic Unique Candle Vessels Bulk Gro\u00dfhandel Features:<\/h3>\n\n\n\n<ul class=\"wp-block-list\">\n<li><strong>Einzigartige K\u00fcrbisform: <\/strong>Diese ma\u00dfgefertigten Kerzengef\u00e4\u00dfe sind in der Mitte schmal und w\u00f6lben sich oben und unten, so dass sie eine k\u00fcrbisartige Form haben. Dieses Design bricht mit der einfachen zylindrischen Form traditioneller Kerzengef\u00e4\u00dfe und macht sie k\u00fcnstlerischer und einzigartiger.<\/li>\n\n\n\n<li><strong>Nat\u00fcrliche und erdige Glasur: <\/strong>Die Glasur dieser Kerzengef\u00e4\u00dfe im Gro\u00dfhandel hat unterschiedliche Schattierungen und unregelm\u00e4\u00dfige Flecken, die die Textur von nat\u00fcrlichem Gestein imitieren und sehr primitiv und rustikal aussehen. Die gepunktete Textur in Kombination mit der glatten Glasur verleiht den Produkten ein Gef\u00fchl der Schichtung und l\u00e4sst sie handgefertigt aussehen.<\/li>\n\n\n\n<li><strong>Rustikale Farben:<\/strong> Diese Kerzengef\u00e4\u00dfe Gro\u00dfhandel sind in zwei Farben erh\u00e4ltlich: tiefbraun und off-white, glatte Farbe. Sie sind sehr nat\u00fcrlich aussehende und neutral gef\u00e4rbt, ebenso angemessen f\u00fcr die meisten H\u00e4user und evozieren eine beruhigende und entspannende Gef\u00fchl.<\/li>\n\n\n\n<li><strong>Dauerhaftes keramisches Material: <\/strong>Diese Gro\u00dfhandel Kerze Gl\u00e4ser sind aus langlebigen Keramik, die extrem hitzebest\u00e4ndig ist und kann die Flamme der Kerze f\u00fcr einen l\u00e4ngeren Zeitraum ohne Rissbildung oder zerbrechen, daher ist es sicher f\u00fcr den Einsatz.<\/li>\n<\/ul>\n<\/div>\n\n\n\n<div class=\"wp-block-column is-layout-flow wp-block-column-is-layout-flow\">\n<figure class=\"wp-block-image size-full\"><img fetchpriority=\"high\" decoding=\"async\" width=\"826\" height=\"826\" src=\"https:\/\/jinhuaceramic.com\/wp-content\/uploads\/2025\/08\/Rustic-Unique-Candle-Vessels-Wholesale-Ceramic-Candle-Containers-Bulk.webp\" alt=\"rustikale-einzigartige-Kerzen-Gef\u00e4\u00dfe-Gro\u00dfhandel-Keramik-Kerzen-Beh\u00e4lter-Gro\u00dfhandel-1\" class=\"wp-image-10264\" srcset=\"https:\/\/jinhuaceramic.com\/wp-content\/uploads\/2025\/08\/Rustic-Unique-Candle-Vessels-Wholesale-Ceramic-Candle-Containers-Bulk.webp 826w, https:\/\/jinhuaceramic.com\/wp-content\/uploads\/2025\/08\/Rustic-Unique-Candle-Vessels-Wholesale-Ceramic-Candle-Containers-Bulk-300x300.webp 300w, https:\/\/jinhuaceramic.com\/wp-content\/uploads\/2025\/08\/Rustic-Unique-Candle-Vessels-Wholesale-Ceramic-Candle-Containers-Bulk-150x150.webp 150w, https:\/\/jinhuaceramic.com\/wp-content\/uploads\/2025\/08\/Rustic-Unique-Candle-Vessels-Wholesale-Ceramic-Candle-Containers-Bulk-768x768.webp 768w, https:\/\/jinhuaceramic.com\/wp-content\/uploads\/2025\/08\/Rustic-Unique-Candle-Vessels-Wholesale-Ceramic-Candle-Containers-Bulk-12x12.webp 12w, https:\/\/jinhuaceramic.com\/wp-content\/uploads\/2025\/08\/Rustic-Unique-Candle-Vessels-Wholesale-Ceramic-Candle-Containers-Bulk-285x285.webp 285w, https:\/\/jinhuaceramic.com\/wp-content\/uploads\/2025\/08\/Rustic-Unique-Candle-Vessels-Wholesale-Ceramic-Candle-Containers-Bulk-270x270.webp 270w, https:\/\/jinhuaceramic.com\/wp-content\/uploads\/2025\/08\/Rustic-Unique-Candle-Vessels-Wholesale-Ceramic-Candle-Containers-Bulk-540x540.webp 540w, https:\/\/jinhuaceramic.com\/wp-content\/uploads\/2025\/08\/Rustic-Unique-Candle-Vessels-Wholesale-Ceramic-Candle-Containers-Bulk-660x660.webp 660w\" sizes=\"(max-width: 826px) 100vw, 826px\" \/><\/figure>\n<\/div>\n<\/div>\n\n\n\n<p><\/p>","protected":false},"excerpt":{"rendered":"<p>Willkommen zum Kauf unserer Kerzengef\u00e4\u00dfe Gro\u00dfhandel. Der Vorteil dieser kundenspezifischen Keramik-Kerzengef\u00e4\u00dfe ist, dass sie einzigartige Formen, nat\u00fcrliche Glasuren, l\u00e4ndliche Farben und hochwertige Materialien harmonisch miteinander verbinden. Diese Kerzengef\u00e4\u00dfe sind nicht nur Kerzenhalter, sondern auch Kunstwerke, die verwendet werden k\u00f6nnen, um nach Hause Stil zu dekorieren und Individualit\u00e4t auszudr\u00fccken.<\/p>","protected":false},"featured_media":10263,"comment_status":"closed","ping_status":"closed","template":"","meta":{"_acf_changed":false},"product_brand":[],"product_cat":[52],"product_tag":[66],"class_list":{"0":"post-10257","1":"product","2":"type-product","3":"status-publish","4":"has-post-thumbnail","6":"product_cat-wholesale-candle-containers","7":"product_tag-candle-jars-wholesale","9":"first","10":"instock","11":"shipping-taxable","12":"product-type-simple"},"acf":[],"_links":{"self":[{"href":"https:\/\/jinhuaceramic.com\/de\/wp-json\/wp\/v2\/product\/10257","targetHints":{"allow":["GET"]}}],"collection":[{"href":"https:\/\/jinhuaceramic.com\/de\/wp-json\/wp\/v2\/product"}],"about":[{"href":"https:\/\/jinhuaceramic.com\/de\/wp-json\/wp\/v2\/types\/product"}],"replies":[{"embeddable":true,"href":"https:\/\/jinhuaceramic.com\/de\/wp-json\/wp\/v2\/comments?post=10257"}],"version-history":[{"count":0,"href":"https:\/\/jinhuaceramic.com\/de\/wp-json\/wp\/v2\/product\/10257\/revisions"}],"wp:featuredmedia":[{"embeddable":true,"href":"https:\/\/jinhuaceramic.com\/de\/wp-json\/wp\/v2\/media\/10263"}],"wp:attachment":[{"href":"https:\/\/jinhuaceramic.com\/de\/wp-json\/wp\/v2\/media?parent=10257"}],"wp:term":[{"taxonomy":"product_brand","embeddable":true,"href":"https:\/\/jinhuaceramic.com\/de\/wp-json\/wp\/v2\/product_brand?post=10257"},{"taxonomy":"product_cat","embeddable":true,"href":"https:\/\/jinhuaceramic.com\/de\/wp-json\/wp\/v2\/product_cat?post=10257"},{"taxonomy":"product_tag","embeddable":true,"href":"https:\/\/jinhuaceramic.com\/de\/wp-json\/wp\/v2\/product_tag?post=10257"}],"curies":[{"name":"wp","href":"https:\/\/api.w.org\/{rel}","templated":true}]}}