{"id":10280,"date":"2025-09-04T03:08:59","date_gmt":"2025-09-04T03:08:59","guid":{"rendered":"https:\/\/jinhuaceramic.com\/?post_type=product&#038;p=10280"},"modified":"2025-11-12T03:52:27","modified_gmt":"2025-11-12T03:52:27","slug":"candle-jars-empty-bulk","status":"publish","type":"product","link":"https:\/\/jinhuaceramic.com\/de\/product\/candle-jars-empty-bulk\/","title":{"rendered":"Gepr\u00e4gte Kerzengl\u00e4ser leer Bulk, keramische Kerze Gef\u00e4\u00dfe Gro\u00dfhandel"},"content":{"rendered":"<div class=\"wp-block-columns is-layout-flex wp-container-core-columns-is-layout-9d6595d7 wp-block-columns-is-layout-flex\">\n<div class=\"wp-block-column is-layout-flow wp-block-column-is-layout-flow\">\n<h3 class=\"wp-block-heading\">Hochwertige gepr\u00e4gte Kerzengl\u00e4ser, leer, Gro\u00dfpackung Eigenschaften:<\/h3>\n\n\n\n<ul class=\"wp-block-list\">\n<li><strong>Wundersch\u00f6nes Pr\u00e4gemuster:<\/strong> Die Au\u00dfenfl\u00e4che der individuell gestalteten Kerzengl\u00e4ser ist mit Blumenmotiven und Rautenmustern gepr\u00e4gt. Diese dreidimensionale, konvexe und konkave Struktur verleiht den Gl\u00e4sern eine zus\u00e4tzliche taktile und optische Tiefe, wodurch die Produkte handgefertigter und k\u00fcnstlerischer wirken.<\/li>\n\n\n\n<li><strong>Weiche, matte Farbe: <\/strong>Diese leeren Kerzengl\u00e4ser sind in mattierten Morandi-Farbt\u00f6nen mit geringer S\u00e4ttigung gehalten: Hellgr\u00fcn und Hellrosa vermitteln ein Gef\u00fchl von Ruhe und Behaglichkeit und sorgen f\u00fcr W\u00e4rme und Entspannung. Gleichzeitig wirkt die matte Oberfl\u00e4che ruhiger und edler als die urspr\u00fcngliche gl\u00e4nzende Oberfl\u00e4che.<\/li>\n\n\n\n<li><strong>Hochwertiges Material:<\/strong> Diese Kerzengl\u00e4ser aus strapazierf\u00e4higem, langlebigem und hochwertigem Keramikmaterial sind widerstandsf\u00e4hig gegen hohe Temperaturen und Risse, wodurch sie besonders langlebig sind und sich ideal als Kerzenbeh\u00e4lter eignen.<\/li>\n\n\n\n<li><strong>Vielseitig und wiederverwendbar: <\/strong>Diese Keramik-Kerzengl\u00e4ser f\u00fcr den Gro\u00dfhandel sind wiederverwendbar. Nachdem die Kerze heruntergebrannt ist, eignen sie sich aufgrund ihres exquisiten Aussehens als kleine Blument\u00f6pfe, Stifthalter, Make-up-Pinselhalter, Zahnb\u00fcrstenhalter usw., die sowohl dekorativ als auch praktisch sind.<\/li>\n<\/ul>\n<\/div>\n\n\n\n<div class=\"wp-block-column is-layout-flow wp-block-column-is-layout-flow\">\n<figure class=\"wp-block-image size-full\"><img fetchpriority=\"high\" decoding=\"async\" width=\"1194\" height=\"1194\" src=\"https:\/\/jinhuaceramic.com\/wp-content\/uploads\/2025\/09\/Embossed-Candle-Jars-Wholesale-Custom-Ceramic-Candle-Vessels-Bulk-6.webp\" alt=\"gepr\u00e4gte Kerzengl\u00e4ser, leer, Gro\u00dfhandel, kundenspezifische Keramik-Kerzenbeh\u00e4lter\" class=\"wp-image-10285\" srcset=\"https:\/\/jinhuaceramic.com\/wp-content\/uploads\/2025\/09\/Embossed-Candle-Jars-Wholesale-Custom-Ceramic-Candle-Vessels-Bulk-6.webp 1194w, https:\/\/jinhuaceramic.com\/wp-content\/uploads\/2025\/09\/Embossed-Candle-Jars-Wholesale-Custom-Ceramic-Candle-Vessels-Bulk-6-300x300.webp 300w, https:\/\/jinhuaceramic.com\/wp-content\/uploads\/2025\/09\/Embossed-Candle-Jars-Wholesale-Custom-Ceramic-Candle-Vessels-Bulk-6-150x150.webp 150w, https:\/\/jinhuaceramic.com\/wp-content\/uploads\/2025\/09\/Embossed-Candle-Jars-Wholesale-Custom-Ceramic-Candle-Vessels-Bulk-6-768x768.webp 768w, https:\/\/jinhuaceramic.com\/wp-content\/uploads\/2025\/09\/Embossed-Candle-Jars-Wholesale-Custom-Ceramic-Candle-Vessels-Bulk-6-12x12.webp 12w, https:\/\/jinhuaceramic.com\/wp-content\/uploads\/2025\/09\/Embossed-Candle-Jars-Wholesale-Custom-Ceramic-Candle-Vessels-Bulk-6-285x285.webp 285w, https:\/\/jinhuaceramic.com\/wp-content\/uploads\/2025\/09\/Embossed-Candle-Jars-Wholesale-Custom-Ceramic-Candle-Vessels-Bulk-6-270x270.webp 270w, https:\/\/jinhuaceramic.com\/wp-content\/uploads\/2025\/09\/Embossed-Candle-Jars-Wholesale-Custom-Ceramic-Candle-Vessels-Bulk-6-540x540.webp 540w, https:\/\/jinhuaceramic.com\/wp-content\/uploads\/2025\/09\/Embossed-Candle-Jars-Wholesale-Custom-Ceramic-Candle-Vessels-Bulk-6-660x660.webp 660w\" sizes=\"(max-width: 1194px) 100vw, 1194px\" \/><\/figure>\n<\/div>\n<\/div>","protected":false},"excerpt":{"rendered":"<p>Willkommen beim Kauf unserer leeren Kerzengl\u00e4ser in Gro\u00dfpackungen. Diese Kerzengl\u00e4ser in Gro\u00dfpackungen schaffen mit ihren weichen Texturen und hellen Farben eine opulente Atmosph\u00e4re. Gleichzeitig sind sie dank des langlebigen Keramikmaterials wiederverwendbar. Sie sind mehr als nur einfache Beh\u00e4lter, sondern auch Haushaltswaren, die Dekoration, Schutzfunktion und \u00f6kologische Schutzkonzepte vereinen.<\/p>","protected":false},"featured_media":10284,"comment_status":"closed","ping_status":"closed","template":"","meta":{"_acf_changed":false},"product_brand":[],"product_cat":[52],"product_tag":[66],"class_list":{"0":"post-10280","1":"product","2":"type-product","3":"status-publish","4":"has-post-thumbnail","6":"product_cat-wholesale-candle-containers","7":"product_tag-candle-jars-wholesale","9":"first","10":"instock","11":"shipping-taxable","12":"product-type-simple"},"acf":[],"_links":{"self":[{"href":"https:\/\/jinhuaceramic.com\/de\/wp-json\/wp\/v2\/product\/10280","targetHints":{"allow":["GET"]}}],"collection":[{"href":"https:\/\/jinhuaceramic.com\/de\/wp-json\/wp\/v2\/product"}],"about":[{"href":"https:\/\/jinhuaceramic.com\/de\/wp-json\/wp\/v2\/types\/product"}],"replies":[{"embeddable":true,"href":"https:\/\/jinhuaceramic.com\/de\/wp-json\/wp\/v2\/comments?post=10280"}],"version-history":[{"count":0,"href":"https:\/\/jinhuaceramic.com\/de\/wp-json\/wp\/v2\/product\/10280\/revisions"}],"wp:featuredmedia":[{"embeddable":true,"href":"https:\/\/jinhuaceramic.com\/de\/wp-json\/wp\/v2\/media\/10284"}],"wp:attachment":[{"href":"https:\/\/jinhuaceramic.com\/de\/wp-json\/wp\/v2\/media?parent=10280"}],"wp:term":[{"taxonomy":"product_brand","embeddable":true,"href":"https:\/\/jinhuaceramic.com\/de\/wp-json\/wp\/v2\/product_brand?post=10280"},{"taxonomy":"product_cat","embeddable":true,"href":"https:\/\/jinhuaceramic.com\/de\/wp-json\/wp\/v2\/product_cat?post=10280"},{"taxonomy":"product_tag","embeddable":true,"href":"https:\/\/jinhuaceramic.com\/de\/wp-json\/wp\/v2\/product_tag?post=10280"}],"curies":[{"name":"wp","href":"https:\/\/api.w.org\/{rel}","templated":true}]}}