{"id":10323,"date":"2025-09-10T09:45:21","date_gmt":"2025-09-10T09:45:21","guid":{"rendered":"https:\/\/jinhuaceramic.com\/?post_type=product&#038;p=10323"},"modified":"2025-09-10T09:45:22","modified_gmt":"2025-09-10T09:45:22","slug":"bathroom-set-4-piece-bulk","status":"publish","type":"product","link":"https:\/\/jinhuaceramic.com\/de\/product\/bathroom-set-4-piece-bulk\/","title":{"rendered":"Wei\u00dfes Badezimmerset 4-teilig, Seifenspender-B\u00fcrstenhalter"},"content":{"rendered":"<div class=\"wp-block-columns is-layout-flex wp-container-core-columns-is-layout-9d6595d7 wp-block-columns-is-layout-flex\">\n<div class=\"wp-block-column is-layout-flow wp-block-column-is-layout-flow\">\n<h3 class=\"wp-block-heading\">Premium-Badezimmer-Set 4 St\u00fcck Bulk Eigenschaften:<\/h3>\n\n\n\n<ul class=\"wp-block-list\">\n<li><strong>Minimalistisches Design: <\/strong>Dieses mattwei\u00dfe Badezimmerset 4 St\u00fcck Gro\u00dfhandel nimmt einfache Linien, glatte und abgerundete Formen an, ohne unn\u00f6tige komplizierte Dekorationen, und der reine und vielseitige mattwei\u00dfe Ton kann leicht in verschiedene Badezimmerdekorationsstile integriert werden.<\/li>\n\n\n\n<li><strong>Langlebiges Material: <\/strong>Diese Gro\u00dfhandel Bad-Accessoires sind aus hochwertigen keramischen Materialien, die stark und langlebig sind, nicht leicht zu zerkratzen oder zu tragen. Sie k\u00f6nnen den Test der feuchten Umgebung des Badezimmers standhalten und behalten ihre Sch\u00f6nheit und Funktionalit\u00e4t f\u00fcr eine lange Zeit.<\/li>\n\n\n\n<li><strong>Vollst\u00e4ndiger Satz: <\/strong>Dieses mattwei\u00dfe 4er-Badezimmerset f\u00fcr den Gro\u00dfhandel umfasst einen Seifenspender, einen Zahnb\u00fcrstenhalter, ein Tablett, ein Aufbewahrungsgef\u00e4\u00df und eine Seifenschale und bietet damit die komplette Funktionalit\u00e4t, die Sie f\u00fcr die t\u00e4gliche Reinigung ben\u00f6tigen. Die Seifenschale ist rutschfest, das Aufbewahrungsgef\u00e4\u00df hat einen Staubschutz und die Seifenspenderpumpe hat eine gro\u00dfe, gut gestaltete Druckfl\u00e4che.<\/li>\n\n\n\n<li><strong>Effiziente Raumausnutzung:<\/strong> Die Zubeh\u00f6rteile dieser Gro\u00dfhandels-Badezimmer-Accessoires sind mit feineren Abmessungen entworfen. Das Design mit Tabletts erm\u00f6glicht es, einige Artikel zusammen zu platzieren, was nicht nur bequem f\u00fcr die Aufnahme ist, sondern auch die Arbeitsplatte ordentlicher und organisierter erscheinen l\u00e4sst, wodurch die Raumnutzung verbessert wird.<\/li>\n<\/ul>\n<\/div>\n\n\n\n<div class=\"wp-block-column is-layout-flow wp-block-column-is-layout-flow\">\n<figure class=\"wp-block-image size-full\"><img fetchpriority=\"high\" decoding=\"async\" width=\"1500\" height=\"1500\" src=\"https:\/\/jinhuaceramic.com\/wp-content\/uploads\/2025\/09\/4-Piece-White-Bathroom-Accessories-Wholesale-Soap-Dispenser-and-Soap-Dish-Set.webp\" alt=\"4-Teiliges-Wei\u00dfes-Badezimmer-Zubeh\u00f6r,-Gro\u00dfhandel-Seifenspender-und-Seifenschalen-Set\" class=\"wp-image-10329\" srcset=\"https:\/\/jinhuaceramic.com\/wp-content\/uploads\/2025\/09\/4-Piece-White-Bathroom-Accessories-Wholesale-Soap-Dispenser-and-Soap-Dish-Set.webp 1500w, https:\/\/jinhuaceramic.com\/wp-content\/uploads\/2025\/09\/4-Piece-White-Bathroom-Accessories-Wholesale-Soap-Dispenser-and-Soap-Dish-Set-300x300.webp 300w, https:\/\/jinhuaceramic.com\/wp-content\/uploads\/2025\/09\/4-Piece-White-Bathroom-Accessories-Wholesale-Soap-Dispenser-and-Soap-Dish-Set-150x150.webp 150w, https:\/\/jinhuaceramic.com\/wp-content\/uploads\/2025\/09\/4-Piece-White-Bathroom-Accessories-Wholesale-Soap-Dispenser-and-Soap-Dish-Set-768x768.webp 768w, https:\/\/jinhuaceramic.com\/wp-content\/uploads\/2025\/09\/4-Piece-White-Bathroom-Accessories-Wholesale-Soap-Dispenser-and-Soap-Dish-Set-12x12.webp 12w, https:\/\/jinhuaceramic.com\/wp-content\/uploads\/2025\/09\/4-Piece-White-Bathroom-Accessories-Wholesale-Soap-Dispenser-and-Soap-Dish-Set-285x285.webp 285w, https:\/\/jinhuaceramic.com\/wp-content\/uploads\/2025\/09\/4-Piece-White-Bathroom-Accessories-Wholesale-Soap-Dispenser-and-Soap-Dish-Set-270x270.webp 270w, https:\/\/jinhuaceramic.com\/wp-content\/uploads\/2025\/09\/4-Piece-White-Bathroom-Accessories-Wholesale-Soap-Dispenser-and-Soap-Dish-Set-540x540.webp 540w, https:\/\/jinhuaceramic.com\/wp-content\/uploads\/2025\/09\/4-Piece-White-Bathroom-Accessories-Wholesale-Soap-Dispenser-and-Soap-Dish-Set-660x660.webp 660w\" sizes=\"(max-width: 1500px) 100vw, 1500px\" \/><\/figure>\n<\/div>\n<\/div>","protected":false},"excerpt":{"rendered":"<p>Willkommen im Gro\u00dfhandel Bad-Accessoires zu bestellen. Diese matte wei\u00dfe Badezimmer-Set 4 St\u00fcck Gro\u00dfhandel sind minimalistisch und dennoch anspruchsvoll, ihre glatten, abgerundeten Formen und reinen Farben perfekt verschmelzen praktische Funktionalit\u00e4t mit moderner \u00c4sthetik.<\/p>","protected":false},"featured_media":10324,"comment_status":"closed","ping_status":"closed","template":"","meta":{"_acf_changed":false},"product_brand":[],"product_cat":[51],"product_tag":[74],"class_list":{"0":"post-10323","1":"product","2":"type-product","3":"status-publish","4":"has-post-thumbnail","6":"product_cat-bathroom-accessories-wholesale","7":"product_tag-ceramic-bath-accessories-wholesale","9":"first","10":"instock","11":"shipping-taxable","12":"product-type-simple"},"acf":[],"_links":{"self":[{"href":"https:\/\/jinhuaceramic.com\/de\/wp-json\/wp\/v2\/product\/10323","targetHints":{"allow":["GET"]}}],"collection":[{"href":"https:\/\/jinhuaceramic.com\/de\/wp-json\/wp\/v2\/product"}],"about":[{"href":"https:\/\/jinhuaceramic.com\/de\/wp-json\/wp\/v2\/types\/product"}],"replies":[{"embeddable":true,"href":"https:\/\/jinhuaceramic.com\/de\/wp-json\/wp\/v2\/comments?post=10323"}],"version-history":[{"count":0,"href":"https:\/\/jinhuaceramic.com\/de\/wp-json\/wp\/v2\/product\/10323\/revisions"}],"wp:featuredmedia":[{"embeddable":true,"href":"https:\/\/jinhuaceramic.com\/de\/wp-json\/wp\/v2\/media\/10324"}],"wp:attachment":[{"href":"https:\/\/jinhuaceramic.com\/de\/wp-json\/wp\/v2\/media?parent=10323"}],"wp:term":[{"taxonomy":"product_brand","embeddable":true,"href":"https:\/\/jinhuaceramic.com\/de\/wp-json\/wp\/v2\/product_brand?post=10323"},{"taxonomy":"product_cat","embeddable":true,"href":"https:\/\/jinhuaceramic.com\/de\/wp-json\/wp\/v2\/product_cat?post=10323"},{"taxonomy":"product_tag","embeddable":true,"href":"https:\/\/jinhuaceramic.com\/de\/wp-json\/wp\/v2\/product_tag?post=10323"}],"curies":[{"name":"wp","href":"https:\/\/api.w.org\/{rel}","templated":true}]}}