{"id":10333,"date":"2025-09-10T08:58:47","date_gmt":"2025-09-10T08:58:47","guid":{"rendered":"https:\/\/jinhuaceramic.com\/?post_type=product&#038;p=10333"},"modified":"2025-09-10T08:58:48","modified_gmt":"2025-09-10T08:58:48","slug":"baking-dishes-set-wholesale","status":"publish","type":"product","link":"https:\/\/jinhuaceramic.com\/de\/product\/baking-dishes-set-wholesale\/","title":{"rendered":"3-St\u00fcck Backformen Set Gro\u00dfhandel, Keramik Backformen Versorgung"},"content":{"rendered":"<div class=\"wp-block-columns is-layout-flex wp-container-core-columns-is-layout-9d6595d7 wp-block-columns-is-layout-flex\">\n<div class=\"wp-block-column is-layout-flow wp-block-column-is-layout-flow\">\n<h3 class=\"wp-block-heading\">Premium-Backformen Set Gro\u00dfhandel Eigenschaften:<\/h3>\n\n\n\n<ul class=\"wp-block-list\">\n<li><strong>Minimalistisches Design:<\/strong> Diese individuellen Backformen f\u00fcr den Gro\u00dfhandel haben eine klassische rechteckige Form mit klaren, schlanken Linien und ohne Schnickschnack. Dieses zeitlose Design f\u00fcgt sich m\u00fchelos in jedes Haus oder jede Tischeinrichtung ein, von modern-minimalistisch bis skandinavisch und mittelalterlich.<\/li>\n\n\n\n<li><strong>Verschiedene Farben:<\/strong> Diese Gro\u00dfhandels-Keramik-Backformen sind in einer Vielzahl von raffinierten Farben erh\u00e4ltlich, z. B. in beruhigendem Tiefgr\u00fcn, warmem Ziegelrot und reinem Off-White. Diese Farben bieten eine gro\u00dfe Auswahl, so dass die Verbraucher sie an ihre Vorlieben und ihren K\u00fcchenstil anpassen k\u00f6nnen.<\/li>\n\n\n\n<li><strong>Hochwertiges Material: <\/strong>Dieses hochwertige Keramik-Backformen-Set f\u00fcr den Gro\u00dfhandel h\u00e4lt hohen Temperaturen stand und ist f\u00fcr den Einsatz in Hochtemperaturumgebungen wie Back\u00f6fen und Mikrowellen geeignet. Sie k\u00f6nnen zum Backen und Braten einer Vielzahl von Lebensmitteln verwendet werden, ohne zu brechen oder sich zu verformen.<\/li>\n\n\n\n<li><strong>Hohe Praktikabilit\u00e4t: <\/strong>Diese Gro\u00dfhandels-Backformen-Sets gibt es in drei Gr\u00f6\u00dfen f\u00fcr unterschiedliche Koch- und Essbed\u00fcrfnisse. Egal, ob Sie kleine Portionen f\u00fcr eine Person oder gro\u00dfe Gerichte f\u00fcr ein Familientreffen zubereiten m\u00f6chten, sie lassen sich leicht anpassen. Kombinationen aus mehreren Gr\u00f6\u00dfen lassen sich zur einfachen Aufbewahrung stapeln und sparen Platz in der K\u00fcche.<\/li>\n<\/ul>\n<\/div>\n\n\n\n<div class=\"wp-block-column is-layout-flow wp-block-column-is-layout-flow\">\n<figure class=\"wp-block-image size-full\"><img fetchpriority=\"high\" decoding=\"async\" width=\"800\" height=\"800\" src=\"https:\/\/jinhuaceramic.com\/wp-content\/uploads\/2025\/09\/3-Piece-Custom-Baking-Dishes-Set-Wholesale-Ceramic-Bakeware-Set-in-Bulk.webp\" alt=\"3-teilige Backformen Set Gro\u00dfhandel, Keramik-Backformen Supply-1\" class=\"wp-image-10339\" srcset=\"https:\/\/jinhuaceramic.com\/wp-content\/uploads\/2025\/09\/3-Piece-Custom-Baking-Dishes-Set-Wholesale-Ceramic-Bakeware-Set-in-Bulk.webp 800w, https:\/\/jinhuaceramic.com\/wp-content\/uploads\/2025\/09\/3-Piece-Custom-Baking-Dishes-Set-Wholesale-Ceramic-Bakeware-Set-in-Bulk-300x300.webp 300w, https:\/\/jinhuaceramic.com\/wp-content\/uploads\/2025\/09\/3-Piece-Custom-Baking-Dishes-Set-Wholesale-Ceramic-Bakeware-Set-in-Bulk-150x150.webp 150w, https:\/\/jinhuaceramic.com\/wp-content\/uploads\/2025\/09\/3-Piece-Custom-Baking-Dishes-Set-Wholesale-Ceramic-Bakeware-Set-in-Bulk-768x768.webp 768w, https:\/\/jinhuaceramic.com\/wp-content\/uploads\/2025\/09\/3-Piece-Custom-Baking-Dishes-Set-Wholesale-Ceramic-Bakeware-Set-in-Bulk-12x12.webp 12w, https:\/\/jinhuaceramic.com\/wp-content\/uploads\/2025\/09\/3-Piece-Custom-Baking-Dishes-Set-Wholesale-Ceramic-Bakeware-Set-in-Bulk-285x285.webp 285w, https:\/\/jinhuaceramic.com\/wp-content\/uploads\/2025\/09\/3-Piece-Custom-Baking-Dishes-Set-Wholesale-Ceramic-Bakeware-Set-in-Bulk-270x270.webp 270w, https:\/\/jinhuaceramic.com\/wp-content\/uploads\/2025\/09\/3-Piece-Custom-Baking-Dishes-Set-Wholesale-Ceramic-Bakeware-Set-in-Bulk-540x540.webp 540w, https:\/\/jinhuaceramic.com\/wp-content\/uploads\/2025\/09\/3-Piece-Custom-Baking-Dishes-Set-Wholesale-Ceramic-Bakeware-Set-in-Bulk-660x660.webp 660w\" sizes=\"(max-width: 800px) 100vw, 800px\" \/><\/figure>\n<\/div>\n<\/div>","protected":false},"excerpt":{"rendered":"<p>Willkommen zum Kauf von Keramik-Backformen. Diese Backformen im Gro\u00dfhandel sind von minimalistischer und doch raffinierter \u00c4sthetik. Mit ihren klassischen, einfachen Formen, langlebigen Materialien und verschiedenen Gr\u00f6\u00dfen und Farben vereinen sie perfekt Funktionalit\u00e4t und \u00c4sthetik.<\/p>","protected":false},"featured_media":10336,"comment_status":"closed","ping_status":"closed","template":"","meta":{"_acf_changed":false},"product_brand":[],"product_cat":[53],"product_tag":[71],"class_list":{"0":"post-10333","1":"product","2":"type-product","3":"status-publish","4":"has-post-thumbnail","6":"product_cat-bakeware-in-bulk","7":"product_tag-wholesale-baking-pans","9":"first","10":"instock","11":"shipping-taxable","12":"product-type-simple"},"acf":[],"_links":{"self":[{"href":"https:\/\/jinhuaceramic.com\/de\/wp-json\/wp\/v2\/product\/10333","targetHints":{"allow":["GET"]}}],"collection":[{"href":"https:\/\/jinhuaceramic.com\/de\/wp-json\/wp\/v2\/product"}],"about":[{"href":"https:\/\/jinhuaceramic.com\/de\/wp-json\/wp\/v2\/types\/product"}],"replies":[{"embeddable":true,"href":"https:\/\/jinhuaceramic.com\/de\/wp-json\/wp\/v2\/comments?post=10333"}],"version-history":[{"count":0,"href":"https:\/\/jinhuaceramic.com\/de\/wp-json\/wp\/v2\/product\/10333\/revisions"}],"wp:featuredmedia":[{"embeddable":true,"href":"https:\/\/jinhuaceramic.com\/de\/wp-json\/wp\/v2\/media\/10336"}],"wp:attachment":[{"href":"https:\/\/jinhuaceramic.com\/de\/wp-json\/wp\/v2\/media?parent=10333"}],"wp:term":[{"taxonomy":"product_brand","embeddable":true,"href":"https:\/\/jinhuaceramic.com\/de\/wp-json\/wp\/v2\/product_brand?post=10333"},{"taxonomy":"product_cat","embeddable":true,"href":"https:\/\/jinhuaceramic.com\/de\/wp-json\/wp\/v2\/product_cat?post=10333"},{"taxonomy":"product_tag","embeddable":true,"href":"https:\/\/jinhuaceramic.com\/de\/wp-json\/wp\/v2\/product_tag?post=10333"}],"curies":[{"name":"wp","href":"https:\/\/api.w.org\/{rel}","templated":true}]}}