{"id":10350,"date":"2025-09-10T09:20:48","date_gmt":"2025-09-10T09:20:48","guid":{"rendered":"https:\/\/jinhuaceramic.com\/?post_type=product&#038;p=10350"},"modified":"2025-09-10T09:20:50","modified_gmt":"2025-09-10T09:20:50","slug":"matte-white-bathroom-set-wholesale","status":"publish","type":"product","link":"https:\/\/jinhuaceramic.com\/de\/product\/matte-white-bathroom-set-wholesale\/","title":{"rendered":"Mattes wei\u00dfes Badezimmer Set Gro\u00dfhandel, Elegantes Design Accessoire"},"content":{"rendered":"<div class=\"wp-block-columns is-layout-flex wp-container-core-columns-is-layout-9d6595d7 wp-block-columns-is-layout-flex\">\n<div class=\"wp-block-column is-layout-flow wp-block-column-is-layout-flow\">\n<h3 class=\"wp-block-heading\">Premium Matte White Badezimmer Set Gro\u00dfhandel Features:<\/h3>\n\n\n\n<ul class=\"wp-block-list\">\n<li><strong>Minimalistisches Design: <\/strong>Diese matt-wei\u00dfen Badezimmer-Sets aus dem Gro\u00dfhandel haben einfache Linien, glatte und abgerundete Formen, ohne unn\u00f6tige komplizierte Dekorationen, und der reine und vielseitige matt-wei\u00dfe Ton kann leicht in verschiedene Badezimmer-Dekorationsstile integriert werden.<\/li>\n\n\n\n<li><strong>Langlebiges Material: <\/strong>Diese Gro\u00dfhandel Bad-Accessoire-Sets sind aus hochwertigen keramischen Materialien, die stark und langlebig sind, nicht leicht zu kratzen oder zu tragen. Sie k\u00f6nnen den Test der feuchten Umgebung des Badezimmers standhalten und behalten ihre Sch\u00f6nheit und Funktionalit\u00e4t f\u00fcr eine lange Zeit.<\/li>\n\n\n\n<li><strong>Vollst\u00e4ndiger Satz: <\/strong>Dieses mattwei\u00dfe Badezimmerset f\u00fcr den Gro\u00dfhandel umfasst einen Seifenspender, einen Zahnb\u00fcrstenhalter, ein Tablett, ein Aufbewahrungsgef\u00e4\u00df und eine Seifenschale und bietet damit die komplette Funktionalit\u00e4t, die Sie f\u00fcr die t\u00e4gliche Reinigung ben\u00f6tigen. Die Seifenschale ist rutschfest, das Aufbewahrungsgef\u00e4\u00df hat einen Staubschutz und die Seifenspenderpumpe hat eine gro\u00dfe, gut gestaltete Druckfl\u00e4che.<\/li>\n\n\n\n<li><strong>Effiziente Raumausnutzung: <\/strong>Die Zubeh\u00f6rteile dieser Gro\u00dfhandelssets f\u00fcr Badezubeh\u00f6r sind mit feineren Abmessungen entworfen. Das Design mit Tabletts erm\u00f6glicht es, einige Artikel zusammen zu platzieren, was nicht nur praktisch f\u00fcr die Entnahme ist, sondern auch die Arbeitsplatte ordentlicher und organisierter erscheinen l\u00e4sst und so die Raumnutzung verbessert.<\/li>\n<\/ul>\n<\/div>\n\n\n\n<div class=\"wp-block-column is-layout-flow wp-block-column-is-layout-flow\">\n<figure class=\"wp-block-image size-full\"><img fetchpriority=\"high\" decoding=\"async\" width=\"1220\" height=\"1389\" src=\"https:\/\/jinhuaceramic.com\/wp-content\/uploads\/2025\/09\/Matte-White-Bathroom-Accessories-Ceramic-Soap-Dispenser-and-Toothbrush-Holder-Set-5.webp\" alt=\"Matt-wei\u00dfes-Badezimmer-Zubeh\u00f6r,-Keramikseifenspender-und-Zahnb\u00fcrstenhalter-Set\" class=\"wp-image-10347\" srcset=\"https:\/\/jinhuaceramic.com\/wp-content\/uploads\/2025\/09\/Matte-White-Bathroom-Accessories-Ceramic-Soap-Dispenser-and-Toothbrush-Holder-Set-5.webp 1220w, https:\/\/jinhuaceramic.com\/wp-content\/uploads\/2025\/09\/Matte-White-Bathroom-Accessories-Ceramic-Soap-Dispenser-and-Toothbrush-Holder-Set-5-263x300.webp 263w, https:\/\/jinhuaceramic.com\/wp-content\/uploads\/2025\/09\/Matte-White-Bathroom-Accessories-Ceramic-Soap-Dispenser-and-Toothbrush-Holder-Set-5-768x874.webp 768w, https:\/\/jinhuaceramic.com\/wp-content\/uploads\/2025\/09\/Matte-White-Bathroom-Accessories-Ceramic-Soap-Dispenser-and-Toothbrush-Holder-Set-5-11x12.webp 11w, https:\/\/jinhuaceramic.com\/wp-content\/uploads\/2025\/09\/Matte-White-Bathroom-Accessories-Ceramic-Soap-Dispenser-and-Toothbrush-Holder-Set-5-285x324.webp 285w, https:\/\/jinhuaceramic.com\/wp-content\/uploads\/2025\/09\/Matte-White-Bathroom-Accessories-Ceramic-Soap-Dispenser-and-Toothbrush-Holder-Set-5-580x660.webp 580w, https:\/\/jinhuaceramic.com\/wp-content\/uploads\/2025\/09\/Matte-White-Bathroom-Accessories-Ceramic-Soap-Dispenser-and-Toothbrush-Holder-Set-5-132x150.webp 132w\" sizes=\"(max-width: 1220px) 100vw, 1220px\" \/><\/figure>\n<\/div>\n<\/div>","protected":false},"excerpt":{"rendered":"<p>Willkommen bei der Bestellung von Bad-Accessoire-Sets im Gro\u00dfhandel. Diese matt-wei\u00dfen Badezimmersets im Gro\u00dfhandel sind minimalistisch und dennoch raffiniert. Ihre glatten, abgerundeten Formen und reinen Farben verbinden perfekt praktische Funktionalit\u00e4t mit moderner \u00c4sthetik.<\/p>","protected":false},"featured_media":10345,"comment_status":"closed","ping_status":"closed","template":"","meta":{"_acf_changed":false},"product_brand":[],"product_cat":[51],"product_tag":[74],"class_list":{"0":"post-10350","1":"product","2":"type-product","3":"status-publish","4":"has-post-thumbnail","6":"product_cat-bathroom-accessories-wholesale","7":"product_tag-ceramic-bath-accessories-wholesale","9":"first","10":"instock","11":"shipping-taxable","12":"product-type-simple"},"acf":[],"_links":{"self":[{"href":"https:\/\/jinhuaceramic.com\/de\/wp-json\/wp\/v2\/product\/10350","targetHints":{"allow":["GET"]}}],"collection":[{"href":"https:\/\/jinhuaceramic.com\/de\/wp-json\/wp\/v2\/product"}],"about":[{"href":"https:\/\/jinhuaceramic.com\/de\/wp-json\/wp\/v2\/types\/product"}],"replies":[{"embeddable":true,"href":"https:\/\/jinhuaceramic.com\/de\/wp-json\/wp\/v2\/comments?post=10350"}],"version-history":[{"count":0,"href":"https:\/\/jinhuaceramic.com\/de\/wp-json\/wp\/v2\/product\/10350\/revisions"}],"wp:featuredmedia":[{"embeddable":true,"href":"https:\/\/jinhuaceramic.com\/de\/wp-json\/wp\/v2\/media\/10345"}],"wp:attachment":[{"href":"https:\/\/jinhuaceramic.com\/de\/wp-json\/wp\/v2\/media?parent=10350"}],"wp:term":[{"taxonomy":"product_brand","embeddable":true,"href":"https:\/\/jinhuaceramic.com\/de\/wp-json\/wp\/v2\/product_brand?post=10350"},{"taxonomy":"product_cat","embeddable":true,"href":"https:\/\/jinhuaceramic.com\/de\/wp-json\/wp\/v2\/product_cat?post=10350"},{"taxonomy":"product_tag","embeddable":true,"href":"https:\/\/jinhuaceramic.com\/de\/wp-json\/wp\/v2\/product_tag?post=10350"}],"curies":[{"name":"wp","href":"https:\/\/api.w.org\/{rel}","templated":true}]}}