{"id":10400,"date":"2025-09-19T10:02:43","date_gmt":"2025-09-19T10:02:43","guid":{"rendered":"https:\/\/jinhuaceramic.com\/?post_type=product&#038;p=10400"},"modified":"2025-09-19T10:02:44","modified_gmt":"2025-09-19T10:02:44","slug":"black-bath-set-wholesale","status":"publish","type":"product","link":"https:\/\/jinhuaceramic.com\/de\/product\/black-bath-set-wholesale\/","title":{"rendered":"Schwarzes Badeset Gro\u00dfhandel, Spender &amp; Zahnb\u00fcrstenhalter Bulk"},"content":{"rendered":"<div class=\"wp-block-columns is-layout-flex wp-container-core-columns-is-layout-9d6595d7 wp-block-columns-is-layout-flex\">\n<div class=\"wp-block-column is-layout-flow wp-block-column-is-layout-flow\">\n<h3 class=\"wp-block-heading\">Premium Unique Black Bath Set Wholesale Eigenschaften:<\/h3>\n\n\n\n<ul class=\"wp-block-list\">\n<li><strong>Einzigartige Form: <\/strong>Das schwarze Badeset im Gro\u00dfhandel weist einzigartige abstrakte geometrische Formen auf. Der Seifenspender ist ein flaches, rundes Objekt mit einem Donut-\u00e4hnlichen Loch im Inneren, w\u00e4hrend der Zahnb\u00fcrstenhalter eine unregelm\u00e4\u00dfige U-Form hat, die von der konventionellen Form traditioneller Badaccessoires abweicht und sie modern und skulptural wirken l\u00e4sst.<\/li>\n\n\n\n<li><strong>Elegant Farbe: <\/strong>Dieses schwarze Badeset f\u00fcr den Gro\u00dfhandel besticht durch seine sch\u00f6ne schwarz-goldene Farbe. Die mattschwarze Oberfl\u00e4che gibt einen anspruchsvollen und dezenten Look, w\u00e4hrend die Pumpe auf dem Seifenspender ist fett Gold in der Farbe, die ein Element von Luxus, um das Produkt gibt, das Hinzuf\u00fcgen zu seiner auff\u00e4lligen Attraktivit\u00e4t.<\/li>\n\n\n\n<li><strong>Langfristig Material: <\/strong>Die Zahnb\u00fcrstenhalter und -spender aus Keramik sind von harter Beschaffenheit, verschlei\u00df- und rostfrei, nicht leicht zu zerbrechen und haben eine lange Lebensdauer; die Oberfl\u00e4che ist fein und leicht zu reinigen, und Wasserflecken und Flecken setzen sich kaum ab, was die t\u00e4gliche Pflege erleichtert.<\/li>\n\n\n\n<li><strong>Hohe Praktikabilit\u00e4t:<\/strong> Diese individuellen Badezimmersets bestehen aus zwei praktischen Komponenten: einer Seifenflasche mit Druckknopfpumpe f\u00fcr eine einfache Anwendung und einem Zahnb\u00fcrstenhalter mit einem einzigartigen U-f\u00f6rmigen Design, das zwei separate Bereiche f\u00fcr die Aufbewahrung mehrerer Zahnb\u00fcrsten bietet.<\/li>\n<\/ul>\n<\/div>\n\n\n\n<div class=\"wp-block-column is-layout-flow wp-block-column-is-layout-flow\">\n<figure class=\"wp-block-image size-full\"><img fetchpriority=\"high\" decoding=\"async\" width=\"600\" height=\"600\" src=\"https:\/\/jinhuaceramic.com\/wp-content\/uploads\/2025\/09\/black-bath-set-wholesale-dispenser-toothbrush-holder-bulk-7.webp\" alt=\"schwarzes-bad-set-gro\u00dfhandel-spender-&amp;-zahnb\u00fcrstenhalter-bulk-7\" class=\"wp-image-10481\" srcset=\"https:\/\/jinhuaceramic.com\/wp-content\/uploads\/2025\/09\/black-bath-set-wholesale-dispenser-toothbrush-holder-bulk-7.webp 600w, https:\/\/jinhuaceramic.com\/wp-content\/uploads\/2025\/09\/black-bath-set-wholesale-dispenser-toothbrush-holder-bulk-7-300x300.webp 300w, https:\/\/jinhuaceramic.com\/wp-content\/uploads\/2025\/09\/black-bath-set-wholesale-dispenser-toothbrush-holder-bulk-7-150x150.webp 150w, https:\/\/jinhuaceramic.com\/wp-content\/uploads\/2025\/09\/black-bath-set-wholesale-dispenser-toothbrush-holder-bulk-7-12x12.webp 12w, https:\/\/jinhuaceramic.com\/wp-content\/uploads\/2025\/09\/black-bath-set-wholesale-dispenser-toothbrush-holder-bulk-7-285x285.webp 285w, https:\/\/jinhuaceramic.com\/wp-content\/uploads\/2025\/09\/black-bath-set-wholesale-dispenser-toothbrush-holder-bulk-7-270x270.webp 270w, https:\/\/jinhuaceramic.com\/wp-content\/uploads\/2025\/09\/black-bath-set-wholesale-dispenser-toothbrush-holder-bulk-7-540x540.webp 540w\" sizes=\"(max-width: 600px) 100vw, 600px\" \/><\/figure>\n<\/div>\n<\/div>","protected":false},"excerpt":{"rendered":"<p>Willkommen zum Kauf unserer schwarzen Bad-Set Gro\u00dfhandel ist avantgardistisch und einzigartig im Design. Mit abstrakten geometrischen Formen, matten Texturen, trendigen Farben und hochwertigen keramischen Materialien, kombinieren sie praktische Nutzbarkeit und moderne Kunst wundersch\u00f6n. Das schwarze Badezimmerset k\u00fcmmert sich nicht nur m\u00fchelos um Ihre t\u00e4glichen Waschbed\u00fcrfnisse, sondern es schafft auch ein starkes Gef\u00fchl der Individualisierung f\u00fcr einen luxuri\u00f6sen Badezimmerraum.<\/p>","protected":false},"featured_media":10480,"comment_status":"closed","ping_status":"closed","template":"","meta":{"_acf_changed":false},"product_brand":[],"product_cat":[51],"product_tag":[74],"class_list":{"0":"post-10400","1":"product","2":"type-product","3":"status-publish","4":"has-post-thumbnail","6":"product_cat-bathroom-accessories-wholesale","7":"product_tag-ceramic-bath-accessories-wholesale","9":"first","10":"instock","11":"shipping-taxable","12":"product-type-simple"},"acf":[],"_links":{"self":[{"href":"https:\/\/jinhuaceramic.com\/de\/wp-json\/wp\/v2\/product\/10400","targetHints":{"allow":["GET"]}}],"collection":[{"href":"https:\/\/jinhuaceramic.com\/de\/wp-json\/wp\/v2\/product"}],"about":[{"href":"https:\/\/jinhuaceramic.com\/de\/wp-json\/wp\/v2\/types\/product"}],"replies":[{"embeddable":true,"href":"https:\/\/jinhuaceramic.com\/de\/wp-json\/wp\/v2\/comments?post=10400"}],"version-history":[{"count":0,"href":"https:\/\/jinhuaceramic.com\/de\/wp-json\/wp\/v2\/product\/10400\/revisions"}],"wp:featuredmedia":[{"embeddable":true,"href":"https:\/\/jinhuaceramic.com\/de\/wp-json\/wp\/v2\/media\/10480"}],"wp:attachment":[{"href":"https:\/\/jinhuaceramic.com\/de\/wp-json\/wp\/v2\/media?parent=10400"}],"wp:term":[{"taxonomy":"product_brand","embeddable":true,"href":"https:\/\/jinhuaceramic.com\/de\/wp-json\/wp\/v2\/product_brand?post=10400"},{"taxonomy":"product_cat","embeddable":true,"href":"https:\/\/jinhuaceramic.com\/de\/wp-json\/wp\/v2\/product_cat?post=10400"},{"taxonomy":"product_tag","embeddable":true,"href":"https:\/\/jinhuaceramic.com\/de\/wp-json\/wp\/v2\/product_tag?post=10400"}],"curies":[{"name":"wp","href":"https:\/\/api.w.org\/{rel}","templated":true}]}}