{"id":10428,"date":"2025-09-19T09:13:46","date_gmt":"2025-09-19T09:13:46","guid":{"rendered":"https:\/\/jinhuaceramic.com\/?post_type=product&#038;p=10428"},"modified":"2025-09-19T09:13:47","modified_gmt":"2025-09-19T09:13:47","slug":"customized-round-baking-pan","status":"publish","type":"product","link":"https:\/\/jinhuaceramic.com\/de\/product\/customized-round-baking-pan\/","title":{"rendered":"Kundenspezifische runde Backform, keramische Kuchenform f\u00fcr Backofen"},"content":{"rendered":"<div class=\"wp-block-columns is-layout-flex wp-container-core-columns-is-layout-9d6595d7 wp-block-columns-is-layout-flex\">\n<div class=\"wp-block-column is-layout-flow wp-block-column-is-layout-flow\">\n<h3 class=\"wp-block-heading\">Premium Customized Round Baking Pan Eigenschaften:<\/h3>\n\n\n\n<ul class=\"wp-block-list\">\n<li><strong>Abgerundete Form:<\/strong> Diese ma\u00dfgeschneiderten runden Backformen haben eine traditionelle runde Form mit geraden Kanten und ein weiches, gem\u00fctliches Aussehen. Die Griffe sind mit vertikalen Streifen versehen, die nicht nur f\u00fcr eine rutschfestere Oberfl\u00e4che sorgen, sondern auch f\u00fcr mehr Raffinesse.<\/li>\n\n\n\n<li><strong>Vielfalt der Farben: <\/strong>Diese ma\u00dfgeschneiderten runden Backformen gibt es auch in verschiedenen Farben, darunter ruhiges Blau, helles Himmelblau, leuchtendes Rot und reines Wei\u00df. Die tiefe Farbgebung kann die verschiedenen \u00e4sthetischen Vorlieben der Kunden erf\u00fcllen und bietet zus\u00e4tzliche M\u00f6glichkeiten f\u00fcr die Tischgestaltung.<\/li>\n\n\n\n<li><strong>Hochwertiges Material: <\/strong>Diese Qualit\u00e4t Gro\u00dfhandel Keramik Backformen sind bei einer hohen Temperatur f\u00fcr hohe H\u00e4rte und Verschlei\u00dffestigkeit gebrannt, und verl\u00e4ngern die Lebensdauer. Dar\u00fcber hinaus ist die Oberfl\u00e4che der glatten Keramik nicht absorbieren Lebensmittel und jeden Geruch, und ist leicht zu reinigen.<\/li>\n\n\n\n<li><strong>Multifunktionale Verwendung: <\/strong>Diese runden Kuchenformen aus dem Gro\u00dfhandel k\u00f6nnen nicht nur zum Backen von Kuchen, Pizza, Torten, gebackenem Reis und anderen Lebensmitteln verwendet werden, sondern auch als Geschirr zum direkten Servieren von Salaten, Fr\u00fcchten oder Suppen und sind umfassend einsetzbar.<\/li>\n<\/ul>\n<\/div>\n\n\n\n<div class=\"wp-block-column is-layout-flow wp-block-column-is-layout-flow\">\n<figure class=\"wp-block-image size-full\"><img fetchpriority=\"high\" decoding=\"async\" width=\"500\" height=\"500\" src=\"https:\/\/jinhuaceramic.com\/wp-content\/uploads\/2025\/09\/Wholesale-Round-Baking-Dish-Custom-Ceramic-Pie-Baking-Pan-For-Oven-7.webp\" alt=\"Gro\u00dfhandel-Runde-Backform,-Kundige-Keramik-Kuchen-Backform-f\u00fcr-Ofen\" class=\"wp-image-10434\" srcset=\"https:\/\/jinhuaceramic.com\/wp-content\/uploads\/2025\/09\/Wholesale-Round-Baking-Dish-Custom-Ceramic-Pie-Baking-Pan-For-Oven-7.webp 500w, https:\/\/jinhuaceramic.com\/wp-content\/uploads\/2025\/09\/Wholesale-Round-Baking-Dish-Custom-Ceramic-Pie-Baking-Pan-For-Oven-7-300x300.webp 300w, https:\/\/jinhuaceramic.com\/wp-content\/uploads\/2025\/09\/Wholesale-Round-Baking-Dish-Custom-Ceramic-Pie-Baking-Pan-For-Oven-7-150x150.webp 150w, https:\/\/jinhuaceramic.com\/wp-content\/uploads\/2025\/09\/Wholesale-Round-Baking-Dish-Custom-Ceramic-Pie-Baking-Pan-For-Oven-7-12x12.webp 12w, https:\/\/jinhuaceramic.com\/wp-content\/uploads\/2025\/09\/Wholesale-Round-Baking-Dish-Custom-Ceramic-Pie-Baking-Pan-For-Oven-7-285x285.webp 285w, https:\/\/jinhuaceramic.com\/wp-content\/uploads\/2025\/09\/Wholesale-Round-Baking-Dish-Custom-Ceramic-Pie-Baking-Pan-For-Oven-7-270x270.webp 270w\" sizes=\"(max-width: 500px) 100vw, 500px\" \/><\/figure>\n<\/div>\n<\/div>\n\n\n\n<p><\/p>","protected":false},"excerpt":{"rendered":"<p>Willkommen zum Kauf dieser ma\u00dfgeschneiderten runden Backformen mit verschiedenen Farben, robustem Keramikmaterial und Multifunktionalit\u00e4t, Nutzen und Sch\u00f6nheit. Diese Backformen sind nicht nur praktische Backutensilien in der K\u00fcche, sondern k\u00f6nnen auch als Tischgeschirr verwendet werden, um die Mode und das Gl\u00fcck der Mahlzeiten am Tisch zu verbessern. Unterst\u00fctzung OEM\/ODM kundenspezifischer Service.<\/p>","protected":false},"featured_media":10430,"comment_status":"closed","ping_status":"closed","template":"","meta":{"_acf_changed":false},"product_brand":[],"product_cat":[53],"product_tag":[70,71],"class_list":{"0":"post-10428","1":"product","2":"type-product","3":"status-publish","4":"has-post-thumbnail","6":"product_cat-bakeware-in-bulk","7":"product_tag-custom-pie-pans","8":"product_tag-wholesale-baking-pans","10":"first","11":"instock","12":"shipping-taxable","13":"product-type-simple"},"acf":[],"_links":{"self":[{"href":"https:\/\/jinhuaceramic.com\/de\/wp-json\/wp\/v2\/product\/10428","targetHints":{"allow":["GET"]}}],"collection":[{"href":"https:\/\/jinhuaceramic.com\/de\/wp-json\/wp\/v2\/product"}],"about":[{"href":"https:\/\/jinhuaceramic.com\/de\/wp-json\/wp\/v2\/types\/product"}],"replies":[{"embeddable":true,"href":"https:\/\/jinhuaceramic.com\/de\/wp-json\/wp\/v2\/comments?post=10428"}],"version-history":[{"count":0,"href":"https:\/\/jinhuaceramic.com\/de\/wp-json\/wp\/v2\/product\/10428\/revisions"}],"wp:featuredmedia":[{"embeddable":true,"href":"https:\/\/jinhuaceramic.com\/de\/wp-json\/wp\/v2\/media\/10430"}],"wp:attachment":[{"href":"https:\/\/jinhuaceramic.com\/de\/wp-json\/wp\/v2\/media?parent=10428"}],"wp:term":[{"taxonomy":"product_brand","embeddable":true,"href":"https:\/\/jinhuaceramic.com\/de\/wp-json\/wp\/v2\/product_brand?post=10428"},{"taxonomy":"product_cat","embeddable":true,"href":"https:\/\/jinhuaceramic.com\/de\/wp-json\/wp\/v2\/product_cat?post=10428"},{"taxonomy":"product_tag","embeddable":true,"href":"https:\/\/jinhuaceramic.com\/de\/wp-json\/wp\/v2\/product_tag?post=10428"}],"curies":[{"name":"wp","href":"https:\/\/api.w.org\/{rel}","templated":true}]}}