{"id":10453,"date":"2025-09-19T07:59:50","date_gmt":"2025-09-19T07:59:50","guid":{"rendered":"https:\/\/jinhuaceramic.com\/?post_type=product&#038;p=10453"},"modified":"2025-09-19T07:59:52","modified_gmt":"2025-09-19T07:59:52","slug":"wholesale-bath-accessory-sets","status":"publish","type":"product","link":"https:\/\/jinhuaceramic.com\/de\/product\/wholesale-bath-accessory-sets\/","title":{"rendered":"Fabrik Gro\u00dfhandel Bad-Accessoire-Sets mit Streifen-Muster"},"content":{"rendered":"<div class=\"wp-block-columns is-layout-flex wp-container-core-columns-is-layout-9d6595d7 wp-block-columns-is-layout-flex\">\n<div class=\"wp-block-column is-layout-flow wp-block-column-is-layout-flow\">\n<h3 class=\"wp-block-heading\">Premium Gro\u00dfhandel Bad-Accessoire-Sets Eigenschaften:<\/h3>\n\n\n\n<ul class=\"wp-block-list\">\n<li><strong>Unverwechselbares Streifenmuster: <\/strong>Das Hauptmerkmal dieser ma\u00dfgefertigten Badezimmersets ist das unverwechselbare Streifenmuster, bei dem sich sanfte beigefarbene und hellgr\u00fcne Streifen abwechseln, um eine nat\u00fcrliche und entspannte Umgebung zu schaffen, in der sich die Menschen wohlf\u00fchlen und die sich gut f\u00fcr Badezimmer eignet.<\/li>\n\n\n\n<li><strong>Braunes Randdesign:<\/strong> Diese Gro\u00dfhandelssets f\u00fcr Badezubeh\u00f6r haben ein braunes Randdesign. Die braunen R\u00e4nder umrei\u00dfen geschickt die Konturen des Zahnb\u00fcrstenhalters, der Seifenschale und des Aufbewahrungsgef\u00e4\u00dfes und sorgen f\u00fcr eine optische Schichtung und Feinheit, die das gesamte Set einheitlicher und koordinierter aussehen l\u00e4sst.<\/li>\n\n\n\n<li><strong>Vollst\u00e4ndig funktionsf\u00e4hig: <\/strong>Diese Gro\u00dfhandelssets f\u00fcr Badezubeh\u00f6r umfassen eine komplette Aufbewahrungsl\u00f6sung f\u00fcr das Badezimmer, die voll funktionsf\u00e4hig und ausreichend ist, um den t\u00e4glichen Pflegebedarf im Bad zu decken. Das Aufbewahrungsglas mit Deckel ist ideal f\u00fcr die Aufbewahrung kleiner Gegenst\u00e4nde wie Wattest\u00e4bchen oder Make-up-Pads und h\u00e4lt die Arbeitsplatte frei von Unordnung.<\/li>\n\n\n\n<li><strong>Hochwertiges keramisches Material: <\/strong>Die keramischen Badezimmersets aus der Fabrik sind hart, verschlei\u00dffest, korrosionsbest\u00e4ndig und nicht leicht zu besch\u00e4digen, und mit einer langen Lebensdauer; glatte Oberfl\u00e4che, leicht zu reinigen, mit wenig Wasser und Schmutzr\u00fcckst\u00e4nde, so dass die t\u00e4gliche Wartung ein Kinderspiel.<\/li>\n<\/ul>\n<\/div>\n\n\n\n<div class=\"wp-block-column is-layout-flow wp-block-column-is-layout-flow\">\n<figure class=\"wp-block-image size-full\"><img fetchpriority=\"high\" decoding=\"async\" width=\"1024\" height=\"1024\" src=\"https:\/\/jinhuaceramic.com\/wp-content\/uploads\/2025\/09\/Custom-Bathroom-Set-with-Stripe-Pattern-Ceramic-Bath-Accessories-Wholesale-2.webp\" alt=\"factory-wholesale-bath-accessory-sets-mit-streifen-muster-2\" class=\"wp-image-10454\" srcset=\"https:\/\/jinhuaceramic.com\/wp-content\/uploads\/2025\/09\/Custom-Bathroom-Set-with-Stripe-Pattern-Ceramic-Bath-Accessories-Wholesale-2.webp 1024w, https:\/\/jinhuaceramic.com\/wp-content\/uploads\/2025\/09\/Custom-Bathroom-Set-with-Stripe-Pattern-Ceramic-Bath-Accessories-Wholesale-2-300x300.webp 300w, https:\/\/jinhuaceramic.com\/wp-content\/uploads\/2025\/09\/Custom-Bathroom-Set-with-Stripe-Pattern-Ceramic-Bath-Accessories-Wholesale-2-150x150.webp 150w, https:\/\/jinhuaceramic.com\/wp-content\/uploads\/2025\/09\/Custom-Bathroom-Set-with-Stripe-Pattern-Ceramic-Bath-Accessories-Wholesale-2-768x768.webp 768w, https:\/\/jinhuaceramic.com\/wp-content\/uploads\/2025\/09\/Custom-Bathroom-Set-with-Stripe-Pattern-Ceramic-Bath-Accessories-Wholesale-2-12x12.webp 12w, https:\/\/jinhuaceramic.com\/wp-content\/uploads\/2025\/09\/Custom-Bathroom-Set-with-Stripe-Pattern-Ceramic-Bath-Accessories-Wholesale-2-285x285.webp 285w, https:\/\/jinhuaceramic.com\/wp-content\/uploads\/2025\/09\/Custom-Bathroom-Set-with-Stripe-Pattern-Ceramic-Bath-Accessories-Wholesale-2-270x270.webp 270w, https:\/\/jinhuaceramic.com\/wp-content\/uploads\/2025\/09\/Custom-Bathroom-Set-with-Stripe-Pattern-Ceramic-Bath-Accessories-Wholesale-2-540x540.webp 540w, https:\/\/jinhuaceramic.com\/wp-content\/uploads\/2025\/09\/Custom-Bathroom-Set-with-Stripe-Pattern-Ceramic-Bath-Accessories-Wholesale-2-660x660.webp 660w\" sizes=\"(max-width: 1024px) 100vw, 1024px\" \/><\/figure>\n<\/div>\n<\/div>","protected":false},"excerpt":{"rendered":"<p>Willkommen zum Kauf dieser Gro\u00dfhandel Bad-Accessoire-Sets in einem neuen gr\u00fcnen und wei\u00dfen Streifenmuster, sch\u00f6ne braune trim, hochwertige Keramik-Material, und v\u00f6llig funktionale Zubeh\u00f6r, bringt eine wunderbare Kombination von Sch\u00f6nheit und Funktionalit\u00e4t in den Raum Bad. Sie sind nicht nur praktische t\u00e4gliche Notwendigkeiten, sondern auch Einrichtungsgegenst\u00e4nde, die das Badezimmer dekorieren und eine warme Atmosph\u00e4re schaffen k\u00f6nnen.<\/p>","protected":false},"featured_media":10454,"comment_status":"closed","ping_status":"closed","template":"","meta":{"_acf_changed":false},"product_brand":[],"product_cat":[51],"product_tag":[74],"class_list":{"0":"post-10453","1":"product","2":"type-product","3":"status-publish","4":"has-post-thumbnail","6":"product_cat-bathroom-accessories-wholesale","7":"product_tag-ceramic-bath-accessories-wholesale","9":"first","10":"instock","11":"shipping-taxable","12":"product-type-simple"},"acf":[],"_links":{"self":[{"href":"https:\/\/jinhuaceramic.com\/de\/wp-json\/wp\/v2\/product\/10453","targetHints":{"allow":["GET"]}}],"collection":[{"href":"https:\/\/jinhuaceramic.com\/de\/wp-json\/wp\/v2\/product"}],"about":[{"href":"https:\/\/jinhuaceramic.com\/de\/wp-json\/wp\/v2\/types\/product"}],"replies":[{"embeddable":true,"href":"https:\/\/jinhuaceramic.com\/de\/wp-json\/wp\/v2\/comments?post=10453"}],"version-history":[{"count":0,"href":"https:\/\/jinhuaceramic.com\/de\/wp-json\/wp\/v2\/product\/10453\/revisions"}],"wp:featuredmedia":[{"embeddable":true,"href":"https:\/\/jinhuaceramic.com\/de\/wp-json\/wp\/v2\/media\/10454"}],"wp:attachment":[{"href":"https:\/\/jinhuaceramic.com\/de\/wp-json\/wp\/v2\/media?parent=10453"}],"wp:term":[{"taxonomy":"product_brand","embeddable":true,"href":"https:\/\/jinhuaceramic.com\/de\/wp-json\/wp\/v2\/product_brand?post=10453"},{"taxonomy":"product_cat","embeddable":true,"href":"https:\/\/jinhuaceramic.com\/de\/wp-json\/wp\/v2\/product_cat?post=10453"},{"taxonomy":"product_tag","embeddable":true,"href":"https:\/\/jinhuaceramic.com\/de\/wp-json\/wp\/v2\/product_tag?post=10453"}],"curies":[{"name":"wp","href":"https:\/\/api.w.org\/{rel}","templated":true}]}}