{"id":10486,"date":"2025-09-25T10:22:49","date_gmt":"2025-09-25T10:22:49","guid":{"rendered":"https:\/\/jinhuaceramic.com\/?post_type=product&#038;p=10486"},"modified":"2025-09-25T10:22:51","modified_gmt":"2025-09-25T10:22:51","slug":"wholesale-4-piece-bathroom-set","status":"publish","type":"product","link":"https:\/\/jinhuaceramic.com\/de\/product\/wholesale-4-piece-bathroom-set\/","title":{"rendered":"Einfache Gro\u00dfhandel 4 St\u00fcck Badezimmer Set, Bulk Bad-Accessoires"},"content":{"rendered":"<div class=\"wp-block-columns is-layout-flex wp-container-core-columns-is-layout-9d6595d7 wp-block-columns-is-layout-flex\">\n<div class=\"wp-block-column is-layout-flow wp-block-column-is-layout-flow\">\n<h3 class=\"wp-block-heading\">Premium-Gro\u00dfhandel 4 St\u00fcck Badezimmer Set Features:<\/h3>\n\n\n\n<ul class=\"wp-block-list\">\n<li><strong>Zweifarbiges Design:<\/strong> Diese 4-teiligen Badezimmersets f\u00fcr den Gro\u00dfhandel zeichnen sich durch abgerundete geometrische Formen und einzigartige kontrastierende Farbdesigns aus: reines Wei\u00df auf der Oberseite und mattes Beige ohne Glasur auf der Unterseite, mit einer weichen und nat\u00fcrlichen Farbkombination, die dem Produkt ein Gef\u00fchl von Schichtung verleiht.<\/li>\n\n\n\n<li><strong>Exquisite Details: <\/strong>Diese 4-teiligen Badezimmersets f\u00fcr den Gro\u00dfhandel haben exquisit gestaltete Details. Der Deckel des Aufbewahrungsbeh\u00e4lters ist mit einem kleinen braunen Ledergriff ausgestattet, der dem Gesamtprodukt einen Hauch von W\u00e4rme und nat\u00fcrlicher Textur verleiht und gleichzeitig zu einem optischen Highlight wird, das sehr hochwertig wirkt.<\/li>\n\n\n\n<li><strong>Vollst\u00e4ndiger Satz:<\/strong> Diese ma\u00dfgefertigten Badezimmersets sind voll funktionsf\u00e4hig und erf\u00fcllen die Grundbed\u00fcrfnisse der Badpflege und Aufbewahrung. Der Seifenspender l\u00e4sst sich leichtg\u00e4ngig dr\u00fccken und produziert eine stabile Fl\u00fcssigkeit. Die Seifenschale hat ein Anti-Rutsch-Design in der Mitte, die effektiv verhindern kann, dass die Seife abrutscht. Das Baumwollgef\u00e4\u00df hat einen Deckel, der wasser- und staubdicht ist.<\/li>\n\n\n\n<li><strong>Langlebiges Material: <\/strong>Diese ma\u00dfgefertigten Badaccessoires werden aus hochwertigen Keramikmaterialien hergestellt. Im Vergleich zu Kunstharz und Kunststoffen sind keramische Badezimmersets robuster und haltbarer, weniger verschlei\u00dfanf\u00e4llig und haben eine l\u00e4ngere Nutzungsdauer.<\/li>\n<\/ul>\n<\/div>\n\n\n\n<div class=\"wp-block-column is-layout-flow wp-block-column-is-layout-flow\">\n<figure class=\"wp-block-image size-full\"><img fetchpriority=\"high\" decoding=\"async\" width=\"1024\" height=\"1024\" src=\"https:\/\/jinhuaceramic.com\/wp-content\/uploads\/2025\/09\/Two-Tone-Designer-Bathroom-Sets-Wholesale-Ceramic-Bulk-Bath-Accessories.webp\" alt=\"einfach-gro\u00dfhandel-4-teiliges-badezimmer-set-massiv-bad-accessoires-1\" class=\"wp-image-10491\" srcset=\"https:\/\/jinhuaceramic.com\/wp-content\/uploads\/2025\/09\/Two-Tone-Designer-Bathroom-Sets-Wholesale-Ceramic-Bulk-Bath-Accessories.webp 1024w, https:\/\/jinhuaceramic.com\/wp-content\/uploads\/2025\/09\/Two-Tone-Designer-Bathroom-Sets-Wholesale-Ceramic-Bulk-Bath-Accessories-300x300.webp 300w, https:\/\/jinhuaceramic.com\/wp-content\/uploads\/2025\/09\/Two-Tone-Designer-Bathroom-Sets-Wholesale-Ceramic-Bulk-Bath-Accessories-150x150.webp 150w, https:\/\/jinhuaceramic.com\/wp-content\/uploads\/2025\/09\/Two-Tone-Designer-Bathroom-Sets-Wholesale-Ceramic-Bulk-Bath-Accessories-768x768.webp 768w, https:\/\/jinhuaceramic.com\/wp-content\/uploads\/2025\/09\/Two-Tone-Designer-Bathroom-Sets-Wholesale-Ceramic-Bulk-Bath-Accessories-12x12.webp 12w, https:\/\/jinhuaceramic.com\/wp-content\/uploads\/2025\/09\/Two-Tone-Designer-Bathroom-Sets-Wholesale-Ceramic-Bulk-Bath-Accessories-285x285.webp 285w, https:\/\/jinhuaceramic.com\/wp-content\/uploads\/2025\/09\/Two-Tone-Designer-Bathroom-Sets-Wholesale-Ceramic-Bulk-Bath-Accessories-270x270.webp 270w, https:\/\/jinhuaceramic.com\/wp-content\/uploads\/2025\/09\/Two-Tone-Designer-Bathroom-Sets-Wholesale-Ceramic-Bulk-Bath-Accessories-540x540.webp 540w, https:\/\/jinhuaceramic.com\/wp-content\/uploads\/2025\/09\/Two-Tone-Designer-Bathroom-Sets-Wholesale-Ceramic-Bulk-Bath-Accessories-660x660.webp 660w\" sizes=\"(max-width: 1024px) 100vw, 1024px\" \/><\/figure>\n<\/div>\n<\/div>\n\n\n\n<p><\/p>","protected":false},"excerpt":{"rendered":"<p>Willkommen zum Kauf unserer Gro\u00dfhandel 4 St\u00fcck Bad-Sets. Der Vorteil dieser benutzerdefinierten Bad-Accessoires ist die ideale Mischung aus stilvollem Design, reichlich Funktionalit\u00e4t und etwas aus hochwertigen keramischen Materialien gebaut. Diese praktischen und \u00e4sthetischen Wert Bad-Sets sind allt\u00e4gliche Notwendigkeiten im Bad und Elemente, die auch Bad Wohnkultur, die den Stil und die Lebensqualit\u00e4t des Badezimmers zu verbessern sind.<\/p>","protected":false},"featured_media":10491,"comment_status":"closed","ping_status":"closed","template":"","meta":{"_acf_changed":false},"product_brand":[],"product_cat":[51],"product_tag":[74],"class_list":{"0":"post-10486","1":"product","2":"type-product","3":"status-publish","4":"has-post-thumbnail","6":"product_cat-bathroom-accessories-wholesale","7":"product_tag-ceramic-bath-accessories-wholesale","9":"first","10":"instock","11":"shipping-taxable","12":"product-type-simple"},"acf":[],"_links":{"self":[{"href":"https:\/\/jinhuaceramic.com\/de\/wp-json\/wp\/v2\/product\/10486","targetHints":{"allow":["GET"]}}],"collection":[{"href":"https:\/\/jinhuaceramic.com\/de\/wp-json\/wp\/v2\/product"}],"about":[{"href":"https:\/\/jinhuaceramic.com\/de\/wp-json\/wp\/v2\/types\/product"}],"replies":[{"embeddable":true,"href":"https:\/\/jinhuaceramic.com\/de\/wp-json\/wp\/v2\/comments?post=10486"}],"version-history":[{"count":0,"href":"https:\/\/jinhuaceramic.com\/de\/wp-json\/wp\/v2\/product\/10486\/revisions"}],"wp:featuredmedia":[{"embeddable":true,"href":"https:\/\/jinhuaceramic.com\/de\/wp-json\/wp\/v2\/media\/10491"}],"wp:attachment":[{"href":"https:\/\/jinhuaceramic.com\/de\/wp-json\/wp\/v2\/media?parent=10486"}],"wp:term":[{"taxonomy":"product_brand","embeddable":true,"href":"https:\/\/jinhuaceramic.com\/de\/wp-json\/wp\/v2\/product_brand?post=10486"},{"taxonomy":"product_cat","embeddable":true,"href":"https:\/\/jinhuaceramic.com\/de\/wp-json\/wp\/v2\/product_cat?post=10486"},{"taxonomy":"product_tag","embeddable":true,"href":"https:\/\/jinhuaceramic.com\/de\/wp-json\/wp\/v2\/product_tag?post=10486"}],"curies":[{"name":"wp","href":"https:\/\/api.w.org\/{rel}","templated":true}]}}