{"id":10496,"date":"2025-09-25T10:03:30","date_gmt":"2025-09-25T10:03:30","guid":{"rendered":"https:\/\/jinhuaceramic.com\/?post_type=product&#038;p=10496"},"modified":"2025-09-25T10:03:32","modified_gmt":"2025-09-25T10:03:32","slug":"bathroom-set-3-piece-bulk","status":"publish","type":"product","link":"https:\/\/jinhuaceramic.com\/de\/product\/bathroom-set-3-piece-bulk\/","title":{"rendered":"Braunes Badezimmerset 3 St\u00fcck Bulk, Keramik-Badezimmerzubeh\u00f6r"},"content":{"rendered":"<div class=\"wp-block-columns is-layout-flex wp-container-core-columns-is-layout-9d6595d7 wp-block-columns-is-layout-flex\">\n<div class=\"wp-block-column is-layout-flow wp-block-column-is-layout-flow\">\n<h3 class=\"wp-block-heading\">Premium-Braun-Badezimmer-Set 3 St\u00fcck Bulk Eigenschaften:<\/h3>\n\n\n\n<ul class=\"wp-block-list\">\n<li><strong>Hochwertiges keramisches Material:<\/strong> Das braune Badezimmerset, 3-teilig, ist aus hochwertiger Keramik gefertigt. Es hat eine glatte, leicht zu reinigende Oberfl\u00e4che, ist wasser- und feuchtigkeitsbest\u00e4ndig und langlebig, da es nicht ausbleicht.<\/li>\n\n\n\n<li><strong>Praktisches dreiteiliges Set: <\/strong>Das braune Badezimmerset (3-teilig) enth\u00e4lt eine Seifenschale, einen Spender und einen Mundsp\u00fclbecher und deckt damit alle t\u00e4glichen Waschbed\u00fcrfnisse in einem Set ab.<\/li>\n\n\n\n<li><strong>Einfaches braunes Design:<\/strong> Dieses Gro\u00dfhandels-Keramik-Badezimmer-Set bietet eine raffinierte und zeitlose braune Farbe, die zu verschiedenen Badezimmerdesigns passt und jedem Badezimmer zu Gr\u00f6\u00dfe und Komfort verhilft.<\/li>\n\n\n\n<li><strong>Gro\u00dfhandel Anpassungsm\u00f6glichkeiten:<\/strong> Wir sind f\u00fcr den Gro\u00dfhandel, OEM\/ODM, kundenspezifische Logos und Verpackungen erh\u00e4ltlich und eignen uns f\u00fcr Hotels, Pensionen und Einzelh\u00e4ndler, die langfristig einkaufen m\u00f6chten.<\/li>\n<\/ul>\n<\/div>\n\n\n\n<div class=\"wp-block-column is-layout-flow wp-block-column-is-layout-flow\">\n<figure class=\"wp-block-image size-full\"><img fetchpriority=\"high\" decoding=\"async\" width=\"950\" height=\"950\" src=\"https:\/\/jinhuaceramic.com\/wp-content\/uploads\/2025\/09\/Brown-Ceramic-Bathroom-Accessories-Wholesale-Soap-Dispenser-and-Toothbrush-Holder-Set.webp\" alt=\"Braunes-Badezimmer-Set-3-teilig-Gro\u00dfraum-Keramik-Badezimmer-Bedarf-1\" class=\"wp-image-10501\" srcset=\"https:\/\/jinhuaceramic.com\/wp-content\/uploads\/2025\/09\/Brown-Ceramic-Bathroom-Accessories-Wholesale-Soap-Dispenser-and-Toothbrush-Holder-Set.webp 950w, https:\/\/jinhuaceramic.com\/wp-content\/uploads\/2025\/09\/Brown-Ceramic-Bathroom-Accessories-Wholesale-Soap-Dispenser-and-Toothbrush-Holder-Set-300x300.webp 300w, https:\/\/jinhuaceramic.com\/wp-content\/uploads\/2025\/09\/Brown-Ceramic-Bathroom-Accessories-Wholesale-Soap-Dispenser-and-Toothbrush-Holder-Set-150x150.webp 150w, https:\/\/jinhuaceramic.com\/wp-content\/uploads\/2025\/09\/Brown-Ceramic-Bathroom-Accessories-Wholesale-Soap-Dispenser-and-Toothbrush-Holder-Set-768x768.webp 768w, https:\/\/jinhuaceramic.com\/wp-content\/uploads\/2025\/09\/Brown-Ceramic-Bathroom-Accessories-Wholesale-Soap-Dispenser-and-Toothbrush-Holder-Set-12x12.webp 12w, https:\/\/jinhuaceramic.com\/wp-content\/uploads\/2025\/09\/Brown-Ceramic-Bathroom-Accessories-Wholesale-Soap-Dispenser-and-Toothbrush-Holder-Set-285x285.webp 285w, https:\/\/jinhuaceramic.com\/wp-content\/uploads\/2025\/09\/Brown-Ceramic-Bathroom-Accessories-Wholesale-Soap-Dispenser-and-Toothbrush-Holder-Set-270x270.webp 270w, https:\/\/jinhuaceramic.com\/wp-content\/uploads\/2025\/09\/Brown-Ceramic-Bathroom-Accessories-Wholesale-Soap-Dispenser-and-Toothbrush-Holder-Set-540x540.webp 540w, https:\/\/jinhuaceramic.com\/wp-content\/uploads\/2025\/09\/Brown-Ceramic-Bathroom-Accessories-Wholesale-Soap-Dispenser-and-Toothbrush-Holder-Set-660x660.webp 660w\" sizes=\"(max-width: 950px) 100vw, 950px\" \/><\/figure>\n<\/div>\n<\/div>","protected":false},"excerpt":{"rendered":"<p>Willkommen zum Kauf unserer braunen Badezimmer-Set 3 St\u00fcck bulk. Der Gro\u00dfhandel Keramik Bad Set bietet eine praktische und stilvolle L\u00f6sung f\u00fcr moderne Waschr\u00e4ume. Inklusive einer Seifenschale, Spender und Mundwasser Tasse, ist diese dauerhafte Keramik-Set ideal f\u00fcr Hotels, Einzelh\u00e4ndler und Gro\u00dfh\u00e4ndler, die qualitativ hochwertige Bad liefert in der Masse mit flexiblen Anpassungsm\u00f6glichkeiten.<\/p>","protected":false},"featured_media":10501,"comment_status":"closed","ping_status":"closed","template":"","meta":{"_acf_changed":false},"product_brand":[],"product_cat":[51],"product_tag":[74],"class_list":{"0":"post-10496","1":"product","2":"type-product","3":"status-publish","4":"has-post-thumbnail","6":"product_cat-bathroom-accessories-wholesale","7":"product_tag-ceramic-bath-accessories-wholesale","9":"first","10":"instock","11":"shipping-taxable","12":"product-type-simple"},"acf":[],"_links":{"self":[{"href":"https:\/\/jinhuaceramic.com\/de\/wp-json\/wp\/v2\/product\/10496","targetHints":{"allow":["GET"]}}],"collection":[{"href":"https:\/\/jinhuaceramic.com\/de\/wp-json\/wp\/v2\/product"}],"about":[{"href":"https:\/\/jinhuaceramic.com\/de\/wp-json\/wp\/v2\/types\/product"}],"replies":[{"embeddable":true,"href":"https:\/\/jinhuaceramic.com\/de\/wp-json\/wp\/v2\/comments?post=10496"}],"version-history":[{"count":0,"href":"https:\/\/jinhuaceramic.com\/de\/wp-json\/wp\/v2\/product\/10496\/revisions"}],"wp:featuredmedia":[{"embeddable":true,"href":"https:\/\/jinhuaceramic.com\/de\/wp-json\/wp\/v2\/media\/10501"}],"wp:attachment":[{"href":"https:\/\/jinhuaceramic.com\/de\/wp-json\/wp\/v2\/media?parent=10496"}],"wp:term":[{"taxonomy":"product_brand","embeddable":true,"href":"https:\/\/jinhuaceramic.com\/de\/wp-json\/wp\/v2\/product_brand?post=10496"},{"taxonomy":"product_cat","embeddable":true,"href":"https:\/\/jinhuaceramic.com\/de\/wp-json\/wp\/v2\/product_cat?post=10496"},{"taxonomy":"product_tag","embeddable":true,"href":"https:\/\/jinhuaceramic.com\/de\/wp-json\/wp\/v2\/product_tag?post=10496"}],"curies":[{"name":"wp","href":"https:\/\/api.w.org\/{rel}","templated":true}]}}