{"id":10511,"date":"2025-09-25T09:23:15","date_gmt":"2025-09-25T09:23:15","guid":{"rendered":"https:\/\/jinhuaceramic.com\/?post_type=product&#038;p=10511"},"modified":"2025-09-25T09:23:17","modified_gmt":"2025-09-25T09:23:17","slug":"custom-bathroom-set-wholesale","status":"publish","type":"product","link":"https:\/\/jinhuaceramic.com\/de\/product\/custom-bathroom-set-wholesale\/","title":{"rendered":"Benutzerdefinierte Badezimmer Set Gro\u00dfhandel, wei\u00dfe Keramik Bad Set Bulk"},"content":{"rendered":"<div class=\"wp-block-columns is-layout-flex wp-container-core-columns-is-layout-9d6595d7 wp-block-columns-is-layout-flex\">\n<div class=\"wp-block-column is-layout-flow wp-block-column-is-layout-flow\">\n<h3 class=\"wp-block-heading\">Premium Custom Bathroom Set Gro\u00dfhandel Badezimmer Set Features:<\/h3>\n\n\n\n<ul class=\"wp-block-list\">\n<li><strong>Minimalistisches Design: <\/strong>Diese benutzerdefinierten Bad-Set Gro\u00dfhandel sind ganz wei\u00df und sind aus einfachen und glatten konischen geometrischen Formen, so dass es einfach zu \u00fcber Waschbecken und andere Bereiche Ihres Badezimmers, um den Raum sehen sauber und ordentlich anzuwenden.<\/li>\n\n\n\n<li><strong>Vollst\u00e4ndiger Satz:<\/strong> Das benutzerdefinierte Badezimmer-Set Gro\u00dfhandel umfasst Container von verschiedenen Formen und Funktionen einschlie\u00dflich Seifenspender, Zahnb\u00fcrstenhalter, Seifenschalen, Baumwolle Gl\u00e4ser und Tabletts. Sie f\u00fcllen alle Funktionen und erf\u00fcllen die Verwendung der Klassifizierung und Lagerung von Bad liefert, um Ihr Bad Theke oben organisiert zu halten.<\/li>\n\n\n\n<li><strong>Langlebiges Material: <\/strong>Diese hochwertigen Gro\u00dfhandel Keramik Bad-Sets hat eine harte Textur, sind Anti-Verschlei\u00df und korrosionsbest\u00e4ndig und nicht leicht zu besch\u00e4digen, die gew\u00e4hrleistet, dass sie f\u00fcr eine lange Zeit verwendet werden.<\/li>\n\n\n\n<li><strong>Leicht zu reinigen:<\/strong> Diese wei\u00dfen keramischen Badezimmersets in gro\u00dfen Mengen haben eine glatte, dichte Oberfl\u00e4che, an der Wasserflecken und Schmutz nur schwer haften k\u00f6nnen. Bei der t\u00e4glichen Reinigung gen\u00fcgt ein feuchtes Tuch, um die Flecken zu entfernen und das Bad-Set beh\u00e4lt sein sauberes Aussehen.<\/li>\n<\/ul>\n<\/div>\n\n\n\n<div class=\"wp-block-column is-layout-flow wp-block-column-is-layout-flow\">\n<figure class=\"wp-block-image size-full\"><img fetchpriority=\"high\" decoding=\"async\" width=\"1024\" height=\"1024\" src=\"https:\/\/jinhuaceramic.com\/wp-content\/uploads\/2025\/09\/White-Designer-Bathroom-Sets-Custom-Ceramic-Bath-Accessories-Wholesale.webp\" alt=\"custom-bathroom-set-gro\u00dfhandel-wei\u00df-keramik-bad-set-bulk-1\" class=\"wp-image-10518\" srcset=\"https:\/\/jinhuaceramic.com\/wp-content\/uploads\/2025\/09\/White-Designer-Bathroom-Sets-Custom-Ceramic-Bath-Accessories-Wholesale.webp 1024w, https:\/\/jinhuaceramic.com\/wp-content\/uploads\/2025\/09\/White-Designer-Bathroom-Sets-Custom-Ceramic-Bath-Accessories-Wholesale-300x300.webp 300w, https:\/\/jinhuaceramic.com\/wp-content\/uploads\/2025\/09\/White-Designer-Bathroom-Sets-Custom-Ceramic-Bath-Accessories-Wholesale-150x150.webp 150w, https:\/\/jinhuaceramic.com\/wp-content\/uploads\/2025\/09\/White-Designer-Bathroom-Sets-Custom-Ceramic-Bath-Accessories-Wholesale-768x768.webp 768w, https:\/\/jinhuaceramic.com\/wp-content\/uploads\/2025\/09\/White-Designer-Bathroom-Sets-Custom-Ceramic-Bath-Accessories-Wholesale-12x12.webp 12w, https:\/\/jinhuaceramic.com\/wp-content\/uploads\/2025\/09\/White-Designer-Bathroom-Sets-Custom-Ceramic-Bath-Accessories-Wholesale-285x285.webp 285w, https:\/\/jinhuaceramic.com\/wp-content\/uploads\/2025\/09\/White-Designer-Bathroom-Sets-Custom-Ceramic-Bath-Accessories-Wholesale-270x270.webp 270w, https:\/\/jinhuaceramic.com\/wp-content\/uploads\/2025\/09\/White-Designer-Bathroom-Sets-Custom-Ceramic-Bath-Accessories-Wholesale-540x540.webp 540w, https:\/\/jinhuaceramic.com\/wp-content\/uploads\/2025\/09\/White-Designer-Bathroom-Sets-Custom-Ceramic-Bath-Accessories-Wholesale-660x660.webp 660w\" sizes=\"(max-width: 1024px) 100vw, 1024px\" \/><\/figure>\n<\/div>\n<\/div>","protected":false},"excerpt":{"rendered":"<p>Willkommen zum Kauf unserer benutzerdefinierten Bad-Set Gro\u00dfhandel. Diese wei\u00dfe benutzerdefinierte Bad-Sets, mit ihren minimalistischen und sch\u00f6nes Design, praktische und umfassende Funktionen, ausgezeichnete und langlebige keramische Materialien und leicht zu reinigen Eigenschaften, k\u00f6nnen Benutzer eine komfortable, bequeme und qualitativ hochwertige Bad Erfahrung zu bringen, so dass sie eine hochwertige Wahl f\u00fcr Bad liefert.<\/p>","protected":false},"featured_media":10518,"comment_status":"closed","ping_status":"closed","template":"","meta":{"_acf_changed":false},"product_brand":[],"product_cat":[51],"product_tag":[74],"class_list":{"0":"post-10511","1":"product","2":"type-product","3":"status-publish","4":"has-post-thumbnail","6":"product_cat-bathroom-accessories-wholesale","7":"product_tag-ceramic-bath-accessories-wholesale","9":"first","10":"instock","11":"shipping-taxable","12":"product-type-simple"},"acf":[],"_links":{"self":[{"href":"https:\/\/jinhuaceramic.com\/de\/wp-json\/wp\/v2\/product\/10511","targetHints":{"allow":["GET"]}}],"collection":[{"href":"https:\/\/jinhuaceramic.com\/de\/wp-json\/wp\/v2\/product"}],"about":[{"href":"https:\/\/jinhuaceramic.com\/de\/wp-json\/wp\/v2\/types\/product"}],"replies":[{"embeddable":true,"href":"https:\/\/jinhuaceramic.com\/de\/wp-json\/wp\/v2\/comments?post=10511"}],"version-history":[{"count":0,"href":"https:\/\/jinhuaceramic.com\/de\/wp-json\/wp\/v2\/product\/10511\/revisions"}],"wp:featuredmedia":[{"embeddable":true,"href":"https:\/\/jinhuaceramic.com\/de\/wp-json\/wp\/v2\/media\/10518"}],"wp:attachment":[{"href":"https:\/\/jinhuaceramic.com\/de\/wp-json\/wp\/v2\/media?parent=10511"}],"wp:term":[{"taxonomy":"product_brand","embeddable":true,"href":"https:\/\/jinhuaceramic.com\/de\/wp-json\/wp\/v2\/product_brand?post=10511"},{"taxonomy":"product_cat","embeddable":true,"href":"https:\/\/jinhuaceramic.com\/de\/wp-json\/wp\/v2\/product_cat?post=10511"},{"taxonomy":"product_tag","embeddable":true,"href":"https:\/\/jinhuaceramic.com\/de\/wp-json\/wp\/v2\/product_tag?post=10511"}],"curies":[{"name":"wp","href":"https:\/\/api.w.org\/{rel}","templated":true}]}}