{"id":10539,"date":"2025-09-30T10:05:32","date_gmt":"2025-09-30T10:05:32","guid":{"rendered":"https:\/\/jinhuaceramic.com\/?post_type=product&#038;p=10539"},"modified":"2025-09-30T10:05:33","modified_gmt":"2025-09-30T10:05:33","slug":"wholesale-baking-dish","status":"publish","type":"product","link":"https:\/\/jinhuaceramic.com\/de\/product\/wholesale-baking-dish\/","title":{"rendered":"Ripple Textur Gro\u00dfhandel Backformen, Keramik-K\u00fcchenutensilien"},"content":{"rendered":"<div class=\"wp-block-columns is-layout-flex wp-container-core-columns-is-layout-9d6595d7 wp-block-columns-is-layout-flex\">\n<div class=\"wp-block-column is-layout-flow wp-block-column-is-layout-flow\">\n<h3 class=\"wp-block-heading\">Premium Gro\u00dfhandel Backform Merkmale:<\/h3>\n\n\n\n<ul class=\"wp-block-list\">\n<li><strong>Elegantes Farbschema:<\/strong> Diese Gro\u00dfhandels-Backformen sind in einem hellgrauen Farbschema gehalten und mit goldenen Linien an den R\u00e4ndern verziert. Sie sind einfach, aber elegant und passen gut zu verschiedenen Esstischstilen und K\u00fcchendekorationen.<\/li>\n\n\n\n<li><strong>Ripple Textur:<\/strong> Die Au\u00dfenseite dieser massiven Keramik-Backformen hat eine geriffelte Textur, und diese ungleichm\u00e4\u00dfige Textur erh\u00f6ht die taktile und visuelle Schichtung der Backformen, wodurch sie unverwechselbarer aussehen und sich von normalen Backformen unterscheiden.<\/li>\n\n\n\n<li><strong>Langlebiges Material:<\/strong> Diese Gro\u00dfhandels-Backformen werden aus hochwertigen Keramikmaterialien hergestellt, die bei hohen Temperaturen gebrannt wurden. Sie sind hart in der Struktur, haben eine gewisse Verschlei\u00df- und Kratzfestigkeit, sind nicht leicht zu besch\u00e4digen und haben eine lange Lebensdauer.<\/li>\n\n\n\n<li><strong>Hohe Praktikabilit\u00e4t:<\/strong> Diese gro\u00dfen Keramik-Backformen eignen sich zum Backen einer Reihe von Rezepten, z. B. Lasagne, H\u00e4hnchen, Steak, Brownies, usw. Sie sind auf beiden Seiten mit rutschfesten Griffen ausgestattet, so dass man die Backform ganz bequem direkt vom Ofen auf den Esstisch stellen kann.<\/li>\n<\/ul>\n<\/div>\n\n\n\n<div class=\"wp-block-column is-layout-flow wp-block-column-is-layout-flow\">\n<figure class=\"wp-block-image size-full\"><img fetchpriority=\"high\" decoding=\"async\" width=\"1000\" height=\"1000\" src=\"https:\/\/jinhuaceramic.com\/wp-content\/uploads\/2025\/09\/Custom-Baking-Dish-with-Ripple-Texture-Ceramic-Kitchen-Bakeware-Wholesale.webp\" alt=\"Ripple Textur Gro\u00dfhandel Backformen, Keramik-K\u00fcchenutensilien\" class=\"wp-image-10545\" srcset=\"https:\/\/jinhuaceramic.com\/wp-content\/uploads\/2025\/09\/Custom-Baking-Dish-with-Ripple-Texture-Ceramic-Kitchen-Bakeware-Wholesale.webp 1000w, https:\/\/jinhuaceramic.com\/wp-content\/uploads\/2025\/09\/Custom-Baking-Dish-with-Ripple-Texture-Ceramic-Kitchen-Bakeware-Wholesale-300x300.webp 300w, https:\/\/jinhuaceramic.com\/wp-content\/uploads\/2025\/09\/Custom-Baking-Dish-with-Ripple-Texture-Ceramic-Kitchen-Bakeware-Wholesale-150x150.webp 150w, https:\/\/jinhuaceramic.com\/wp-content\/uploads\/2025\/09\/Custom-Baking-Dish-with-Ripple-Texture-Ceramic-Kitchen-Bakeware-Wholesale-768x768.webp 768w, https:\/\/jinhuaceramic.com\/wp-content\/uploads\/2025\/09\/Custom-Baking-Dish-with-Ripple-Texture-Ceramic-Kitchen-Bakeware-Wholesale-12x12.webp 12w, https:\/\/jinhuaceramic.com\/wp-content\/uploads\/2025\/09\/Custom-Baking-Dish-with-Ripple-Texture-Ceramic-Kitchen-Bakeware-Wholesale-285x285.webp 285w, https:\/\/jinhuaceramic.com\/wp-content\/uploads\/2025\/09\/Custom-Baking-Dish-with-Ripple-Texture-Ceramic-Kitchen-Bakeware-Wholesale-270x270.webp 270w, https:\/\/jinhuaceramic.com\/wp-content\/uploads\/2025\/09\/Custom-Baking-Dish-with-Ripple-Texture-Ceramic-Kitchen-Bakeware-Wholesale-540x540.webp 540w, https:\/\/jinhuaceramic.com\/wp-content\/uploads\/2025\/09\/Custom-Baking-Dish-with-Ripple-Texture-Ceramic-Kitchen-Bakeware-Wholesale-660x660.webp 660w\" sizes=\"(max-width: 1000px) 100vw, 1000px\" \/><\/figure>\n<\/div>\n<\/div>","protected":false},"excerpt":{"rendered":"<p>Willkommen zum Kauf von Keramik-Backformen in gro\u00dfen Mengen. Diese Gro\u00dfhandel Backformen haben wesentliche Backen Werkzeuge in der K\u00fcche aufgrund ihrer eleganten Farbe, exquisite Textur, gute Haltbarkeit und praktische funktionale Eigenschaften geworden.<\/p>","protected":false},"featured_media":10543,"comment_status":"closed","ping_status":"closed","template":"","meta":{"_acf_changed":false},"product_brand":[],"product_cat":[53],"product_tag":[71],"class_list":{"0":"post-10539","1":"product","2":"type-product","3":"status-publish","4":"has-post-thumbnail","6":"product_cat-bakeware-in-bulk","7":"product_tag-wholesale-baking-pans","9":"first","10":"instock","11":"shipping-taxable","12":"product-type-simple"},"acf":[],"_links":{"self":[{"href":"https:\/\/jinhuaceramic.com\/de\/wp-json\/wp\/v2\/product\/10539","targetHints":{"allow":["GET"]}}],"collection":[{"href":"https:\/\/jinhuaceramic.com\/de\/wp-json\/wp\/v2\/product"}],"about":[{"href":"https:\/\/jinhuaceramic.com\/de\/wp-json\/wp\/v2\/types\/product"}],"replies":[{"embeddable":true,"href":"https:\/\/jinhuaceramic.com\/de\/wp-json\/wp\/v2\/comments?post=10539"}],"version-history":[{"count":0,"href":"https:\/\/jinhuaceramic.com\/de\/wp-json\/wp\/v2\/product\/10539\/revisions"}],"wp:featuredmedia":[{"embeddable":true,"href":"https:\/\/jinhuaceramic.com\/de\/wp-json\/wp\/v2\/media\/10543"}],"wp:attachment":[{"href":"https:\/\/jinhuaceramic.com\/de\/wp-json\/wp\/v2\/media?parent=10539"}],"wp:term":[{"taxonomy":"product_brand","embeddable":true,"href":"https:\/\/jinhuaceramic.com\/de\/wp-json\/wp\/v2\/product_brand?post=10539"},{"taxonomy":"product_cat","embeddable":true,"href":"https:\/\/jinhuaceramic.com\/de\/wp-json\/wp\/v2\/product_cat?post=10539"},{"taxonomy":"product_tag","embeddable":true,"href":"https:\/\/jinhuaceramic.com\/de\/wp-json\/wp\/v2\/product_tag?post=10539"}],"curies":[{"name":"wp","href":"https:\/\/api.w.org\/{rel}","templated":true}]}}