{"id":10548,"date":"2025-10-16T08:54:16","date_gmt":"2025-10-16T08:54:16","guid":{"rendered":"https:\/\/jinhuaceramic.com\/?post_type=product&#038;p=10548"},"modified":"2025-11-12T01:15:50","modified_gmt":"2025-11-12T01:15:50","slug":"ceramic-pie-pans-in-bulk","status":"publish","type":"product","link":"https:\/\/jinhuaceramic.com\/de\/product\/ceramic-pie-pans-in-bulk\/","title":{"rendered":"Keramische Backformen in gro\u00dfen Mengen, individuelle Backformen mit gewellten R\u00e4ndern"},"content":{"rendered":"<div class=\"wp-block-columns is-layout-flex wp-container-core-columns-is-layout-9d6595d7 wp-block-columns-is-layout-flex\">\n<div class=\"wp-block-column is-layout-flow wp-block-column-is-layout-flow\">\n<h3 class=\"wp-block-heading\">Premium-Keramik-Kuchenpfannen in Bulk Eigenschaften:<\/h3>\n\n\n\n<ul class=\"wp-block-list\">\n<li><strong>Gewellte R\u00e4nder: <\/strong>Diese ma\u00dfgeschneiderten Backformen haben ein ausgepr\u00e4gtes Wellenmuster an den R\u00e4ndern, das nicht nur zum Backen knuspriger R\u00e4nder beitr\u00e4gt, sondern auch das eint\u00f6nige, gerade Profil gew\u00f6hnlicher Backformen aufbricht und f\u00fcr Flexibilit\u00e4t und Eleganz sorgt, \u00e4hnlich wie eine Blume, die aufplatzt.<\/li>\n\n\n\n<li><strong>Elegantes Aussehen:<\/strong> Die keramischen Kuchenformen in loser Sch\u00fcttung sind haupts\u00e4chlich in klassischem Wei\u00df mit ingwergemusterten R\u00e4ndern gehalten, die auch optisch ansprechend sind und als Dekoration auf dem Esstisch das Esserlebnis bereichern k\u00f6nnen.<\/li>\n\n\n\n<li><strong>Qualit\u00e4t gebaut: <\/strong>Die hochwertigen Keramikkuchenformen in loser Sch\u00fcttung verf\u00fcgen \u00fcber eine solide W\u00e4rmeleitf\u00e4higkeit, die es der Platte erm\u00f6glicht, die W\u00e4rme w\u00e4hrend des Backens gleichm\u00e4\u00dfig in den Lebensmitteln und in der Backform zu verteilen, so dass ein angemessenes W\u00e4rmeniveau f\u00fcr die Zutaten erreicht wird und ein lokales Untergaren oder Verbrennen vermieden wird.<\/li>\n\n\n\n<li><strong>Vielf\u00e4ltige Verwendungsm\u00f6glichkeiten: <\/strong>Diese runden, ma\u00dfgeschneiderten Backformen eignen sich zum Backen einer Reihe von Desserts wie Torten, Kuchen, aber auch von Fleisch, Gem\u00fcse und anderen Lebensmitteln, um viele Kochw\u00fcnsche zu erf\u00fcllen und in vielen Anwendungssituationen.<\/li>\n<\/ul>\n<\/div>\n\n\n\n<div class=\"wp-block-column is-layout-flow wp-block-column-is-layout-flow\">\n<figure class=\"wp-block-image size-full\"><img fetchpriority=\"high\" decoding=\"async\" width=\"1600\" height=\"1600\" src=\"https:\/\/jinhuaceramic.com\/wp-content\/uploads\/2025\/09\/Custom-Baking-Pan-with-Wavy-Edges-Ceramic-Kitchen-Bakeware-Wholesale-3.webp\" alt=\"Keramik-Backformen-im-Gro\u00dfgebinde-mit-Wellenrand-Backformen-Lieferant-3\" class=\"wp-image-10550\" srcset=\"https:\/\/jinhuaceramic.com\/wp-content\/uploads\/2025\/09\/Custom-Baking-Pan-with-Wavy-Edges-Ceramic-Kitchen-Bakeware-Wholesale-3.webp 1600w, https:\/\/jinhuaceramic.com\/wp-content\/uploads\/2025\/09\/Custom-Baking-Pan-with-Wavy-Edges-Ceramic-Kitchen-Bakeware-Wholesale-3-300x300.webp 300w, https:\/\/jinhuaceramic.com\/wp-content\/uploads\/2025\/09\/Custom-Baking-Pan-with-Wavy-Edges-Ceramic-Kitchen-Bakeware-Wholesale-3-150x150.webp 150w, https:\/\/jinhuaceramic.com\/wp-content\/uploads\/2025\/09\/Custom-Baking-Pan-with-Wavy-Edges-Ceramic-Kitchen-Bakeware-Wholesale-3-768x768.webp 768w, https:\/\/jinhuaceramic.com\/wp-content\/uploads\/2025\/09\/Custom-Baking-Pan-with-Wavy-Edges-Ceramic-Kitchen-Bakeware-Wholesale-3-12x12.webp 12w, https:\/\/jinhuaceramic.com\/wp-content\/uploads\/2025\/09\/Custom-Baking-Pan-with-Wavy-Edges-Ceramic-Kitchen-Bakeware-Wholesale-3-285x285.webp 285w, https:\/\/jinhuaceramic.com\/wp-content\/uploads\/2025\/09\/Custom-Baking-Pan-with-Wavy-Edges-Ceramic-Kitchen-Bakeware-Wholesale-3-270x270.webp 270w, https:\/\/jinhuaceramic.com\/wp-content\/uploads\/2025\/09\/Custom-Baking-Pan-with-Wavy-Edges-Ceramic-Kitchen-Bakeware-Wholesale-3-540x540.webp 540w, https:\/\/jinhuaceramic.com\/wp-content\/uploads\/2025\/09\/Custom-Baking-Pan-with-Wavy-Edges-Ceramic-Kitchen-Bakeware-Wholesale-3-660x660.webp 660w\" sizes=\"(max-width: 1600px) 100vw, 1600px\" \/><\/figure>\n<\/div>\n<\/div>","protected":false},"excerpt":{"rendered":"<p>Willkommen zum Kauf unserer Keramikkuchenformen in gro\u00dfen Mengen. Unsere runden Backformen f\u00fcr den Gro\u00dfhandel sind die ideale Mischung aus speziellen gewellten R\u00e4ndern, wundersch\u00f6nen Farben, hochwertiger Keramik und funktionalen, praktischen Elementen. Wundersch\u00f6n und funktional, diese Backformen sind eine gute Wahl f\u00fcr die t\u00e4gliche Familie kochen und besondere Parteien, um den Esstisch zu dekorieren.<\/p>","protected":false},"featured_media":10556,"comment_status":"closed","ping_status":"closed","template":"","meta":{"_acf_changed":false},"product_brand":[],"product_cat":[53],"product_tag":[70,71],"class_list":{"0":"post-10548","1":"product","2":"type-product","3":"status-publish","4":"has-post-thumbnail","6":"product_cat-bakeware-in-bulk","7":"product_tag-custom-pie-pans","8":"product_tag-wholesale-baking-pans","10":"first","11":"instock","12":"shipping-taxable","13":"product-type-simple"},"acf":[],"_links":{"self":[{"href":"https:\/\/jinhuaceramic.com\/de\/wp-json\/wp\/v2\/product\/10548","targetHints":{"allow":["GET"]}}],"collection":[{"href":"https:\/\/jinhuaceramic.com\/de\/wp-json\/wp\/v2\/product"}],"about":[{"href":"https:\/\/jinhuaceramic.com\/de\/wp-json\/wp\/v2\/types\/product"}],"replies":[{"embeddable":true,"href":"https:\/\/jinhuaceramic.com\/de\/wp-json\/wp\/v2\/comments?post=10548"}],"version-history":[{"count":0,"href":"https:\/\/jinhuaceramic.com\/de\/wp-json\/wp\/v2\/product\/10548\/revisions"}],"wp:featuredmedia":[{"embeddable":true,"href":"https:\/\/jinhuaceramic.com\/de\/wp-json\/wp\/v2\/media\/10556"}],"wp:attachment":[{"href":"https:\/\/jinhuaceramic.com\/de\/wp-json\/wp\/v2\/media?parent=10548"}],"wp:term":[{"taxonomy":"product_brand","embeddable":true,"href":"https:\/\/jinhuaceramic.com\/de\/wp-json\/wp\/v2\/product_brand?post=10548"},{"taxonomy":"product_cat","embeddable":true,"href":"https:\/\/jinhuaceramic.com\/de\/wp-json\/wp\/v2\/product_cat?post=10548"},{"taxonomy":"product_tag","embeddable":true,"href":"https:\/\/jinhuaceramic.com\/de\/wp-json\/wp\/v2\/product_tag?post=10548"}],"curies":[{"name":"wp","href":"https:\/\/api.w.org\/{rel}","templated":true}]}}