{"id":10602,"date":"2025-10-16T08:30:25","date_gmt":"2025-10-16T08:30:25","guid":{"rendered":"https:\/\/jinhuaceramic.com\/?post_type=product&#038;p=10602"},"modified":"2025-10-16T08:30:27","modified_gmt":"2025-10-16T08:30:27","slug":"bathroom-countertop-accessories-set-bulk","status":"publish","type":"product","link":"https:\/\/jinhuaceramic.com\/de\/product\/bathroom-countertop-accessories-set-bulk\/","title":{"rendered":"Wei\u00dfes keramisches Badarbeitsplattenzubeh\u00f6r Set Bulk"},"content":{"rendered":"<div class=\"wp-block-columns is-layout-flex wp-container-core-columns-is-layout-9d6595d7 wp-block-columns-is-layout-flex\">\n<div class=\"wp-block-column is-layout-flow wp-block-column-is-layout-flow\">\n<h3 class=\"wp-block-heading\">Premium Bad Arbeitsplatte Zubeh\u00f6r Set Bulk Features:<\/h3>\n\n\n\n<ul class=\"wp-block-list\">\n<li><strong>Minimalistisches Design:<\/strong> Diese Badezimmer-Accessoires zeichnen sich durch eine vielseitige wei\u00dfe Farbgebung aus, gepaart mit unregelm\u00e4\u00dfigen schwarzen Punkten, die eine saubere und elegante Atmosph\u00e4re schaffen. Die Oberfl\u00e4che der Bad-Accessoires hat auch horizontale und vertikale gestreifte Texturen, die den taktilen und visuellen Sinn des Produkts erh\u00f6hen.<\/li>\n\n\n\n<li><strong>Langlebiges Material:<\/strong> Diese gro\u00dfvolumigen Badaccessoires werden aus keramischen Materialien hergestellt, die bei hohen Temperaturen gebrannt wurden. Sie sind sehr widerstandsf\u00e4hig gegen Korrosion und Verschlei\u00df, sehr widerstandsf\u00e4hig gegen Besch\u00e4digungen und Verformungen und haben eine sehr lange Lebensdauer.<\/li>\n\n\n\n<li><strong>Vollst\u00e4ndiger Satz:<\/strong> Dieses Badezimmerzubeh\u00f6rset enth\u00e4lt Seifenspender, Zahnb\u00fcrstenhalter, Aufbewahrungsgl\u00e4ser, M\u00fclleimer und Tabletts. Die verschiedenen Zubeh\u00f6rteile haben eine klare funktionale Aufteilung, die den Aufbewahrungsbedarf f\u00fcr die t\u00e4glichen Badutensilien erf\u00fcllt und die Arbeitsplatte im Badezimmer ordentlicher und aufger\u00e4umter macht.<\/li>\n\n\n\n<li><strong>Leicht zu reinigen:<\/strong> Diese Gro\u00dfhandels-Keramik-Badezimmer-Sets haben eine glatte Oberfl\u00e4che und haften nicht so leicht an Flecken, Wasserflecken, usw. W\u00e4hrend der t\u00e4glichen Reinigung, wischen Sie einfach sanft mit einem feuchten Tuch, um Schmutz leicht zu entfernen, so dass die Wartung sehr sorgenfrei.<\/li>\n<\/ul>\n<\/div>\n\n\n\n<div class=\"wp-block-column is-layout-flow wp-block-column-is-layout-flow\">\n<figure class=\"wp-block-image size-full\"><img fetchpriority=\"high\" decoding=\"async\" width=\"2000\" height=\"2000\" src=\"https:\/\/jinhuaceramic.com\/wp-content\/uploads\/2025\/10\/White-Designer-Bathroom-Sets-Wholesale-Ceramic-Custom-Bathroom-Accessories-7.webp\" alt=\"wei\u00dfes keramik-badezimmer-arbeitsplatte-zubeh\u00f6r-set- bulk-7\" class=\"wp-image-10608\" srcset=\"https:\/\/jinhuaceramic.com\/wp-content\/uploads\/2025\/10\/White-Designer-Bathroom-Sets-Wholesale-Ceramic-Custom-Bathroom-Accessories-7.webp 2000w, https:\/\/jinhuaceramic.com\/wp-content\/uploads\/2025\/10\/White-Designer-Bathroom-Sets-Wholesale-Ceramic-Custom-Bathroom-Accessories-7-300x300.webp 300w, https:\/\/jinhuaceramic.com\/wp-content\/uploads\/2025\/10\/White-Designer-Bathroom-Sets-Wholesale-Ceramic-Custom-Bathroom-Accessories-7-150x150.webp 150w, https:\/\/jinhuaceramic.com\/wp-content\/uploads\/2025\/10\/White-Designer-Bathroom-Sets-Wholesale-Ceramic-Custom-Bathroom-Accessories-7-768x768.webp 768w, https:\/\/jinhuaceramic.com\/wp-content\/uploads\/2025\/10\/White-Designer-Bathroom-Sets-Wholesale-Ceramic-Custom-Bathroom-Accessories-7-12x12.webp 12w, https:\/\/jinhuaceramic.com\/wp-content\/uploads\/2025\/10\/White-Designer-Bathroom-Sets-Wholesale-Ceramic-Custom-Bathroom-Accessories-7-285x285.webp 285w, https:\/\/jinhuaceramic.com\/wp-content\/uploads\/2025\/10\/White-Designer-Bathroom-Sets-Wholesale-Ceramic-Custom-Bathroom-Accessories-7-1600x1600.webp 1600w, https:\/\/jinhuaceramic.com\/wp-content\/uploads\/2025\/10\/White-Designer-Bathroom-Sets-Wholesale-Ceramic-Custom-Bathroom-Accessories-7-270x270.webp 270w, https:\/\/jinhuaceramic.com\/wp-content\/uploads\/2025\/10\/White-Designer-Bathroom-Sets-Wholesale-Ceramic-Custom-Bathroom-Accessories-7-540x540.webp 540w, https:\/\/jinhuaceramic.com\/wp-content\/uploads\/2025\/10\/White-Designer-Bathroom-Sets-Wholesale-Ceramic-Custom-Bathroom-Accessories-7-660x660.webp 660w\" sizes=\"(max-width: 2000px) 100vw, 2000px\" \/><\/figure>\n<\/div>\n<\/div>","protected":false},"excerpt":{"rendered":"<p>Willkommen beim Kauf des wei\u00dfen Badzubeh\u00f6rsets f\u00fcr Arbeitsplatten. Dieses ma\u00dfgeschneiderte Badezimmer-Set besteht aus einer Seifenschale, einem Zahnb\u00fcrstenhalter, Aufbewahrungsgl\u00e4sern, Abfalleimern und Tabletts und bietet sowohl einen funktionalen als auch einen \u00e4sthetischen Reiz. Hergestellt aus langlebiger Keramik mit einer glatten wei\u00dfen Oberfl\u00e4che, ist es am besten geeignet f\u00fcr den Einsatz von Hotels, Wohnungen und Gro\u00dfhandel Badezimmer-Sets.<\/p>","protected":false},"featured_media":10609,"comment_status":"closed","ping_status":"closed","template":"","meta":{"_acf_changed":false},"product_brand":[],"product_cat":[51],"product_tag":[74],"class_list":{"0":"post-10602","1":"product","2":"type-product","3":"status-publish","4":"has-post-thumbnail","6":"product_cat-bathroom-accessories-wholesale","7":"product_tag-ceramic-bath-accessories-wholesale","9":"first","10":"instock","11":"shipping-taxable","12":"product-type-simple"},"acf":[],"_links":{"self":[{"href":"https:\/\/jinhuaceramic.com\/de\/wp-json\/wp\/v2\/product\/10602","targetHints":{"allow":["GET"]}}],"collection":[{"href":"https:\/\/jinhuaceramic.com\/de\/wp-json\/wp\/v2\/product"}],"about":[{"href":"https:\/\/jinhuaceramic.com\/de\/wp-json\/wp\/v2\/types\/product"}],"replies":[{"embeddable":true,"href":"https:\/\/jinhuaceramic.com\/de\/wp-json\/wp\/v2\/comments?post=10602"}],"version-history":[{"count":0,"href":"https:\/\/jinhuaceramic.com\/de\/wp-json\/wp\/v2\/product\/10602\/revisions"}],"wp:featuredmedia":[{"embeddable":true,"href":"https:\/\/jinhuaceramic.com\/de\/wp-json\/wp\/v2\/media\/10609"}],"wp:attachment":[{"href":"https:\/\/jinhuaceramic.com\/de\/wp-json\/wp\/v2\/media?parent=10602"}],"wp:term":[{"taxonomy":"product_brand","embeddable":true,"href":"https:\/\/jinhuaceramic.com\/de\/wp-json\/wp\/v2\/product_brand?post=10602"},{"taxonomy":"product_cat","embeddable":true,"href":"https:\/\/jinhuaceramic.com\/de\/wp-json\/wp\/v2\/product_cat?post=10602"},{"taxonomy":"product_tag","embeddable":true,"href":"https:\/\/jinhuaceramic.com\/de\/wp-json\/wp\/v2\/product_tag?post=10602"}],"curies":[{"name":"wp","href":"https:\/\/api.w.org\/{rel}","templated":true}]}}