{"id":10622,"date":"2025-10-16T07:31:49","date_gmt":"2025-10-16T07:31:49","guid":{"rendered":"https:\/\/jinhuaceramic.com\/?post_type=product&#038;p=10622"},"modified":"2025-10-16T07:31:52","modified_gmt":"2025-10-16T07:31:52","slug":"ceramic-bath-accessory-sets-wholesale","status":"publish","type":"product","link":"https:\/\/jinhuaceramic.com\/de\/product\/ceramic-bath-accessory-sets-wholesale\/","title":{"rendered":"Muschelform Keramik Bad Zubeh\u00f6r Sets Gro\u00dfhandel Lieferant"},"content":{"rendered":"<div class=\"wp-block-columns is-layout-flex wp-container-core-columns-is-layout-9d6595d7 wp-block-columns-is-layout-flex\">\n<div class=\"wp-block-column is-layout-flow wp-block-column-is-layout-flow\">\n<h3 class=\"wp-block-heading\">Premium Shell Form keramischen Bad Zubeh\u00f6r Sets Gro\u00dfhandel Features:<\/h3>\n\n\n\n<ul class=\"wp-block-list\">\n<li><strong>Einzigartige Form:<\/strong> Diese ma\u00dfgefertigten Badezimmersets weisen Muscheln als Designelemente auf, mit einzigartigen und innovativen f\u00e4cherf\u00f6rmigen Formen, die eine ozean\u00e4hnliche, nat\u00fcrliche und romantische Atmosph\u00e4re in den Badezimmerbereich bringen und k\u00fcnstlerische und lustige Elemente hinzuf\u00fcgen k\u00f6nnen.<\/li>\n\n\n\n<li><strong>Frische Farben:<\/strong> Diese keramischen Bad-Accessoire-Sets im Gro\u00dfhandel verwenden Wei\u00df als Grundfarbe und sind mit blauen Streifen verziert. Dieses traditionelle blau-wei\u00dfe Farbschema ist frisch, neu und elegant und bietet den Menschen eine saubere, aufger\u00e4umte und frische visuelle Pr\u00e4sentation, die dem Badezimmer ein Element im Meeresstil verleiht.<\/li>\n\n\n\n<li><strong>Hochwertiges Material:<\/strong> Die keramischen Badaccessoires werden aus hochwertiger Keramik hergestellt, die hart, verschlei\u00dffest und langlebig ist. Gleichzeitig ist die Keramikoberfl\u00e4che glatt, nicht leicht zu verschmutzen und leicht zu reinigen.<\/li>\n\n\n\n<li><strong>Hohe Praktikabilit\u00e4t: <\/strong>Es gibt verschiedene Arten von Gro\u00dfhandel Bad-Accessoires, wie Seifenflaschen, Zahnb\u00fcrstenhalter, Seifenschalen und Tabletts, die diese Bad-Sets, die die funktionalen Bed\u00fcrfnisse der Seife Lagerung und Toilettenartikel im Bad, so dass die Dinge mehr praktisch f\u00fcr die Nutzer das t\u00e4gliche Leben.<\/li>\n<\/ul>\n<\/div>\n\n\n\n<div class=\"wp-block-column is-layout-flow wp-block-column-is-layout-flow\">\n<figure class=\"wp-block-image size-full\"><img fetchpriority=\"high\" decoding=\"async\" width=\"640\" height=\"640\" src=\"https:\/\/jinhuaceramic.com\/wp-content\/uploads\/2025\/10\/Custom-Shell-Shape-Bathroom-Set-Wholesale-Ceramic-Bathroom-Accessories-Suppliers-2.webp\" alt=\"Muschelform-Keramik-Bad-Zubeh\u00f6r-Sets-Gro\u00dfhandel-Lieferant-2\" class=\"wp-image-10623\" srcset=\"https:\/\/jinhuaceramic.com\/wp-content\/uploads\/2025\/10\/Custom-Shell-Shape-Bathroom-Set-Wholesale-Ceramic-Bathroom-Accessories-Suppliers-2.webp 640w, https:\/\/jinhuaceramic.com\/wp-content\/uploads\/2025\/10\/Custom-Shell-Shape-Bathroom-Set-Wholesale-Ceramic-Bathroom-Accessories-Suppliers-2-300x300.webp 300w, https:\/\/jinhuaceramic.com\/wp-content\/uploads\/2025\/10\/Custom-Shell-Shape-Bathroom-Set-Wholesale-Ceramic-Bathroom-Accessories-Suppliers-2-150x150.webp 150w, https:\/\/jinhuaceramic.com\/wp-content\/uploads\/2025\/10\/Custom-Shell-Shape-Bathroom-Set-Wholesale-Ceramic-Bathroom-Accessories-Suppliers-2-12x12.webp 12w, https:\/\/jinhuaceramic.com\/wp-content\/uploads\/2025\/10\/Custom-Shell-Shape-Bathroom-Set-Wholesale-Ceramic-Bathroom-Accessories-Suppliers-2-285x285.webp 285w, https:\/\/jinhuaceramic.com\/wp-content\/uploads\/2025\/10\/Custom-Shell-Shape-Bathroom-Set-Wholesale-Ceramic-Bathroom-Accessories-Suppliers-2-270x270.webp 270w, https:\/\/jinhuaceramic.com\/wp-content\/uploads\/2025\/10\/Custom-Shell-Shape-Bathroom-Set-Wholesale-Ceramic-Bathroom-Accessories-Suppliers-2-540x540.webp 540w\" sizes=\"(max-width: 640px) 100vw, 640px\" \/><\/figure>\n<\/div>\n<\/div>","protected":false},"excerpt":{"rendered":"<p>Willkommen zum Kauf unserer keramischen Bad-Accessoire-Sets Gro\u00dfhandel. Die Vorteile dieser kundenspezifischen Badezimmersets sind die perfekte Kombination aus einzigartigen Muschelformen, frischen blauen und wei\u00dfen Farben, hervorragenden Materialien und vollst\u00e4ndiger Funktionalit\u00e4t. Diese Badezimmersets sind nicht nur praktische Badartikel, sondern auch Dekorationen, die den Geschmack und die Atmosph\u00e4re des Badezimmers verbessern k\u00f6nnen, was sie zu einer idealen Wahl f\u00fcr diejenigen macht, die einen hochwertigen Lebensstil verfolgen.<\/p>","protected":false},"featured_media":10627,"comment_status":"closed","ping_status":"closed","template":"","meta":{"_acf_changed":false},"product_brand":[],"product_cat":[51],"product_tag":[74],"class_list":{"0":"post-10622","1":"product","2":"type-product","3":"status-publish","4":"has-post-thumbnail","6":"product_cat-bathroom-accessories-wholesale","7":"product_tag-ceramic-bath-accessories-wholesale","9":"first","10":"instock","11":"shipping-taxable","12":"product-type-simple"},"acf":[],"_links":{"self":[{"href":"https:\/\/jinhuaceramic.com\/de\/wp-json\/wp\/v2\/product\/10622","targetHints":{"allow":["GET"]}}],"collection":[{"href":"https:\/\/jinhuaceramic.com\/de\/wp-json\/wp\/v2\/product"}],"about":[{"href":"https:\/\/jinhuaceramic.com\/de\/wp-json\/wp\/v2\/types\/product"}],"replies":[{"embeddable":true,"href":"https:\/\/jinhuaceramic.com\/de\/wp-json\/wp\/v2\/comments?post=10622"}],"version-history":[{"count":0,"href":"https:\/\/jinhuaceramic.com\/de\/wp-json\/wp\/v2\/product\/10622\/revisions"}],"wp:featuredmedia":[{"embeddable":true,"href":"https:\/\/jinhuaceramic.com\/de\/wp-json\/wp\/v2\/media\/10627"}],"wp:attachment":[{"href":"https:\/\/jinhuaceramic.com\/de\/wp-json\/wp\/v2\/media?parent=10622"}],"wp:term":[{"taxonomy":"product_brand","embeddable":true,"href":"https:\/\/jinhuaceramic.com\/de\/wp-json\/wp\/v2\/product_brand?post=10622"},{"taxonomy":"product_cat","embeddable":true,"href":"https:\/\/jinhuaceramic.com\/de\/wp-json\/wp\/v2\/product_cat?post=10622"},{"taxonomy":"product_tag","embeddable":true,"href":"https:\/\/jinhuaceramic.com\/de\/wp-json\/wp\/v2\/product_tag?post=10622"}],"curies":[{"name":"wp","href":"https:\/\/api.w.org\/{rel}","templated":true}]}}