{"id":10668,"date":"2025-10-16T03:37:14","date_gmt":"2025-10-16T03:37:14","guid":{"rendered":"https:\/\/jinhuaceramic.com\/?post_type=product&#038;p=10668"},"modified":"2025-10-16T03:37:16","modified_gmt":"2025-10-16T03:37:16","slug":"custom-bath-set-in-bulk","status":"publish","type":"product","link":"https:\/\/jinhuaceramic.com\/de\/product\/custom-bath-set-in-bulk\/","title":{"rendered":"Rustikales Badeset in loser Sch\u00fcttung, Seifenschale und Spender aus Keramik"},"content":{"rendered":"<div class=\"wp-block-columns is-layout-flex wp-container-core-columns-is-layout-9d6595d7 wp-block-columns-is-layout-flex\">\n<div class=\"wp-block-column is-layout-flow wp-block-column-is-layout-flow\">\n<h3 class=\"wp-block-heading\">Premium Rustic Custom Bath Set in Bulk Eigenschaften:<\/h3>\n\n\n\n<ul class=\"wp-block-list\">\n<li><strong>Rustikale Farben: <\/strong>Das ma\u00dfgefertigte Badeset in loser Sch\u00fcttung hat einen weichen, erdigen gelben Farbton, der ein warmes und gem\u00fctliches Gef\u00fchl vermittelt. Die Glasur ist au\u00dferdem mit unregelm\u00e4\u00dfigen, kleinen schwarzen Punkten verziert, die dem Produkt eine nat\u00fcrliche und rustikale Sch\u00f6nheit verleihen.<\/li>\n\n\n\n<li><strong>Besondere Textur:<\/strong> Jedes Produkt dieser ma\u00dfgefertigten Badewannengarnitur ist mit einer einzigartigen diagonalen Struktur versehen, die die Flachheit der \u00fcblichen Badezimmerprodukte durchbricht und dem Badezimmer ein k\u00fcnstlerisches und modisches Gef\u00fchl verleiht und somit zu einem dekorativen Schmuckst\u00fcck im Badezimmer wird.<\/li>\n\n\n\n<li><strong>Langlebiges Material:<\/strong> Das ma\u00dfgefertigte Badezimmerset wird aus hochwertigen keramischen Materialien hergestellt, die bei hoher Hitze gebrannt werden. Sie sind langlebig, robust, wasserdicht und feuchtigkeitsbest\u00e4ndig, was sie \u00e4u\u00dferst vielseitig f\u00fcr den Einsatz in feuchten Umgebungen wie Badezimmern macht.<\/li>\n\n\n\n<li><strong>Praktikabilit\u00e4t:<\/strong> Alle diese Sets von Badezimmerzubeh\u00f6r sind \u00e4u\u00dferst praktisch. Der Zahnb\u00fcrstenhalter kann Zahnb\u00fcrsten, Zahnpasta und andere K\u00f6rperpflegeartikel aufnehmen; der Seifenspender bewegt sich reibungslos und ist sehr bequem zu bedienen; die Seifenschale hat die Funktion der Abflussl\u00f6cher, die in der Lage ist, das Seifenwasser besser ablaufen zu lassen und zu verhindern, dass es aufweicht.<\/li>\n<\/ul>\n<\/div>\n\n\n\n<div class=\"wp-block-column is-layout-flow wp-block-column-is-layout-flow\">\n<figure class=\"wp-block-image size-full\"><img fetchpriority=\"high\" decoding=\"async\" width=\"810\" height=\"702\" src=\"https:\/\/jinhuaceramic.com\/wp-content\/uploads\/2025\/10\/Rustic-Bathroom-Accessories-Ceramic-Soap-Dispenser-and-Toothbrush-Holder-Set-5.webp\" alt=\"rustikales-massgeschneidertes-bad-set-in-bulk-keramik-seifen-abwasch-und-spender-5\" class=\"wp-image-10671\" srcset=\"https:\/\/jinhuaceramic.com\/wp-content\/uploads\/2025\/10\/Rustic-Bathroom-Accessories-Ceramic-Soap-Dispenser-and-Toothbrush-Holder-Set-5.webp 810w, https:\/\/jinhuaceramic.com\/wp-content\/uploads\/2025\/10\/Rustic-Bathroom-Accessories-Ceramic-Soap-Dispenser-and-Toothbrush-Holder-Set-5-300x260.webp 300w, https:\/\/jinhuaceramic.com\/wp-content\/uploads\/2025\/10\/Rustic-Bathroom-Accessories-Ceramic-Soap-Dispenser-and-Toothbrush-Holder-Set-5-768x666.webp 768w, https:\/\/jinhuaceramic.com\/wp-content\/uploads\/2025\/10\/Rustic-Bathroom-Accessories-Ceramic-Soap-Dispenser-and-Toothbrush-Holder-Set-5-14x12.webp 14w, https:\/\/jinhuaceramic.com\/wp-content\/uploads\/2025\/10\/Rustic-Bathroom-Accessories-Ceramic-Soap-Dispenser-and-Toothbrush-Holder-Set-5-285x247.webp 285w, https:\/\/jinhuaceramic.com\/wp-content\/uploads\/2025\/10\/Rustic-Bathroom-Accessories-Ceramic-Soap-Dispenser-and-Toothbrush-Holder-Set-5-660x572.webp 660w, https:\/\/jinhuaceramic.com\/wp-content\/uploads\/2025\/10\/Rustic-Bathroom-Accessories-Ceramic-Soap-Dispenser-and-Toothbrush-Holder-Set-5-150x130.webp 150w\" sizes=\"(max-width: 810px) 100vw, 810px\" \/><\/figure>\n<\/div>\n<\/div>\n\n\n\n<p><\/p>","protected":false},"excerpt":{"rendered":"<p>Willkommen zum Kauf dieser rustikalen benutzerdefinierten Bad-Set in der Masse umfasst einen Seifenspender, Zahnb\u00fcrstenhalter und Seifenschale, mit langlebigen hochgebrannten Keramik mit einem nat\u00fcrlichen matten Finish. Ideal f\u00fcr den Gro\u00dfhandel und OEM\/ODM-Anpassung, bringt es sch\u00f6ne visuelle Effekte im Bad und bietet eine bequeme und komfortable Benutzererfahrung.<\/p>","protected":false},"featured_media":10670,"comment_status":"closed","ping_status":"closed","template":"","meta":{"_acf_changed":false},"product_brand":[],"product_cat":[51],"product_tag":[74],"class_list":{"0":"post-10668","1":"product","2":"type-product","3":"status-publish","4":"has-post-thumbnail","6":"product_cat-bathroom-accessories-wholesale","7":"product_tag-ceramic-bath-accessories-wholesale","9":"first","10":"instock","11":"shipping-taxable","12":"product-type-simple"},"acf":[],"_links":{"self":[{"href":"https:\/\/jinhuaceramic.com\/de\/wp-json\/wp\/v2\/product\/10668","targetHints":{"allow":["GET"]}}],"collection":[{"href":"https:\/\/jinhuaceramic.com\/de\/wp-json\/wp\/v2\/product"}],"about":[{"href":"https:\/\/jinhuaceramic.com\/de\/wp-json\/wp\/v2\/types\/product"}],"replies":[{"embeddable":true,"href":"https:\/\/jinhuaceramic.com\/de\/wp-json\/wp\/v2\/comments?post=10668"}],"version-history":[{"count":0,"href":"https:\/\/jinhuaceramic.com\/de\/wp-json\/wp\/v2\/product\/10668\/revisions"}],"wp:featuredmedia":[{"embeddable":true,"href":"https:\/\/jinhuaceramic.com\/de\/wp-json\/wp\/v2\/media\/10670"}],"wp:attachment":[{"href":"https:\/\/jinhuaceramic.com\/de\/wp-json\/wp\/v2\/media?parent=10668"}],"wp:term":[{"taxonomy":"product_brand","embeddable":true,"href":"https:\/\/jinhuaceramic.com\/de\/wp-json\/wp\/v2\/product_brand?post=10668"},{"taxonomy":"product_cat","embeddable":true,"href":"https:\/\/jinhuaceramic.com\/de\/wp-json\/wp\/v2\/product_cat?post=10668"},{"taxonomy":"product_tag","embeddable":true,"href":"https:\/\/jinhuaceramic.com\/de\/wp-json\/wp\/v2\/product_tag?post=10668"}],"curies":[{"name":"wp","href":"https:\/\/api.w.org\/{rel}","templated":true}]}}