{"id":10737,"date":"2025-10-23T03:26:41","date_gmt":"2025-10-23T03:26:41","guid":{"rendered":"https:\/\/jinhuaceramic.com\/?post_type=product&#038;p=10737"},"modified":"2025-11-12T03:54:09","modified_gmt":"2025-11-12T03:54:09","slug":"3-piece-bakeware-set-wholesale","status":"publish","type":"product","link":"https:\/\/jinhuaceramic.com\/de\/product\/3-piece-bakeware-set-wholesale\/","title":{"rendered":"Orange 3-teilige Backformen Set Gro\u00dfhandel, Keramik-Backformen"},"content":{"rendered":"<div class=\"wp-block-columns is-layout-flex wp-container-core-columns-is-layout-9d6595d7 wp-block-columns-is-layout-flex\">\n<div class=\"wp-block-column is-layout-flow wp-block-column-is-layout-flow\">\n<h3 class=\"wp-block-heading\">Premium Orange 3-St\u00fcck Backformen Set Gro\u00dfhandel Eigenschaften:<\/h3>\n\n\n\n<ul class=\"wp-block-list\">\n<li><strong>Auff\u00e4llige Farbe:<\/strong> Dieses 3-teilige Gro\u00dfhandels-Backformen-Set hat eine lebendige orange Farbe mit unvorhersehbaren wei\u00dfen und schwarzen Flecken auf der Au\u00dfenfl\u00e4che, individuell und einzigartig, und kann leicht die Aufmerksamkeit auf sich ziehen, Energie und Leidenschaft in den Esstisch oder die K\u00fcche bringen und das Gef\u00fchl der Zeremonie beim Essen verst\u00e4rken.<\/li>\n\n\n\n<li><strong>Sicherheit und Gesundheit:<\/strong> Das 3-teilige Backformen-Set f\u00fcr den Gro\u00dfhandel besteht aus hochwertigem Keramikmaterial, das konstante chemische Eigenschaften aufweist und beim Backen mit hoher Hitze keine giftigen Elemente freisetzt, was die Sicherheit beim Kontakt mit Lebensmitteln gew\u00e4hrleistet und die Gesundheit der Benutzer sch\u00fctzt.<\/li>\n\n\n\n<li><strong>Verschiedene Gr\u00f6\u00dfen: <\/strong>Diese individuellen Keramik-Backformen-Sets umfassen 3 verschiedene Gr\u00f6\u00dfen von Backformen. Die kleine Backform eignet sich f\u00fcr die Zubereitung von Desserts oder Gerichten f\u00fcr eine Portion, w\u00e4hrend die gro\u00dfe Backform zum Grillen einer gro\u00dfen Menge an Zutaten f\u00fcr Familienfeiern verwendet werden kann, z. B. f\u00fcr ganze H\u00e4hnchen, Steaks usw.<\/li>\n\n\n\n<li><strong>Bequeme Griffe:<\/strong> Diese Gro\u00dfhandels-Keramik-Backformen sind mit breiten Griffen auf beiden Seiten ausgestattet, die das Herausnehmen der Backformen aus dem Ofen oder das Transportieren auf den Esstisch erleichtern und das Risiko von Verbrennungen verringern.<\/li>\n<\/ul>\n<\/div>\n\n\n\n<div class=\"wp-block-column is-layout-flow wp-block-column-is-layout-flow\">\n<figure class=\"wp-block-image size-full\"><img fetchpriority=\"high\" decoding=\"async\" width=\"1800\" height=\"1800\" src=\"https:\/\/jinhuaceramic.com\/wp-content\/uploads\/2025\/10\/Orange-3-Piece-Bakeware-Set-Ceramic-Custom-Baking-Dishes-Pans-Wholesale-6.webp\" alt=\"orange-3-teiliges-backformen-set-gro\u00dfhandel-individuelle-keramik-backformen-6\" class=\"wp-image-10742\" srcset=\"https:\/\/jinhuaceramic.com\/wp-content\/uploads\/2025\/10\/Orange-3-Piece-Bakeware-Set-Ceramic-Custom-Baking-Dishes-Pans-Wholesale-6.webp 1800w, https:\/\/jinhuaceramic.com\/wp-content\/uploads\/2025\/10\/Orange-3-Piece-Bakeware-Set-Ceramic-Custom-Baking-Dishes-Pans-Wholesale-6-300x300.webp 300w, https:\/\/jinhuaceramic.com\/wp-content\/uploads\/2025\/10\/Orange-3-Piece-Bakeware-Set-Ceramic-Custom-Baking-Dishes-Pans-Wholesale-6-150x150.webp 150w, https:\/\/jinhuaceramic.com\/wp-content\/uploads\/2025\/10\/Orange-3-Piece-Bakeware-Set-Ceramic-Custom-Baking-Dishes-Pans-Wholesale-6-768x768.webp 768w, https:\/\/jinhuaceramic.com\/wp-content\/uploads\/2025\/10\/Orange-3-Piece-Bakeware-Set-Ceramic-Custom-Baking-Dishes-Pans-Wholesale-6-12x12.webp 12w, https:\/\/jinhuaceramic.com\/wp-content\/uploads\/2025\/10\/Orange-3-Piece-Bakeware-Set-Ceramic-Custom-Baking-Dishes-Pans-Wholesale-6-285x285.webp 285w, https:\/\/jinhuaceramic.com\/wp-content\/uploads\/2025\/10\/Orange-3-Piece-Bakeware-Set-Ceramic-Custom-Baking-Dishes-Pans-Wholesale-6-1600x1600.webp 1600w, https:\/\/jinhuaceramic.com\/wp-content\/uploads\/2025\/10\/Orange-3-Piece-Bakeware-Set-Ceramic-Custom-Baking-Dishes-Pans-Wholesale-6-270x270.webp 270w, https:\/\/jinhuaceramic.com\/wp-content\/uploads\/2025\/10\/Orange-3-Piece-Bakeware-Set-Ceramic-Custom-Baking-Dishes-Pans-Wholesale-6-540x540.webp 540w, https:\/\/jinhuaceramic.com\/wp-content\/uploads\/2025\/10\/Orange-3-Piece-Bakeware-Set-Ceramic-Custom-Baking-Dishes-Pans-Wholesale-6-660x660.webp 660w\" sizes=\"(max-width: 1800px) 100vw, 1800px\" \/><\/figure>\n<\/div>\n<\/div>","protected":false},"excerpt":{"rendered":"<p>Willkommen zum Kauf dieses 3-teiligen Backformen-Sets im Gro\u00dfhandel. Die keramischen Backformen verf\u00fcgen \u00fcber modische Farben, gesunde und sichere Materialien, funktionelle Sets in verschiedenen Gr\u00f6\u00dfen und bequeme Griffe und sind somit ein ebenso n\u00fctzliches wie elegantes Kochutensil. Sie sind nicht nur ein unverzichtbares Backwerkzeug in der K\u00fcche, sondern k\u00f6nnen auch direkt als Tafelgeschirr auf dem Esstisch verwendet werden, um das Essvergn\u00fcgen zu steigern.<\/p>","protected":false},"featured_media":10743,"comment_status":"closed","ping_status":"closed","template":"","meta":{"_acf_changed":false},"product_brand":[],"product_cat":[53],"product_tag":[71],"class_list":{"0":"post-10737","1":"product","2":"type-product","3":"status-publish","4":"has-post-thumbnail","6":"product_cat-bakeware-in-bulk","7":"product_tag-wholesale-baking-pans","9":"first","10":"instock","11":"shipping-taxable","12":"product-type-simple"},"acf":[],"_links":{"self":[{"href":"https:\/\/jinhuaceramic.com\/de\/wp-json\/wp\/v2\/product\/10737","targetHints":{"allow":["GET"]}}],"collection":[{"href":"https:\/\/jinhuaceramic.com\/de\/wp-json\/wp\/v2\/product"}],"about":[{"href":"https:\/\/jinhuaceramic.com\/de\/wp-json\/wp\/v2\/types\/product"}],"replies":[{"embeddable":true,"href":"https:\/\/jinhuaceramic.com\/de\/wp-json\/wp\/v2\/comments?post=10737"}],"version-history":[{"count":0,"href":"https:\/\/jinhuaceramic.com\/de\/wp-json\/wp\/v2\/product\/10737\/revisions"}],"wp:featuredmedia":[{"embeddable":true,"href":"https:\/\/jinhuaceramic.com\/de\/wp-json\/wp\/v2\/media\/10743"}],"wp:attachment":[{"href":"https:\/\/jinhuaceramic.com\/de\/wp-json\/wp\/v2\/media?parent=10737"}],"wp:term":[{"taxonomy":"product_brand","embeddable":true,"href":"https:\/\/jinhuaceramic.com\/de\/wp-json\/wp\/v2\/product_brand?post=10737"},{"taxonomy":"product_cat","embeddable":true,"href":"https:\/\/jinhuaceramic.com\/de\/wp-json\/wp\/v2\/product_cat?post=10737"},{"taxonomy":"product_tag","embeddable":true,"href":"https:\/\/jinhuaceramic.com\/de\/wp-json\/wp\/v2\/product_tag?post=10737"}],"curies":[{"name":"wp","href":"https:\/\/api.w.org\/{rel}","templated":true}]}}