{"id":10805,"date":"2025-10-30T03:55:45","date_gmt":"2025-10-30T03:55:45","guid":{"rendered":"https:\/\/jinhuaceramic.com\/?post_type=product&#038;p=10805"},"modified":"2025-10-30T03:55:48","modified_gmt":"2025-10-30T03:55:48","slug":"gray-bathroom-set-wholesale","status":"publish","type":"product","link":"https:\/\/jinhuaceramic.com\/de\/product\/gray-bathroom-set-wholesale\/","title":{"rendered":"Graues Badezimmer-Set Gro\u00dfhandel, Hotel Badezimmer-Zubeh\u00f6r Versorgung"},"content":{"rendered":"<div class=\"wp-block-columns is-layout-flex wp-container-core-columns-is-layout-9d6595d7 wp-block-columns-is-layout-flex\">\n<div class=\"wp-block-column is-layout-flow wp-block-column-is-layout-flow\">\n<h3 class=\"wp-block-heading\">Premium Rustikales Graues Badezimmer Set Gro\u00dfhandel Eigenschaften:<\/h3>\n\n\n\n<ul class=\"wp-block-list\">\n<li><strong>Rustikales Design:<\/strong> Dieses graue Badezimmerset im Gro\u00dfhandel ist in der Farbe Grau gehalten, einer neutralen Farbe, die sich in verschiedene Badezimmerdekorationsstile einf\u00fcgen kann. Mit kleinen unregelm\u00e4\u00dfigen Flecken und flachen horizontalen Streifen Texturen auf der Oberfl\u00e4che des Produkts, die das Produkt f\u00fchlen sich nat\u00fcrlich und rustikal macht, gibt es das Produkt ein kunstvolles Design statt langweilig.<\/li>\n\n\n\n<li><strong>Vollst\u00e4ndiger Satz: <\/strong>Dieses graue Bad-Set Gro\u00dfhandel und ist ein komplettes Set von Bad-Accessoires, die Seifenspender, Zahnb\u00fcrstenhalter, Tissue-Boxen, Lagerung Gl\u00e4ser und Tabletts umfasst. Verschiedene Bad-Accessoires haben eine klare funktionale Aufteilung, die die verschiedenen Bed\u00fcrfnisse der t\u00e4glichen Lagerung und Pflege in Ihrem Bad unterbringen w\u00fcrde, so dass Sie Ihr Badezimmer Arbeitsplatte ordentlich und ordentlich zu halten.<\/li>\n\n\n\n<li><strong>Langlebiges Material:<\/strong> Diese ma\u00dfgefertigten Badezimmersets werden aus hochwertigen keramischen Materialien hergestellt, die eine gute Verschlei\u00dffestigkeit und Korrosionsbest\u00e4ndigkeit aufweisen, dem Test der feuchten Badezimmerumgebung standhalten und eine lange Lebensdauer haben.<\/li>\n\n\n\n<li><strong>Umweltfreundlich und gesund:<\/strong> Diese keramischen Badezimmersets f\u00fcr den Gro\u00dfhandel setzen bei der Herstellung und beim Gebrauch keine sch\u00e4dlichen Chemikalien frei, stellen keine Gefahr f\u00fcr die menschliche Gesundheit dar, sind sicher und zuverl\u00e4ssig in der Anwendung und k\u00f6nnen im Sinne des Umweltschutzes wiederverwendet werden.<\/li>\n<\/ul>\n<\/div>\n\n\n\n<div class=\"wp-block-column is-layout-flow wp-block-column-is-layout-flow\">\n<figure class=\"wp-block-image size-full\"><img fetchpriority=\"high\" decoding=\"async\" width=\"1200\" height=\"1080\" src=\"https:\/\/jinhuaceramic.com\/wp-content\/uploads\/2025\/10\/Rustic-Gray-Custom-Bathroom-Set-Ceramic-Hotel-Bathroom-Accessory-Supplies-2.webp\" alt=\"graues-bad-set-gro\u00dfhandel-hotel-bad-zubeh\u00f6r-lieferungen-2\" class=\"wp-image-10806\" srcset=\"https:\/\/jinhuaceramic.com\/wp-content\/uploads\/2025\/10\/Rustic-Gray-Custom-Bathroom-Set-Ceramic-Hotel-Bathroom-Accessory-Supplies-2.webp 1200w, https:\/\/jinhuaceramic.com\/wp-content\/uploads\/2025\/10\/Rustic-Gray-Custom-Bathroom-Set-Ceramic-Hotel-Bathroom-Accessory-Supplies-2-300x270.webp 300w, https:\/\/jinhuaceramic.com\/wp-content\/uploads\/2025\/10\/Rustic-Gray-Custom-Bathroom-Set-Ceramic-Hotel-Bathroom-Accessory-Supplies-2-768x691.webp 768w, https:\/\/jinhuaceramic.com\/wp-content\/uploads\/2025\/10\/Rustic-Gray-Custom-Bathroom-Set-Ceramic-Hotel-Bathroom-Accessory-Supplies-2-13x12.webp 13w, https:\/\/jinhuaceramic.com\/wp-content\/uploads\/2025\/10\/Rustic-Gray-Custom-Bathroom-Set-Ceramic-Hotel-Bathroom-Accessory-Supplies-2-285x257.webp 285w, https:\/\/jinhuaceramic.com\/wp-content\/uploads\/2025\/10\/Rustic-Gray-Custom-Bathroom-Set-Ceramic-Hotel-Bathroom-Accessory-Supplies-2-660x594.webp 660w, https:\/\/jinhuaceramic.com\/wp-content\/uploads\/2025\/10\/Rustic-Gray-Custom-Bathroom-Set-Ceramic-Hotel-Bathroom-Accessory-Supplies-2-150x135.webp 150w\" sizes=\"(max-width: 1200px) 100vw, 1200px\" \/><\/figure>\n<\/div>\n<\/div>","protected":false},"excerpt":{"rendered":"<p>Willkommen zum Kauf unserer grauen Badezimmer-Sets im Gro\u00dfhandel, die f\u00fcr Hotels, Resorts und Heimdekor-Projekte entwickelt wurden. Diese benutzerdefinierte Bad-Sets sind nicht nur gut konzipiert und praktisch in Bezug auf Nutzen, Funktion, Materialien und \u00e4hnliche Fronten umgesetzt, aber sie verbessern auch den Charakter und die Sch\u00f6nheit des Badezimmers. Erh\u00e4ltlich f\u00fcr den Gro\u00dfhandel und als Sonderanfertigung f\u00fcr Ihre Marke oder Ihre Bed\u00fcrfnisse im Gastgewerbe.<\/p>","protected":false},"featured_media":10807,"comment_status":"closed","ping_status":"closed","template":"","meta":{"_acf_changed":false},"product_brand":[],"product_cat":[51],"product_tag":[74],"class_list":{"0":"post-10805","1":"product","2":"type-product","3":"status-publish","4":"has-post-thumbnail","6":"product_cat-bathroom-accessories-wholesale","7":"product_tag-ceramic-bath-accessories-wholesale","9":"first","10":"instock","11":"shipping-taxable","12":"product-type-simple"},"acf":[],"_links":{"self":[{"href":"https:\/\/jinhuaceramic.com\/de\/wp-json\/wp\/v2\/product\/10805","targetHints":{"allow":["GET"]}}],"collection":[{"href":"https:\/\/jinhuaceramic.com\/de\/wp-json\/wp\/v2\/product"}],"about":[{"href":"https:\/\/jinhuaceramic.com\/de\/wp-json\/wp\/v2\/types\/product"}],"replies":[{"embeddable":true,"href":"https:\/\/jinhuaceramic.com\/de\/wp-json\/wp\/v2\/comments?post=10805"}],"version-history":[{"count":0,"href":"https:\/\/jinhuaceramic.com\/de\/wp-json\/wp\/v2\/product\/10805\/revisions"}],"wp:featuredmedia":[{"embeddable":true,"href":"https:\/\/jinhuaceramic.com\/de\/wp-json\/wp\/v2\/media\/10807"}],"wp:attachment":[{"href":"https:\/\/jinhuaceramic.com\/de\/wp-json\/wp\/v2\/media?parent=10805"}],"wp:term":[{"taxonomy":"product_brand","embeddable":true,"href":"https:\/\/jinhuaceramic.com\/de\/wp-json\/wp\/v2\/product_brand?post=10805"},{"taxonomy":"product_cat","embeddable":true,"href":"https:\/\/jinhuaceramic.com\/de\/wp-json\/wp\/v2\/product_cat?post=10805"},{"taxonomy":"product_tag","embeddable":true,"href":"https:\/\/jinhuaceramic.com\/de\/wp-json\/wp\/v2\/product_tag?post=10805"}],"curies":[{"name":"wp","href":"https:\/\/api.w.org\/{rel}","templated":true}]}}