{"id":10822,"date":"2025-10-30T05:52:22","date_gmt":"2025-10-30T05:52:22","guid":{"rendered":"https:\/\/jinhuaceramic.com\/?post_type=product&#038;p=10822"},"modified":"2025-10-30T05:52:26","modified_gmt":"2025-10-30T05:52:26","slug":"custom-ceramic-baking-dish-set","status":"publish","type":"product","link":"https:\/\/jinhuaceramic.com\/de\/product\/custom-ceramic-baking-dish-set\/","title":{"rendered":"3-Teilige benutzerdefinierte Keramik-Backform Set, K\u00fcche Backformen Gro\u00dfhandel"},"content":{"rendered":"<div class=\"wp-block-columns is-layout-flex wp-container-core-columns-is-layout-9d6595d7 wp-block-columns-is-layout-flex\">\n<div class=\"wp-block-column is-layout-flow wp-block-column-is-layout-flow\">\n<h3 class=\"wp-block-heading\">Premium 3-Teilige benutzerdefinierte Keramik-Backform Set Features:<\/h3>\n\n\n\n<ul class=\"wp-block-list\">\n<li><strong>Eleganter Stil:<\/strong> Der dunkelgraue Hintergrund mit verschiedenen wei\u00dfen und schwarzen Flecken verleiht diesem individuellen Keramik-Backformen-Set einen einfachen, aber eleganten Stil, der unverwechselbar und bewusst ist und eine beruhigende, aber dennoch anregende Pr\u00e4senz in Ihre K\u00fcche bringt.<\/li>\n\n\n\n<li><strong>Ausgezeichnetes Material:<\/strong> Diese Gro\u00dfhandel Backformen sind aus nat\u00fcrlichen keramischen Material, das nicht auslaugen wird unsichere Chemikalien, und wird eine sichere Lebensmittelkontakt verwenden. Keramisches Material ist hitzebest\u00e4ndig, kann das Kochen in \u00d6fen und Mikrowellen widerstehen und ist nicht fadenscheinig oder schwer zu verformen leicht.<\/li>\n\n\n\n<li><strong>Verschiedene Gr\u00f6\u00dfen:<\/strong> Die Pakete mit ma\u00dfgeschneiderten Keramik-Backformen sind in drei Gr\u00f6\u00dfen erh\u00e4ltlich - gro\u00df, mittel und klein - um verschiedene Back- und Kochbed\u00fcrfnisse zu erf\u00fcllen, die Kocheffizienz zu maximieren und die Lagerung zu vereinfachen.<\/li>\n\n\n\n<li><strong>Aus dem Ofen auf den Tisch: <\/strong>Diese ma\u00dfgefertigten Keramik-Backformsets haben ein sch\u00f6nes und modisches Aussehen und leicht zu bewegende Griffe, so dass sie nicht nur praktische Backwerkzeuge sind, sondern auch Geschirr, das direkt auf dem Esstisch serviert werden kann und den Spa\u00df am Essen erh\u00f6ht.<\/li>\n<\/ul>\n<\/div>\n\n\n\n<div class=\"wp-block-column is-layout-flow wp-block-column-is-layout-flow\">\n<figure class=\"wp-block-image size-full\"><img fetchpriority=\"high\" decoding=\"async\" width=\"1800\" height=\"1800\" src=\"https:\/\/jinhuaceramic.com\/wp-content\/uploads\/2025\/10\/3-Piece-Custom-Baking-Dish-Set-Ceramic-Kitchen-Bakeware-Wholesale-3.webp\" alt=\"3-teiliges-Keramik-Backformen-Set-K\u00fcchen-Backformen-3\" class=\"wp-image-10824\" srcset=\"https:\/\/jinhuaceramic.com\/wp-content\/uploads\/2025\/10\/3-Piece-Custom-Baking-Dish-Set-Ceramic-Kitchen-Bakeware-Wholesale-3.webp 1800w, https:\/\/jinhuaceramic.com\/wp-content\/uploads\/2025\/10\/3-Piece-Custom-Baking-Dish-Set-Ceramic-Kitchen-Bakeware-Wholesale-3-300x300.webp 300w, https:\/\/jinhuaceramic.com\/wp-content\/uploads\/2025\/10\/3-Piece-Custom-Baking-Dish-Set-Ceramic-Kitchen-Bakeware-Wholesale-3-150x150.webp 150w, https:\/\/jinhuaceramic.com\/wp-content\/uploads\/2025\/10\/3-Piece-Custom-Baking-Dish-Set-Ceramic-Kitchen-Bakeware-Wholesale-3-768x768.webp 768w, https:\/\/jinhuaceramic.com\/wp-content\/uploads\/2025\/10\/3-Piece-Custom-Baking-Dish-Set-Ceramic-Kitchen-Bakeware-Wholesale-3-12x12.webp 12w, https:\/\/jinhuaceramic.com\/wp-content\/uploads\/2025\/10\/3-Piece-Custom-Baking-Dish-Set-Ceramic-Kitchen-Bakeware-Wholesale-3-285x285.webp 285w, https:\/\/jinhuaceramic.com\/wp-content\/uploads\/2025\/10\/3-Piece-Custom-Baking-Dish-Set-Ceramic-Kitchen-Bakeware-Wholesale-3-1600x1600.webp 1600w, https:\/\/jinhuaceramic.com\/wp-content\/uploads\/2025\/10\/3-Piece-Custom-Baking-Dish-Set-Ceramic-Kitchen-Bakeware-Wholesale-3-270x270.webp 270w, https:\/\/jinhuaceramic.com\/wp-content\/uploads\/2025\/10\/3-Piece-Custom-Baking-Dish-Set-Ceramic-Kitchen-Bakeware-Wholesale-3-540x540.webp 540w, https:\/\/jinhuaceramic.com\/wp-content\/uploads\/2025\/10\/3-Piece-Custom-Baking-Dish-Set-Ceramic-Kitchen-Bakeware-Wholesale-3-660x660.webp 660w\" sizes=\"(max-width: 1800px) 100vw, 1800px\" \/><\/figure>\n<\/div>\n<\/div>","protected":false},"excerpt":{"rendered":"<p>Willkommen zum Kauf unserer benutzerdefinierten Keramik-Backform Set, perfekt zum Backen, Servieren und Aufbewahren Ihrer Lieblingsgerichte. Diese Gro\u00dfhandel Backform Sets, mit ihren eleganten Au\u00dfendesign, gesund, sicher und hitzebest\u00e4ndig Materialien, praktische Kombinationen von mehreren Gr\u00f6\u00dfen und gute Lagerung Komfort, sind eine praktische und sch\u00f6ne Kochutensilien. Ideal f\u00fcr Gro\u00dfhandelsk\u00fcchenger\u00e4te, Restaurants und Marken, die ma\u00dfgeschneiderte Keramik-Backformen mit OEM\/ODM-Unterst\u00fctzung suchen, die ein gro\u00dfartiges Koch- und Esserlebnis bieten.<\/p>","protected":false},"featured_media":10827,"comment_status":"closed","ping_status":"closed","template":"","meta":{"_acf_changed":false},"product_brand":[],"product_cat":[53],"product_tag":[71],"class_list":{"0":"post-10822","1":"product","2":"type-product","3":"status-publish","4":"has-post-thumbnail","6":"product_cat-bakeware-in-bulk","7":"product_tag-wholesale-baking-pans","9":"first","10":"instock","11":"shipping-taxable","12":"product-type-simple"},"acf":[],"_links":{"self":[{"href":"https:\/\/jinhuaceramic.com\/de\/wp-json\/wp\/v2\/product\/10822","targetHints":{"allow":["GET"]}}],"collection":[{"href":"https:\/\/jinhuaceramic.com\/de\/wp-json\/wp\/v2\/product"}],"about":[{"href":"https:\/\/jinhuaceramic.com\/de\/wp-json\/wp\/v2\/types\/product"}],"replies":[{"embeddable":true,"href":"https:\/\/jinhuaceramic.com\/de\/wp-json\/wp\/v2\/comments?post=10822"}],"version-history":[{"count":0,"href":"https:\/\/jinhuaceramic.com\/de\/wp-json\/wp\/v2\/product\/10822\/revisions"}],"wp:featuredmedia":[{"embeddable":true,"href":"https:\/\/jinhuaceramic.com\/de\/wp-json\/wp\/v2\/media\/10827"}],"wp:attachment":[{"href":"https:\/\/jinhuaceramic.com\/de\/wp-json\/wp\/v2\/media?parent=10822"}],"wp:term":[{"taxonomy":"product_brand","embeddable":true,"href":"https:\/\/jinhuaceramic.com\/de\/wp-json\/wp\/v2\/product_brand?post=10822"},{"taxonomy":"product_cat","embeddable":true,"href":"https:\/\/jinhuaceramic.com\/de\/wp-json\/wp\/v2\/product_cat?post=10822"},{"taxonomy":"product_tag","embeddable":true,"href":"https:\/\/jinhuaceramic.com\/de\/wp-json\/wp\/v2\/product_tag?post=10822"}],"curies":[{"name":"wp","href":"https:\/\/api.w.org\/{rel}","templated":true}]}}