{"id":10853,"date":"2025-11-05T08:03:16","date_gmt":"2025-11-05T08:03:16","guid":{"rendered":"https:\/\/jinhuaceramic.com\/?post_type=product&#038;p=10853"},"modified":"2025-11-05T08:03:19","modified_gmt":"2025-11-05T08:03:19","slug":"bulk-ceramic-baking-dishes","status":"publish","type":"product","link":"https:\/\/jinhuaceramic.com\/de\/product\/bulk-ceramic-baking-dishes\/","title":{"rendered":"Factory Direct Bulk Keramik Backformen Steingut Backen Geschirr"},"content":{"rendered":"<div class=\"wp-block-columns is-layout-flex wp-container-core-columns-is-layout-9d6595d7 wp-block-columns-is-layout-flex\">\n<div class=\"wp-block-column is-layout-flow wp-block-column-is-layout-flow\">\n<h3 class=\"wp-block-heading\">Hochwertige Keramik-Backformen f\u00fcr gro\u00dfe Mengen Eigenschaften:<\/h3>\n\n\n\n<ul class=\"wp-block-list\">\n<li><strong>Einfach und vielseitig:<\/strong> Diese keramischen Backformen sind in reinem Wei\u00df gehalten, schlicht und elegant, sodass sie sich f\u00fcr verschiedene Dekorationen und Tischarrangements eignen. Die vertikale Struktur der Au\u00dfenseite sorgt f\u00fcr Bewegung und Dimension und verleiht ihnen einen raffinierten, sch\u00f6nen Look.<\/li>\n\n\n\n<li><strong>Mittlere Kapazit\u00e4t:<\/strong> Diese Backformen f\u00fcr den Gro\u00dfhandel haben ein Fassungsverm\u00f6gen von 28 Unzen und sind ideal f\u00fcr ein bis zwei Personen. Sie k\u00f6nnen zum Backen von pers\u00f6nlichen Desserts und Gerichten wie kleinen Kuchen, gebackenem Reis usw. verwendet werden, um den Kochbed\u00fcrfnissen kleiner Familien oder Einzelpersonen gerecht zu werden und Lebensmittelverschwendung zu vermeiden.<\/li>\n\n\n\n<li><strong>Gesundheit und Sicherheit:<\/strong> Diese gro\u00dfen Keramik-Auflaufformen bestehen aus hochtemperaturbest\u00e4ndiger Keramik, die bei hohen Temperaturen gebrannt wurde. Sie enthalten keine sch\u00e4dlichen Chemikalien und gehen keine chemischen Reaktionen mit Lebensmitteln ein.<\/li>\n\n\n\n<li><strong>Gleichm\u00e4\u00dfige Erw\u00e4rmung:<\/strong> Diese hochwertigen Backformen f\u00fcr den Gro\u00dfhandel verf\u00fcgen \u00fcber eine gute W\u00e4rmeleitf\u00e4higkeit, wodurch die Hitze w\u00e4hrend des Backvorgangs gleichm\u00e4\u00dfig verteilt wird. So wird ein lokales Anbrennen oder ein ungleichm\u00e4\u00dfiges Garen der Zutaten vermieden, wodurch der Geschmack und die Qualit\u00e4t der Speisen gew\u00e4hrleistet werden.<\/li>\n<\/ul>\n<\/div>\n\n\n\n<div class=\"wp-block-column is-layout-flow wp-block-column-is-layout-flow\">\n<figure class=\"wp-block-image size-full\"><img fetchpriority=\"high\" decoding=\"async\" width=\"2560\" height=\"2560\" src=\"https:\/\/jinhuaceramic.com\/wp-content\/uploads\/2025\/10\/White-Custom-Baking-Dishes-Wholesale-Ceramic-Kitchen-Food-Service-Baking-Pans.webp\" alt=\"Wei\u00dfe Backformen nach Ma\u00df, Gro\u00dfhandel Keramik K\u00fcchenbackformen f\u00fcr den Gastronomiebereich\" class=\"wp-image-10859\" srcset=\"https:\/\/jinhuaceramic.com\/wp-content\/uploads\/2025\/10\/White-Custom-Baking-Dishes-Wholesale-Ceramic-Kitchen-Food-Service-Baking-Pans.webp 2560w, https:\/\/jinhuaceramic.com\/wp-content\/uploads\/2025\/10\/White-Custom-Baking-Dishes-Wholesale-Ceramic-Kitchen-Food-Service-Baking-Pans-300x300.webp 300w, https:\/\/jinhuaceramic.com\/wp-content\/uploads\/2025\/10\/White-Custom-Baking-Dishes-Wholesale-Ceramic-Kitchen-Food-Service-Baking-Pans-150x150.webp 150w, https:\/\/jinhuaceramic.com\/wp-content\/uploads\/2025\/10\/White-Custom-Baking-Dishes-Wholesale-Ceramic-Kitchen-Food-Service-Baking-Pans-768x768.webp 768w, https:\/\/jinhuaceramic.com\/wp-content\/uploads\/2025\/10\/White-Custom-Baking-Dishes-Wholesale-Ceramic-Kitchen-Food-Service-Baking-Pans-12x12.webp 12w, https:\/\/jinhuaceramic.com\/wp-content\/uploads\/2025\/10\/White-Custom-Baking-Dishes-Wholesale-Ceramic-Kitchen-Food-Service-Baking-Pans-285x285.webp 285w, https:\/\/jinhuaceramic.com\/wp-content\/uploads\/2025\/10\/White-Custom-Baking-Dishes-Wholesale-Ceramic-Kitchen-Food-Service-Baking-Pans-1600x1600.webp 1600w, https:\/\/jinhuaceramic.com\/wp-content\/uploads\/2025\/10\/White-Custom-Baking-Dishes-Wholesale-Ceramic-Kitchen-Food-Service-Baking-Pans-270x270.webp 270w, https:\/\/jinhuaceramic.com\/wp-content\/uploads\/2025\/10\/White-Custom-Baking-Dishes-Wholesale-Ceramic-Kitchen-Food-Service-Baking-Pans-540x540.webp 540w, https:\/\/jinhuaceramic.com\/wp-content\/uploads\/2025\/10\/White-Custom-Baking-Dishes-Wholesale-Ceramic-Kitchen-Food-Service-Baking-Pans-660x660.webp 660w\" sizes=\"(max-width: 2560px) 100vw, 2560px\" \/><\/figure>\n<\/div>\n<\/div>","protected":false},"excerpt":{"rendered":"<p>Bei JINHUA finden Sie hochwertige Backformen f\u00fcr den Gro\u00dfhandel. Unsere wei\u00dfen Keramik-Backformen in Gro\u00dfpackungen haben ein moderates Fassungsverm\u00f6gen und zeichnen sich durch gleichm\u00e4\u00dfige Erw\u00e4rmung, Gesundheit und Sicherheit sowie \u00e4sthetisches Keramikmaterial aus. Diese Keramikprodukte verbinden Funktionalit\u00e4t und \u00c4sthetik.<\/p>","protected":false},"featured_media":10858,"comment_status":"closed","ping_status":"closed","template":"","meta":{"_acf_changed":false},"product_brand":[],"product_cat":[53],"product_tag":[71],"class_list":{"0":"post-10853","1":"product","2":"type-product","3":"status-publish","4":"has-post-thumbnail","6":"product_cat-bakeware-in-bulk","7":"product_tag-wholesale-baking-pans","9":"first","10":"instock","11":"shipping-taxable","12":"product-type-simple"},"acf":[],"_links":{"self":[{"href":"https:\/\/jinhuaceramic.com\/de\/wp-json\/wp\/v2\/product\/10853","targetHints":{"allow":["GET"]}}],"collection":[{"href":"https:\/\/jinhuaceramic.com\/de\/wp-json\/wp\/v2\/product"}],"about":[{"href":"https:\/\/jinhuaceramic.com\/de\/wp-json\/wp\/v2\/types\/product"}],"replies":[{"embeddable":true,"href":"https:\/\/jinhuaceramic.com\/de\/wp-json\/wp\/v2\/comments?post=10853"}],"version-history":[{"count":0,"href":"https:\/\/jinhuaceramic.com\/de\/wp-json\/wp\/v2\/product\/10853\/revisions"}],"wp:featuredmedia":[{"embeddable":true,"href":"https:\/\/jinhuaceramic.com\/de\/wp-json\/wp\/v2\/media\/10858"}],"wp:attachment":[{"href":"https:\/\/jinhuaceramic.com\/de\/wp-json\/wp\/v2\/media?parent=10853"}],"wp:term":[{"taxonomy":"product_brand","embeddable":true,"href":"https:\/\/jinhuaceramic.com\/de\/wp-json\/wp\/v2\/product_brand?post=10853"},{"taxonomy":"product_cat","embeddable":true,"href":"https:\/\/jinhuaceramic.com\/de\/wp-json\/wp\/v2\/product_cat?post=10853"},{"taxonomy":"product_tag","embeddable":true,"href":"https:\/\/jinhuaceramic.com\/de\/wp-json\/wp\/v2\/product_tag?post=10853"}],"curies":[{"name":"wp","href":"https:\/\/api.w.org\/{rel}","templated":true}]}}