{"id":10866,"date":"2025-11-05T07:33:06","date_gmt":"2025-11-05T07:33:06","guid":{"rendered":"https:\/\/jinhuaceramic.com\/?post_type=product&#038;p=10866"},"modified":"2025-11-05T07:33:10","modified_gmt":"2025-11-05T07:33:10","slug":"gray-bathroom-accessories-set-wholesale","status":"publish","type":"product","link":"https:\/\/jinhuaceramic.com\/de\/product\/gray-bathroom-accessories-set-wholesale\/","title":{"rendered":"4-teiliges graues Bad-Accessoires-Set Gro\u00dfhandel Versorgung"},"content":{"rendered":"<div class=\"wp-block-columns is-layout-flex wp-container-core-columns-is-layout-9d6595d7 wp-block-columns-is-layout-flex\">\n<div class=\"wp-block-column is-layout-flow wp-block-column-is-layout-flow\">\n<h3 class=\"wp-block-heading\">Premium Gray Bathroom Accessories Set Wholesale\u00a0Features:<\/h3>\n\n\n\n<ul class=\"wp-block-list\">\n<li><strong>Simple and Elegant: <\/strong>These gray bathroom accessories set wholesale have a rounded shape, with a light gray color tone and a glossy glaze. The style is simple and elegant, and can easily integrate into various bathroom decoration styles, adding a calm and high-end beauty to the bathroom.<\/li>\n\n\n\n<li><strong>Vollst\u00e4ndiger Satz: <\/strong>These wholesale bathroom sets include various bathroom accessories, meeting the daily needs of bathroom grooming and storage. The double grid toothbrush holder can hold multiple toothbrushes separately. The pump of the soap dispenser is easy to use and can easily squeeze out an appropriate amount of liquid.<\/li>\n\n\n\n<li><strong>Robust und langlebig: <\/strong>These gray bathroom accessories set wholesale are made of high-quality ceramics, with a hard texture and good wear resistance and corrosion resistance. They can withstand the humid environment of the bathroom and have a long service life.<\/li>\n\n\n\n<li><strong>Leicht zu reinigen: <\/strong>These ceramic wholesale bathroom sets have smooth glazed surfaces and are not easily stained. Even if they are stained with soap stains, scale, etc., they can be easily wiped clean with a damp cloth or rinsed with clean water to make them look as new as new.<\/li>\n<\/ul>\n<\/div>\n\n\n\n<div class=\"wp-block-column is-layout-flow wp-block-column-is-layout-flow\">\n<figure class=\"wp-block-image size-full\"><img fetchpriority=\"high\" decoding=\"async\" width=\"1200\" height=\"1200\" src=\"https:\/\/jinhuaceramic.com\/wp-content\/uploads\/2025\/10\/4-Piece-Gray-Bathroom-Accessories-Custom-Soap-Dispenser-and-Toothbrush-Holder-Set.webp\" alt=\"4-Teiliges-Graues-Badezimmer-Zubeh\u00f6r-Ma\u00dfgeschneiderter-Seifenspender-und-Zahnb\u00fcrstenhalter-Set\" class=\"wp-image-10871\" srcset=\"https:\/\/jinhuaceramic.com\/wp-content\/uploads\/2025\/10\/4-Piece-Gray-Bathroom-Accessories-Custom-Soap-Dispenser-and-Toothbrush-Holder-Set.webp 1200w, https:\/\/jinhuaceramic.com\/wp-content\/uploads\/2025\/10\/4-Piece-Gray-Bathroom-Accessories-Custom-Soap-Dispenser-and-Toothbrush-Holder-Set-300x300.webp 300w, https:\/\/jinhuaceramic.com\/wp-content\/uploads\/2025\/10\/4-Piece-Gray-Bathroom-Accessories-Custom-Soap-Dispenser-and-Toothbrush-Holder-Set-150x150.webp 150w, https:\/\/jinhuaceramic.com\/wp-content\/uploads\/2025\/10\/4-Piece-Gray-Bathroom-Accessories-Custom-Soap-Dispenser-and-Toothbrush-Holder-Set-768x768.webp 768w, https:\/\/jinhuaceramic.com\/wp-content\/uploads\/2025\/10\/4-Piece-Gray-Bathroom-Accessories-Custom-Soap-Dispenser-and-Toothbrush-Holder-Set-12x12.webp 12w, https:\/\/jinhuaceramic.com\/wp-content\/uploads\/2025\/10\/4-Piece-Gray-Bathroom-Accessories-Custom-Soap-Dispenser-and-Toothbrush-Holder-Set-285x285.webp 285w, https:\/\/jinhuaceramic.com\/wp-content\/uploads\/2025\/10\/4-Piece-Gray-Bathroom-Accessories-Custom-Soap-Dispenser-and-Toothbrush-Holder-Set-270x270.webp 270w, https:\/\/jinhuaceramic.com\/wp-content\/uploads\/2025\/10\/4-Piece-Gray-Bathroom-Accessories-Custom-Soap-Dispenser-and-Toothbrush-Holder-Set-540x540.webp 540w, https:\/\/jinhuaceramic.com\/wp-content\/uploads\/2025\/10\/4-Piece-Gray-Bathroom-Accessories-Custom-Soap-Dispenser-and-Toothbrush-Holder-Set-660x660.webp 660w\" sizes=\"(max-width: 1200px) 100vw, 1200px\" \/><\/figure>\n<\/div>\n<\/div>","protected":false},"excerpt":{"rendered":"<p>Find premium bulk supply bathroom sets. This 4-piece gray bathroom accessories set wholesale has a beautiful appearance, diverse and complete functions, durable and easy to clean.<\/p>","protected":false},"featured_media":10869,"comment_status":"closed","ping_status":"closed","template":"","meta":{"_acf_changed":false},"product_brand":[],"product_cat":[51],"product_tag":[74],"class_list":{"0":"post-10866","1":"product","2":"type-product","3":"status-publish","4":"has-post-thumbnail","6":"product_cat-bathroom-accessories-wholesale","7":"product_tag-ceramic-bath-accessories-wholesale","9":"first","10":"instock","11":"shipping-taxable","12":"product-type-simple"},"acf":[],"_links":{"self":[{"href":"https:\/\/jinhuaceramic.com\/de\/wp-json\/wp\/v2\/product\/10866","targetHints":{"allow":["GET"]}}],"collection":[{"href":"https:\/\/jinhuaceramic.com\/de\/wp-json\/wp\/v2\/product"}],"about":[{"href":"https:\/\/jinhuaceramic.com\/de\/wp-json\/wp\/v2\/types\/product"}],"replies":[{"embeddable":true,"href":"https:\/\/jinhuaceramic.com\/de\/wp-json\/wp\/v2\/comments?post=10866"}],"version-history":[{"count":0,"href":"https:\/\/jinhuaceramic.com\/de\/wp-json\/wp\/v2\/product\/10866\/revisions"}],"wp:featuredmedia":[{"embeddable":true,"href":"https:\/\/jinhuaceramic.com\/de\/wp-json\/wp\/v2\/media\/10869"}],"wp:attachment":[{"href":"https:\/\/jinhuaceramic.com\/de\/wp-json\/wp\/v2\/media?parent=10866"}],"wp:term":[{"taxonomy":"product_brand","embeddable":true,"href":"https:\/\/jinhuaceramic.com\/de\/wp-json\/wp\/v2\/product_brand?post=10866"},{"taxonomy":"product_cat","embeddable":true,"href":"https:\/\/jinhuaceramic.com\/de\/wp-json\/wp\/v2\/product_cat?post=10866"},{"taxonomy":"product_tag","embeddable":true,"href":"https:\/\/jinhuaceramic.com\/de\/wp-json\/wp\/v2\/product_tag?post=10866"}],"curies":[{"name":"wp","href":"https:\/\/api.w.org\/{rel}","templated":true}]}}