{"id":10883,"date":"2025-10-30T06:14:54","date_gmt":"2025-10-30T06:14:54","guid":{"rendered":"https:\/\/jinhuaceramic.com\/?post_type=product&#038;p=10883"},"modified":"2025-10-30T06:14:56","modified_gmt":"2025-10-30T06:14:56","slug":"wholesale-commercial-baking-pans","status":"publish","type":"product","link":"https:\/\/jinhuaceramic.com\/de\/product\/wholesale-commercial-baking-pans\/","title":{"rendered":"Fabrik Gro\u00dfhandel kommerziellen Backformen mit Diamant Textur"},"content":{"rendered":"<div class=\"wp-block-columns is-layout-flex wp-container-core-columns-is-layout-9d6595d7 wp-block-columns-is-layout-flex\">\n<div class=\"wp-block-column is-layout-flow wp-block-column-is-layout-flow\">\n<h3 class=\"wp-block-heading\">Premium Gro\u00dfhandel kommerzielle Backformen Eigenschaften:<\/h3>\n\n\n\n<ul class=\"wp-block-list\">\n<li><strong>Einzigartige Textur:<\/strong> Diese Backformen f\u00fcr den Gro\u00dfhandel sind reinwei\u00df, einfach und vielseitig. Die originelle Rautenstruktur macht die Oberfl\u00e4che der Backformen besonders taktil und visuell nuanciert, was den Backformen Eleganz verleiht und eine attraktive Dekoration in der K\u00fcche und auf dem Tisch darstellt.<\/li>\n\n\n\n<li><strong>Praktische Form:<\/strong> Diese Backformen f\u00fcr den Gro\u00dfhandel haben eine zeitlose rechteckige Form, die unendliche Backm\u00f6glichkeiten bietet. Die Griffe an beiden Seiten erleichtern die Handhabung und den Transport. Die Backformen lassen sich praktisch und platzsparend in K\u00fcchenschr\u00e4nken unterbringen, wenn nicht gebacken wird.<\/li>\n\n\n\n<li><strong>Verschiedene Gr\u00f6\u00dfen: <\/strong>Diese kundenspezifischen Keramik-Backformen-Sets umfassen 3 verschiedene Gr\u00f6\u00dfen von Backformen, die zum Backen verschiedener Portionen von Speisen verwendet werden k\u00f6nnen, z. B. f\u00fcr kleine Desserts, gro\u00dfe Gerichte f\u00fcr Familienfeiern usw. Sie bieten ein breites Spektrum an Einsatzm\u00f6glichkeiten und erf\u00fcllen die unterschiedlichsten Kochbed\u00fcrfnisse von Einzelpersonen bis hin zu Familien.<\/li>\n\n\n\n<li><strong>Langlebiges Material: <\/strong>Diese ma\u00dfgefertigten Auflaufformen werden aus hochwertigen keramischen Materialien hergestellt, die bei hohen Temperaturen gebrannt wurden. Sie haben eine gewisse H\u00e4rte, Verschlei\u00dffestigkeit, Kratzfestigkeit, sind nicht leicht zu besch\u00e4digen und haben eine lange Lebensdauer.<\/li>\n<\/ul>\n<\/div>\n\n\n\n<div class=\"wp-block-column is-layout-flow wp-block-column-is-layout-flow\">\n<figure class=\"wp-block-image size-full\"><img fetchpriority=\"high\" decoding=\"async\" width=\"2000\" height=\"2000\" src=\"https:\/\/jinhuaceramic.com\/wp-content\/uploads\/2025\/10\/Fine-China-Bakeware-Set-with-Diamond-Texture-Custom-Baking-Dishes-in-Bulk-5.webp\" alt=\"werk-gro\u00dfhandel-kommerzielle-backformen-mit-diamant-textur-5\" class=\"wp-image-10887\" srcset=\"https:\/\/jinhuaceramic.com\/wp-content\/uploads\/2025\/10\/Fine-China-Bakeware-Set-with-Diamond-Texture-Custom-Baking-Dishes-in-Bulk-5.webp 2000w, https:\/\/jinhuaceramic.com\/wp-content\/uploads\/2025\/10\/Fine-China-Bakeware-Set-with-Diamond-Texture-Custom-Baking-Dishes-in-Bulk-5-300x300.webp 300w, https:\/\/jinhuaceramic.com\/wp-content\/uploads\/2025\/10\/Fine-China-Bakeware-Set-with-Diamond-Texture-Custom-Baking-Dishes-in-Bulk-5-150x150.webp 150w, https:\/\/jinhuaceramic.com\/wp-content\/uploads\/2025\/10\/Fine-China-Bakeware-Set-with-Diamond-Texture-Custom-Baking-Dishes-in-Bulk-5-768x768.webp 768w, https:\/\/jinhuaceramic.com\/wp-content\/uploads\/2025\/10\/Fine-China-Bakeware-Set-with-Diamond-Texture-Custom-Baking-Dishes-in-Bulk-5-12x12.webp 12w, https:\/\/jinhuaceramic.com\/wp-content\/uploads\/2025\/10\/Fine-China-Bakeware-Set-with-Diamond-Texture-Custom-Baking-Dishes-in-Bulk-5-285x285.webp 285w, https:\/\/jinhuaceramic.com\/wp-content\/uploads\/2025\/10\/Fine-China-Bakeware-Set-with-Diamond-Texture-Custom-Baking-Dishes-in-Bulk-5-1600x1600.webp 1600w, https:\/\/jinhuaceramic.com\/wp-content\/uploads\/2025\/10\/Fine-China-Bakeware-Set-with-Diamond-Texture-Custom-Baking-Dishes-in-Bulk-5-270x270.webp 270w, https:\/\/jinhuaceramic.com\/wp-content\/uploads\/2025\/10\/Fine-China-Bakeware-Set-with-Diamond-Texture-Custom-Baking-Dishes-in-Bulk-5-540x540.webp 540w, https:\/\/jinhuaceramic.com\/wp-content\/uploads\/2025\/10\/Fine-China-Bakeware-Set-with-Diamond-Texture-Custom-Baking-Dishes-in-Bulk-5-660x660.webp 660w\" sizes=\"(max-width: 2000px) 100vw, 2000px\" \/><\/figure>\n<\/div>\n<\/div>","protected":false},"excerpt":{"rendered":"<p>Willkommen zum Kauf dieser Gro\u00dfhandel kommerziellen Backformen mit einzigartigen Textur-Design, praktische Form, breite Anwendungsszenarien, und gute Haltbarkeit. Hergestellt aus langlebigen Materialien mit einer einzigartigen diamantstrukturierten Oberfl\u00e4che, gew\u00e4hrleisten diese Backformen eine gleichm\u00e4\u00dfige W\u00e4rmeverteilung, Antihaftwirkung und verbesserte Festigkeit. Perfekt zum Backen von Brot, Kuchen, Geb\u00e4ck und mehr in der Massenproduktion.<\/p>","protected":false},"featured_media":10888,"comment_status":"closed","ping_status":"closed","template":"","meta":{"_acf_changed":false},"product_brand":[],"product_cat":[53],"product_tag":[71],"class_list":{"0":"post-10883","1":"product","2":"type-product","3":"status-publish","4":"has-post-thumbnail","6":"product_cat-bakeware-in-bulk","7":"product_tag-wholesale-baking-pans","9":"first","10":"instock","11":"shipping-taxable","12":"product-type-simple"},"acf":[],"_links":{"self":[{"href":"https:\/\/jinhuaceramic.com\/de\/wp-json\/wp\/v2\/product\/10883","targetHints":{"allow":["GET"]}}],"collection":[{"href":"https:\/\/jinhuaceramic.com\/de\/wp-json\/wp\/v2\/product"}],"about":[{"href":"https:\/\/jinhuaceramic.com\/de\/wp-json\/wp\/v2\/types\/product"}],"replies":[{"embeddable":true,"href":"https:\/\/jinhuaceramic.com\/de\/wp-json\/wp\/v2\/comments?post=10883"}],"version-history":[{"count":0,"href":"https:\/\/jinhuaceramic.com\/de\/wp-json\/wp\/v2\/product\/10883\/revisions"}],"wp:featuredmedia":[{"embeddable":true,"href":"https:\/\/jinhuaceramic.com\/de\/wp-json\/wp\/v2\/media\/10888"}],"wp:attachment":[{"href":"https:\/\/jinhuaceramic.com\/de\/wp-json\/wp\/v2\/media?parent=10883"}],"wp:term":[{"taxonomy":"product_brand","embeddable":true,"href":"https:\/\/jinhuaceramic.com\/de\/wp-json\/wp\/v2\/product_brand?post=10883"},{"taxonomy":"product_cat","embeddable":true,"href":"https:\/\/jinhuaceramic.com\/de\/wp-json\/wp\/v2\/product_cat?post=10883"},{"taxonomy":"product_tag","embeddable":true,"href":"https:\/\/jinhuaceramic.com\/de\/wp-json\/wp\/v2\/product_tag?post=10883"}],"curies":[{"name":"wp","href":"https:\/\/api.w.org\/{rel}","templated":true}]}}