{"id":10971,"date":"2025-11-06T10:37:46","date_gmt":"2025-11-06T10:37:46","guid":{"rendered":"https:\/\/jinhuaceramic.com\/?post_type=product&#038;p=10971"},"modified":"2025-11-06T10:37:50","modified_gmt":"2025-11-06T10:37:50","slug":"custom-ceramic-kitchen-baking-pans","status":"publish","type":"product","link":"https:\/\/jinhuaceramic.com\/de\/product\/custom-ceramic-kitchen-baking-pans\/","title":{"rendered":"Custom Keramik K\u00fcche Backformen, Antihaft-Backformen Bulk"},"content":{"rendered":"<div class=\"wp-block-columns is-layout-flex wp-container-core-columns-is-layout-9d6595d7 wp-block-columns-is-layout-flex\">\n<div class=\"wp-block-column is-layout-flow wp-block-column-is-layout-flow\">\n<h3 class=\"wp-block-heading\">Premium Custom Ceramic Kitchen Backformen Eigenschaften:<\/h3>\n\n\n\n<ul class=\"wp-block-list\">\n<li><strong>Stilvolles Design:<\/strong> Diese beigefarbenen Keramik-Backformen bieten eine warme und vielseitige Farbpalette, die zu einer Vielzahl von K\u00fcchenstilen und -utensilien passt. Die Au\u00dfenwand der Backform ist mit einer schr\u00e4gen Struktur versehen, die f\u00fcr eine optische Schichtung und ein k\u00fcnstlerisches Detail sorgt und somit der K\u00fcche einen eleganten Touch verleiht.<\/li>\n\n\n\n<li><strong>Bequeme Kapazit\u00e4t: <\/strong>Die klassische rechteckige Form und die moderate Gr\u00f6\u00dfe der ma\u00dfgeschneiderten Keramik-Backformen f\u00fcr die K\u00fcche bieten einen gro\u00dfen Innenraum und eine gro\u00dfe H\u00f6he, die sich ideal zum Backen von Lasagne, Gem\u00fcse, Fleisch, Geb\u00e4ck usw. eignen und beim t\u00e4glichen Kochen oder bei kleinen Zusammenk\u00fcnften zu Hause helfen.<\/li>\n\n\n\n<li><strong>Gleichm\u00e4\u00dfige Erw\u00e4rmung:<\/strong> Diese Gro\u00dfhandels-Backformen bestehen aus hochwertigem Keramikmaterial und verf\u00fcgen \u00fcber eine gute Leitf\u00e4higkeit, was bedeutet, dass sie die Lebensmittel gleichm\u00e4\u00dfig erhitzen k\u00f6nnen, w\u00e4hrend sie sie in den Ofen stellen, so dass Sie vermeiden k\u00f6nnen, dass eine Stelle verbrannt wird und andere Stellen nicht gar werden, was den Geschmack der Lebensmittel ruinieren kann.<\/li>\n\n\n\n<li><strong>Leicht zu reinigen:<\/strong> Diese Gro\u00dfhandel Backformen sind benutzerdefinierte Keramik Gerichte gemacht und haben sehr glatte Glasur Oberfl\u00e4chen und wird nicht leicht auf Lebensmittel Bits haften. Sehr leicht zu reinigen, die mit nur regelm\u00e4\u00dfige Sp\u00fclmittel und einem Schwamm ausgesp\u00fclt werden kann, sparen Sie Zeit und Energie zu reinigen.<\/li>\n<\/ul>\n<\/div>\n\n\n\n<div class=\"wp-block-column is-layout-flow wp-block-column-is-layout-flow\">\n<figure class=\"wp-block-image size-full\"><img fetchpriority=\"high\" decoding=\"async\" width=\"1600\" height=\"1600\" src=\"https:\/\/jinhuaceramic.com\/wp-content\/uploads\/2025\/11\/Nonstick-Custom-Baking-Dishes-Ceramic-Kitchen-Food-Service-Baking-Pans-Wholesale-5.webp\" alt=\"keramik-k\u00fcchen-backformen-ohne-stick-backformen-5\" class=\"wp-image-10975\" srcset=\"https:\/\/jinhuaceramic.com\/wp-content\/uploads\/2025\/11\/Nonstick-Custom-Baking-Dishes-Ceramic-Kitchen-Food-Service-Baking-Pans-Wholesale-5.webp 1600w, https:\/\/jinhuaceramic.com\/wp-content\/uploads\/2025\/11\/Nonstick-Custom-Baking-Dishes-Ceramic-Kitchen-Food-Service-Baking-Pans-Wholesale-5-300x300.webp 300w, https:\/\/jinhuaceramic.com\/wp-content\/uploads\/2025\/11\/Nonstick-Custom-Baking-Dishes-Ceramic-Kitchen-Food-Service-Baking-Pans-Wholesale-5-150x150.webp 150w, https:\/\/jinhuaceramic.com\/wp-content\/uploads\/2025\/11\/Nonstick-Custom-Baking-Dishes-Ceramic-Kitchen-Food-Service-Baking-Pans-Wholesale-5-768x768.webp 768w, https:\/\/jinhuaceramic.com\/wp-content\/uploads\/2025\/11\/Nonstick-Custom-Baking-Dishes-Ceramic-Kitchen-Food-Service-Baking-Pans-Wholesale-5-12x12.webp 12w, https:\/\/jinhuaceramic.com\/wp-content\/uploads\/2025\/11\/Nonstick-Custom-Baking-Dishes-Ceramic-Kitchen-Food-Service-Baking-Pans-Wholesale-5-285x285.webp 285w, https:\/\/jinhuaceramic.com\/wp-content\/uploads\/2025\/11\/Nonstick-Custom-Baking-Dishes-Ceramic-Kitchen-Food-Service-Baking-Pans-Wholesale-5-270x270.webp 270w, https:\/\/jinhuaceramic.com\/wp-content\/uploads\/2025\/11\/Nonstick-Custom-Baking-Dishes-Ceramic-Kitchen-Food-Service-Baking-Pans-Wholesale-5-540x540.webp 540w, https:\/\/jinhuaceramic.com\/wp-content\/uploads\/2025\/11\/Nonstick-Custom-Baking-Dishes-Ceramic-Kitchen-Food-Service-Baking-Pans-Wholesale-5-660x660.webp 660w\" sizes=\"(max-width: 1600px) 100vw, 1600px\" \/><\/figure>\n<\/div>\n<\/div>","protected":false},"excerpt":{"rendered":"<p>Willkommen zu kaufen diese benutzerdefinierte Keramik K\u00fcche Backformen ist f\u00fcr professionelle Backen und kommerziellen Einsatz konzipiert. Mit seiner Antihaftbeschichtung und Hochtemperatur, langlebige Keramik, ist es entworfen, um gleichm\u00e4\u00dfige W\u00e4rme zu verteilen und ist leicht zu reinigen. Ideal f\u00fcr Restaurants, Quellen f\u00fcr Gro\u00dfbestellungen, und die K\u00fcche Marke, kann es durch OEM \/ ODM Anpassung f\u00fcr Markenartikel unterst\u00fctzt werden.<\/p>","protected":false},"featured_media":10977,"comment_status":"closed","ping_status":"closed","template":"","meta":{"_acf_changed":false},"product_brand":[],"product_cat":[53],"product_tag":[71],"class_list":{"0":"post-10971","1":"product","2":"type-product","3":"status-publish","4":"has-post-thumbnail","6":"product_cat-bakeware-in-bulk","7":"product_tag-wholesale-baking-pans","9":"first","10":"instock","11":"shipping-taxable","12":"product-type-simple"},"acf":[],"_links":{"self":[{"href":"https:\/\/jinhuaceramic.com\/de\/wp-json\/wp\/v2\/product\/10971","targetHints":{"allow":["GET"]}}],"collection":[{"href":"https:\/\/jinhuaceramic.com\/de\/wp-json\/wp\/v2\/product"}],"about":[{"href":"https:\/\/jinhuaceramic.com\/de\/wp-json\/wp\/v2\/types\/product"}],"replies":[{"embeddable":true,"href":"https:\/\/jinhuaceramic.com\/de\/wp-json\/wp\/v2\/comments?post=10971"}],"version-history":[{"count":0,"href":"https:\/\/jinhuaceramic.com\/de\/wp-json\/wp\/v2\/product\/10971\/revisions"}],"wp:featuredmedia":[{"embeddable":true,"href":"https:\/\/jinhuaceramic.com\/de\/wp-json\/wp\/v2\/media\/10977"}],"wp:attachment":[{"href":"https:\/\/jinhuaceramic.com\/de\/wp-json\/wp\/v2\/media?parent=10971"}],"wp:term":[{"taxonomy":"product_brand","embeddable":true,"href":"https:\/\/jinhuaceramic.com\/de\/wp-json\/wp\/v2\/product_brand?post=10971"},{"taxonomy":"product_cat","embeddable":true,"href":"https:\/\/jinhuaceramic.com\/de\/wp-json\/wp\/v2\/product_cat?post=10971"},{"taxonomy":"product_tag","embeddable":true,"href":"https:\/\/jinhuaceramic.com\/de\/wp-json\/wp\/v2\/product_tag?post=10971"}],"curies":[{"name":"wp","href":"https:\/\/api.w.org\/{rel}","templated":true}]}}