{"id":11002,"date":"2025-11-13T02:51:17","date_gmt":"2025-11-13T02:51:17","guid":{"rendered":"https:\/\/jinhuaceramic.com\/?post_type=product&#038;p=11002"},"modified":"2025-11-13T02:51:19","modified_gmt":"2025-11-13T02:51:19","slug":"bathroom-accessory-set-wholesale","status":"publish","type":"product","link":"https:\/\/jinhuaceramic.com\/de\/product\/bathroom-accessory-set-wholesale\/","title":{"rendered":"Beige Badezimmer-Zubeh\u00f6r-Set Gro\u00dfhandel, Hotel Badezimmer-Set"},"content":{"rendered":"<div class=\"wp-block-columns is-layout-flex wp-container-core-columns-is-layout-9d6595d7 wp-block-columns-is-layout-flex\">\n<div class=\"wp-block-column is-layout-flow wp-block-column-is-layout-flow\">\n<h3 class=\"wp-block-heading\">Premium Beige Bad-Accessoires Set Gro\u00dfhandel Eigenschaften:<\/h3>\n\n\n\n<ul class=\"wp-block-list\">\n<li><strong>Modernes Design:<\/strong> Diese ma\u00dfgefertigten Badezimmersets pr\u00e4sentieren einen einfachen und modernen Stil mit einem sanften Beigeton als Hauptthema, gepaart mit einer schwarzen Seifenflaschenpumpe, die einen einfachen, aber exquisiten visuellen Effekt erzeugt, der mit verschiedenen Badezimmerdekorationsstilen kombiniert werden kann.<\/li>\n\n\n\n<li><strong>Vollst\u00e4ndiger Satz:<\/strong> Dieses Badezimmer-Accessoire-Set f\u00fcr den Gro\u00dfhandel umfasst einen Seifenspender, einen Zahnb\u00fcrstenhalter, ein Watted\u00f6schen und eine Seifenschale, die alle Arten des t\u00e4glichen Bedarfs im Badezimmer befriedigen k\u00f6nnen, einschlie\u00dflich der Aufbewahrung von Seife, Toilettenartikeln und Fl\u00fcssigseife. Jedes einzelne Teil hat eine bestimmte Funktion und ist einfach zu benutzen.<\/li>\n\n\n\n<li><strong>Langlebiges Material: <\/strong>Dieses Bad-Accessoires-Set f\u00fcr den Gro\u00dfhandel besteht aus hochwertiger Keramik, die bei hohen Temperaturen gebrannt wird. Dadurch entsteht eine glatte und zarte Oberfl\u00e4che, die wasserfest, schimmelfest und leicht zu reinigen ist.<\/li>\n\n\n\n<li><strong>Geeignet f\u00fcr Hotels und Pensionen:<\/strong> Diese benutzerdefinierten Keramik-Badezimmer-Sets sind aus nat\u00fcrlichen Materialien f\u00fcr den sicheren Gebrauch und zuverl\u00e4ssigen t\u00e4glichen Gebrauch gemacht. Insgesamt exquisite und High-End-Design, die Verbesserung der Stil des Badezimmers durch die Schaffung von High-End-Installation. Ideal f\u00fcr gehobene Hotels, Pensionen und Residenzen.<\/li>\n<\/ul>\n<\/div>\n\n\n\n<div class=\"wp-block-column is-layout-flow wp-block-column-is-layout-flow\">\n<figure class=\"wp-block-image size-full\"><img fetchpriority=\"high\" decoding=\"async\" width=\"1024\" height=\"1024\" src=\"https:\/\/jinhuaceramic.com\/wp-content\/uploads\/2025\/11\/Beige-Modern-Ceramic-Bathroom-Set-Wholesale-Hotel-Bathroom-Accessories-4.webp\" alt=\"beige-badezimmer-zubeh\u00f6r-set-grosshandel-hotel-4\" class=\"wp-image-11005\" srcset=\"https:\/\/jinhuaceramic.com\/wp-content\/uploads\/2025\/11\/Beige-Modern-Ceramic-Bathroom-Set-Wholesale-Hotel-Bathroom-Accessories-4.webp 1024w, https:\/\/jinhuaceramic.com\/wp-content\/uploads\/2025\/11\/Beige-Modern-Ceramic-Bathroom-Set-Wholesale-Hotel-Bathroom-Accessories-4-300x300.webp 300w, https:\/\/jinhuaceramic.com\/wp-content\/uploads\/2025\/11\/Beige-Modern-Ceramic-Bathroom-Set-Wholesale-Hotel-Bathroom-Accessories-4-150x150.webp 150w, https:\/\/jinhuaceramic.com\/wp-content\/uploads\/2025\/11\/Beige-Modern-Ceramic-Bathroom-Set-Wholesale-Hotel-Bathroom-Accessories-4-768x768.webp 768w, https:\/\/jinhuaceramic.com\/wp-content\/uploads\/2025\/11\/Beige-Modern-Ceramic-Bathroom-Set-Wholesale-Hotel-Bathroom-Accessories-4-12x12.webp 12w, https:\/\/jinhuaceramic.com\/wp-content\/uploads\/2025\/11\/Beige-Modern-Ceramic-Bathroom-Set-Wholesale-Hotel-Bathroom-Accessories-4-285x285.webp 285w, https:\/\/jinhuaceramic.com\/wp-content\/uploads\/2025\/11\/Beige-Modern-Ceramic-Bathroom-Set-Wholesale-Hotel-Bathroom-Accessories-4-270x270.webp 270w, https:\/\/jinhuaceramic.com\/wp-content\/uploads\/2025\/11\/Beige-Modern-Ceramic-Bathroom-Set-Wholesale-Hotel-Bathroom-Accessories-4-540x540.webp 540w, https:\/\/jinhuaceramic.com\/wp-content\/uploads\/2025\/11\/Beige-Modern-Ceramic-Bathroom-Set-Wholesale-Hotel-Bathroom-Accessories-4-660x660.webp 660w\" sizes=\"(max-width: 1024px) 100vw, 1024px\" \/><\/figure>\n<\/div>\n<\/div>","protected":false},"excerpt":{"rendered":"<p>Das hochwertige beigefarbene Keramik-Badezimmerset zeichnet sich durch ein minimalistisches, modernes Design, eine vollst\u00e4ndige funktionale Ausstattung sowie eine hervorragende Haltbarkeit und gesundheitliche Vorteile aus. Das verbessert die allgemeine Sch\u00f6nheit des Badezimmers, geeignet f\u00fcr Hotels und High-End-H\u00e4user.<\/p>","protected":false},"featured_media":11008,"comment_status":"closed","ping_status":"closed","template":"","meta":{"_acf_changed":false},"product_brand":[],"product_cat":[51],"product_tag":[74],"class_list":{"0":"post-11002","1":"product","2":"type-product","3":"status-publish","4":"has-post-thumbnail","6":"product_cat-bathroom-accessories-wholesale","7":"product_tag-ceramic-bath-accessories-wholesale","9":"first","10":"instock","11":"shipping-taxable","12":"product-type-simple"},"acf":[],"_links":{"self":[{"href":"https:\/\/jinhuaceramic.com\/de\/wp-json\/wp\/v2\/product\/11002","targetHints":{"allow":["GET"]}}],"collection":[{"href":"https:\/\/jinhuaceramic.com\/de\/wp-json\/wp\/v2\/product"}],"about":[{"href":"https:\/\/jinhuaceramic.com\/de\/wp-json\/wp\/v2\/types\/product"}],"replies":[{"embeddable":true,"href":"https:\/\/jinhuaceramic.com\/de\/wp-json\/wp\/v2\/comments?post=11002"}],"version-history":[{"count":0,"href":"https:\/\/jinhuaceramic.com\/de\/wp-json\/wp\/v2\/product\/11002\/revisions"}],"wp:featuredmedia":[{"embeddable":true,"href":"https:\/\/jinhuaceramic.com\/de\/wp-json\/wp\/v2\/media\/11008"}],"wp:attachment":[{"href":"https:\/\/jinhuaceramic.com\/de\/wp-json\/wp\/v2\/media?parent=11002"}],"wp:term":[{"taxonomy":"product_brand","embeddable":true,"href":"https:\/\/jinhuaceramic.com\/de\/wp-json\/wp\/v2\/product_brand?post=11002"},{"taxonomy":"product_cat","embeddable":true,"href":"https:\/\/jinhuaceramic.com\/de\/wp-json\/wp\/v2\/product_cat?post=11002"},{"taxonomy":"product_tag","embeddable":true,"href":"https:\/\/jinhuaceramic.com\/de\/wp-json\/wp\/v2\/product_tag?post=11002"}],"curies":[{"name":"wp","href":"https:\/\/api.w.org\/{rel}","templated":true}]}}