{"id":11012,"date":"2025-11-12T08:54:12","date_gmt":"2025-11-12T08:54:12","guid":{"rendered":"https:\/\/jinhuaceramic.com\/?post_type=product&#038;p=11012"},"modified":"2025-11-12T08:54:19","modified_gmt":"2025-11-12T08:54:19","slug":"bulk-ceramic-baking-dish-set","status":"publish","type":"product","link":"https:\/\/jinhuaceramic.com\/de\/product\/bulk-ceramic-baking-dish-set\/","title":{"rendered":"3-teiliges Keramik-Backformen-Set, individuelle Backformen"},"content":{"rendered":"<div class=\"wp-block-columns is-layout-flex wp-container-core-columns-is-layout-9d6595d7 wp-block-columns-is-layout-flex\">\n<div class=\"wp-block-column is-layout-flow wp-block-column-is-layout-flow\">\n<h3 class=\"wp-block-heading\">Premium Bulk Keramik-Backformen-Set Eigenschaften:<\/h3>\n\n\n\n<ul class=\"wp-block-list\">\n<li><strong>Zweifarbiges Design:<\/strong> Die Kombination aus wei\u00dfer \u00e4u\u00dferer Glasur und gr\u00fcner innerer Glasur verleiht diesem Auflaufformen-Set aus Keramik eine weiche und mehrschichtige Optik, die sowohl frisch als auch elegant wirkt und sich gut in verschiedene K\u00fcchenstile einf\u00fcgt.<\/li>\n\n\n\n<li><strong>Exquisite Textur: <\/strong>Dieses Auflaufformen-Set aus Keramik ist mit wellenf\u00f6rmigen Strukturen auf der Au\u00dfenseite versehen, die der schlichten Form ein visuelles Gef\u00fchl von Dreidimensionalit\u00e4t und Raffinesse verleihen und eine Monotonie vermeiden.<\/li>\n\n\n\n<li><strong>Hochwertiges Material: <\/strong>Unsere hochwertigen individuellen Backformen haben eine gute Hitzebest\u00e4ndigkeit und W\u00e4rmeleitf\u00e4higkeit und k\u00f6nnen den hohen Temperaturen im Ofen standhalten, um ein effektives Backen zu gew\u00e4hrleisten. Die nat\u00fcrlichen keramischen Materialien sind ungiftig und unsch\u00e4dlich und gew\u00e4hrleisten einen sicheren Kontakt mit Lebensmitteln.<\/li>\n\n\n\n<li><strong>Verschiedene Gr\u00f6\u00dfen: <\/strong>Diese ma\u00dfgeschneiderten Backformen gibt es in 3 Gr\u00f6\u00dfen, von kleinen Tellern f\u00fcr eine Portion \u00fcber mittelgro\u00dfe Teller f\u00fcr die ganze Familie bis hin zu gro\u00dfen Backformen f\u00fcr mehrere Personen, die u. a. zum Grillen von Gem\u00fcse, gegrilltem Fleisch und zum \u00dcberbacken von Aufl\u00e4ufen verwendet werden k\u00f6nnen.<\/li>\n<\/ul>\n<\/div>\n\n\n\n<div class=\"wp-block-column is-layout-flow wp-block-column-is-layout-flow\">\n<figure class=\"wp-block-image size-full\"><img fetchpriority=\"high\" decoding=\"async\" width=\"2400\" height=\"2400\" src=\"https:\/\/jinhuaceramic.com\/wp-content\/uploads\/2025\/11\/3-Piece-Wholesale-Bakeware-Set-Ceramic-Kitchen-Custom-Baking-Dishes-Pans-6.webp\" alt=\"3-teiliges-Keramik-Backformen-Set-individuelle-Backformen-6\" class=\"wp-image-11017\" srcset=\"https:\/\/jinhuaceramic.com\/wp-content\/uploads\/2025\/11\/3-Piece-Wholesale-Bakeware-Set-Ceramic-Kitchen-Custom-Baking-Dishes-Pans-6.webp 2400w, https:\/\/jinhuaceramic.com\/wp-content\/uploads\/2025\/11\/3-Piece-Wholesale-Bakeware-Set-Ceramic-Kitchen-Custom-Baking-Dishes-Pans-6-300x300.webp 300w, https:\/\/jinhuaceramic.com\/wp-content\/uploads\/2025\/11\/3-Piece-Wholesale-Bakeware-Set-Ceramic-Kitchen-Custom-Baking-Dishes-Pans-6-150x150.webp 150w, https:\/\/jinhuaceramic.com\/wp-content\/uploads\/2025\/11\/3-Piece-Wholesale-Bakeware-Set-Ceramic-Kitchen-Custom-Baking-Dishes-Pans-6-768x768.webp 768w, https:\/\/jinhuaceramic.com\/wp-content\/uploads\/2025\/11\/3-Piece-Wholesale-Bakeware-Set-Ceramic-Kitchen-Custom-Baking-Dishes-Pans-6-12x12.webp 12w, https:\/\/jinhuaceramic.com\/wp-content\/uploads\/2025\/11\/3-Piece-Wholesale-Bakeware-Set-Ceramic-Kitchen-Custom-Baking-Dishes-Pans-6-285x285.webp 285w, https:\/\/jinhuaceramic.com\/wp-content\/uploads\/2025\/11\/3-Piece-Wholesale-Bakeware-Set-Ceramic-Kitchen-Custom-Baking-Dishes-Pans-6-1600x1600.webp 1600w, https:\/\/jinhuaceramic.com\/wp-content\/uploads\/2025\/11\/3-Piece-Wholesale-Bakeware-Set-Ceramic-Kitchen-Custom-Baking-Dishes-Pans-6-270x270.webp 270w, https:\/\/jinhuaceramic.com\/wp-content\/uploads\/2025\/11\/3-Piece-Wholesale-Bakeware-Set-Ceramic-Kitchen-Custom-Baking-Dishes-Pans-6-540x540.webp 540w, https:\/\/jinhuaceramic.com\/wp-content\/uploads\/2025\/11\/3-Piece-Wholesale-Bakeware-Set-Ceramic-Kitchen-Custom-Baking-Dishes-Pans-6-660x660.webp 660w\" sizes=\"(max-width: 2400px) 100vw, 2400px\" \/><\/figure>\n<\/div>\n<\/div>","protected":false},"excerpt":{"rendered":"<p>Willkommen beim Kauf dieses gro\u00dfen Keramik-Backformen-Sets, das aus hochwertiger, bleifreier Keramik hergestellt und ofenfest ist. Diese rechteckigen Keramik-Backformen-Sets mit ihrem sch\u00f6nen Aussehen und den verschiedenen Gr\u00f6\u00dfen sind perfekt f\u00fcr das t\u00e4gliche Kochen und den professionellen Einsatz.<\/p>","protected":false},"featured_media":11016,"comment_status":"closed","ping_status":"closed","template":"","meta":{"_acf_changed":false},"product_brand":[],"product_cat":[53],"product_tag":[71],"class_list":{"0":"post-11012","1":"product","2":"type-product","3":"status-publish","4":"has-post-thumbnail","6":"product_cat-bakeware-in-bulk","7":"product_tag-wholesale-baking-pans","9":"first","10":"instock","11":"shipping-taxable","12":"product-type-simple"},"acf":[],"_links":{"self":[{"href":"https:\/\/jinhuaceramic.com\/de\/wp-json\/wp\/v2\/product\/11012","targetHints":{"allow":["GET"]}}],"collection":[{"href":"https:\/\/jinhuaceramic.com\/de\/wp-json\/wp\/v2\/product"}],"about":[{"href":"https:\/\/jinhuaceramic.com\/de\/wp-json\/wp\/v2\/types\/product"}],"replies":[{"embeddable":true,"href":"https:\/\/jinhuaceramic.com\/de\/wp-json\/wp\/v2\/comments?post=11012"}],"version-history":[{"count":0,"href":"https:\/\/jinhuaceramic.com\/de\/wp-json\/wp\/v2\/product\/11012\/revisions"}],"wp:featuredmedia":[{"embeddable":true,"href":"https:\/\/jinhuaceramic.com\/de\/wp-json\/wp\/v2\/media\/11016"}],"wp:attachment":[{"href":"https:\/\/jinhuaceramic.com\/de\/wp-json\/wp\/v2\/media?parent=11012"}],"wp:term":[{"taxonomy":"product_brand","embeddable":true,"href":"https:\/\/jinhuaceramic.com\/de\/wp-json\/wp\/v2\/product_brand?post=11012"},{"taxonomy":"product_cat","embeddable":true,"href":"https:\/\/jinhuaceramic.com\/de\/wp-json\/wp\/v2\/product_cat?post=11012"},{"taxonomy":"product_tag","embeddable":true,"href":"https:\/\/jinhuaceramic.com\/de\/wp-json\/wp\/v2\/product_tag?post=11012"}],"curies":[{"name":"wp","href":"https:\/\/api.w.org\/{rel}","templated":true}]}}