{"id":11043,"date":"2025-11-12T07:34:17","date_gmt":"2025-11-12T07:34:17","guid":{"rendered":"https:\/\/jinhuaceramic.com\/?post_type=product&#038;p=11043"},"modified":"2025-11-12T07:34:20","modified_gmt":"2025-11-12T07:34:20","slug":"custom-casserole-dish-set","status":"publish","type":"product","link":"https:\/\/jinhuaceramic.com\/de\/product\/custom-casserole-dish-set\/","title":{"rendered":"Rustikale benutzerdefinierte Casserole Dish Set, Bulk Keramik-Backformen"},"content":{"rendered":"<div class=\"wp-block-columns is-layout-flex wp-container-core-columns-is-layout-9d6595d7 wp-block-columns-is-layout-flex\">\n<div class=\"wp-block-column is-layout-flow wp-block-column-is-layout-flow\">\n<h3 class=\"wp-block-heading\">Premium Rustic Custom Casserole Dish Set Eigenschaften:<\/h3>\n\n\n\n<ul class=\"wp-block-list\">\n<li><strong>Rustikale Farben: <\/strong>Dieses individuelle Auflaufformen-Set ist beigefarben, wodurch es sich warm und weich anf\u00fchlt. Die Glasur weist Flecken auf, die eine organische und rustikale Oberfl\u00e4chenstruktur erzeugen, die wie eine handgefertigte Auflaufform wirkt.<\/li>\n\n\n\n<li><strong>Elegante Textur:<\/strong> Diese Gro\u00dfhandels-Keramik-Backbleche haben feine wellenf\u00f6rmige Texturen am \u00e4u\u00dferen Rand des Blechk\u00f6rpers, die ein dreidimensionales Gef\u00fchl f\u00fcr die Optik hervorheben und detaillierte Texturen gegen die schlichte Form f\u00fcr etwas visuelle Erleichterung einbringen.<\/li>\n\n\n\n<li><strong>Hochwertiges Material: <\/strong>Diese individuellen Auflaufformen-Sets sind aus hochwertiger Keramik mit einer hochgebrannten Glasur gefertigt, die ihnen eine au\u00dfergew\u00f6hnliche Hitzebest\u00e4ndigkeit und thermische Stabilit\u00e4t verleiht. Die lebensmittelechte, blei- und cadmiumfreie Glasur ist sicher, gesund und umweltfreundlich.<\/li>\n\n\n\n<li><strong>Eine Vielzahl von Gr\u00f6\u00dfen:<\/strong> Diese Gro\u00dfhandels-Keramik-Backformen werden mit drei rechteckigen Backformen in verschiedenen Gr\u00f6\u00dfen geliefert, die sich perfekt f\u00fcr einzelne Servierschalen, Familiengerichte zum Teilen und sogar gro\u00dfe Backformen f\u00fcr Mahlzeiten mit mehreren G\u00e4sten eignen. Diese Gr\u00f6\u00dfen k\u00f6nnen flexible Kochgr\u00f6\u00dfen erf\u00fcllen und aufnehmen.<\/li>\n<\/ul>\n<\/div>\n\n\n\n<div class=\"wp-block-column is-layout-flow wp-block-column-is-layout-flow\">\n<figure class=\"wp-block-image size-full\"><img fetchpriority=\"high\" decoding=\"async\" width=\"2400\" height=\"2400\" src=\"https:\/\/jinhuaceramic.com\/wp-content\/uploads\/2025\/11\/Rustic-Custom-Casserole-Dish-Set-Ceramic-Kitchen-Food-Service-Baking-Pans.webp\" alt=\"Rustikales-Auflaufformen-Set-Gro\u00dfraum-Keramik-Backformen-1\" class=\"wp-image-11049\" srcset=\"https:\/\/jinhuaceramic.com\/wp-content\/uploads\/2025\/11\/Rustic-Custom-Casserole-Dish-Set-Ceramic-Kitchen-Food-Service-Baking-Pans.webp 2400w, https:\/\/jinhuaceramic.com\/wp-content\/uploads\/2025\/11\/Rustic-Custom-Casserole-Dish-Set-Ceramic-Kitchen-Food-Service-Baking-Pans-300x300.webp 300w, https:\/\/jinhuaceramic.com\/wp-content\/uploads\/2025\/11\/Rustic-Custom-Casserole-Dish-Set-Ceramic-Kitchen-Food-Service-Baking-Pans-150x150.webp 150w, https:\/\/jinhuaceramic.com\/wp-content\/uploads\/2025\/11\/Rustic-Custom-Casserole-Dish-Set-Ceramic-Kitchen-Food-Service-Baking-Pans-768x768.webp 768w, https:\/\/jinhuaceramic.com\/wp-content\/uploads\/2025\/11\/Rustic-Custom-Casserole-Dish-Set-Ceramic-Kitchen-Food-Service-Baking-Pans-12x12.webp 12w, https:\/\/jinhuaceramic.com\/wp-content\/uploads\/2025\/11\/Rustic-Custom-Casserole-Dish-Set-Ceramic-Kitchen-Food-Service-Baking-Pans-285x285.webp 285w, https:\/\/jinhuaceramic.com\/wp-content\/uploads\/2025\/11\/Rustic-Custom-Casserole-Dish-Set-Ceramic-Kitchen-Food-Service-Baking-Pans-1600x1600.webp 1600w, https:\/\/jinhuaceramic.com\/wp-content\/uploads\/2025\/11\/Rustic-Custom-Casserole-Dish-Set-Ceramic-Kitchen-Food-Service-Baking-Pans-270x270.webp 270w, https:\/\/jinhuaceramic.com\/wp-content\/uploads\/2025\/11\/Rustic-Custom-Casserole-Dish-Set-Ceramic-Kitchen-Food-Service-Baking-Pans-540x540.webp 540w, https:\/\/jinhuaceramic.com\/wp-content\/uploads\/2025\/11\/Rustic-Custom-Casserole-Dish-Set-Ceramic-Kitchen-Food-Service-Baking-Pans-660x660.webp 660w\" sizes=\"(max-width: 2400px) 100vw, 2400px\" \/><\/figure>\n<\/div>\n<\/div>","protected":false},"excerpt":{"rendered":"<p>Willkommen zum Kauf unserer benutzerdefinierten Auflaufform Set aus hochwertigen bleifreien Keramik, erh\u00e4ltlich in drei Gr\u00f6\u00dfen. Diese Gro\u00dfhandels-Backformen mit rustikalen Farben und exquisiten Texturen erf\u00fcllen verschiedene Kochbed\u00fcrfnisse und gew\u00e4hrleisten gleichzeitig die Sicherheit und den Komfort der Verwendung. Sie verbessern auch die visuelle Wirkung des Esstisches und sind hochwertige K\u00fcchenprodukte, die praktischen und \u00e4sthetischen Wert miteinander verbinden.<\/p>","protected":false},"featured_media":11044,"comment_status":"closed","ping_status":"closed","template":"","meta":{"_acf_changed":false},"product_brand":[],"product_cat":[53],"product_tag":[70,71],"class_list":{"0":"post-11043","1":"product","2":"type-product","3":"status-publish","4":"has-post-thumbnail","6":"product_cat-bakeware-in-bulk","7":"product_tag-custom-pie-pans","8":"product_tag-wholesale-baking-pans","10":"first","11":"instock","12":"shipping-taxable","13":"product-type-simple"},"acf":[],"_links":{"self":[{"href":"https:\/\/jinhuaceramic.com\/de\/wp-json\/wp\/v2\/product\/11043","targetHints":{"allow":["GET"]}}],"collection":[{"href":"https:\/\/jinhuaceramic.com\/de\/wp-json\/wp\/v2\/product"}],"about":[{"href":"https:\/\/jinhuaceramic.com\/de\/wp-json\/wp\/v2\/types\/product"}],"replies":[{"embeddable":true,"href":"https:\/\/jinhuaceramic.com\/de\/wp-json\/wp\/v2\/comments?post=11043"}],"version-history":[{"count":0,"href":"https:\/\/jinhuaceramic.com\/de\/wp-json\/wp\/v2\/product\/11043\/revisions"}],"wp:featuredmedia":[{"embeddable":true,"href":"https:\/\/jinhuaceramic.com\/de\/wp-json\/wp\/v2\/media\/11044"}],"wp:attachment":[{"href":"https:\/\/jinhuaceramic.com\/de\/wp-json\/wp\/v2\/media?parent=11043"}],"wp:term":[{"taxonomy":"product_brand","embeddable":true,"href":"https:\/\/jinhuaceramic.com\/de\/wp-json\/wp\/v2\/product_brand?post=11043"},{"taxonomy":"product_cat","embeddable":true,"href":"https:\/\/jinhuaceramic.com\/de\/wp-json\/wp\/v2\/product_cat?post=11043"},{"taxonomy":"product_tag","embeddable":true,"href":"https:\/\/jinhuaceramic.com\/de\/wp-json\/wp\/v2\/product_tag?post=11043"}],"curies":[{"name":"wp","href":"https:\/\/api.w.org\/{rel}","templated":true}]}}