{"id":11198,"date":"2025-11-27T02:24:26","date_gmt":"2025-11-27T02:24:26","guid":{"rendered":"https:\/\/jinhuaceramic.com\/?post_type=product&#038;p=11198"},"modified":"2025-11-27T02:24:28","modified_gmt":"2025-11-27T02:24:28","slug":"red-ceramic-baking-dish-wholesale","status":"publish","type":"product","link":"https:\/\/jinhuaceramic.com\/de\/product\/red-ceramic-baking-dish-wholesale\/","title":{"rendered":"Gradient Red Keramik Backform Gro\u00dfhandel, benutzerdefinierte Backformen liefert"},"content":{"rendered":"<div class=\"wp-block-columns is-layout-flex wp-container-core-columns-is-layout-9d6595d7 wp-block-columns-is-layout-flex\">\n<div class=\"wp-block-column is-layout-flow wp-block-column-is-layout-flow\">\n<h3 class=\"wp-block-heading\">Premium Gradient Red Ceramic Baking Dish Gro\u00dfhandel Eigenschaften:<\/h3>\n\n\n\n<ul class=\"wp-block-list\">\n<li><strong>Einzigartige Textur:<\/strong> Diese rote Keramik-Backform im Gro\u00dfhandel hat horizontale dreidimensionale Rillentexturen auf ihrer Au\u00dfenfl\u00e4che, die parallel zueinander in gleichm\u00e4\u00dfiger Tiefe und Breite angeordnet sind, wodurch sie stilvoller und erkennbarer wird. Au\u00dferdem erh\u00f6hen sie bis zu einem gewissen Grad die Reibung, so dass sie leicht zu greifen sind.<\/li>\n\n\n\n<li><strong>Leuchtende Farben: <\/strong>Diese ma\u00dfgeschneiderten Backformen mit einer Au\u00dfenfl\u00e4che in einem Verlaufsmuster von Schwarz unten nach Rot oben weisen eine satte, leuchtende Farbpalette auf. Die Innenseite ist wei\u00df, was einen starken Kontrast zu der roten Au\u00dfenfarbe und der wei\u00dfen Innenseite bildet, wodurch die Backform sauber und aufger\u00e4umt wirkt. Diese Farbkombination unterstreicht auch das Aussehen der in der Pfanne zubereiteten Speisen.<\/li>\n\n\n\n<li><strong>Klassische quadratische Form:<\/strong> Diese klassisch quadratischen roten Keramik-Backformen im Gro\u00dfhandel nutzen den Platz im Ofen optimal aus und eignen sich zum Grillen von Gem\u00fcse, Fleisch, Geb\u00e4ck und vielem mehr. Die wei\u00dfen Griffe an beiden Seiten lassen sich leicht anfassen und verringern das Risiko von Verbrennungen.<\/li>\n\n\n\n<li><strong>Hochwertiges Material: <\/strong>Diese ma\u00dfgeschneiderten Backformen bestehen aus nat\u00fcrlichem Keramikmaterial, das ungiftig und unbedenklich ist und direkt mit den Lebensmitteln in Ber\u00fchrung kommen kann. Keramik ist ein Material, das in der Lage ist, hohen Temperaturen ohne Schaden standzuhalten, die Hitze gleichm\u00e4\u00dfig \u00fcber die gesamte Kochfl\u00e4che zu verteilen und zu den gew\u00fcnschten Backergebnissen beizutragen.<\/li>\n<\/ul>\n<\/div>\n\n\n\n<div class=\"wp-block-column is-layout-flow wp-block-column-is-layout-flow\">\n<figure class=\"wp-block-image size-full\"><img fetchpriority=\"high\" decoding=\"async\" width=\"1600\" height=\"1600\" src=\"https:\/\/jinhuaceramic.com\/wp-content\/uploads\/2025\/11\/Gradient-Red-Ceramic-Baking-Pans-Customized-Baking-Dish-Wholesale-Bakeware-2.webp\" alt=\"gradient-red-ceramic-baking-dish-wholesale-custom-baking-pans-supplies-2\" class=\"wp-image-11199\" srcset=\"https:\/\/jinhuaceramic.com\/wp-content\/uploads\/2025\/11\/Gradient-Red-Ceramic-Baking-Pans-Customized-Baking-Dish-Wholesale-Bakeware-2.webp 1600w, https:\/\/jinhuaceramic.com\/wp-content\/uploads\/2025\/11\/Gradient-Red-Ceramic-Baking-Pans-Customized-Baking-Dish-Wholesale-Bakeware-2-300x300.webp 300w, https:\/\/jinhuaceramic.com\/wp-content\/uploads\/2025\/11\/Gradient-Red-Ceramic-Baking-Pans-Customized-Baking-Dish-Wholesale-Bakeware-2-150x150.webp 150w, https:\/\/jinhuaceramic.com\/wp-content\/uploads\/2025\/11\/Gradient-Red-Ceramic-Baking-Pans-Customized-Baking-Dish-Wholesale-Bakeware-2-768x768.webp 768w, https:\/\/jinhuaceramic.com\/wp-content\/uploads\/2025\/11\/Gradient-Red-Ceramic-Baking-Pans-Customized-Baking-Dish-Wholesale-Bakeware-2-12x12.webp 12w, https:\/\/jinhuaceramic.com\/wp-content\/uploads\/2025\/11\/Gradient-Red-Ceramic-Baking-Pans-Customized-Baking-Dish-Wholesale-Bakeware-2-285x285.webp 285w, https:\/\/jinhuaceramic.com\/wp-content\/uploads\/2025\/11\/Gradient-Red-Ceramic-Baking-Pans-Customized-Baking-Dish-Wholesale-Bakeware-2-270x270.webp 270w, https:\/\/jinhuaceramic.com\/wp-content\/uploads\/2025\/11\/Gradient-Red-Ceramic-Baking-Pans-Customized-Baking-Dish-Wholesale-Bakeware-2-540x540.webp 540w, https:\/\/jinhuaceramic.com\/wp-content\/uploads\/2025\/11\/Gradient-Red-Ceramic-Baking-Pans-Customized-Baking-Dish-Wholesale-Bakeware-2-660x660.webp 660w\" sizes=\"(max-width: 1600px) 100vw, 1600px\" \/><\/figure>\n<\/div>\n<\/div>","protected":false},"excerpt":{"rendered":"<p>Willkommen zum Kauf der roten Keramik-Backform mit Farbverlauf im Gro\u00dfhandel. Es handelt sich um eine langlebige, hitzebest\u00e4ndige Backform f\u00fcr den professionellen Einsatz, die sich durch eine hochwertige Glasur mit Farbverlauf und einen starken Keramikk\u00f6rper auszeichnet. Ideal f\u00fcr Gro\u00dfh\u00e4ndler, Einzelh\u00e4ndler und Marken, unterst\u00fctzt OEM \/ ODM kundenspezifischen Service. Es ist flexibel einsetzbar, wie zum Beispiel zum Backen, Servieren und gro\u00dfe kommerzielle Lieferungen.<\/p>","protected":false},"featured_media":11204,"comment_status":"closed","ping_status":"closed","template":"","meta":{"_acf_changed":false},"product_brand":[],"product_cat":[53],"product_tag":[70,71],"class_list":{"0":"post-11198","1":"product","2":"type-product","3":"status-publish","4":"has-post-thumbnail","6":"product_cat-bakeware-in-bulk","7":"product_tag-custom-pie-pans","8":"product_tag-wholesale-baking-pans","10":"first","11":"instock","12":"shipping-taxable","13":"product-type-simple"},"acf":[],"_links":{"self":[{"href":"https:\/\/jinhuaceramic.com\/de\/wp-json\/wp\/v2\/product\/11198","targetHints":{"allow":["GET"]}}],"collection":[{"href":"https:\/\/jinhuaceramic.com\/de\/wp-json\/wp\/v2\/product"}],"about":[{"href":"https:\/\/jinhuaceramic.com\/de\/wp-json\/wp\/v2\/types\/product"}],"replies":[{"embeddable":true,"href":"https:\/\/jinhuaceramic.com\/de\/wp-json\/wp\/v2\/comments?post=11198"}],"version-history":[{"count":0,"href":"https:\/\/jinhuaceramic.com\/de\/wp-json\/wp\/v2\/product\/11198\/revisions"}],"wp:featuredmedia":[{"embeddable":true,"href":"https:\/\/jinhuaceramic.com\/de\/wp-json\/wp\/v2\/media\/11204"}],"wp:attachment":[{"href":"https:\/\/jinhuaceramic.com\/de\/wp-json\/wp\/v2\/media?parent=11198"}],"wp:term":[{"taxonomy":"product_brand","embeddable":true,"href":"https:\/\/jinhuaceramic.com\/de\/wp-json\/wp\/v2\/product_brand?post=11198"},{"taxonomy":"product_cat","embeddable":true,"href":"https:\/\/jinhuaceramic.com\/de\/wp-json\/wp\/v2\/product_cat?post=11198"},{"taxonomy":"product_tag","embeddable":true,"href":"https:\/\/jinhuaceramic.com\/de\/wp-json\/wp\/v2\/product_tag?post=11198"}],"curies":[{"name":"wp","href":"https:\/\/api.w.org\/{rel}","templated":true}]}}