{"id":11208,"date":"2025-11-27T03:12:56","date_gmt":"2025-11-27T03:12:56","guid":{"rendered":"https:\/\/jinhuaceramic.com\/?post_type=product&#038;p=11208"},"modified":"2025-11-27T03:12:58","modified_gmt":"2025-11-27T03:12:58","slug":"ceramic-bathroom-accessories-in-bulk","status":"publish","type":"product","link":"https:\/\/jinhuaceramic.com\/de\/product\/ceramic-bathroom-accessories-in-bulk\/","title":{"rendered":"Wei\u00dfe keramische Badezimmer-Accessoires mit gepr\u00e4gter Textur in gro\u00dfen Mengen"},"content":{"rendered":"<div class=\"wp-block-columns is-layout-flex wp-container-core-columns-is-layout-9d6595d7 wp-block-columns-is-layout-flex\">\n<div class=\"wp-block-column is-layout-flow wp-block-column-is-layout-flow\">\n<h3 class=\"wp-block-heading\">Ceramic Bathroom Accessories in Bulk Set Features:<\/h3>\n\n\n\n<ul class=\"wp-block-list\">\n<li><strong>Elegantes Design:<\/strong> These ceramic bathroom accessories in bulk feature a combination design of white ceramics and golden pumps, presenting an elegant and light luxury style. Each accessory&#8217;s surface features three-dimensional relief patterns, breaking the monotony of pure white and adding a sense of visual layering and refinement.<\/li>\n\n\n\n<li><strong>Hochwertiges Material:<\/strong> These wholesale ceramic bathroom sets are made of high-quality material with high hardness, wear resistance, and long service life. The glaze is smooth and dense, and stains or water marks do not easily adhere to it; thus, cleaning and maintenance are pretty easy.<\/li>\n\n\n\n<li><strong>Vollst\u00e4ndiger Satz: <\/strong>Our ceramic bathroom accessories in bulk include bathroom accessories like soap dispensers, toothbrush holders, mouthwash cups, and soap dishes that are clearly divided and practical. The soap dispenser is smooth to press, and the liquid output is stable. The toothbrush holder is separated and can hold several toothbrushes.<\/li>\n\n\n\n<li><strong>Ideal for Gift: <\/strong>The fine quality materials and sophisticated designs of our customized bathroom sets will make an excellent gift at a housewarming, wedding or any other occasion where both practical and aesthetic values are important.<\/li>\n\n\n\n<li><strong>Geeignet f\u00fcr mehrere Szenarien: <\/strong>Our ceramic bathroom accessories in bulk are available for hotel projects, guest houses, commercial bathrooms, high-end residential bathrooms and wholesale gift sets. As we have a mature supply chain, we can accommodate large long-term orders and projects and facilitate purchasing by large wholesale customers.<\/li>\n<\/ul>\n<\/div>\n\n\n\n<div class=\"wp-block-column is-layout-flow wp-block-column-is-layout-flow\">\n<figure class=\"wp-block-image size-full\"><img fetchpriority=\"high\" decoding=\"async\" width=\"1600\" height=\"1600\" src=\"https:\/\/jinhuaceramic.com\/wp-content\/uploads\/2025\/11\/White-Bathroom-Set-with-Embossed-Texture-Ceramic-Bathroom-Accessories-Wholesale-2.webp\" alt=\"white-ceramic-bathroom-accessories-in-bulk-with-embossed-texture-2\" class=\"wp-image-11209\" srcset=\"https:\/\/jinhuaceramic.com\/wp-content\/uploads\/2025\/11\/White-Bathroom-Set-with-Embossed-Texture-Ceramic-Bathroom-Accessories-Wholesale-2.webp 1600w, https:\/\/jinhuaceramic.com\/wp-content\/uploads\/2025\/11\/White-Bathroom-Set-with-Embossed-Texture-Ceramic-Bathroom-Accessories-Wholesale-2-300x300.webp 300w, https:\/\/jinhuaceramic.com\/wp-content\/uploads\/2025\/11\/White-Bathroom-Set-with-Embossed-Texture-Ceramic-Bathroom-Accessories-Wholesale-2-150x150.webp 150w, https:\/\/jinhuaceramic.com\/wp-content\/uploads\/2025\/11\/White-Bathroom-Set-with-Embossed-Texture-Ceramic-Bathroom-Accessories-Wholesale-2-768x768.webp 768w, https:\/\/jinhuaceramic.com\/wp-content\/uploads\/2025\/11\/White-Bathroom-Set-with-Embossed-Texture-Ceramic-Bathroom-Accessories-Wholesale-2-12x12.webp 12w, https:\/\/jinhuaceramic.com\/wp-content\/uploads\/2025\/11\/White-Bathroom-Set-with-Embossed-Texture-Ceramic-Bathroom-Accessories-Wholesale-2-285x285.webp 285w, https:\/\/jinhuaceramic.com\/wp-content\/uploads\/2025\/11\/White-Bathroom-Set-with-Embossed-Texture-Ceramic-Bathroom-Accessories-Wholesale-2-270x270.webp 270w, https:\/\/jinhuaceramic.com\/wp-content\/uploads\/2025\/11\/White-Bathroom-Set-with-Embossed-Texture-Ceramic-Bathroom-Accessories-Wholesale-2-540x540.webp 540w, https:\/\/jinhuaceramic.com\/wp-content\/uploads\/2025\/11\/White-Bathroom-Set-with-Embossed-Texture-Ceramic-Bathroom-Accessories-Wholesale-2-660x660.webp 660w\" sizes=\"(max-width: 1600px) 100vw, 1600px\" \/><\/figure>\n<\/div>\n<\/div>","protected":false},"excerpt":{"rendered":"<p>Welcome to purchase these white ceramic bathroom accessories in bulk, featuring elegant embossed textures and high-quality porcelain craftsmanship, offering a clean, modern aesthetic ideal for hotels, homes, and commercial bathrooms. With a focus on both functionality and aesthetics, everyone can experience the highest level of cost-performance from their sanitary experience. Jinhua provides a premium and practical solution for bulk bathroom accessory sourcing.<\/p>","protected":false},"featured_media":11210,"comment_status":"closed","ping_status":"closed","template":"","meta":{"_acf_changed":false},"product_brand":[],"product_cat":[51],"product_tag":[74],"class_list":{"0":"post-11208","1":"product","2":"type-product","3":"status-publish","4":"has-post-thumbnail","6":"product_cat-bathroom-accessories-wholesale","7":"product_tag-ceramic-bath-accessories-wholesale","9":"first","10":"instock","11":"shipping-taxable","12":"product-type-simple"},"acf":[],"_links":{"self":[{"href":"https:\/\/jinhuaceramic.com\/de\/wp-json\/wp\/v2\/product\/11208","targetHints":{"allow":["GET"]}}],"collection":[{"href":"https:\/\/jinhuaceramic.com\/de\/wp-json\/wp\/v2\/product"}],"about":[{"href":"https:\/\/jinhuaceramic.com\/de\/wp-json\/wp\/v2\/types\/product"}],"replies":[{"embeddable":true,"href":"https:\/\/jinhuaceramic.com\/de\/wp-json\/wp\/v2\/comments?post=11208"}],"version-history":[{"count":0,"href":"https:\/\/jinhuaceramic.com\/de\/wp-json\/wp\/v2\/product\/11208\/revisions"}],"wp:featuredmedia":[{"embeddable":true,"href":"https:\/\/jinhuaceramic.com\/de\/wp-json\/wp\/v2\/media\/11210"}],"wp:attachment":[{"href":"https:\/\/jinhuaceramic.com\/de\/wp-json\/wp\/v2\/media?parent=11208"}],"wp:term":[{"taxonomy":"product_brand","embeddable":true,"href":"https:\/\/jinhuaceramic.com\/de\/wp-json\/wp\/v2\/product_brand?post=11208"},{"taxonomy":"product_cat","embeddable":true,"href":"https:\/\/jinhuaceramic.com\/de\/wp-json\/wp\/v2\/product_cat?post=11208"},{"taxonomy":"product_tag","embeddable":true,"href":"https:\/\/jinhuaceramic.com\/de\/wp-json\/wp\/v2\/product_tag?post=11208"}],"curies":[{"name":"wp","href":"https:\/\/api.w.org\/{rel}","templated":true}]}}