{"id":11228,"date":"2025-11-27T03:49:36","date_gmt":"2025-11-27T03:49:36","guid":{"rendered":"https:\/\/jinhuaceramic.com\/?post_type=product&#038;p=11228"},"modified":"2025-11-27T03:49:48","modified_gmt":"2025-11-27T03:49:48","slug":"square-ceramic-baking-dish-wholesale","status":"publish","type":"product","link":"https:\/\/jinhuaceramic.com\/de\/product\/square-ceramic-baking-dish-wholesale\/","title":{"rendered":"Blaue quadratische keramische Backform Gro\u00dfhandel, K\u00fcche Backformen Versorgung"},"content":{"rendered":"<div class=\"wp-block-columns is-layout-flex wp-container-core-columns-is-layout-9d6595d7 wp-block-columns-is-layout-flex\">\n<div class=\"wp-block-column is-layout-flow wp-block-column-is-layout-flow\">\n<h3 class=\"wp-block-heading\">Premium Blue Square Ceramic Baking Dish Gro\u00dfhandel Eigenschaften:<\/h3>\n\n\n\n<ul class=\"wp-block-list\">\n<li><strong>Frische Farben:<\/strong> Diese quadratische Keramik-Backform Gro\u00dfhandel nehmen ein Farbschema von blauen Farbverlauf und wei\u00dfe innere Glasur. Das Blau wird allm\u00e4hlich heller vom Boden zum Rand, mit einem nat\u00fcrlichen und geschichteten \u00dcbergang, visuell erfrischend und elegant, einen Hauch von dynamischer Farbe in die K\u00fcche und Esstisch.<\/li>\n\n\n\n<li><strong>Hochtemperatur-Keramikmaterial:<\/strong> Unsere blaue quadratische Keramik-Backform im Gro\u00dfhandel ist aus spezieller hochtemperaturbest\u00e4ndiger Keramik gefertigt, die der gro\u00dfen Hitze im Backofen standh\u00e4lt, ohne dass das Material leicht rei\u00dft oder sich verformt. Jedes Gericht hat eine gl\u00e4nzende Glasur Oberfl\u00e4che, die sowohl \u00d6l und Kratzer widersteht und kann leicht abgewischt werden und fehlt jede Lebensmittelr\u00fcckst\u00e4nde.<\/li>\n\n\n\n<li><strong>\u00c4u\u00dferst praktisch:<\/strong> Diese quadratischen Backformen f\u00fcr den Gro\u00dfhandel sind in zwei Gr\u00f6\u00dfen erh\u00e4ltlich: Standard und extra gro\u00df, um den Platz im Ofen zu maximieren. Diese Pfannen haben eine moderate Tiefe und Tiefe zu ihnen, was bedeutet, dass wir eine Vielzahl von Lebensmitteln Gerichte in ihnen backen k\u00f6nnen, wie Lasagne, Brath\u00e4hnchen, Steak, Brownies, und vieles mehr. Die Griffe an beiden Seiten bieten einen bequemen Halt.<\/li>\n\n\n\n<li><strong>Vielseitig und anpassungsf\u00e4hig an verschiedene Ger\u00e4te:<\/strong> Die ma\u00dfgefertigte Backform verf\u00fcgt \u00fcber eine robuste Keramikstruktur, die eine gleichm\u00e4\u00dfige Erw\u00e4rmung der Speisen gew\u00e4hrleistet. Sie ist daher f\u00fcr Back\u00f6fen, Mikrowellen, Sp\u00fclmaschinen und K\u00fchlschr\u00e4nke geeignet und erf\u00fcllt die Anforderungen des gesamten Prozesses vom Backen und Erw\u00e4rmen bis zur Lagerung.<\/li>\n<\/ul>\n<\/div>\n\n\n\n<div class=\"wp-block-column is-layout-flow wp-block-column-is-layout-flow\">\n<figure class=\"wp-block-image size-full\"><img fetchpriority=\"high\" decoding=\"async\" width=\"1600\" height=\"1600\" src=\"https:\/\/jinhuaceramic.com\/wp-content\/uploads\/2025\/11\/Blue-Square-Baking-Dishes-Kitchen-Ceramic-Custom-Baking-Pans-Wholesale-6.webp\" alt=\"Blau-Quadrat-Keramik-Backform-Gro\u00dfhandel-K\u00fcchen-Backformen-6\" class=\"wp-image-11229\" srcset=\"https:\/\/jinhuaceramic.com\/wp-content\/uploads\/2025\/11\/Blue-Square-Baking-Dishes-Kitchen-Ceramic-Custom-Baking-Pans-Wholesale-6.webp 1600w, https:\/\/jinhuaceramic.com\/wp-content\/uploads\/2025\/11\/Blue-Square-Baking-Dishes-Kitchen-Ceramic-Custom-Baking-Pans-Wholesale-6-300x300.webp 300w, https:\/\/jinhuaceramic.com\/wp-content\/uploads\/2025\/11\/Blue-Square-Baking-Dishes-Kitchen-Ceramic-Custom-Baking-Pans-Wholesale-6-150x150.webp 150w, https:\/\/jinhuaceramic.com\/wp-content\/uploads\/2025\/11\/Blue-Square-Baking-Dishes-Kitchen-Ceramic-Custom-Baking-Pans-Wholesale-6-768x768.webp 768w, https:\/\/jinhuaceramic.com\/wp-content\/uploads\/2025\/11\/Blue-Square-Baking-Dishes-Kitchen-Ceramic-Custom-Baking-Pans-Wholesale-6-12x12.webp 12w, https:\/\/jinhuaceramic.com\/wp-content\/uploads\/2025\/11\/Blue-Square-Baking-Dishes-Kitchen-Ceramic-Custom-Baking-Pans-Wholesale-6-285x285.webp 285w, https:\/\/jinhuaceramic.com\/wp-content\/uploads\/2025\/11\/Blue-Square-Baking-Dishes-Kitchen-Ceramic-Custom-Baking-Pans-Wholesale-6-270x270.webp 270w, https:\/\/jinhuaceramic.com\/wp-content\/uploads\/2025\/11\/Blue-Square-Baking-Dishes-Kitchen-Ceramic-Custom-Baking-Pans-Wholesale-6-540x540.webp 540w, https:\/\/jinhuaceramic.com\/wp-content\/uploads\/2025\/11\/Blue-Square-Baking-Dishes-Kitchen-Ceramic-Custom-Baking-Pans-Wholesale-6-660x660.webp 660w\" sizes=\"(max-width: 1600px) 100vw, 1600px\" \/><\/figure>\n<\/div>\n<\/div>","protected":false},"excerpt":{"rendered":"<p>Willkommen zum Kauf dieser blauen quadratischen Keramik-Backform Gro\u00dfhandel ist aus Hochtemperatur-Porzellan, speziell f\u00fcr den Einsatz in der K\u00fcche gemacht. Sie ist sowohl in normalen als auch in \u00fcbergro\u00dfen Gr\u00f6\u00dfen erh\u00e4ltlich und ist backofen-, mikrowellen-, sp\u00fclmaschinen- und k\u00fchlschrankfest. Die W\u00e4rmeverteilung erfolgt radial und ist glatt f\u00fcr eine einfache Reinigung. Perfekt zum Backen, Braten, Servieren und sogar zum Aufbewahren. Vollst\u00e4ndig anpassbar f\u00fcr Gro\u00dfbestellungen.<\/p>\n<p>&nbsp;<\/p>","protected":false},"featured_media":11230,"comment_status":"closed","ping_status":"closed","template":"","meta":{"_acf_changed":false},"product_brand":[],"product_cat":[53],"product_tag":[70,71],"class_list":{"0":"post-11228","1":"product","2":"type-product","3":"status-publish","4":"has-post-thumbnail","6":"product_cat-bakeware-in-bulk","7":"product_tag-custom-pie-pans","8":"product_tag-wholesale-baking-pans","10":"first","11":"instock","12":"shipping-taxable","13":"product-type-simple"},"acf":[],"_links":{"self":[{"href":"https:\/\/jinhuaceramic.com\/de\/wp-json\/wp\/v2\/product\/11228","targetHints":{"allow":["GET"]}}],"collection":[{"href":"https:\/\/jinhuaceramic.com\/de\/wp-json\/wp\/v2\/product"}],"about":[{"href":"https:\/\/jinhuaceramic.com\/de\/wp-json\/wp\/v2\/types\/product"}],"replies":[{"embeddable":true,"href":"https:\/\/jinhuaceramic.com\/de\/wp-json\/wp\/v2\/comments?post=11228"}],"version-history":[{"count":0,"href":"https:\/\/jinhuaceramic.com\/de\/wp-json\/wp\/v2\/product\/11228\/revisions"}],"wp:featuredmedia":[{"embeddable":true,"href":"https:\/\/jinhuaceramic.com\/de\/wp-json\/wp\/v2\/media\/11230"}],"wp:attachment":[{"href":"https:\/\/jinhuaceramic.com\/de\/wp-json\/wp\/v2\/media?parent=11228"}],"wp:term":[{"taxonomy":"product_brand","embeddable":true,"href":"https:\/\/jinhuaceramic.com\/de\/wp-json\/wp\/v2\/product_brand?post=11228"},{"taxonomy":"product_cat","embeddable":true,"href":"https:\/\/jinhuaceramic.com\/de\/wp-json\/wp\/v2\/product_cat?post=11228"},{"taxonomy":"product_tag","embeddable":true,"href":"https:\/\/jinhuaceramic.com\/de\/wp-json\/wp\/v2\/product_tag?post=11228"}],"curies":[{"name":"wp","href":"https:\/\/api.w.org\/{rel}","templated":true}]}}