{"id":11234,"date":"2025-11-27T06:37:14","date_gmt":"2025-11-27T06:37:14","guid":{"rendered":"https:\/\/jinhuaceramic.com\/?post_type=product&#038;p=11234"},"modified":"2025-11-27T06:48:37","modified_gmt":"2025-11-27T06:48:37","slug":"bulk-matte-black-bathroom-set","status":"publish","type":"product","link":"https:\/\/jinhuaceramic.com\/de\/product\/bulk-matte-black-bathroom-set\/","title":{"rendered":"Factory Bulk Mattschwarzes Badezimmer-Set, Badezimmer-Accessoires"},"content":{"rendered":"<div class=\"wp-block-columns is-layout-flex wp-container-core-columns-is-layout-9d6595d7 wp-block-columns-is-layout-flex\">\n<div class=\"wp-block-column is-layout-flow wp-block-column-is-layout-flow\">\n<h3 class=\"wp-block-heading\">Premium-Badezimmerset in Mattschwarz \u2013 Eigenschaften:<\/h3>\n\n\n\n<ul class=\"wp-block-list\">\n<li><strong>Hochwertiges keramisches Material:<\/strong> Dieses mattschwarze Badezimmer-Set in Gro\u00dfpackung besteht aus hochwertigen, umweltfreundlichen Keramikmaterialien. Es ist dick, langlebig und widerstandsf\u00e4hig gegen Kratzer, Verf\u00e4rbungen und Geruchsaufnahme, sodass es f\u00fcr den langfristigen Gebrauch geeignet ist. Das matte Glasurdesign ist leicht zu reinigen und hinterl\u00e4sst keine Wasserflecken.<\/li>\n\n\n\n<li><strong>Modernes Design:<\/strong> Diese ma\u00dfgefertigten Badezimmer-Sets haben ein rein schwarzes, mattes Farbschema, das best\u00e4ndig, geheimnisvoll und vielseitig ist. Das vertikale Streifenmuster auf der Oberfl\u00e4che verst\u00e4rkt die visuelle Hierarchie und Feinheit und bietet gleichzeitig eine rutschhemmende Funktion, wodurch Funktionalit\u00e4t und Dekoration miteinander kombiniert werden.<\/li>\n\n\n\n<li><strong>Hohe Praktikabilit\u00e4t:<\/strong> Das mattschwarze Badezimmer-Set umfasst voll funktionsf\u00e4hige Seifenspender, Zahnb\u00fcrstenhalter, Mundwasserbecher und Ablagen. Es verf\u00fcgt \u00fcber ein separates Fach f\u00fcr Zahnpasta und einen gro\u00dfen Stauraum, in dem mehrere Zahnb\u00fcrsten Platz finden. Die Ablage bietet Platz f\u00fcr Badezimmeraccessoires und eignet sich auch hervorragend f\u00fcr Uhren, Schmuck und Parf\u00fcm.<\/li>\n\n\n\n<li><strong>Anwendbarkeit in mehreren Szenarien:<\/strong> Aus Sicherheitsgr\u00fcnden verf\u00fcgt dieses Keramik-Badezimmer-Set \u00fcber einen beschwerten Sockel, der ein Umkippen verhindert. Damit eignet es sich perfekt f\u00fcr den Einsatz im heimischen Badezimmer, in Hotels und Pensionen und sogar in gewerblichen Einrichtungen, um dem Badezimmer einen stilvollen Touch zu verleihen.<\/li>\n<\/ul>\n<\/div>\n\n\n\n<div class=\"wp-block-column is-layout-flow wp-block-column-is-layout-flow\">\n<figure class=\"wp-block-image size-full\"><img fetchpriority=\"high\" decoding=\"async\" width=\"1600\" height=\"1600\" src=\"https:\/\/jinhuaceramic.com\/wp-content\/uploads\/2025\/11\/Black-Modern-Bathroom-Accessories-Ceramic-Soap-Bottle-and-Toothbrush-Holder-Set-7.webp\" alt=\"Fabrik-Gro\u00dfpackung-matt-schwarz-Badezimmer-Set-Keramik-Badewanne-7\" class=\"wp-image-11240\" srcset=\"https:\/\/jinhuaceramic.com\/wp-content\/uploads\/2025\/11\/Black-Modern-Bathroom-Accessories-Ceramic-Soap-Bottle-and-Toothbrush-Holder-Set-7.webp 1600w, https:\/\/jinhuaceramic.com\/wp-content\/uploads\/2025\/11\/Black-Modern-Bathroom-Accessories-Ceramic-Soap-Bottle-and-Toothbrush-Holder-Set-7-300x300.webp 300w, https:\/\/jinhuaceramic.com\/wp-content\/uploads\/2025\/11\/Black-Modern-Bathroom-Accessories-Ceramic-Soap-Bottle-and-Toothbrush-Holder-Set-7-150x150.webp 150w, https:\/\/jinhuaceramic.com\/wp-content\/uploads\/2025\/11\/Black-Modern-Bathroom-Accessories-Ceramic-Soap-Bottle-and-Toothbrush-Holder-Set-7-768x768.webp 768w, https:\/\/jinhuaceramic.com\/wp-content\/uploads\/2025\/11\/Black-Modern-Bathroom-Accessories-Ceramic-Soap-Bottle-and-Toothbrush-Holder-Set-7-12x12.webp 12w, https:\/\/jinhuaceramic.com\/wp-content\/uploads\/2025\/11\/Black-Modern-Bathroom-Accessories-Ceramic-Soap-Bottle-and-Toothbrush-Holder-Set-7-285x285.webp 285w, https:\/\/jinhuaceramic.com\/wp-content\/uploads\/2025\/11\/Black-Modern-Bathroom-Accessories-Ceramic-Soap-Bottle-and-Toothbrush-Holder-Set-7-270x270.webp 270w, https:\/\/jinhuaceramic.com\/wp-content\/uploads\/2025\/11\/Black-Modern-Bathroom-Accessories-Ceramic-Soap-Bottle-and-Toothbrush-Holder-Set-7-540x540.webp 540w, https:\/\/jinhuaceramic.com\/wp-content\/uploads\/2025\/11\/Black-Modern-Bathroom-Accessories-Ceramic-Soap-Bottle-and-Toothbrush-Holder-Set-7-660x660.webp 660w\" sizes=\"(max-width: 1600px) 100vw, 1600px\" \/><\/figure>\n<\/div>\n<\/div>","protected":false},"excerpt":{"rendered":"<p>Willkommen zum Kauf dieses mattschwarzen Badezimmer-Sets, bestehend aus Zahnb\u00fcrstenhalter, Becher, Seifenspender und Ablage. Diese ma\u00dfgeschneiderten Badezimmeraccessoires vereinen \u00c4sthetik und Funktionalit\u00e4t mit modernem Design, umfassender Funktionalit\u00e4t und langlebigen, leicht zu reinigenden Keramikmaterialien. Ideal f\u00fcr Hotels, Privathaushalte und gewerbliche Badezimmerprojekte.<\/p>","protected":false},"featured_media":11235,"comment_status":"closed","ping_status":"closed","template":"","meta":{"_acf_changed":false},"product_brand":[],"product_cat":[51],"product_tag":[74],"class_list":{"0":"post-11234","1":"product","2":"type-product","3":"status-publish","4":"has-post-thumbnail","6":"product_cat-bathroom-accessories-wholesale","7":"product_tag-ceramic-bath-accessories-wholesale","9":"first","10":"instock","11":"shipping-taxable","12":"product-type-simple"},"acf":[],"_links":{"self":[{"href":"https:\/\/jinhuaceramic.com\/de\/wp-json\/wp\/v2\/product\/11234","targetHints":{"allow":["GET"]}}],"collection":[{"href":"https:\/\/jinhuaceramic.com\/de\/wp-json\/wp\/v2\/product"}],"about":[{"href":"https:\/\/jinhuaceramic.com\/de\/wp-json\/wp\/v2\/types\/product"}],"replies":[{"embeddable":true,"href":"https:\/\/jinhuaceramic.com\/de\/wp-json\/wp\/v2\/comments?post=11234"}],"version-history":[{"count":0,"href":"https:\/\/jinhuaceramic.com\/de\/wp-json\/wp\/v2\/product\/11234\/revisions"}],"wp:featuredmedia":[{"embeddable":true,"href":"https:\/\/jinhuaceramic.com\/de\/wp-json\/wp\/v2\/media\/11235"}],"wp:attachment":[{"href":"https:\/\/jinhuaceramic.com\/de\/wp-json\/wp\/v2\/media?parent=11234"}],"wp:term":[{"taxonomy":"product_brand","embeddable":true,"href":"https:\/\/jinhuaceramic.com\/de\/wp-json\/wp\/v2\/product_brand?post=11234"},{"taxonomy":"product_cat","embeddable":true,"href":"https:\/\/jinhuaceramic.com\/de\/wp-json\/wp\/v2\/product_cat?post=11234"},{"taxonomy":"product_tag","embeddable":true,"href":"https:\/\/jinhuaceramic.com\/de\/wp-json\/wp\/v2\/product_tag?post=11234"}],"curies":[{"name":"wp","href":"https:\/\/api.w.org\/{rel}","templated":true}]}}