{"id":11299,"date":"2025-12-04T02:37:35","date_gmt":"2025-12-04T02:37:35","guid":{"rendered":"https:\/\/jinhuaceramic.com\/?post_type=product&#038;p=11299"},"modified":"2025-12-04T02:37:38","modified_gmt":"2025-12-04T02:37:38","slug":"custom-small-ceramic-baking-pans","status":"publish","type":"product","link":"https:\/\/jinhuaceramic.com\/de\/product\/custom-small-ceramic-baking-pans\/","title":{"rendered":"Benutzerdefinierte kleine Keramik-Backformen, Backofen-safe Backform Bulk"},"content":{"rendered":"<div class=\"wp-block-columns is-layout-flex wp-container-core-columns-is-layout-9d6595d7 wp-block-columns-is-layout-flex\">\n<div class=\"wp-block-column is-layout-flow wp-block-column-is-layout-flow\">\n<h3 class=\"wp-block-heading\">Premium Custom Small Ceramic Baking Pans Eigenschaften:<\/h3>\n\n\n\n<ul class=\"wp-block-list\">\n<li><strong>Elegantes Design:<\/strong> Diese ma\u00dfgeschneiderten kleinen Keramik-Backformen haben eine wei\u00dfe Farbgebung mit schwarzen R\u00e4ndern, kombiniert mit vertikalen Streifen an den Seiten, die eine Kombination aus Retro und Minimalismus schaffen. Die schwarzen R\u00e4nder sorgen f\u00fcr optische Raffinesse, w\u00e4hrend das Streifendesign die Griffigkeit erh\u00f6ht und das Erscheinungsbild vielschichtiger macht.<\/li>\n\n\n\n<li><strong>\u00dcberlegene Materialien: <\/strong>Diese hochwertigen Keramik-Backformen f\u00fcr den Gro\u00dfhandel bestehen aus hochtemperaturbest\u00e4ndiger Keramik, die eine stabile Verwendung im Backofen ohne Risse, Verformung oder Geruchsaufnahme gew\u00e4hrleistet. Die Oberfl\u00e4che ist nicht chemisch beschichtet und gibt w\u00e4hrend des Gebrauchs keine sch\u00e4dlichen Stoffe ab, was den Anforderungen an eine gesunde Ern\u00e4hrung entspricht.<\/li>\n\n\n\n<li><strong>\u00c4u\u00dferst praktisch: <\/strong>Diese kleinen rechteckigen Backformen im Gro\u00dfhandel lassen sich stapeln und sparen so Platz in der K\u00fcche. Diese kleinen Backformen k\u00f6nnen einzeln f\u00fcr die Zubereitung von Reis- und Gem\u00fcsegerichten verwendet werden, aber auch kombiniert, um den Bedarf mehrerer G\u00e4ste zu decken, was sie sehr praktisch macht.<\/li>\n\n\n\n<li><strong>Multifunktionale Kompatibilit\u00e4t:<\/strong> Diese ma\u00dfgefertigten kleinen Keramik-Backformen sind direkt mit Back\u00f6fen, Mikrowellen, Geschirrsp\u00fclern und K\u00fchlschr\u00e4nken kompatibel und erf\u00fcllen die vielseitigen Anforderungen von Privat- und Gro\u00dfk\u00fcchen.<\/li>\n<\/ul>\n<\/div>\n\n\n\n<div class=\"wp-block-column is-layout-flow wp-block-column-is-layout-flow\">\n<figure class=\"wp-block-image size-full\"><img fetchpriority=\"high\" decoding=\"async\" width=\"1600\" height=\"1600\" src=\"https:\/\/jinhuaceramic.com\/wp-content\/uploads\/2025\/11\/Custom-Made-Small-Baking-Pan-Set-Ceramic-Kitchen-Wholesale-Casserole-Dishes-4.webp\" alt=\"kundenspezifische-kleine-keramische-backformen-ofenfest-backform-viel-4\" class=\"wp-image-11302\" srcset=\"https:\/\/jinhuaceramic.com\/wp-content\/uploads\/2025\/11\/Custom-Made-Small-Baking-Pan-Set-Ceramic-Kitchen-Wholesale-Casserole-Dishes-4.webp 1600w, https:\/\/jinhuaceramic.com\/wp-content\/uploads\/2025\/11\/Custom-Made-Small-Baking-Pan-Set-Ceramic-Kitchen-Wholesale-Casserole-Dishes-4-300x300.webp 300w, https:\/\/jinhuaceramic.com\/wp-content\/uploads\/2025\/11\/Custom-Made-Small-Baking-Pan-Set-Ceramic-Kitchen-Wholesale-Casserole-Dishes-4-150x150.webp 150w, https:\/\/jinhuaceramic.com\/wp-content\/uploads\/2025\/11\/Custom-Made-Small-Baking-Pan-Set-Ceramic-Kitchen-Wholesale-Casserole-Dishes-4-768x768.webp 768w, https:\/\/jinhuaceramic.com\/wp-content\/uploads\/2025\/11\/Custom-Made-Small-Baking-Pan-Set-Ceramic-Kitchen-Wholesale-Casserole-Dishes-4-12x12.webp 12w, https:\/\/jinhuaceramic.com\/wp-content\/uploads\/2025\/11\/Custom-Made-Small-Baking-Pan-Set-Ceramic-Kitchen-Wholesale-Casserole-Dishes-4-285x285.webp 285w, https:\/\/jinhuaceramic.com\/wp-content\/uploads\/2025\/11\/Custom-Made-Small-Baking-Pan-Set-Ceramic-Kitchen-Wholesale-Casserole-Dishes-4-270x270.webp 270w, https:\/\/jinhuaceramic.com\/wp-content\/uploads\/2025\/11\/Custom-Made-Small-Baking-Pan-Set-Ceramic-Kitchen-Wholesale-Casserole-Dishes-4-540x540.webp 540w, https:\/\/jinhuaceramic.com\/wp-content\/uploads\/2025\/11\/Custom-Made-Small-Baking-Pan-Set-Ceramic-Kitchen-Wholesale-Casserole-Dishes-4-660x660.webp 660w\" sizes=\"(max-width: 1600px) 100vw, 1600px\" \/><\/figure>\n<\/div>\n<\/div>","protected":false},"excerpt":{"rendered":"<p>Wir begr\u00fc\u00dfen Sie zum Kauf dieser ma\u00dfgeschneiderten kleinen Keramik-Backformen, die mit ihrem exquisiten, kompakten, rechteckigen Design, ihrer angemessenen Gr\u00f6\u00dfe und ihrem Fassungsverm\u00f6gen sowie ihrem hochwertigen Keramikmaterial zu praktischen Werkzeugen geworden sind, die sicher f\u00fcr Back\u00f6fen, Mikrowellen, Gefrierger\u00e4te und Geschirrsp\u00fcler sind. Sie sind sowohl f\u00fcr den t\u00e4glichen Gebrauch zu Hause als auch f\u00fcr die gewerbliche Nutzung in Restaurants bestens geeignet.<\/p>","protected":false},"featured_media":11300,"comment_status":"closed","ping_status":"closed","template":"","meta":{"_acf_changed":false},"product_brand":[],"product_cat":[53],"product_tag":[71],"class_list":{"0":"post-11299","1":"product","2":"type-product","3":"status-publish","4":"has-post-thumbnail","6":"product_cat-bakeware-in-bulk","7":"product_tag-wholesale-baking-pans","9":"first","10":"instock","11":"shipping-taxable","12":"product-type-simple"},"acf":[],"_links":{"self":[{"href":"https:\/\/jinhuaceramic.com\/de\/wp-json\/wp\/v2\/product\/11299","targetHints":{"allow":["GET"]}}],"collection":[{"href":"https:\/\/jinhuaceramic.com\/de\/wp-json\/wp\/v2\/product"}],"about":[{"href":"https:\/\/jinhuaceramic.com\/de\/wp-json\/wp\/v2\/types\/product"}],"replies":[{"embeddable":true,"href":"https:\/\/jinhuaceramic.com\/de\/wp-json\/wp\/v2\/comments?post=11299"}],"version-history":[{"count":0,"href":"https:\/\/jinhuaceramic.com\/de\/wp-json\/wp\/v2\/product\/11299\/revisions"}],"wp:featuredmedia":[{"embeddable":true,"href":"https:\/\/jinhuaceramic.com\/de\/wp-json\/wp\/v2\/media\/11300"}],"wp:attachment":[{"href":"https:\/\/jinhuaceramic.com\/de\/wp-json\/wp\/v2\/media?parent=11299"}],"wp:term":[{"taxonomy":"product_brand","embeddable":true,"href":"https:\/\/jinhuaceramic.com\/de\/wp-json\/wp\/v2\/product_brand?post=11299"},{"taxonomy":"product_cat","embeddable":true,"href":"https:\/\/jinhuaceramic.com\/de\/wp-json\/wp\/v2\/product_cat?post=11299"},{"taxonomy":"product_tag","embeddable":true,"href":"https:\/\/jinhuaceramic.com\/de\/wp-json\/wp\/v2\/product_tag?post=11299"}],"curies":[{"name":"wp","href":"https:\/\/api.w.org\/{rel}","templated":true}]}}