{"id":11309,"date":"2025-12-04T03:38:03","date_gmt":"2025-12-04T03:38:03","guid":{"rendered":"https:\/\/jinhuaceramic.com\/?post_type=product&#038;p=11309"},"modified":"2025-12-04T03:38:07","modified_gmt":"2025-12-04T03:38:07","slug":"custom-candle-vessels-wholesale","status":"publish","type":"product","link":"https:\/\/jinhuaceramic.com\/de\/product\/custom-candle-vessels-wholesale\/","title":{"rendered":"Keramische benutzerdefinierte Kerze Gef\u00e4\u00dfe Gro\u00dfhandel, gestreifte Kerze Gl\u00e4ser"},"content":{"rendered":"<div class=\"wp-block-columns is-layout-flex wp-container-core-columns-is-layout-9d6595d7 wp-block-columns-is-layout-flex\">\n<div class=\"wp-block-column is-layout-flow wp-block-column-is-layout-flow\">\n<h3 class=\"wp-block-heading\">Hochwertige individuelle Kerzenbeh\u00e4lter im Gro\u00dfhandel Merkmale:<\/h3>\n\n\n\n<ul class=\"wp-block-list\">\n<li><strong>Gestreiftes Design:<\/strong> Diese individuell gestalteten Kerzenhalter im Gro\u00dfhandel zeichnen sich durch eine cremige Grundfarbe mit unregelm\u00e4\u00dfigen, handgemalten vertikalen Farbstreifen aus, die einen lebendigen Retro-Stil schaffen, der die Frische der franz\u00f6sischen Landschaft mit dem k\u00fcnstlerischen Flair moderner Heimtextilien verbindet und sie zu einem optischen Highlight im Raum macht.<\/li>\n\n\n\n<li><strong>Einzigartige Form:<\/strong> Diese individuell gestalteten Kerzenbeh\u00e4lter f\u00fcr den Gro\u00dfhandel haben eine \u201ctaillierte Trommelform\u201d mit weichen, geschwungenen Linien, die die Monotonie herk\u00f6mmlicher zylindrischer Kerzengl\u00e4ser durchbrechen. In Kombination mit gestreiften Elementen wirken sie vielschichtiger und k\u00f6nnen auch ohne Kerzen als eigenst\u00e4ndige Dekorationsartikel verwendet werden.<\/li>\n\n\n\n<li><strong>Verschiedene Farben:<\/strong> Diese individuell gestalteten Kerzengl\u00e4ser sind in verschiedenen Streifenfarben wie Gelb, Rosa, Blau, Gr\u00fcn und Rot erh\u00e4ltlich, die sich an unterschiedliche Einrichtungsstile und pers\u00f6nliche Vorlieben anpassen lassen und so unterschiedlichen Anforderungen an die Einrichtung gerecht werden.<\/li>\n\n\n\n<li><strong>Langlebiges Material: <\/strong>Diese Gro\u00dfhandels-Kerzengl\u00e4ser bestehen aus hochwertigen Keramikmaterialien, die eine gute Hitzebest\u00e4ndigkeit und Korrosionsbest\u00e4ndigkeit aufweisen. Dieses Material ist nicht nur sicher und umweltfreundlich, sondern kann auch die Sch\u00f6nheit und Praktikabilit\u00e4t von Kerzengl\u00e4sern lange Zeit erhalten.<\/li>\n<\/ul>\n<\/div>\n\n\n\n<div class=\"wp-block-column is-layout-flow wp-block-column-is-layout-flow\">\n<figure class=\"wp-block-image size-full\"><img fetchpriority=\"high\" decoding=\"async\" width=\"1050\" height=\"1050\" src=\"https:\/\/jinhuaceramic.com\/wp-content\/uploads\/2025\/12\/Striped-Candle-Jar-with-Various-Colors-Ceramic-Custom-Candle-Vessels-Wholesale-4.webp\" alt=\"Keramik-Kerzenhalter-Gro\u00dfhandel-gestreifte-Kerzengl\u00e4ser-4\" class=\"wp-image-11312\" srcset=\"https:\/\/jinhuaceramic.com\/wp-content\/uploads\/2025\/12\/Striped-Candle-Jar-with-Various-Colors-Ceramic-Custom-Candle-Vessels-Wholesale-4.webp 1050w, https:\/\/jinhuaceramic.com\/wp-content\/uploads\/2025\/12\/Striped-Candle-Jar-with-Various-Colors-Ceramic-Custom-Candle-Vessels-Wholesale-4-300x300.webp 300w, https:\/\/jinhuaceramic.com\/wp-content\/uploads\/2025\/12\/Striped-Candle-Jar-with-Various-Colors-Ceramic-Custom-Candle-Vessels-Wholesale-4-150x150.webp 150w, https:\/\/jinhuaceramic.com\/wp-content\/uploads\/2025\/12\/Striped-Candle-Jar-with-Various-Colors-Ceramic-Custom-Candle-Vessels-Wholesale-4-768x768.webp 768w, https:\/\/jinhuaceramic.com\/wp-content\/uploads\/2025\/12\/Striped-Candle-Jar-with-Various-Colors-Ceramic-Custom-Candle-Vessels-Wholesale-4-12x12.webp 12w, https:\/\/jinhuaceramic.com\/wp-content\/uploads\/2025\/12\/Striped-Candle-Jar-with-Various-Colors-Ceramic-Custom-Candle-Vessels-Wholesale-4-285x285.webp 285w, https:\/\/jinhuaceramic.com\/wp-content\/uploads\/2025\/12\/Striped-Candle-Jar-with-Various-Colors-Ceramic-Custom-Candle-Vessels-Wholesale-4-270x270.webp 270w, https:\/\/jinhuaceramic.com\/wp-content\/uploads\/2025\/12\/Striped-Candle-Jar-with-Various-Colors-Ceramic-Custom-Candle-Vessels-Wholesale-4-540x540.webp 540w, https:\/\/jinhuaceramic.com\/wp-content\/uploads\/2025\/12\/Striped-Candle-Jar-with-Various-Colors-Ceramic-Custom-Candle-Vessels-Wholesale-4-660x660.webp 660w\" sizes=\"(max-width: 1050px) 100vw, 1050px\" \/><\/figure>\n<\/div>\n<\/div>","protected":false},"excerpt":{"rendered":"<p>Willkommen beim Kauf dieser ma\u00dfgefertigten Kerzenhalter im Gro\u00dfhandel mit Retro-Streifenmuster, einzigartiger Form, vielf\u00e4ltigen Farboptionen und strapazierf\u00e4higem Keramikmaterial. Sie sind Wohnaccessoires, die dekorativen und praktischen Wert vereinen. Sie schaffen eine warme und gem\u00fctliche Atmosph\u00e4re, und die vielf\u00e4ltigen Farbschemata passen sich auch verschiedenen Einrichtungsstilen an, was sie zu einer hochwertigen Wahl macht, um die Textur des Raumes zu verbessern.<\/p>","protected":false},"featured_media":11311,"comment_status":"closed","ping_status":"closed","template":"","meta":{"_acf_changed":false},"product_brand":[],"product_cat":[52],"product_tag":[66],"class_list":{"0":"post-11309","1":"product","2":"type-product","3":"status-publish","4":"has-post-thumbnail","6":"product_cat-wholesale-candle-containers","7":"product_tag-candle-jars-wholesale","9":"first","10":"instock","11":"shipping-taxable","12":"product-type-simple"},"acf":[],"_links":{"self":[{"href":"https:\/\/jinhuaceramic.com\/de\/wp-json\/wp\/v2\/product\/11309","targetHints":{"allow":["GET"]}}],"collection":[{"href":"https:\/\/jinhuaceramic.com\/de\/wp-json\/wp\/v2\/product"}],"about":[{"href":"https:\/\/jinhuaceramic.com\/de\/wp-json\/wp\/v2\/types\/product"}],"replies":[{"embeddable":true,"href":"https:\/\/jinhuaceramic.com\/de\/wp-json\/wp\/v2\/comments?post=11309"}],"version-history":[{"count":0,"href":"https:\/\/jinhuaceramic.com\/de\/wp-json\/wp\/v2\/product\/11309\/revisions"}],"wp:featuredmedia":[{"embeddable":true,"href":"https:\/\/jinhuaceramic.com\/de\/wp-json\/wp\/v2\/media\/11311"}],"wp:attachment":[{"href":"https:\/\/jinhuaceramic.com\/de\/wp-json\/wp\/v2\/media?parent=11309"}],"wp:term":[{"taxonomy":"product_brand","embeddable":true,"href":"https:\/\/jinhuaceramic.com\/de\/wp-json\/wp\/v2\/product_brand?post=11309"},{"taxonomy":"product_cat","embeddable":true,"href":"https:\/\/jinhuaceramic.com\/de\/wp-json\/wp\/v2\/product_cat?post=11309"},{"taxonomy":"product_tag","embeddable":true,"href":"https:\/\/jinhuaceramic.com\/de\/wp-json\/wp\/v2\/product_tag?post=11309"}],"curies":[{"name":"wp","href":"https:\/\/api.w.org\/{rel}","templated":true}]}}