{"id":11360,"date":"2025-12-04T07:22:43","date_gmt":"2025-12-04T07:22:43","guid":{"rendered":"https:\/\/jinhuaceramic.com\/?post_type=product&#038;p=11360"},"modified":"2025-12-04T07:22:48","modified_gmt":"2025-12-04T07:22:48","slug":"green-bathroom-set-wholesale","status":"publish","type":"product","link":"https:\/\/jinhuaceramic.com\/de\/product\/green-bathroom-set-wholesale\/","title":{"rendered":"Gr\u00fcnes Badezimmer-Set Gro\u00dfhandel, benutzerdefinierte keramische Bad-Accessoire"},"content":{"rendered":"<div class=\"wp-block-columns is-layout-flex wp-container-core-columns-is-layout-9d6595d7 wp-block-columns-is-layout-flex\">\n<div class=\"wp-block-column is-layout-flow wp-block-column-is-layout-flow\">\n<h3 class=\"wp-block-heading\">Premium Fresh Green Bathroom Set Gro\u00dfhandel Eigenschaften:<\/h3>\n\n\n\n<ul class=\"wp-block-list\">\n<li><strong>Frischer Stil:<\/strong> Dieses gr\u00fcne Badezimmerset im Gro\u00dfhandel zeichnet sich durch ein sanftes, hellgr\u00fcnes Farbschema aus, das einen frischen und heilenden Stil hat. Die Textur \u00e4hnelt Weizen\u00e4hren auf der Oberfl\u00e4che f\u00fcgt visuelle Schichtung, so dass das Set mehr exquisite und High-End-Look.<\/li>\n\n\n\n<li><strong>Hochwertiges keramisches Material: <\/strong>Dieses gr\u00fcne Bad-Set Gro\u00dfhandel ist von Hochtemperatur-Keramik-Brennen gemacht, es hat eine stabile Struktur, ist nicht leicht zu verf\u00e4rben, hat eine zarte und helle Glasur, starke Flecken Widerstand, und kann mit einfachen t\u00e4glichen Sp\u00fclen sauber gehalten werden.<\/li>\n\n\n\n<li><strong>Hohe Praktikabilit\u00e4t:<\/strong> Diese individuellen Keramik-Sets f\u00fcr das Badezimmer umfassen Seifenspender, Zahnb\u00fcrstenhalter, abgedeckte Aufbewahrungsgl\u00e4ser, Seifenschalen und andere Badezimmer-Accessoires. Sie k\u00f6nnen H\u00e4ndedesinfektionsmittel\/Shampoo, Zahnb\u00fcrsten, Wattest\u00e4bchen\/B\u00e4lle und Seife separat aufbewahren und erm\u00f6glichen so eine \u201cOne-Stop\u201d-Klassifizierung und -Lagerung von Toilettenartikeln im Badezimmer, wodurch sich die Arbeitsplatte von der Unordnung verabschieden kann.<\/li>\n\n\n\n<li><strong>Geeignet f\u00fcr verschiedene Badstile:<\/strong> Dieses gr\u00fcne Badezimmerset f\u00fcr den Gro\u00dfhandel passt gut zu Holz, wei\u00dfen und hellen Fliesen, wodurch es sich unter anderem f\u00fcr moderne, skandinavische und nat\u00fcrliche Stile eignet. Auch geeignet f\u00fcr gro\u00dfe Hotelprojekte, Superm\u00e4rkte, grenz\u00fcberschreitenden E-Commerce und Markenanpassung.<\/li>\n<\/ul>\n<\/div>\n\n\n\n<div class=\"wp-block-column is-layout-flow wp-block-column-is-layout-flow\">\n<figure class=\"wp-block-image size-full\"><img fetchpriority=\"high\" decoding=\"async\" width=\"2560\" height=\"2560\" src=\"https:\/\/jinhuaceramic.com\/wp-content\/uploads\/2025\/12\/Fresh-Green-Bathroom-Set-Ceramic-Custom-Made-Bathroom-Accessories-Wholesale-4.webp\" alt=\"gr\u00fcnes-bad-set-gro\u00dfhandel-massgeschneiderte-keramik-bad-accessoires-4\" class=\"wp-image-11363\" srcset=\"https:\/\/jinhuaceramic.com\/wp-content\/uploads\/2025\/12\/Fresh-Green-Bathroom-Set-Ceramic-Custom-Made-Bathroom-Accessories-Wholesale-4.webp 2560w, https:\/\/jinhuaceramic.com\/wp-content\/uploads\/2025\/12\/Fresh-Green-Bathroom-Set-Ceramic-Custom-Made-Bathroom-Accessories-Wholesale-4-300x300.webp 300w, https:\/\/jinhuaceramic.com\/wp-content\/uploads\/2025\/12\/Fresh-Green-Bathroom-Set-Ceramic-Custom-Made-Bathroom-Accessories-Wholesale-4-150x150.webp 150w, https:\/\/jinhuaceramic.com\/wp-content\/uploads\/2025\/12\/Fresh-Green-Bathroom-Set-Ceramic-Custom-Made-Bathroom-Accessories-Wholesale-4-768x768.webp 768w, https:\/\/jinhuaceramic.com\/wp-content\/uploads\/2025\/12\/Fresh-Green-Bathroom-Set-Ceramic-Custom-Made-Bathroom-Accessories-Wholesale-4-12x12.webp 12w, https:\/\/jinhuaceramic.com\/wp-content\/uploads\/2025\/12\/Fresh-Green-Bathroom-Set-Ceramic-Custom-Made-Bathroom-Accessories-Wholesale-4-285x285.webp 285w, https:\/\/jinhuaceramic.com\/wp-content\/uploads\/2025\/12\/Fresh-Green-Bathroom-Set-Ceramic-Custom-Made-Bathroom-Accessories-Wholesale-4-1600x1600.webp 1600w, https:\/\/jinhuaceramic.com\/wp-content\/uploads\/2025\/12\/Fresh-Green-Bathroom-Set-Ceramic-Custom-Made-Bathroom-Accessories-Wholesale-4-270x270.webp 270w, https:\/\/jinhuaceramic.com\/wp-content\/uploads\/2025\/12\/Fresh-Green-Bathroom-Set-Ceramic-Custom-Made-Bathroom-Accessories-Wholesale-4-540x540.webp 540w, https:\/\/jinhuaceramic.com\/wp-content\/uploads\/2025\/12\/Fresh-Green-Bathroom-Set-Ceramic-Custom-Made-Bathroom-Accessories-Wholesale-4-660x660.webp 660w\" sizes=\"(max-width: 2560px) 100vw, 2560px\" \/><\/figure>\n<\/div>\n<\/div>","protected":false},"excerpt":{"rendered":"<p>Willkommen zum Kauf unseres gr\u00fcnen Badezimmersets im Gro\u00dfhandel, das Funktionalit\u00e4t und \u00c4sthetik verbindet und nicht nur den Stil des Badezimmers mit einem frischen und weichen Stil aufwertet, sondern auch den Waschvorgang durch wissenschaftliche Lagerung bequemer macht. Hergestellt aus langlebiger Hochtemperatur-Keramik, ist es leicht zu reinigen, feuchtigkeitsbest\u00e4ndig und ideal f\u00fcr Hotels, Einzelh\u00e4ndler und Heimdekor-Marken.<\/p>","protected":false},"featured_media":11362,"comment_status":"closed","ping_status":"closed","template":"","meta":{"_acf_changed":false},"product_brand":[],"product_cat":[51],"product_tag":[74],"class_list":{"0":"post-11360","1":"product","2":"type-product","3":"status-publish","4":"has-post-thumbnail","6":"product_cat-bathroom-accessories-wholesale","7":"product_tag-ceramic-bath-accessories-wholesale","9":"first","10":"instock","11":"shipping-taxable","12":"product-type-simple"},"acf":[],"_links":{"self":[{"href":"https:\/\/jinhuaceramic.com\/de\/wp-json\/wp\/v2\/product\/11360","targetHints":{"allow":["GET"]}}],"collection":[{"href":"https:\/\/jinhuaceramic.com\/de\/wp-json\/wp\/v2\/product"}],"about":[{"href":"https:\/\/jinhuaceramic.com\/de\/wp-json\/wp\/v2\/types\/product"}],"replies":[{"embeddable":true,"href":"https:\/\/jinhuaceramic.com\/de\/wp-json\/wp\/v2\/comments?post=11360"}],"version-history":[{"count":0,"href":"https:\/\/jinhuaceramic.com\/de\/wp-json\/wp\/v2\/product\/11360\/revisions"}],"wp:featuredmedia":[{"embeddable":true,"href":"https:\/\/jinhuaceramic.com\/de\/wp-json\/wp\/v2\/media\/11362"}],"wp:attachment":[{"href":"https:\/\/jinhuaceramic.com\/de\/wp-json\/wp\/v2\/media?parent=11360"}],"wp:term":[{"taxonomy":"product_brand","embeddable":true,"href":"https:\/\/jinhuaceramic.com\/de\/wp-json\/wp\/v2\/product_brand?post=11360"},{"taxonomy":"product_cat","embeddable":true,"href":"https:\/\/jinhuaceramic.com\/de\/wp-json\/wp\/v2\/product_cat?post=11360"},{"taxonomy":"product_tag","embeddable":true,"href":"https:\/\/jinhuaceramic.com\/de\/wp-json\/wp\/v2\/product_tag?post=11360"}],"curies":[{"name":"wp","href":"https:\/\/api.w.org\/{rel}","templated":true}]}}