{"id":11382,"date":"2025-12-11T01:40:40","date_gmt":"2025-12-11T01:40:40","guid":{"rendered":"https:\/\/jinhuaceramic.com\/?post_type=product&#038;p=11382"},"modified":"2025-12-11T01:40:42","modified_gmt":"2025-12-11T01:40:42","slug":"round-baking-pan-wholesale","status":"publish","type":"product","link":"https:\/\/jinhuaceramic.com\/de\/product\/round-baking-pan-wholesale\/","title":{"rendered":"Retro Rot Runde Backform Gro\u00dfhandel, Keramik Backformen Bulk"},"content":{"rendered":"<div class=\"wp-block-columns is-layout-flex wp-container-core-columns-is-layout-9d6595d7 wp-block-columns-is-layout-flex\">\n<div class=\"wp-block-column is-layout-flow wp-block-column-is-layout-flow\">\n<h3 class=\"wp-block-heading\">Premium Retro Rot Runde Backform Gro\u00dfhandel Eigenschaften:<\/h3>\n\n\n\n<ul class=\"wp-block-list\">\n<li><strong>Farbschema und Muster: <\/strong>Diese runde Backform im Gro\u00dfhandel hat eine rote Au\u00dfenseite mit einem wei\u00dfen Blumenmuster und eine hellbeige Innenseite mit einem roten Muster. Die Farben erg\u00e4nzen sich gegenseitig und schaffen einen reichen und eleganten Retro-Stil, der chinesische \u00c4sthetik mit l\u00e4ndlichem Charme verbindet.<\/li>\n\n\n\n<li><strong>Details Design:<\/strong> Diese runde Backform im Gro\u00dfhandel hat braune, gezackte Spitzenr\u00e4nder, die die eint\u00f6nigen Linien herk\u00f6mmlicher Backformen durchbrechen. Die beidseitig angebrachten dunkelbraunen Griffe erh\u00f6hen die Griffsicherheit und verleihen dem Gesamtdesign einen Hauch von Vintage. Sie k\u00f6nnen direkt auf dem Esstisch als Beh\u00e4lter serviert werden, was den optischen Stil der Mahlzeit unterstreicht.<\/li>\n\n\n\n<li><strong>Starke Praktikabilit\u00e4t: <\/strong>Die benutzerdefinierten Backformen k\u00f6nnen zum Backen von Fleisch, Gem\u00fcse, Pizza, Kuchen, Desserts und mehr verwendet werden und werden mit jedem Gebrauch besser, multifunktional. Sie sind f\u00fcr alle Arten von Ger\u00e4ten geeignet, einschlie\u00dflich K\u00fchlschrank, Backofen, Mikrowelle, Geschirrsp\u00fcler usw., und bieten Komfort und Vielseitigkeit.<\/li>\n\n\n\n<li><strong>Hochwertige Materialien: <\/strong>Die ma\u00dfgefertigten Backformen bestehen aus hochwertiger Keramik, die f\u00fcr eine gleichm\u00e4\u00dfige W\u00e4rme\u00fcbertragung sorgt, so dass die Speisen beim Backen gleichm\u00e4\u00dfig gegart werden und ein Anbrennen oder Untergaren vermieden wird.<\/li>\n<\/ul>\n<\/div>\n\n\n\n<div class=\"wp-block-column is-layout-flow wp-block-column-is-layout-flow\">\n<figure class=\"wp-block-image size-full\"><img fetchpriority=\"high\" decoding=\"async\" width=\"1600\" height=\"1600\" src=\"https:\/\/jinhuaceramic.com\/wp-content\/uploads\/2025\/12\/Retro-Red-Round-Baking-Pan-Ceramic-Custom-Baking-Dish-Wholesale-Bakeware.webp\" alt=\"retro-rote-runde-backform-gro\u00dfhandel-keramik-backgeschirr-bulk-1\" class=\"wp-image-11388\" srcset=\"https:\/\/jinhuaceramic.com\/wp-content\/uploads\/2025\/12\/Retro-Red-Round-Baking-Pan-Ceramic-Custom-Baking-Dish-Wholesale-Bakeware.webp 1600w, https:\/\/jinhuaceramic.com\/wp-content\/uploads\/2025\/12\/Retro-Red-Round-Baking-Pan-Ceramic-Custom-Baking-Dish-Wholesale-Bakeware-300x300.webp 300w, https:\/\/jinhuaceramic.com\/wp-content\/uploads\/2025\/12\/Retro-Red-Round-Baking-Pan-Ceramic-Custom-Baking-Dish-Wholesale-Bakeware-150x150.webp 150w, https:\/\/jinhuaceramic.com\/wp-content\/uploads\/2025\/12\/Retro-Red-Round-Baking-Pan-Ceramic-Custom-Baking-Dish-Wholesale-Bakeware-768x768.webp 768w, https:\/\/jinhuaceramic.com\/wp-content\/uploads\/2025\/12\/Retro-Red-Round-Baking-Pan-Ceramic-Custom-Baking-Dish-Wholesale-Bakeware-12x12.webp 12w, https:\/\/jinhuaceramic.com\/wp-content\/uploads\/2025\/12\/Retro-Red-Round-Baking-Pan-Ceramic-Custom-Baking-Dish-Wholesale-Bakeware-285x285.webp 285w, https:\/\/jinhuaceramic.com\/wp-content\/uploads\/2025\/12\/Retro-Red-Round-Baking-Pan-Ceramic-Custom-Baking-Dish-Wholesale-Bakeware-270x270.webp 270w, https:\/\/jinhuaceramic.com\/wp-content\/uploads\/2025\/12\/Retro-Red-Round-Baking-Pan-Ceramic-Custom-Baking-Dish-Wholesale-Bakeware-540x540.webp 540w, https:\/\/jinhuaceramic.com\/wp-content\/uploads\/2025\/12\/Retro-Red-Round-Baking-Pan-Ceramic-Custom-Baking-Dish-Wholesale-Bakeware-660x660.webp 660w\" sizes=\"(max-width: 1600px) 100vw, 1600px\" \/><\/figure>\n<\/div>\n<\/div>","protected":false},"excerpt":{"rendered":"<p>Willkommen bei unseren roten runden Backform Gro\u00dfhandel mit einem Retro-und exquisites Design, Vielseitigkeit und hochwertige Keramik-Material Leistung, die sowohl eine sch\u00f6ne und praktische Kochwerkzeug in der K\u00fcche geworden ist zu kaufen. Ob es sich um das t\u00e4gliche Kochen oder Backen Bed\u00fcrfnisse f\u00fcr besondere Anl\u00e4sse, und volle OEM \/ ODM Anpassung f\u00fcr Marken und Gro\u00dfh\u00e4ndler.<\/p>","protected":false},"featured_media":11387,"comment_status":"closed","ping_status":"closed","template":"","meta":{"_acf_changed":false},"product_brand":[],"product_cat":[53],"product_tag":[71],"class_list":{"0":"post-11382","1":"product","2":"type-product","3":"status-publish","4":"has-post-thumbnail","6":"product_cat-bakeware-in-bulk","7":"product_tag-wholesale-baking-pans","9":"first","10":"instock","11":"shipping-taxable","12":"product-type-simple"},"acf":[],"_links":{"self":[{"href":"https:\/\/jinhuaceramic.com\/de\/wp-json\/wp\/v2\/product\/11382","targetHints":{"allow":["GET"]}}],"collection":[{"href":"https:\/\/jinhuaceramic.com\/de\/wp-json\/wp\/v2\/product"}],"about":[{"href":"https:\/\/jinhuaceramic.com\/de\/wp-json\/wp\/v2\/types\/product"}],"replies":[{"embeddable":true,"href":"https:\/\/jinhuaceramic.com\/de\/wp-json\/wp\/v2\/comments?post=11382"}],"version-history":[{"count":0,"href":"https:\/\/jinhuaceramic.com\/de\/wp-json\/wp\/v2\/product\/11382\/revisions"}],"wp:featuredmedia":[{"embeddable":true,"href":"https:\/\/jinhuaceramic.com\/de\/wp-json\/wp\/v2\/media\/11387"}],"wp:attachment":[{"href":"https:\/\/jinhuaceramic.com\/de\/wp-json\/wp\/v2\/media?parent=11382"}],"wp:term":[{"taxonomy":"product_brand","embeddable":true,"href":"https:\/\/jinhuaceramic.com\/de\/wp-json\/wp\/v2\/product_brand?post=11382"},{"taxonomy":"product_cat","embeddable":true,"href":"https:\/\/jinhuaceramic.com\/de\/wp-json\/wp\/v2\/product_cat?post=11382"},{"taxonomy":"product_tag","embeddable":true,"href":"https:\/\/jinhuaceramic.com\/de\/wp-json\/wp\/v2\/product_tag?post=11382"}],"curies":[{"name":"wp","href":"https:\/\/api.w.org\/{rel}","templated":true}]}}