{"id":11391,"date":"2025-12-11T02:19:02","date_gmt":"2025-12-11T02:19:02","guid":{"rendered":"https:\/\/jinhuaceramic.com\/?post_type=product&#038;p=11391"},"modified":"2025-12-18T06:49:52","modified_gmt":"2025-12-18T06:49:52","slug":"blue-bathroom-accessories-set-wholesale","status":"publish","type":"product","link":"https:\/\/jinhuaceramic.com\/de\/product\/blue-bathroom-accessories-set-wholesale\/","title":{"rendered":"Keramik-Badezimmer-Accessoires-Set in Blau \u2013 Gro\u00dfhandel"},"content":{"rendered":"<div class=\"wp-block-columns is-layout-flex wp-container-core-columns-is-layout-9d6595d7 wp-block-columns-is-layout-flex\">\n<div class=\"wp-block-column is-layout-flow wp-block-column-is-layout-flow\">\n<h3 class=\"wp-block-heading\">Premium-Badezimmer-Accessoires-Set in Blau \u2013 Gro\u00dfhandelseigenschaften:<\/h3>\n\n\n\n<ul class=\"wp-block-list\">\n<li><strong>Hochwertiges Material: <\/strong>Dieses blaue Badezimmer-Accessoire-Set f\u00fcr den Gro\u00dfhandel besteht aus hochwertigen Keramikmaterialien, die bei hohen Temperaturen gebrannt wurden, was zu einer hohen H\u00e4rte, Verschlei\u00df- und Sturzfestigkeit, geringer Besch\u00e4digungsanf\u00e4lligkeit und einer langen Lebensdauer f\u00fchrt.<\/li>\n\n\n\n<li><strong>Elegante Farben:<\/strong> Diese ma\u00dfgefertigten Badezimmer-Sets zeichnen sich durch eine grau-blaue Farbgebung aus, die mit ihrer geringen S\u00e4ttigung ein Gef\u00fchl von Ruhe und Frische vermittelt. Dadurch eignen sie sich f\u00fcr fast jeden Badezimmerstil und helfen Ihnen dabei, ein gem\u00fctliches und entspannendes Badezimmer zu gestalten.<\/li>\n\n\n\n<li><strong>Exquisite Textur: <\/strong>Das blaue Badaccessoire-Set im Gro\u00dfhandel zeichnet sich durch ein gestricktes Texturdesign auf der Oberfl\u00e4che aus, das f\u00fcr visuelle Tiefe und Abwechslung sorgt und die Monotonie einfarbiger Keramikprodukte durchbricht. Diese einzigartige Textur verleiht dem Set einen k\u00fcnstlerischen und exquisiten Charakter und macht es zu einem dekorativen Highlight im Badezimmer.<\/li>\n\n\n\n<li><strong>Vollst\u00e4ndiger Satz: <\/strong>Diese ma\u00dfgeschneiderten Badezimmer-Sets enthalten g\u00e4ngige Badezimmeraccessoires wie Becher f\u00fcr Zahnb\u00fcrsten und Zahnpasta, Dosen zur Aufbewahrung von Watteb\u00e4llchen, Seifenflaschen und Seifenschalen. Ein komplettes Set an Komponenten kann die verschiedenen Anforderungen des t\u00e4glichen Badezimmergebrauchs erf\u00fcllen und sorgt f\u00fcr mehr Ordnung bei der Platzierung der Gegenst\u00e4nde.<\/li>\n<\/ul>\n<\/div>\n\n\n\n<div class=\"wp-block-column is-layout-flow wp-block-column-is-layout-flow\">\n<figure class=\"wp-block-image size-full\"><img fetchpriority=\"high\" decoding=\"async\" width=\"1000\" height=\"1000\" src=\"https:\/\/jinhuaceramic.com\/wp-content\/uploads\/2025\/12\/Blue-Designer-Bathroom-Sets-Wholesale-Ceramic-Bathroom-Kitchen-Supplies-4.webp\" alt=\"blaues-Badezimmer-Accessoires-Set-Gro\u00dfhandel-4\" class=\"wp-image-11394\" srcset=\"https:\/\/jinhuaceramic.com\/wp-content\/uploads\/2025\/12\/Blue-Designer-Bathroom-Sets-Wholesale-Ceramic-Bathroom-Kitchen-Supplies-4.webp 1000w, https:\/\/jinhuaceramic.com\/wp-content\/uploads\/2025\/12\/Blue-Designer-Bathroom-Sets-Wholesale-Ceramic-Bathroom-Kitchen-Supplies-4-300x300.webp 300w, https:\/\/jinhuaceramic.com\/wp-content\/uploads\/2025\/12\/Blue-Designer-Bathroom-Sets-Wholesale-Ceramic-Bathroom-Kitchen-Supplies-4-150x150.webp 150w, https:\/\/jinhuaceramic.com\/wp-content\/uploads\/2025\/12\/Blue-Designer-Bathroom-Sets-Wholesale-Ceramic-Bathroom-Kitchen-Supplies-4-768x768.webp 768w, https:\/\/jinhuaceramic.com\/wp-content\/uploads\/2025\/12\/Blue-Designer-Bathroom-Sets-Wholesale-Ceramic-Bathroom-Kitchen-Supplies-4-12x12.webp 12w, https:\/\/jinhuaceramic.com\/wp-content\/uploads\/2025\/12\/Blue-Designer-Bathroom-Sets-Wholesale-Ceramic-Bathroom-Kitchen-Supplies-4-285x285.webp 285w, https:\/\/jinhuaceramic.com\/wp-content\/uploads\/2025\/12\/Blue-Designer-Bathroom-Sets-Wholesale-Ceramic-Bathroom-Kitchen-Supplies-4-270x270.webp 270w, https:\/\/jinhuaceramic.com\/wp-content\/uploads\/2025\/12\/Blue-Designer-Bathroom-Sets-Wholesale-Ceramic-Bathroom-Kitchen-Supplies-4-540x540.webp 540w, https:\/\/jinhuaceramic.com\/wp-content\/uploads\/2025\/12\/Blue-Designer-Bathroom-Sets-Wholesale-Ceramic-Bathroom-Kitchen-Supplies-4-660x660.webp 660w\" sizes=\"(max-width: 1000px) 100vw, 1000px\" \/><\/figure>\n<\/div>\n<\/div>","protected":false},"excerpt":{"rendered":"<p>Willkommen beim Kauf dieses blauen Badezimmer-Accessoire-Sets im Gro\u00dfhandel mit hochwertiger Glasur, hochtemperaturbest\u00e4ndigem Porzellan und praktischen Mehrfachkonfigurationen. Das Set eignet sich ideal f\u00fcr Hotels, Haushalte und den Einzelhandel und l\u00e4sst sich vollst\u00e4ndig individuell anpassen. Es bietet eine stilvolle und langlebige L\u00f6sung f\u00fcr die moderne Badezimmerdekoration.<\/p>","protected":false},"featured_media":11398,"comment_status":"closed","ping_status":"closed","template":"","meta":{"_acf_changed":false},"product_brand":[],"product_cat":[51],"product_tag":[74],"class_list":{"0":"post-11391","1":"product","2":"type-product","3":"status-publish","4":"has-post-thumbnail","6":"product_cat-bathroom-accessories-wholesale","7":"product_tag-ceramic-bath-accessories-wholesale","9":"first","10":"instock","11":"shipping-taxable","12":"product-type-simple"},"acf":[],"_links":{"self":[{"href":"https:\/\/jinhuaceramic.com\/de\/wp-json\/wp\/v2\/product\/11391","targetHints":{"allow":["GET"]}}],"collection":[{"href":"https:\/\/jinhuaceramic.com\/de\/wp-json\/wp\/v2\/product"}],"about":[{"href":"https:\/\/jinhuaceramic.com\/de\/wp-json\/wp\/v2\/types\/product"}],"replies":[{"embeddable":true,"href":"https:\/\/jinhuaceramic.com\/de\/wp-json\/wp\/v2\/comments?post=11391"}],"version-history":[{"count":0,"href":"https:\/\/jinhuaceramic.com\/de\/wp-json\/wp\/v2\/product\/11391\/revisions"}],"wp:featuredmedia":[{"embeddable":true,"href":"https:\/\/jinhuaceramic.com\/de\/wp-json\/wp\/v2\/media\/11398"}],"wp:attachment":[{"href":"https:\/\/jinhuaceramic.com\/de\/wp-json\/wp\/v2\/media?parent=11391"}],"wp:term":[{"taxonomy":"product_brand","embeddable":true,"href":"https:\/\/jinhuaceramic.com\/de\/wp-json\/wp\/v2\/product_brand?post=11391"},{"taxonomy":"product_cat","embeddable":true,"href":"https:\/\/jinhuaceramic.com\/de\/wp-json\/wp\/v2\/product_cat?post=11391"},{"taxonomy":"product_tag","embeddable":true,"href":"https:\/\/jinhuaceramic.com\/de\/wp-json\/wp\/v2\/product_tag?post=11391"}],"curies":[{"name":"wp","href":"https:\/\/api.w.org\/{rel}","templated":true}]}}