{"id":11401,"date":"2025-12-11T03:13:51","date_gmt":"2025-12-11T03:13:51","guid":{"rendered":"https:\/\/jinhuaceramic.com\/?post_type=product&#038;p=11401"},"modified":"2025-12-11T03:13:57","modified_gmt":"2025-12-11T03:13:57","slug":"custom-blue-ceramic-baking-dish","status":"publish","type":"product","link":"https:\/\/jinhuaceramic.com\/de\/product\/custom-blue-ceramic-baking-dish\/","title":{"rendered":"Gro\u00dfpackung mit blauen Keramik-Auflaufformen mit Tropfenstruktur"},"content":{"rendered":"<div class=\"wp-block-columns is-layout-flex wp-container-core-columns-is-layout-9d6595d7 wp-block-columns-is-layout-flex\">\n<div class=\"wp-block-column is-layout-flow wp-block-column-is-layout-flow\">\n<h3 class=\"wp-block-heading\">Hochwertige, individuell gestaltbare blaue Keramik-Auflaufform Eigenschaften:<\/h3>\n\n\n\n<ul class=\"wp-block-list\">\n<li><strong>Einzigartiges Design: <\/strong>Diese ma\u00dfgefertigten blauen Keramik-Auflaufformen sind in Hellblau gehalten und mit einem grau-blauen Farbverlauf versehen, der ihnen einen l\u00e4ssigen und zugleich k\u00fcnstlerischen Stil verleiht. Sie haben eine einzigartige handgemalte Textur und k\u00f6nnen direkt als Serviergeschirr auf dem Esstisch verwendet werden, wodurch sie den Speisen eine zus\u00e4tzliche optische Note verleihen.<\/li>\n\n\n\n<li><strong>Bequeme Griffe:<\/strong> Diese ma\u00dfgefertigten blauen Keramik-Auflaufformen verf\u00fcgen \u00fcber integrierte Griffe an beiden Seiten, lassen sich leicht aus dem Ofen nehmen und wieder hineinstellen und k\u00f6nnen auch mit isolierten Handschuhen sicher gehalten werden, was die Sicherheit bei Arbeiten mit hohen Temperaturen erh\u00f6ht.<\/li>\n\n\n\n<li><strong>Starke Praktikabilit\u00e4t:<\/strong> Diese Backformen f\u00fcr den Gro\u00dfhandel sind f\u00fcr d\u00fcnne rechteckige Formen konzipiert und eignen sich f\u00fcr Einzelportionen. Sie k\u00f6nnen zum Backen von Toastpudding, Mini-Pound-Cakes, gebackenem Gem\u00fcse, gebackenem Reis usw. verwendet werden. Sowohl f\u00fcr den privaten als auch f\u00fcr den gewerblichen Gebrauch geeignet.<\/li>\n\n\n\n<li><strong>Hochtemperatur-Keramikmaterial:<\/strong> Diese Backformen f\u00fcr den Gro\u00dfhandel bestehen aus hochtemperaturgebranntem Keramik und sind sehr hitzebest\u00e4ndig, ofenfest und leiten die W\u00e4rme gleichm\u00e4\u00dfig. Die Glasur ist glatt und fein, schmutz- und \u00f6labweisend und verhindert das Anhaften von Speisen.<\/li>\n<\/ul>\n<\/div>\n\n\n\n<div class=\"wp-block-column is-layout-flow wp-block-column-is-layout-flow\">\n<figure class=\"wp-block-image size-full\"><img fetchpriority=\"high\" decoding=\"async\" width=\"640\" height=\"640\" src=\"https:\/\/jinhuaceramic.com\/wp-content\/uploads\/2025\/12\/Custom-Baking-Dish-with-Drop-Texture-Wholesale-Professional-Bakeware-Supplies-4.webp\" alt=\"Gro\u00dfpackung \u2013 Individuell gestaltete blaue Keramik-Auflaufform mit Tropfenstruktur 4\" class=\"wp-image-11404\" srcset=\"https:\/\/jinhuaceramic.com\/wp-content\/uploads\/2025\/12\/Custom-Baking-Dish-with-Drop-Texture-Wholesale-Professional-Bakeware-Supplies-4.webp 640w, https:\/\/jinhuaceramic.com\/wp-content\/uploads\/2025\/12\/Custom-Baking-Dish-with-Drop-Texture-Wholesale-Professional-Bakeware-Supplies-4-300x300.webp 300w, https:\/\/jinhuaceramic.com\/wp-content\/uploads\/2025\/12\/Custom-Baking-Dish-with-Drop-Texture-Wholesale-Professional-Bakeware-Supplies-4-150x150.webp 150w, https:\/\/jinhuaceramic.com\/wp-content\/uploads\/2025\/12\/Custom-Baking-Dish-with-Drop-Texture-Wholesale-Professional-Bakeware-Supplies-4-12x12.webp 12w, https:\/\/jinhuaceramic.com\/wp-content\/uploads\/2025\/12\/Custom-Baking-Dish-with-Drop-Texture-Wholesale-Professional-Bakeware-Supplies-4-285x285.webp 285w, https:\/\/jinhuaceramic.com\/wp-content\/uploads\/2025\/12\/Custom-Baking-Dish-with-Drop-Texture-Wholesale-Professional-Bakeware-Supplies-4-270x270.webp 270w, https:\/\/jinhuaceramic.com\/wp-content\/uploads\/2025\/12\/Custom-Baking-Dish-with-Drop-Texture-Wholesale-Professional-Bakeware-Supplies-4-540x540.webp 540w\" sizes=\"(max-width: 640px) 100vw, 640px\" \/><\/figure>\n<\/div>\n<\/div>","protected":false},"excerpt":{"rendered":"<p>Willkommen beim Kauf dieser ma\u00dfgefertigten blauen Keramik-Auflaufform mit einer einzigartigen Glasur mit Tropfenstruktur und einem strapazierf\u00e4higen, hochtemperaturbest\u00e4ndigen Porzellank\u00f6rper. Das praktische rechteckige Design sorgt f\u00fcr eine gleichm\u00e4\u00dfige W\u00e4rmeverteilung, einfache Reinigung und vollst\u00e4ndige OEM\/ODM-Anpassung und ist ideal f\u00fcr Restaurants, B\u00e4ckereien und Kochgeschirrmarken, die nach hochwertigen Backformen suchen.<\/p>","protected":false},"featured_media":11402,"comment_status":"closed","ping_status":"closed","template":"","meta":{"_acf_changed":false},"product_brand":[],"product_cat":[53],"product_tag":[71],"class_list":{"0":"post-11401","1":"product","2":"type-product","3":"status-publish","4":"has-post-thumbnail","6":"product_cat-bakeware-in-bulk","7":"product_tag-wholesale-baking-pans","9":"first","10":"instock","11":"shipping-taxable","12":"product-type-simple"},"acf":[],"_links":{"self":[{"href":"https:\/\/jinhuaceramic.com\/de\/wp-json\/wp\/v2\/product\/11401","targetHints":{"allow":["GET"]}}],"collection":[{"href":"https:\/\/jinhuaceramic.com\/de\/wp-json\/wp\/v2\/product"}],"about":[{"href":"https:\/\/jinhuaceramic.com\/de\/wp-json\/wp\/v2\/types\/product"}],"replies":[{"embeddable":true,"href":"https:\/\/jinhuaceramic.com\/de\/wp-json\/wp\/v2\/comments?post=11401"}],"version-history":[{"count":0,"href":"https:\/\/jinhuaceramic.com\/de\/wp-json\/wp\/v2\/product\/11401\/revisions"}],"wp:featuredmedia":[{"embeddable":true,"href":"https:\/\/jinhuaceramic.com\/de\/wp-json\/wp\/v2\/media\/11402"}],"wp:attachment":[{"href":"https:\/\/jinhuaceramic.com\/de\/wp-json\/wp\/v2\/media?parent=11401"}],"wp:term":[{"taxonomy":"product_brand","embeddable":true,"href":"https:\/\/jinhuaceramic.com\/de\/wp-json\/wp\/v2\/product_brand?post=11401"},{"taxonomy":"product_cat","embeddable":true,"href":"https:\/\/jinhuaceramic.com\/de\/wp-json\/wp\/v2\/product_cat?post=11401"},{"taxonomy":"product_tag","embeddable":true,"href":"https:\/\/jinhuaceramic.com\/de\/wp-json\/wp\/v2\/product_tag?post=11401"}],"curies":[{"name":"wp","href":"https:\/\/api.w.org\/{rel}","templated":true}]}}